{"id":14530,"date":"2025-02-11T10:07:11","date_gmt":"2025-02-11T10:07:11","guid":{"rendered":"https:\/\/planyard.com\/procore-financials-alternative-planyard"},"modified":"2025-05-19T19:44:05","modified_gmt":"2025-05-19T19:44:05","slug":"procore-financials-alternatifi-planyard","status":"publish","type":"page","link":"https:\/\/planyard.com\/tr\/procore-financials-alternatifi-planyard","title":{"rendered":"K\u00fc\u00e7\u00fck M\u00fcteahhitler Neden Procore Financials&#8217;tan Uzakla\u015f\u0131yor?"},"content":{"rendered":"\n<p>Bir\u00e7ok&nbsp;<strong>k\u00fc\u00e7\u00fck m\u00fcteahhit<\/strong>, Procore Financials&#8217;\u0131 de\u011ferlendirirken veya kullan\u0131rken, onu&nbsp;<strong>\u00e7ok pahal\u0131 ve gereksiz karma\u015f\u0131k<\/strong>&nbsp;buluyor.<\/p>\n\n\n\n<p>Procore&nbsp;<strong>b\u00fct\u00e7eleme, taahh\u00fctler ve de\u011fi\u015fiklik emirleri ara\u00e7lar\u0131<\/strong>&nbsp;sunsa da, bir\u00e7ok m\u00fcteahhit yaz\u0131l\u0131m\u0131n&nbsp;<strong>gereksiz ekstralarla dolu oldu\u011funu<\/strong>&nbsp;ve bu nedenle&nbsp;<strong>kullan\u0131m\u0131n\u0131n zorla\u015ft\u0131\u011f\u0131n\u0131<\/strong>&nbsp;s\u00f6yl\u00fcyor.<\/p>\n\n\n\n<p>Bir&nbsp;<strong>k\u00fc\u00e7\u00fck ana y\u00fcklenici<\/strong>&nbsp;payla\u015ft\u0131:<\/p>\n\n\n\n<blockquote class=\"wp-block-quote is-layout-flow wp-block-quote-is-layout-flow\">\n<p><em>\u201cProcore\u2019un \u00fccretleri kesinlikle \u00e7\u0131lg\u0131nca. B\u00fct\u00e7eleme arac\u0131 harika, ama onunla birlikte gelen t\u00fcm ekstralara ihtiyac\u0131m yok.\u201d<\/em>&nbsp;\u2013 G\u00fcney Kaliforniya&#8217;dan bir&nbsp;<strong>k\u00fc\u00e7\u00fck ana y\u00fcklenici<\/strong><\/p>\n<\/blockquote>\n\n\n\n<p>Ayr\u0131ca, Procore&#8217;a ge\u00e7i\u015f yapmak veya Procore&#8217;dan \u00e7\u0131kmak&nbsp;<strong>kabus gibi<\/strong>&nbsp;oldu\u011fundan, daha&nbsp;<strong>esnek ve maliyet a\u00e7\u0131s\u0131ndan verimli bir alternatif<\/strong>&nbsp;ihtiyac\u0131n\u0131 peki\u015ftiriyor.<\/p>\n\n\n\n<p><strong>Sat\u0131\u015f g\u00f6r\u00fc\u015fmelerinde, uzun uygulama toplant\u0131lar\u0131nda ve be\u015f-alt\u0131 haneli lisans \u00fccretlerinde zaman kaybetmek<\/strong>&nbsp;yerine, bu k\u0131lavuz k\u00fc\u00e7\u00fck m\u00fcteahhitlerin neden<strong>&nbsp;Procore Financials yerine Planyard&#8217;\u0131 tercih etti\u011fini<\/strong>&nbsp;a\u00e7\u0131klayacak.<\/p>\n\n\n\n<h2 class=\"wp-block-heading\" id=\"two\">Procore Financials Nedir?<\/h2>\n\n\n\n<p><strong>Procore Financials<\/strong>,&nbsp;<strong>Procore in\u015faat y\u00f6netim paketi<\/strong>&nbsp;bir par\u00e7as\u0131d\u0131r ve&nbsp;<strong>b\u00fct\u00e7eleme, maliyet takibi ve tahminleme<\/strong>&nbsp;i\u00e7in ara\u00e7lar sunar.<\/p>\n\n\n\n<p>Ancak, Procore\u2019un&nbsp;<strong>finansal mod\u00fcl\u00fc b\u00fcy\u00fck i\u015fletmeler i\u00e7in tasarlanm\u0131\u015ft\u0131r<\/strong>&nbsp;ve&nbsp;<strong>y\u00fcksek maliyetler ve dik bir \u00f6\u011frenme e\u011frisi<\/strong>&nbsp;ile birlikte gelir\u2014bu da&nbsp;<strong>k\u00fc\u00e7\u00fck ve orta \u00f6l\u00e7ekli m\u00fcteahhitler<\/strong>&nbsp;i\u00e7in iki b\u00fcy\u00fck sorundur.<\/p>\n\n\n\n<p>\u0130lgili i\u00e7erik:<br><a href=\"https:\/\/planyard.com\/blog\/procore-quickbooks-integration-comparison\">Procore QuickBooks Entegrasyonu<\/a><br><a href=\"https:\/\/planyard.com\/tr\/procore-cok-pahali\">Procore fiyatland\u0131rmas\u0131 nas\u0131l \u00e7al\u0131\u015f\u0131r<\/a><\/p>\n\n\n\n<h2 class=\"wp-block-heading\" id=\"three\">Planyard Nedir?<\/h2>\n\n\n\n<p><strong>Planyard<\/strong>,&nbsp;<strong>k\u00fc\u00e7\u00fck m\u00fcteahhitler<\/strong>&nbsp;i\u00e7in tasarlanm\u0131\u015f bir&nbsp;<strong>in\u015faat finans y\u00f6netim sistemi<\/strong>&nbsp;olup, Procore Financials&#8217;a&nbsp;<strong>basit ve verimli bir alternatif<\/strong>&nbsp;ihtiyac\u0131 olanlar i\u00e7in idealdir.<\/p>\n\n\n\n<p>Planyard,&nbsp;<strong><a href=\"https:\/\/planyard.com\/tr\/quickbooks-is-maliyetlendirme\">QuickBooks<\/a>,&nbsp;<a href=\"https:\/\/planyard.com\/tr\/xero-insaat-entegrasyonu\">Xero<\/a>,&nbsp;<a href=\"https:\/\/planyard.com\/tr\/myob-muhasebe-insaat-entegrasyonu\">MYOB<\/a>&nbsp;ve&nbsp;<a href=\"https:\/\/planyard.com\/tr\/sage-muhasebe-planyard-insaat-yazilimi-entegrasyonu\">Sage<\/a><\/strong>&nbsp;ile sorunsuz entegre olur, b\u00f6ylece&nbsp;<strong>ger\u00e7ek zamanl\u0131 finansal takip<\/strong>&nbsp;i\u00e7in \u00fc\u00e7\u00fcnc\u00fc taraf ara\u00e7lara gerek kalmaz.<\/p>\n\n\n\n<p><strong>Proje y\u00f6neticileri<\/strong>&nbsp;taraf\u0131ndan tasarlanan Planyard, a\u015fa\u011f\u0131dakileri basitle\u015ftirir:<br>\u2714&nbsp;<strong>B\u00fct\u00e7eleme<\/strong>&nbsp;ve maliyet takibi<br>\u2714&nbsp;<strong>Faturalama<\/strong>&nbsp;ve alt y\u00fcklenici \u00f6demeleri<br>\u2714&nbsp;<strong>Ger\u00e7ek zamanl\u0131 tahminleme<\/strong><br>\u2714&nbsp;<strong>De\u011fi\u015fiklik emri y\u00f6netimi<\/strong><\/p>\n\n\n\n<figure class=\"wp-block-image\"><img loading=\"lazy\" decoding=\"async\" width=\"1202\" height=\"622\" src=\"https:\/\/planyard.com\/wp-content\/uploads\/2025\/02\/image.png\" alt=\"\" class=\"wp-image-8901\"\/><\/figure>\n\n\n\n<h2 class=\"wp-block-heading\" id=\"four\">K\u00fc\u00e7\u00fck M\u00fcteahhitler Neden Procore Financials Yerine Planyard&#8217;\u0131 Tercih Ediyor?<\/h2>\n\n\n\n<h3 class=\"wp-block-heading\">1. Procore Financials \u00c7ok Kat\u0131<\/h3>\n\n\n\n<p>Bir\u00e7ok m\u00fcteahhit, Procore&#8217;un&nbsp;<strong>kat\u0131 bir maliyet kodu yap\u0131s\u0131n\u0131 takip etmeye zorlad\u0131\u011f\u0131n\u0131<\/strong>&nbsp;ve bu durumun maliyet takibini&nbsp;<strong>s\u0131k\u0131c\u0131 ve verimsiz hale getirdi\u011fini<\/strong>&nbsp;s\u00f6yl\u00fcyor.<\/p>\n\n\n\n<ul class=\"wp-block-list\">\n<li><strong>Avustralya&#8217;da bir konut in\u015faat\u00e7\u0131s\u0131<\/strong>, Procore&#8217;un&nbsp;<strong>maliyet kodlar\u0131n\u0131n birden fazla kez kullan\u0131lmas\u0131na izin vermemesi<\/strong>&nbsp;nedeniyle&nbsp;<strong>belirli giderleri takip etmenin imkans\u0131z hale geldi\u011fini<\/strong>&nbsp;s\u00f6yledi.<\/li>\n\n\n\n<li><strong>Kanada&#8217;da bir uzman m\u00fcteahhit<\/strong>, giderleri QuickBooks ile&nbsp;<strong>manuel olarak senkronize etmek zorunda kald\u0131<\/strong>, bu da hatalara ve zaman kayb\u0131na yol a\u00e7t\u0131.<\/li>\n<\/ul>\n\n\n\n<p>\u2714&nbsp;<strong>Planyard Bunu Nas\u0131l \u00c7\u00f6z\u00fcyor:<\/strong><\/p>\n\n\n\n<ul class=\"wp-block-list\">\n<li><strong>Maliyet kodlar\u0131n\u0131 esnek bir \u015fekilde kullan\u0131n<\/strong>\u2014gerekti\u011finde birden fazla kez atay\u0131n.<\/li>\n\n\n\n<li><strong>Ger\u00e7ek zamanl\u0131 b\u00fct\u00e7e g\u00fcncellemeleri<\/strong>\u2014manuel mutabakata gerek yok.<\/li>\n<\/ul>\n\n\n\n<h3 class=\"wp-block-heading\">2. Procore \u015eirketleri Kendi Sistemine Kilitliyor<\/h3>\n\n\n\n<p>Procore&#8217;a ge\u00e7i\u015f yapmak veya Procore&#8217;dan \u00e7\u0131kmak&nbsp;<strong>kabus gibidir<\/strong>&nbsp;\u00e7\u00fcnk\u00fc&nbsp;<strong>karma\u015f\u0131k veri karma\u015fas\u0131<\/strong>&nbsp;vard\u0131r.<\/p>\n\n\n\n<ul class=\"wp-block-list\">\n<li>Bir&nbsp;<strong>k\u00fc\u00e7\u00fck ana y\u00fcklenici<\/strong>, iki \u015firketin Procore&#8217;u uygulamakta zorland\u0131\u011f\u0131n\u0131 ve bir di\u011ferinin \u00e7\u0131kmaya \u00e7al\u0131\u015ft\u0131\u011f\u0131n\u0131, bunun&nbsp;<strong>felaketle sonu\u00e7land\u0131\u011f\u0131n\u0131<\/strong>&nbsp;s\u00f6yledi.<\/li>\n<\/ul>\n\n\n\n<p>\u2714&nbsp;<strong>Planyard Bunu Nas\u0131l \u00c7\u00f6z\u00fcyor:<\/strong><\/p>\n\n\n\n<ul class=\"wp-block-list\">\n<li><strong>Basit ba\u015flang\u0131\u00e7<\/strong>\u2014mevcut b\u00fct\u00e7elerinizi Excel&#8217;den i\u00e7e aktar\u0131n.<\/li>\n\n\n\n<li><strong>Kolay \u00e7\u0131k\u0131\u015f<\/strong>\u2014verileriniz&nbsp;<strong>her zaman d\u0131\u015fa aktar\u0131labilir<\/strong>, b\u00f6ylece asla kilitlenmezsiniz.<\/li>\n<\/ul>\n\n\n\n<h3 class=\"wp-block-heading\">3. K\u00fc\u00e7\u00fck M\u00fcteahhitler Alternatif Eksikli\u011fi Nedeniyle Excel Kullanmak Zorunda Kal\u0131yor<\/h3>\n\n\n\n<p>Bir\u00e7ok m\u00fcteahhit&nbsp;<strong>b\u00fct\u00e7eleme i\u00e7in Excel&#8217;e geri d\u00f6n\u00fcyor<\/strong>&nbsp;\u00e7\u00fcnk\u00fc \u00e7o\u011fu finansal ara\u00e7&nbsp;<strong>\u00e7ok pahal\u0131 veya \u00e7ok karma\u015f\u0131k<\/strong>.<\/p>\n\n\n\n<ul class=\"wp-block-list\">\n<li>Elektronik tablolar&nbsp;<strong>verileri birden fazla sekmeye da\u011f\u0131t\u0131r<\/strong>, bu da&nbsp;<strong>ger\u00e7ek zamanl\u0131 takibi zorla\u015ft\u0131r\u0131r<\/strong>.<\/li>\n<\/ul>\n\n\n\n<p>\u2714&nbsp;<strong>Planyard Bunu Nas\u0131l \u00c7\u00f6z\u00fcyor:<\/strong><\/p>\n\n\n\n<ul class=\"wp-block-list\">\n<li><strong>Tek t\u0131kla b\u00fct\u00e7e i\u00e7e aktarma<\/strong>&nbsp;Excel&#8217;den.<\/li>\n\n\n\n<li><strong>T\u00fcm i\u015fler i\u00e7in tek bir panoda ger\u00e7ek zamanl\u0131 proje takibi<\/strong>.<\/li>\n<\/ul>\n\n\n\n<h3 class=\"wp-block-heading\"><strong>4. Procore Muhasebe Sistemleri \u0130\u00e7in \u00dc\u00e7\u00fcnc\u00fc Taraf Entegrasyonlar\u0131 Gerektiriyor<\/strong><\/h3>\n\n\n\n<p>Bir&nbsp;<strong>k\u00fc\u00e7\u00fck genel y\u00fcklenici<\/strong>, \u00f6zellikle&nbsp;<strong>QuickBooks ile yerel entegrasyona sahip bir b\u00fct\u00e7eleme arac\u0131<\/strong>&nbsp;ar\u0131yordu.<\/p>\n\n\n\n<ul class=\"wp-block-list\">\n<li>Procore, QuickBooks ile senkronize etmek i\u00e7in&nbsp;<strong>SmoothLink gibi \u00fc\u00e7\u00fcnc\u00fc taraf ba\u011flay\u0131c\u0131lar<\/strong>&nbsp;gerektirir.<\/li>\n<\/ul>\n\n\n\n<p>\u2714&nbsp;<strong>Planyard Bunu Nas\u0131l \u00c7\u00f6z\u00fcyor:<\/strong><\/p>\n\n\n\n<ul class=\"wp-block-list\">\n<li><strong>QuickBooks, Xero, MYOB ve Sage ile yerel entegrasyon<\/strong>&nbsp;(\u00fc\u00e7\u00fcnc\u00fc taraf ara\u00e7lara gerek yok).<\/li>\n\n\n\n<li><strong>Faturalar otomatik olarak taran\u0131r, b\u00fct\u00e7elere e\u015fle\u015ftirilir ve senkronize edilir<\/strong>.<\/li>\n<\/ul>\n\n\n\n<h2 class=\"wp-block-heading\" id=\"five\">Planyard vs. Procore Financials: \u00d6zellik Kar\u015f\u0131la\u015ft\u0131rmas\u0131<\/h2>\n\n\n\n<figure class=\"wp-block-table\"><table class=\"has-fixed-layout\"><thead><tr><th>\u00d6zellik<\/th><th><strong>Planyard<\/strong><\/th><th><strong>Procore Financials<\/strong><\/th><\/tr><\/thead><tbody><tr><td><strong>Kullan\u0131m Kolayl\u0131\u011f\u0131<\/strong><\/td><td>\u2705 Basit ve sezgisel<\/td><td>\u274c Karma\u015f\u0131k, dik \u00f6\u011frenme e\u011frisi<\/td><\/tr><tr><td><strong>Maliyet Kodu Esnekli\u011fi<\/strong><\/td><td>\u2705 Maliyet kodlar\u0131n\u0131 birden fazla kez kullan\u0131n<\/td><td>\u274c Her \u00f6\u011fe i\u00e7in bir maliyet kodu<\/td><\/tr><tr><td><strong>B\u00fct\u00e7eleme ve Tahminleme<\/strong><\/td><td>\u2705 Ger\u00e7ek zamanl\u0131 g\u00fcncellemeler<\/td><td>\u274c Manuel giri\u015f gerektirir<\/td><\/tr><tr><td><strong>Muhasebe Entegrasyonu<\/strong><\/td><td>\u2705 QuickBooks, Xero, MYOB, Sage<\/td><td>\u274c \u00dc\u00e7\u00fcnc\u00fc taraf ara\u00e7lar gerektirir<\/td><\/tr><tr><td><strong>Fiyatland\u0131rma<\/strong><\/td><td>\u2705 K\u00fc\u00e7\u00fck ekipler i\u00e7in uygun fiyatl\u0131<\/td><td>\u274c Pahal\u0131, \u00f6zel teklif gerektirir<\/td><\/tr><tr><td><strong>Ba\u015flang\u0131\u00e7<\/strong><\/td><td>\u2705 H\u0131zl\u0131 kurulum (saatler, haftalar de\u011fil)<\/td><td>\u274c Kapsaml\u0131 e\u011fitim gerektirir<\/td><\/tr><\/tbody><\/table><\/figure>\n\n\n\n<h2 class=\"wp-block-heading\" id=\"six\">Planyard&#8217;\u0131 Bug\u00fcn \u00dccretsiz Deneyin<\/h2>\n\n\n\n<p>Procore Financials\u2019\u0131n karma\u015f\u0131kl\u0131\u011f\u0131ndan&nbsp;<strong>b\u0131kt\u0131ysan\u0131z<\/strong>&nbsp;ve&nbsp;<strong>in\u015faat b\u00fct\u00e7elerinizi y\u00f6netmenin daha ak\u0131ll\u0131 bir yolunu<\/strong>&nbsp;istiyorsan\u0131z, Planyard\u2019\u0131&nbsp;<strong>14 g\u00fcn \u00fccretsiz deneyin<\/strong>&nbsp;\u2013 kredi kart\u0131 gerekmez!<\/p>\n\n\n\n<p>\ud83d\udc49&nbsp;<strong><a href=\"https:\/\/planyard.com\/tr\/insaat-butceleme-yazilimi\">\u00dccretsiz Deneme Ba\u015flat<\/a><\/strong><\/p>\n\n\n\n<p><\/p>\n","protected":false},"excerpt":{"rendered":"<p>Bir\u00e7ok&nbsp;k\u00fc\u00e7\u00fck m\u00fcteahhit, Procore Financials&#8217;\u0131 de\u011ferlendirirken veya kullan\u0131rken, onu&nbsp;\u00e7ok pahal\u0131 ve gereksiz karma\u015f\u0131k&nbsp;buluyor. Procore&nbsp;b\u00fct\u00e7eleme, taahh\u00fctler ve de\u011fi\u015fiklik emirleri ara\u00e7lar\u0131&nbsp;sunsa da, bir\u00e7ok m\u00fcteahhit yaz\u0131l\u0131m\u0131n&nbsp;gereksiz ekstralarla dolu oldu\u011funu&nbsp;ve bu nedenle&nbsp;kullan\u0131m\u0131n\u0131n zorla\u015ft\u0131\u011f\u0131n\u0131&nbsp;s\u00f6yl\u00fcyor. Bir&nbsp;k\u00fc\u00e7\u00fck ana y\u00fcklenici&nbsp;payla\u015ft\u0131: \u201cProcore\u2019un \u00fccretleri kesinlikle \u00e7\u0131lg\u0131nca. B\u00fct\u00e7eleme arac\u0131 harika, ama onunla birlikte gelen t\u00fcm ekstralara ihtiyac\u0131m yok.\u201d&nbsp;\u2013 G\u00fcney Kaliforniya&#8217;dan bir&nbsp;k\u00fc\u00e7\u00fck ana y\u00fcklenici Ayr\u0131ca, Procore&#8217;a ge\u00e7i\u015f yapmak&#8230;  <a class=\"excerpt-read-more\" href=\"https:\/\/planyard.com\/tr\/procore-financials-alternatifi-planyard\" title=\"Okuyun  K\u00fc\u00e7\u00fck M\u00fcteahhitler Neden Procore Financials&#8217;tan Uzakla\u015f\u0131yor?\">Daha fazla oku &#8220;<\/a><\/p>\n","protected":false},"author":4,"featured_media":0,"parent":0,"menu_order":0,"comment_status":"closed","ping_status":"closed","template":"","meta":{"_acf_changed":false,"content-type":"","footnotes":""},"page_intent":[201],"page_type":[],"class_list":["post-14530","page","type-page","status-publish","hentry"],"acf":[],"yoast_head":"<!-- This site is optimized with the Yoast SEO plugin v26.9 - https:\/\/yoast.com\/product\/yoast-seo-wordpress\/ -->\n<title>K\u00fc\u00e7\u00fck M\u00fcteahhitler \u0130\u00e7in Procore Financials Alternatifi: Planyard<\/title>\n<meta name=\"description\" content=\"Procore financials alternatifi mi ar\u0131yorsunuz? K\u00fc\u00e7\u00fck m\u00fcteahhitler i\u00e7in basit ve verimli in\u015faat maliyet y\u00f6netimi sunan Planyard&#039;\u0131n neden en iyi se\u00e7im oldu\u011funu g\u00f6r\u00fcn.\" \/>\n<meta name=\"robots\" content=\"index, follow, max-snippet:-1, max-image-preview:large, max-video-preview:-1\" \/>\n<link rel=\"canonical\" href=\"https:\/\/planyard.com\/tr\/procore-financials-alternatifi-planyard\" \/>\n<meta property=\"og:locale\" content=\"tr_TR\" \/>\n<meta property=\"og:type\" content=\"article\" \/>\n<meta property=\"og:title\" content=\"K\u00fc\u00e7\u00fck M\u00fcteahhitler \u0130\u00e7in Procore Financials Alternatifi: Planyard\" \/>\n<meta property=\"og:description\" content=\"Procore financials alternatifi mi ar\u0131yorsunuz? K\u00fc\u00e7\u00fck m\u00fcteahhitler i\u00e7in basit ve verimli in\u015faat maliyet y\u00f6netimi sunan Planyard&#039;\u0131n neden en iyi se\u00e7im oldu\u011funu g\u00f6r\u00fcn.\" \/>\n<meta property=\"og:url\" content=\"https:\/\/planyard.com\/tr\/procore-financials-alternatifi-planyard\" \/>\n<meta property=\"og:site_name\" content=\"Planyard T\u00fcrkiye\" \/>\n<meta property=\"article:modified_time\" content=\"2025-05-19T19:44:05+00:00\" \/>\n<meta property=\"og:image\" content=\"https:\/\/planyard.com\/wp-content\/uploads\/2025\/02\/image.png\" \/>\n\t<meta property=\"og:image:width\" content=\"1202\" \/>\n\t<meta property=\"og:image:height\" content=\"622\" \/>\n\t<meta property=\"og:image:type\" content=\"image\/png\" \/>\n<meta name=\"twitter:card\" content=\"summary_large_image\" \/>\n<meta name=\"twitter:label1\" content=\"Tahmini okuma s\u00fcresi\" \/>\n\t<meta name=\"twitter:data1\" content=\"4 dakika\" \/>\n<!-- \/ Yoast SEO plugin. -->","yoast_head_json":{"title":"K\u00fc\u00e7\u00fck M\u00fcteahhitler \u0130\u00e7in Procore Financials Alternatifi: Planyard","description":"Procore financials alternatifi mi ar\u0131yorsunuz? K\u00fc\u00e7\u00fck m\u00fcteahhitler i\u00e7in basit ve verimli in\u015faat maliyet y\u00f6netimi sunan Planyard'\u0131n neden en iyi se\u00e7im oldu\u011funu g\u00f6r\u00fcn.","robots":{"index":"index","follow":"follow","max-snippet":"max-snippet:-1","max-image-preview":"max-image-preview:large","max-video-preview":"max-video-preview:-1"},"canonical":"https:\/\/planyard.com\/tr\/procore-financials-alternatifi-planyard","og_locale":"tr_TR","og_type":"article","og_title":"K\u00fc\u00e7\u00fck M\u00fcteahhitler \u0130\u00e7in Procore Financials Alternatifi: Planyard","og_description":"Procore financials alternatifi mi ar\u0131yorsunuz? K\u00fc\u00e7\u00fck m\u00fcteahhitler i\u00e7in basit ve verimli in\u015faat maliyet y\u00f6netimi sunan Planyard'\u0131n neden en iyi se\u00e7im oldu\u011funu g\u00f6r\u00fcn.","og_url":"https:\/\/planyard.com\/tr\/procore-financials-alternatifi-planyard","og_site_name":"Planyard T\u00fcrkiye","article_modified_time":"2025-05-19T19:44:05+00:00","og_image":[{"width":1202,"height":622,"url":"https:\/\/planyard.com\/wp-content\/uploads\/2025\/02\/image.png","type":"image\/png"}],"twitter_card":"summary_large_image","twitter_misc":{"Tahmini okuma s\u00fcresi":"4 dakika"},"schema":{"@context":"https:\/\/schema.org","@graph":[{"@type":"WebPage","@id":"https:\/\/planyard.com\/tr\/procore-financials-alternatifi-planyard","url":"https:\/\/planyard.com\/tr\/procore-financials-alternatifi-planyard","name":"K\u00fc\u00e7\u00fck M\u00fcteahhitler \u0130\u00e7in Procore Financials Alternatifi: Planyard","isPartOf":{"@id":"https:\/\/planyard.com\/tr#website"},"primaryImageOfPage":{"@id":"https:\/\/planyard.com\/tr\/procore-financials-alternatifi-planyard#primaryimage"},"image":{"@id":"https:\/\/planyard.com\/tr\/procore-financials-alternatifi-planyard#primaryimage"},"thumbnailUrl":"https:\/\/planyard.com\/wp-content\/uploads\/2025\/02\/image.png","datePublished":"2025-02-11T10:07:11+00:00","dateModified":"2025-05-19T19:44:05+00:00","description":"Procore financials alternatifi mi ar\u0131yorsunuz? K\u00fc\u00e7\u00fck m\u00fcteahhitler i\u00e7in basit ve verimli in\u015faat maliyet y\u00f6netimi sunan Planyard'\u0131n neden en iyi se\u00e7im oldu\u011funu g\u00f6r\u00fcn.","breadcrumb":{"@id":"https:\/\/planyard.com\/tr\/procore-financials-alternatifi-planyard#breadcrumb"},"inLanguage":"tr","potentialAction":[{"@type":"ReadAction","target":["https:\/\/planyard.com\/tr\/procore-financials-alternatifi-planyard"]}]},{"@type":"ImageObject","inLanguage":"tr","@id":"https:\/\/planyard.com\/tr\/procore-financials-alternatifi-planyard#primaryimage","url":"https:\/\/planyard.com\/wp-content\/uploads\/2025\/02\/image.png","contentUrl":"https:\/\/planyard.com\/wp-content\/uploads\/2025\/02\/image.png"},{"@type":"BreadcrumbList","@id":"https:\/\/planyard.com\/tr\/procore-financials-alternatifi-planyard#breadcrumb","itemListElement":[{"@type":"ListItem","position":1,"name":"Home","item":"https:\/\/planyard.com\/tr"},{"@type":"ListItem","position":2,"name":"K\u00fc\u00e7\u00fck M\u00fcteahhitler Neden Procore Financials&#8217;tan Uzakla\u015f\u0131yor?"}]},{"@type":"WebSite","@id":"https:\/\/planyard.com\/tr#website","url":"https:\/\/planyard.com\/tr","name":"Planyard T\u00fcrkiye","description":"","potentialAction":[{"@type":"SearchAction","target":{"@type":"EntryPoint","urlTemplate":"https:\/\/planyard.com\/tr?s={search_term_string}"},"query-input":{"@type":"PropertyValueSpecification","valueRequired":true,"valueName":"search_term_string"}}],"inLanguage":"tr"}]}},"_links":{"self":[{"href":"https:\/\/planyard.com\/tr\/wp-json\/wp\/v2\/pages\/14530","targetHints":{"allow":["GET"]}}],"collection":[{"href":"https:\/\/planyard.com\/tr\/wp-json\/wp\/v2\/pages"}],"about":[{"href":"https:\/\/planyard.com\/tr\/wp-json\/wp\/v2\/types\/page"}],"author":[{"embeddable":true,"href":"https:\/\/planyard.com\/tr\/wp-json\/wp\/v2\/users\/4"}],"replies":[{"embeddable":true,"href":"https:\/\/planyard.com\/tr\/wp-json\/wp\/v2\/comments?post=14530"}],"version-history":[{"count":2,"href":"https:\/\/planyard.com\/tr\/wp-json\/wp\/v2\/pages\/14530\/revisions"}],"predecessor-version":[{"id":16571,"href":"https:\/\/planyard.com\/tr\/wp-json\/wp\/v2\/pages\/14530\/revisions\/16571"}],"wp:attachment":[{"href":"https:\/\/planyard.com\/tr\/wp-json\/wp\/v2\/media?parent=14530"}],"wp:term":[{"taxonomy":"page_intent","embeddable":true,"href":"https:\/\/planyard.com\/tr\/wp-json\/wp\/v2\/page_intent?post=14530"},{"taxonomy":"page_type","embeddable":true,"href":"https:\/\/planyard.com\/tr\/wp-json\/wp\/v2\/page_type?post=14530"}],"curies":[{"name":"wp","href":"https:\/\/api.w.org\/{rel}","templated":true}]}}