{"id":14529,"date":"2024-08-27T16:43:01","date_gmt":"2024-08-27T16:43:01","guid":{"rendered":"https:\/\/planyard.com\/construction-cost-control"},"modified":"2025-05-19T19:43:26","modified_gmt":"2025-05-19T19:43:26","slug":"insaat-maliyet-kontrolu","status":"publish","type":"page","link":"https:\/\/planyard.com\/tr\/insaat-maliyet-kontrolu","title":{"rendered":"\u0130n\u015faat Maliyet Kontrol\u00fc Nedir?"},"content":{"rendered":"\n<h2 class=\"wp-block-heading has-text-align-left\">\u0130n\u015faat Maliyet Kontrol\u00fc Nedir?<\/h2>\n\n\n\n<p>\u0130n\u015faat maliyet kontrol\u00fc, in\u015faat maliyetlerinizi y\u00f6neterek kar\u0131 art\u0131rmay\u0131 hedefler. Bu nedenle, maliyet kontrol\u00fc tahminle ba\u015flar (tahminlerin do\u011fru ve karl\u0131 olmas\u0131) ve alt y\u00fcklenicilere \u00f6deme yaparak sona erer.<\/p>\n\n\n\n<p>Alt y\u00fcklenici y\u00f6netimi, ana y\u00fcklenicilerin teklifleri, ayl\u0131k ilerleme raporlar\u0131n\u0131 ve maliyet belgelerini maliyet kodlar\u0131na g\u00f6re toplamas\u0131 gerekti\u011fi i\u00e7in \u00f6nemli bir par\u00e7ad\u0131r.<\/p>\n\n\n\n<p>Bunu ba\u015fka bir \u015fekilde d\u00fc\u015f\u00fcnmek gerekirse, muhasebe hari\u00e7, in\u015faat maliyet kodlar\u0131n\u0131n dahil oldu\u011fu t\u00fcm s\u00fcre\u00e7leri kapsar.<\/p>\n\n\n\n<p>Maliyet kontrol\u00fc, ka\u011f\u0131t ve kalem, Excel veya \u00f6zel yaz\u0131l\u0131mlar gibi \u00e7e\u015fitli yollarla yap\u0131labilir, ancak \u00f6zel maliyet kontrol yaz\u0131l\u0131m\u0131 kullanman\u0131n baz\u0131 belirgin faydalar\u0131 vard\u0131r.<\/p>\n\n\n\n<figure class=\"wp-block-image size-full\"><img loading=\"lazy\" decoding=\"async\" width=\"1200\" height=\"500\" src=\"https:\/\/planyard.com\/wp-content\/uploads\/2024\/08\/construction-cost-control-1.png\" alt=\"\" class=\"wp-image-1596\"\/><\/figure>\n\n\n\n<h2 class=\"wp-block-heading has-text-align-center paddedHeading\">Faydalar<\/h2>\n\n\n\n<div class=\"wp-block-columns is-layout-flex wp-container-core-columns-is-layout-9d6595d7 wp-block-columns-is-layout-flex\">\n<div class=\"wp-block-column is-layout-flow wp-block-column-is-layout-flow\">\n<h4 class=\"wp-block-heading checkedItem\">Bir projenin bitmeden \u00f6nce kar edip etmedi\u011fini bilin<\/h4>\n<\/div>\n\n\n\n<div class=\"wp-block-column is-layout-flow wp-block-column-is-layout-flow\">\n<h4 class=\"wp-block-heading checkedItem\">Proje y\u00f6neticisi ba\u015f\u0131na ayda 3-5 g\u00fcn tasarruf edin<\/h4>\n<\/div>\n\n\n\n<div class=\"wp-block-column is-layout-flow wp-block-column-is-layout-flow\">\n<h4 class=\"wp-block-heading checkedItem\">S\u00fcre\u00e7leri standartla\u015ft\u0131r\u0131n ve uyumu sa\u011flay\u0131n<\/h4>\n<\/div>\n<\/div>\n\n\n\n<div class=\"wp-block-columns is-layout-flex wp-container-core-columns-is-layout-9d6595d7 wp-block-columns-is-layout-flex\">\n<div class=\"wp-block-column is-layout-flow wp-block-column-is-layout-flow\">\n<h4 class=\"wp-block-heading checkedItem\">Tahmin ve tasar\u0131m hatalar\u0131n\u0131 tespit edin<\/h4>\n<\/div>\n\n\n\n<div class=\"wp-block-column is-layout-flow wp-block-column-is-layout-flow\">\n<h4 class=\"wp-block-heading checkedItem\">Manuel hesaplamalardan ve kopyala-yap\u0131\u015ft\u0131rdan kurtulun<\/h4>\n<\/div>\n\n\n\n<div class=\"wp-block-column is-layout-flow wp-block-column-is-layout-flow\">\n<h4 class=\"wp-block-heading checkedItem\">Hi\u00e7bir \u015feyin g\u00f6zden ka\u00e7mas\u0131na izin vermeyin<\/h4>\n<\/div>\n<\/div>\n\n\n\n<h2 class=\"wp-block-heading has-text-align-center\">\u0130n\u015faat Maliyet Kontrol Yaz\u0131l\u0131m\u0131 Al\u0131c\u0131 Rehberi<\/h2>\n\n\n\n<div class=\"wp-block-columns is-layout-flex wp-container-core-columns-is-layout-9d6595d7 wp-block-columns-is-layout-flex\">\n<div class=\"wp-block-column is-layout-flow wp-block-column-is-layout-flow\">\n<h4 class=\"wp-block-heading\">Rehber hakk\u0131nda<\/h4>\n\n\n\n<p>Bu \u00fccretsiz rehber, in\u015faat maliyet kontrol yaz\u0131l\u0131m\u0131n\u0131n ne t\u00fcr faydalar sa\u011flad\u0131\u011f\u0131na dair bir genel bak\u0131\u015f sunar. Ve belki de en \u00f6nemlisi &#8211; bu faydalar\u0131 nas\u0131l sa\u011flad\u0131\u011f\u0131n\u0131 a\u00e7\u0131klar.<\/p>\n\n\n\n<p>B\u00fcy\u00fck \u00f6l\u00e7ekli in\u015faat projelerini y\u00f6netmesi gereken ana y\u00fckleniciler d\u00fc\u015f\u00fcn\u00fclerek yaz\u0131lm\u0131\u015ft\u0131r.<\/p>\n\n\n\n<p>\u015eu anda maliyet kontrol\u00fc aram\u0131yor olsan\u0131z bile, s\u00fcre\u00e7lerinizi nas\u0131l daha verimli hale getirebilece\u011finiz konusunda size daha iyi bir fikir verecektir.<\/p>\n\n\n\n<p>Ayr\u0131ca, t\u00fcm olas\u0131 \u00f6zelliklerin ve bu i\u015flevselli\u011fin amac\u0131n\u0131n ayr\u0131nt\u0131l\u0131 bir genel bak\u0131\u015f\u0131n\u0131 i\u00e7erir.<\/p>\n<\/div>\n\n\n\n<div class=\"wp-block-column is-layout-flow wp-block-column-is-layout-flow\">\n<figure class=\"wp-block-image size-full\"><img loading=\"lazy\" decoding=\"async\" width=\"1024\" height=\"1024\" src=\"https:\/\/planyard.com\/wp-content\/uploads\/2024\/08\/construction-cost-control-ebook-1024x1024-1.png\" alt=\"\" class=\"wp-image-1598\" srcset=\"https:\/\/planyard.com\/wp-content\/uploads\/2024\/08\/construction-cost-control-ebook-1024x1024-1.png 1024w, https:\/\/planyard.com\/wp-content\/uploads\/2024\/08\/construction-cost-control-ebook-1024x1024-1-150x150.png 150w\" sizes=\"auto, (max-width: 1024px) 100vw, 1024px\" \/><\/figure>\n<\/div>\n<\/div>\n\n\n\n<div class=\"wp-block-columns is-layout-flex wp-container-core-columns-is-layout-9d6595d7 wp-block-columns-is-layout-flex\">\n<div class=\"wp-block-column is-layout-flow wp-block-column-is-layout-flow\">\n<h4 class=\"wp-block-heading\">\u0130\u00e7indekiler<\/h4>\n\n\n\n<ol class=\"wp-block-list\">\n<li>Maliyet Kontrol Yaz\u0131l\u0131m\u0131 Nedir ve Neden Kullan\u0131l\u0131r?<\/li>\n\n\n\n<li>\u015eirketinizin Olgunlu\u011funu Nas\u0131l De\u011ferlendirebilirsiniz?<\/li>\n\n\n\n<li>Yerel Yaz\u0131l\u0131m vs Bulut Yaz\u0131l\u0131m<\/li>\n\n\n\n<li>\u0130leti\u015fim ve Entegrasyonlar<\/li>\n\n\n\n<li>Tahmin<\/li>\n\n\n\n<li>Teklif Y\u00f6netimi<\/li>\n\n\n\n<li>B\u00fct\u00e7e Y\u00f6netimi<\/li>\n\n\n\n<li>S\u00f6zle\u015fme ve De\u011fi\u015fiklik Y\u00f6netimi<\/li>\n\n\n\n<li>Alt Y\u00fcklenici \u0130lerleme Raporlama<\/li>\n\n\n\n<li>Maliyet Belgeleri Y\u00f6netimi<\/li>\n\n\n\n<li>Maliyet Tahmini<\/li>\n\n\n\n<li>Nakit Ak\u0131\u015f\u0131 Takibi<\/li>\n\n\n\n<li>Alt Y\u00fcklenici ve \u0130leti\u015fim Y\u00f6netimi<\/li>\n\n\n\n<li>Kullan\u0131c\u0131 Y\u00f6netimi<\/li>\n\n\n\n<li>G\u00fcvenlik<\/li>\n<\/ol>\n<\/div>\n\n\n\n<div class=\"wp-block-column is-layout-flow wp-block-column-is-layout-flow\">\n<h4 class=\"wp-block-heading\">\u00dccretsiz indirin<\/h4>\n\n\n\n<script charset=\"utf-8\" type=\"text\/javascript\" src=\"\/\/js.hsforms.net\/forms\/shell.js\"><\/script>\n<script>\n  hbspt.forms.create({\n\tportalId: \"4963994\",\n\tformId: \"5dc63c68-0796-4789-93ac-9d26427cf303\"\n});\n<\/script>\n<\/div>\n<\/div>\n\n\n\n<h2 class=\"wp-block-heading has-text-align-center\">Planyard y\u00fcklenici yaz\u0131l\u0131m\u0131, h\u0131rsl\u0131 ekiplerin hedeflerini a\u015fmas\u0131na ve b\u00fcy\u00fcmelerini h\u0131zland\u0131rmas\u0131na yard\u0131mc\u0131 olur.<\/h2>\n\n\n\n<div class=\"wp-block-media-text alignwide has-media-on-the-right is-stacked-on-mobile is-vertically-aligned-center\"><div class=\"wp-block-media-text__content\">\n<ul class=\"wp-block-list\">\n<li>Art\u0131k elektronik tablolar yok<\/li>\n\n\n\n<li>Proje y\u00f6neticilerinin ve QS&#8217;lerin zaman\u0131n\u0131 tasarruf eder<\/li>\n\n\n\n<li>Kolayca uygulanabilir ve kullan\u0131labilir<\/li>\n\n\n\n<li>Ger\u00e7ek zamanl\u0131 ve do\u011fru finansal tahminler<\/li>\n\n\n\n<li>Art\u0131k yinelenen veri giri\u015fi yok<\/li>\n<\/ul>\n\n\n\n<div class=\"wp-block-buttons is-layout-flex wp-block-buttons-is-layout-flex\">\n<div class=\"wp-block-button\"><a class=\"wp-block-button__link wp-element-button\" href=\"https:\/\/planyard.com\/sign-up\">\u00dccretsiz denemenizi ba\u015flat\u0131n<\/a><\/div>\n\n\n\n<div class=\"wp-block-button\"><a class=\"wp-block-button__link wp-element-button\" href=\"https:\/\/meetings.hubspot.com\/cedlund\" target=\"_blank\" rel=\"noreferrer noopener\">Demo talep edin<\/a><\/div>\n<\/div>\n<\/div><figure class=\"wp-block-media-text__media\"><img decoding=\"async\" src=\"https:\/\/planyard.com\/wp-content\/uploads\/2024\/10\/construction-project-management-software-macbook-iphone-1_reduced-1024x598-1.webp\" alt=\"\" class=\"wp-image-3832 size-large\"\/><\/figure><\/div>\n","protected":false},"excerpt":{"rendered":"<p>\u0130n\u015faat Maliyet Kontrol\u00fc Nedir? \u0130n\u015faat maliyet kontrol\u00fc, in\u015faat maliyetlerinizi y\u00f6neterek kar\u0131 art\u0131rmay\u0131 hedefler. Bu nedenle, maliyet kontrol\u00fc tahminle ba\u015flar (tahminlerin do\u011fru ve karl\u0131 olmas\u0131) ve alt y\u00fcklenicilere \u00f6deme yaparak sona erer. Alt y\u00fcklenici y\u00f6netimi, ana y\u00fcklenicilerin teklifleri, ayl\u0131k ilerleme raporlar\u0131n\u0131 ve maliyet belgelerini maliyet kodlar\u0131na g\u00f6re toplamas\u0131 gerekti\u011fi i\u00e7in \u00f6nemli bir par\u00e7ad\u0131r. Bunu ba\u015fka bir&#8230;  <a class=\"excerpt-read-more\" href=\"https:\/\/planyard.com\/tr\/insaat-maliyet-kontrolu\" title=\"Okuyun  \u0130n\u015faat Maliyet Kontrol\u00fc Nedir?\">Daha fazla oku &#8220;<\/a><\/p>\n","protected":false},"author":2,"featured_media":0,"parent":0,"menu_order":0,"comment_status":"closed","ping_status":"closed","template":"","meta":{"_acf_changed":false,"content-type":"","footnotes":""},"page_intent":[171],"page_type":[],"class_list":["post-14529","page","type-page","status-publish","hentry"],"acf":[],"yoast_head":"<!-- This site is optimized with the Yoast SEO plugin v27.1.1 - https:\/\/yoast.com\/product\/yoast-seo-wordpress\/ -->\n<title>\u0130n\u015faat Maliyet Kontrol\u00fc Nedir? - Planyard T\u00fcrkiye<\/title>\n<meta name=\"description\" content=\"\u0130n\u015faat maliyet kontrol\u00fc i\u00e7in en iyi uygulamalar nelerdir ve maliyetleri y\u00f6netmek ve karl\u0131l\u0131\u011f\u0131 maksimize etmek i\u00e7in yaz\u0131l\u0131m nas\u0131l se\u00e7ilir.\" \/>\n<meta name=\"robots\" content=\"index, follow, max-snippet:-1, max-image-preview:large, max-video-preview:-1\" \/>\n<link rel=\"canonical\" href=\"https:\/\/planyard.com\/tr\/insaat-maliyet-kontrolu\" \/>\n<meta property=\"og:locale\" content=\"tr_TR\" \/>\n<meta property=\"og:type\" content=\"article\" \/>\n<meta property=\"og:title\" content=\"\u0130n\u015faat Maliyet Kontrol\u00fc Nedir? - Planyard T\u00fcrkiye\" \/>\n<meta property=\"og:description\" content=\"\u0130n\u015faat maliyet kontrol\u00fc i\u00e7in en iyi uygulamalar nelerdir ve maliyetleri y\u00f6netmek ve karl\u0131l\u0131\u011f\u0131 maksimize etmek i\u00e7in yaz\u0131l\u0131m nas\u0131l se\u00e7ilir.\" \/>\n<meta property=\"og:url\" content=\"https:\/\/planyard.com\/tr\/insaat-maliyet-kontrolu\" \/>\n<meta property=\"og:site_name\" content=\"Planyard T\u00fcrkiye\" \/>\n<meta property=\"article:modified_time\" content=\"2025-05-19T19:43:26+00:00\" \/>\n<meta property=\"og:image\" content=\"https:\/\/planyard.com\/wp-content\/uploads\/2024\/08\/construction-cost-control-1.png\" \/>\n\t<meta property=\"og:image:width\" content=\"1200\" \/>\n\t<meta property=\"og:image:height\" content=\"500\" \/>\n\t<meta property=\"og:image:type\" content=\"image\/png\" \/>\n<meta name=\"twitter:card\" content=\"summary_large_image\" \/>\n<meta name=\"twitter:label1\" content=\"Tahmini okuma s\u00fcresi\" \/>\n\t<meta name=\"twitter:data1\" content=\"3 dakika\" \/>\n<!-- \/ Yoast SEO plugin. -->","yoast_head_json":{"title":"\u0130n\u015faat Maliyet Kontrol\u00fc Nedir? - Planyard T\u00fcrkiye","description":"\u0130n\u015faat maliyet kontrol\u00fc i\u00e7in en iyi uygulamalar nelerdir ve maliyetleri y\u00f6netmek ve karl\u0131l\u0131\u011f\u0131 maksimize etmek i\u00e7in yaz\u0131l\u0131m nas\u0131l se\u00e7ilir.","robots":{"index":"index","follow":"follow","max-snippet":"max-snippet:-1","max-image-preview":"max-image-preview:large","max-video-preview":"max-video-preview:-1"},"canonical":"https:\/\/planyard.com\/tr\/insaat-maliyet-kontrolu","og_locale":"tr_TR","og_type":"article","og_title":"\u0130n\u015faat Maliyet Kontrol\u00fc Nedir? - Planyard T\u00fcrkiye","og_description":"\u0130n\u015faat maliyet kontrol\u00fc i\u00e7in en iyi uygulamalar nelerdir ve maliyetleri y\u00f6netmek ve karl\u0131l\u0131\u011f\u0131 maksimize etmek i\u00e7in yaz\u0131l\u0131m nas\u0131l se\u00e7ilir.","og_url":"https:\/\/planyard.com\/tr\/insaat-maliyet-kontrolu","og_site_name":"Planyard T\u00fcrkiye","article_modified_time":"2025-05-19T19:43:26+00:00","og_image":[{"width":1200,"height":500,"url":"https:\/\/planyard.com\/wp-content\/uploads\/2024\/08\/construction-cost-control-1.png","type":"image\/png"}],"twitter_card":"summary_large_image","twitter_misc":{"Tahmini okuma s\u00fcresi":"3 dakika"},"schema":{"@context":"https:\/\/schema.org","@graph":[{"@type":"WebPage","@id":"https:\/\/planyard.com\/tr\/insaat-maliyet-kontrolu","url":"https:\/\/planyard.com\/tr\/insaat-maliyet-kontrolu","name":"\u0130n\u015faat Maliyet Kontrol\u00fc Nedir? - Planyard T\u00fcrkiye","isPartOf":{"@id":"https:\/\/planyard.com\/tr#website"},"primaryImageOfPage":{"@id":"https:\/\/planyard.com\/tr\/insaat-maliyet-kontrolu#primaryimage"},"image":{"@id":"https:\/\/planyard.com\/tr\/insaat-maliyet-kontrolu#primaryimage"},"thumbnailUrl":"https:\/\/planyard.com\/wp-content\/uploads\/2024\/08\/construction-cost-control-1.png","datePublished":"2024-08-27T16:43:01+00:00","dateModified":"2025-05-19T19:43:26+00:00","description":"\u0130n\u015faat maliyet kontrol\u00fc i\u00e7in en iyi uygulamalar nelerdir ve maliyetleri y\u00f6netmek ve karl\u0131l\u0131\u011f\u0131 maksimize etmek i\u00e7in yaz\u0131l\u0131m nas\u0131l se\u00e7ilir.","breadcrumb":{"@id":"https:\/\/planyard.com\/tr\/insaat-maliyet-kontrolu#breadcrumb"},"inLanguage":"tr","potentialAction":[{"@type":"ReadAction","target":["https:\/\/planyard.com\/tr\/insaat-maliyet-kontrolu"]}]},{"@type":"ImageObject","inLanguage":"tr","@id":"https:\/\/planyard.com\/tr\/insaat-maliyet-kontrolu#primaryimage","url":"https:\/\/planyard.com\/wp-content\/uploads\/2024\/08\/construction-cost-control-1.png","contentUrl":"https:\/\/planyard.com\/wp-content\/uploads\/2024\/08\/construction-cost-control-1.png"},{"@type":"BreadcrumbList","@id":"https:\/\/planyard.com\/tr\/insaat-maliyet-kontrolu#breadcrumb","itemListElement":[{"@type":"ListItem","position":1,"name":"Home","item":"https:\/\/planyard.com\/tr"},{"@type":"ListItem","position":2,"name":"\u0130n\u015faat Maliyet Kontrol\u00fc Nedir?"}]},{"@type":"WebSite","@id":"https:\/\/planyard.com\/tr#website","url":"https:\/\/planyard.com\/tr","name":"Planyard T\u00fcrkiye","description":"","potentialAction":[{"@type":"SearchAction","target":{"@type":"EntryPoint","urlTemplate":"https:\/\/planyard.com\/tr?s={search_term_string}"},"query-input":{"@type":"PropertyValueSpecification","valueRequired":true,"valueName":"search_term_string"}}],"inLanguage":"tr"}]}},"_links":{"self":[{"href":"https:\/\/planyard.com\/tr\/wp-json\/wp\/v2\/pages\/14529","targetHints":{"allow":["GET"]}}],"collection":[{"href":"https:\/\/planyard.com\/tr\/wp-json\/wp\/v2\/pages"}],"about":[{"href":"https:\/\/planyard.com\/tr\/wp-json\/wp\/v2\/types\/page"}],"author":[{"embeddable":true,"href":"https:\/\/planyard.com\/tr\/wp-json\/wp\/v2\/users\/2"}],"replies":[{"embeddable":true,"href":"https:\/\/planyard.com\/tr\/wp-json\/wp\/v2\/comments?post=14529"}],"version-history":[{"count":2,"href":"https:\/\/planyard.com\/tr\/wp-json\/wp\/v2\/pages\/14529\/revisions"}],"predecessor-version":[{"id":16570,"href":"https:\/\/planyard.com\/tr\/wp-json\/wp\/v2\/pages\/14529\/revisions\/16570"}],"wp:attachment":[{"href":"https:\/\/planyard.com\/tr\/wp-json\/wp\/v2\/media?parent=14529"}],"wp:term":[{"taxonomy":"page_intent","embeddable":true,"href":"https:\/\/planyard.com\/tr\/wp-json\/wp\/v2\/page_intent?post=14529"},{"taxonomy":"page_type","embeddable":true,"href":"https:\/\/planyard.com\/tr\/wp-json\/wp\/v2\/page_type?post=14529"}],"curies":[{"name":"wp","href":"https:\/\/api.w.org\/{rel}","templated":true}]}}