{"id":14520,"date":"2024-08-23T12:47:15","date_gmt":"2024-08-23T12:47:15","guid":{"rendered":"https:\/\/planyard.com\/integrate-sage-planyard-construction-software"},"modified":"2025-05-19T10:02:35","modified_gmt":"2025-05-19T10:02:35","slug":"sage-muhasebe-planyard-insaat-yazilimi-entegrasyonu","status":"publish","type":"page","link":"https:\/\/planyard.com\/tr\/sage-muhasebe-planyard-insaat-yazilimi-entegrasyonu","title":{"rendered":"Sage Muhasebe \u0130n\u015faat Entegrasyonu"},"content":{"rendered":"","protected":false},"excerpt":{"rendered":"","protected":false},"author":2,"featured_media":0,"parent":0,"menu_order":0,"comment_status":"closed","ping_status":"closed","template":"","meta":{"_acf_changed":false,"content-type":"","footnotes":""},"page_intent":[156],"page_type":[],"class_list":["post-14520","page","type-page","status-publish","hentry"],"acf":[],"yoast_head":"<!-- This site is optimized with the Yoast SEO plugin v27.1.1 - https:\/\/yoast.com\/product\/yoast-seo-wordpress\/ -->\n<title>Sage Muhasebe ve Planyard \u0130n\u015faat Yaz\u0131l\u0131m\u0131n\u0131 Entegre Edin<\/title>\n<meta name=\"description\" content=\"Sage ile entegre olan Planyard in\u015faat yaz\u0131l\u0131m\u0131 ile in\u015faat finansallar\u0131n\u0131 kolayla\u015ft\u0131r\u0131n. 14 g\u00fcn \u00fccretsiz deneyin.\" \/>\n<meta name=\"robots\" content=\"index, follow, max-snippet:-1, max-image-preview:large, max-video-preview:-1\" \/>\n<link rel=\"canonical\" href=\"https:\/\/planyard.com\/tr\/sage-muhasebe-planyard-insaat-yazilimi-entegrasyonu\" \/>\n<meta property=\"og:locale\" content=\"tr_TR\" \/>\n<meta property=\"og:type\" content=\"article\" \/>\n<meta property=\"og:title\" content=\"Sage Muhasebe ve Planyard \u0130n\u015faat Yaz\u0131l\u0131m\u0131n\u0131 Entegre Edin\" \/>\n<meta property=\"og:description\" content=\"Sage ile entegre olan Planyard in\u015faat yaz\u0131l\u0131m\u0131 ile in\u015faat finansallar\u0131n\u0131 kolayla\u015ft\u0131r\u0131n. 14 g\u00fcn \u00fccretsiz deneyin.\" \/>\n<meta property=\"og:url\" content=\"https:\/\/planyard.com\/tr\/sage-muhasebe-planyard-insaat-yazilimi-entegrasyonu\" \/>\n<meta property=\"og:site_name\" content=\"Planyard T\u00fcrkiye\" \/>\n<meta property=\"article:modified_time\" content=\"2025-05-19T10:02:35+00:00\" \/>\n<meta name=\"twitter:card\" content=\"summary_large_image\" \/>\n<!-- \/ Yoast SEO plugin. -->","yoast_head_json":{"title":"Sage Muhasebe ve Planyard \u0130n\u015faat Yaz\u0131l\u0131m\u0131n\u0131 Entegre Edin","description":"Sage ile entegre olan Planyard in\u015faat yaz\u0131l\u0131m\u0131 ile in\u015faat finansallar\u0131n\u0131 kolayla\u015ft\u0131r\u0131n. 14 g\u00fcn \u00fccretsiz deneyin.","robots":{"index":"index","follow":"follow","max-snippet":"max-snippet:-1","max-image-preview":"max-image-preview:large","max-video-preview":"max-video-preview:-1"},"canonical":"https:\/\/planyard.com\/tr\/sage-muhasebe-planyard-insaat-yazilimi-entegrasyonu","og_locale":"tr_TR","og_type":"article","og_title":"Sage Muhasebe ve Planyard \u0130n\u015faat Yaz\u0131l\u0131m\u0131n\u0131 Entegre Edin","og_description":"Sage ile entegre olan Planyard in\u015faat yaz\u0131l\u0131m\u0131 ile in\u015faat finansallar\u0131n\u0131 kolayla\u015ft\u0131r\u0131n. 14 g\u00fcn \u00fccretsiz deneyin.","og_url":"https:\/\/planyard.com\/tr\/sage-muhasebe-planyard-insaat-yazilimi-entegrasyonu","og_site_name":"Planyard T\u00fcrkiye","article_modified_time":"2025-05-19T10:02:35+00:00","twitter_card":"summary_large_image","schema":{"@context":"https:\/\/schema.org","@graph":[{"@type":"WebPage","@id":"https:\/\/planyard.com\/tr\/sage-muhasebe-planyard-insaat-yazilimi-entegrasyonu","url":"https:\/\/planyard.com\/tr\/sage-muhasebe-planyard-insaat-yazilimi-entegrasyonu","name":"Sage Muhasebe ve Planyard \u0130n\u015faat Yaz\u0131l\u0131m\u0131n\u0131 Entegre Edin","isPartOf":{"@id":"https:\/\/planyard.com\/tr#website"},"datePublished":"2024-08-23T12:47:15+00:00","dateModified":"2025-05-19T10:02:35+00:00","description":"Sage ile entegre olan Planyard in\u015faat yaz\u0131l\u0131m\u0131 ile in\u015faat finansallar\u0131n\u0131 kolayla\u015ft\u0131r\u0131n. 14 g\u00fcn \u00fccretsiz deneyin.","breadcrumb":{"@id":"https:\/\/planyard.com\/tr\/sage-muhasebe-planyard-insaat-yazilimi-entegrasyonu#breadcrumb"},"inLanguage":"tr","potentialAction":[{"@type":"ReadAction","target":["https:\/\/planyard.com\/tr\/sage-muhasebe-planyard-insaat-yazilimi-entegrasyonu"]}]},{"@type":"BreadcrumbList","@id":"https:\/\/planyard.com\/tr\/sage-muhasebe-planyard-insaat-yazilimi-entegrasyonu#breadcrumb","itemListElement":[{"@type":"ListItem","position":1,"name":"Home","item":"https:\/\/planyard.com\/tr"},{"@type":"ListItem","position":2,"name":"Sage Muhasebe \u0130n\u015faat Entegrasyonu"}]},{"@type":"WebSite","@id":"https:\/\/planyard.com\/tr#website","url":"https:\/\/planyard.com\/tr","name":"Planyard T\u00fcrkiye","description":"","potentialAction":[{"@type":"SearchAction","target":{"@type":"EntryPoint","urlTemplate":"https:\/\/planyard.com\/tr?s={search_term_string}"},"query-input":{"@type":"PropertyValueSpecification","valueRequired":true,"valueName":"search_term_string"}}],"inLanguage":"tr"}]}},"_links":{"self":[{"href":"https:\/\/planyard.com\/tr\/wp-json\/wp\/v2\/pages\/14520","targetHints":{"allow":["GET"]}}],"collection":[{"href":"https:\/\/planyard.com\/tr\/wp-json\/wp\/v2\/pages"}],"about":[{"href":"https:\/\/planyard.com\/tr\/wp-json\/wp\/v2\/types\/page"}],"author":[{"embeddable":true,"href":"https:\/\/planyard.com\/tr\/wp-json\/wp\/v2\/users\/2"}],"replies":[{"embeddable":true,"href":"https:\/\/planyard.com\/tr\/wp-json\/wp\/v2\/comments?post=14520"}],"version-history":[{"count":1,"href":"https:\/\/planyard.com\/tr\/wp-json\/wp\/v2\/pages\/14520\/revisions"}],"predecessor-version":[{"id":14690,"href":"https:\/\/planyard.com\/tr\/wp-json\/wp\/v2\/pages\/14520\/revisions\/14690"}],"wp:attachment":[{"href":"https:\/\/planyard.com\/tr\/wp-json\/wp\/v2\/media?parent=14520"}],"wp:term":[{"taxonomy":"page_intent","embeddable":true,"href":"https:\/\/planyard.com\/tr\/wp-json\/wp\/v2\/page_intent?post=14520"},{"taxonomy":"page_type","embeddable":true,"href":"https:\/\/planyard.com\/tr\/wp-json\/wp\/v2\/page_type?post=14520"}],"curies":[{"name":"wp","href":"https:\/\/api.w.org\/{rel}","templated":true}]}}