{"id":14519,"date":"2024-08-29T10:26:44","date_gmt":"2024-08-29T10:26:44","guid":{"rendered":"https:\/\/planyard.com\/request-a-planyard-pricing-proposal"},"modified":"2025-05-19T19:39:32","modified_gmt":"2025-05-19T19:39:32","slug":"planyard-fiyat-teklifi-talep-edin","status":"publish","type":"page","link":"https:\/\/planyard.com\/tr\/planyard-fiyat-teklifi-talep-edin","title":{"rendered":"Planyard Fiyat Teklifi Talep Edin"},"content":{"rendered":"\n<div class=\"wp-block-columns is-layout-flex wp-container-core-columns-is-layout-9d6595d7 wp-block-columns-is-layout-flex\">\n<div class=\"wp-block-column is-layout-flow wp-block-column-is-layout-flow\">\n<p>\u015eirketiniz, birden fazla i\u015f birimi ve t\u00fczel ki\u015fili\u011fe sahip \u00e7e\u015fitli bir in\u015faat portf\u00f6y\u00fcn\u00fc y\u00f6netiyorsa ve proje y\u00f6neticileri, ke\u015fif metraj uzmanlar\u0131, saha m\u00fchendisleri, maliyet hesaplay\u0131c\u0131lar ve daha fazlas\u0131n\u0131 i\u015fe alman\u0131z gerekiyorsa, size yard\u0131mc\u0131 olmak i\u00e7in buraday\u0131z.<\/p>\n\n\n\n<h5 class=\"wp-block-heading\">L\u00fctfen formu doldurun, sat\u0131\u015f temsilcilerimizden biri k\u0131sa s\u00fcre i\u00e7inde sizinle ileti\u015fime ge\u00e7erek ki\u015fiselle\u015ftirilmi\u015f bir fiyat teklifi sunacakt\u0131r.<\/h5>\n<\/div>\n\n\n\n<div class=\"wp-block-column is-layout-flow wp-block-column-is-layout-flow\">\n<script charset=\"utf-8\" type=\"text\/javascript\" src=\"\/\/js.hsforms.net\/forms\/embed\/v2.js\"><\/script>\n<script>\n  hbspt.forms.create({\n    region: \"na1\",\n    portalId: \"4963994\",\n    formId: \"494ccc6f-398f-476e-b68d-ffeffb321027\"\n  });\n<\/script>\n<\/div>\n<\/div>\n\n\n\n<p><\/p>\n","protected":false},"excerpt":{"rendered":"<p>\u015eirketiniz, birden fazla i\u015f birimi ve t\u00fczel ki\u015fili\u011fe sahip \u00e7e\u015fitli bir in\u015faat portf\u00f6y\u00fcn\u00fc y\u00f6netiyorsa ve proje y\u00f6neticileri, ke\u015fif metraj uzmanlar\u0131, saha m\u00fchendisleri, maliyet hesaplay\u0131c\u0131lar ve daha fazlas\u0131n\u0131 i\u015fe alman\u0131z gerekiyorsa, size yard\u0131mc\u0131 olmak i\u00e7in buraday\u0131z. L\u00fctfen formu doldurun, sat\u0131\u015f temsilcilerimizden biri k\u0131sa s\u00fcre i\u00e7inde sizinle ileti\u015fime ge\u00e7erek ki\u015fiselle\u015ftirilmi\u015f bir fiyat teklifi sunacakt\u0131r.<\/p>\n","protected":false},"author":2,"featured_media":0,"parent":0,"menu_order":0,"comment_status":"closed","ping_status":"closed","template":"","meta":{"_acf_changed":false,"content-type":"","footnotes":""},"page_intent":[186],"page_type":[],"class_list":["post-14519","page","type-page","status-publish","hentry"],"acf":[],"yoast_head":"<!-- This site is optimized with the Yoast SEO plugin v27.1.1 - https:\/\/yoast.com\/product\/yoast-seo-wordpress\/ -->\n<title>Planyard Fiyat Teklifi Talep Edin -<\/title>\n<meta name=\"description\" content=\"Planyard in\u015faat maliyet kodlar\u0131n\u0131 \u00fccretsiz indirin ve i\u015f maliyetlerinizi kolayca kontrol alt\u0131nda tutun. Maliyet kontrol\u00fc, KPI takibi, \u015firket genelinde kullan\u0131m i\u00e7in ideal ve daha fazlas\u0131\" \/>\n<meta name=\"robots\" content=\"index, follow, max-snippet:-1, max-image-preview:large, max-video-preview:-1\" \/>\n<link rel=\"canonical\" href=\"https:\/\/planyard.com\/tr\/planyard-fiyat-teklifi-talep-edin\" \/>\n<meta property=\"og:locale\" content=\"tr_TR\" \/>\n<meta property=\"og:type\" content=\"article\" \/>\n<meta property=\"og:title\" content=\"Planyard Fiyat Teklifi Talep Edin -\" \/>\n<meta property=\"og:description\" content=\"Planyard in\u015faat maliyet kodlar\u0131n\u0131 \u00fccretsiz indirin ve i\u015f maliyetlerinizi kolayca kontrol alt\u0131nda tutun. Maliyet kontrol\u00fc, KPI takibi, \u015firket genelinde kullan\u0131m i\u00e7in ideal ve daha fazlas\u0131\" \/>\n<meta property=\"og:url\" content=\"https:\/\/planyard.com\/tr\/planyard-fiyat-teklifi-talep-edin\" \/>\n<meta property=\"og:site_name\" content=\"Planyard T\u00fcrkiye\" \/>\n<meta property=\"article:modified_time\" content=\"2025-05-19T19:39:32+00:00\" \/>\n<meta name=\"twitter:card\" content=\"summary_large_image\" \/>\n<meta name=\"twitter:label1\" content=\"Tahmini okuma s\u00fcresi\" \/>\n\t<meta name=\"twitter:data1\" content=\"1 dakika\" \/>\n<!-- \/ Yoast SEO plugin. -->","yoast_head_json":{"title":"Planyard Fiyat Teklifi Talep Edin -","description":"Planyard in\u015faat maliyet kodlar\u0131n\u0131 \u00fccretsiz indirin ve i\u015f maliyetlerinizi kolayca kontrol alt\u0131nda tutun. Maliyet kontrol\u00fc, KPI takibi, \u015firket genelinde kullan\u0131m i\u00e7in ideal ve daha fazlas\u0131","robots":{"index":"index","follow":"follow","max-snippet":"max-snippet:-1","max-image-preview":"max-image-preview:large","max-video-preview":"max-video-preview:-1"},"canonical":"https:\/\/planyard.com\/tr\/planyard-fiyat-teklifi-talep-edin","og_locale":"tr_TR","og_type":"article","og_title":"Planyard Fiyat Teklifi Talep Edin -","og_description":"Planyard in\u015faat maliyet kodlar\u0131n\u0131 \u00fccretsiz indirin ve i\u015f maliyetlerinizi kolayca kontrol alt\u0131nda tutun. Maliyet kontrol\u00fc, KPI takibi, \u015firket genelinde kullan\u0131m i\u00e7in ideal ve daha fazlas\u0131","og_url":"https:\/\/planyard.com\/tr\/planyard-fiyat-teklifi-talep-edin","og_site_name":"Planyard T\u00fcrkiye","article_modified_time":"2025-05-19T19:39:32+00:00","twitter_card":"summary_large_image","twitter_misc":{"Tahmini okuma s\u00fcresi":"1 dakika"},"schema":{"@context":"https:\/\/schema.org","@graph":[{"@type":"WebPage","@id":"https:\/\/planyard.com\/tr\/planyard-fiyat-teklifi-talep-edin","url":"https:\/\/planyard.com\/tr\/planyard-fiyat-teklifi-talep-edin","name":"Planyard Fiyat Teklifi Talep Edin -","isPartOf":{"@id":"https:\/\/planyard.com\/tr#website"},"datePublished":"2024-08-29T10:26:44+00:00","dateModified":"2025-05-19T19:39:32+00:00","description":"Planyard in\u015faat maliyet kodlar\u0131n\u0131 \u00fccretsiz indirin ve i\u015f maliyetlerinizi kolayca kontrol alt\u0131nda tutun. Maliyet kontrol\u00fc, KPI takibi, \u015firket genelinde kullan\u0131m i\u00e7in ideal ve daha fazlas\u0131","breadcrumb":{"@id":"https:\/\/planyard.com\/tr\/planyard-fiyat-teklifi-talep-edin#breadcrumb"},"inLanguage":"tr","potentialAction":[{"@type":"ReadAction","target":["https:\/\/planyard.com\/tr\/planyard-fiyat-teklifi-talep-edin"]}]},{"@type":"BreadcrumbList","@id":"https:\/\/planyard.com\/tr\/planyard-fiyat-teklifi-talep-edin#breadcrumb","itemListElement":[{"@type":"ListItem","position":1,"name":"Home","item":"https:\/\/planyard.com\/tr"},{"@type":"ListItem","position":2,"name":"Planyard Fiyat Teklifi Talep Edin"}]},{"@type":"WebSite","@id":"https:\/\/planyard.com\/tr#website","url":"https:\/\/planyard.com\/tr","name":"Planyard T\u00fcrkiye","description":"","potentialAction":[{"@type":"SearchAction","target":{"@type":"EntryPoint","urlTemplate":"https:\/\/planyard.com\/tr?s={search_term_string}"},"query-input":{"@type":"PropertyValueSpecification","valueRequired":true,"valueName":"search_term_string"}}],"inLanguage":"tr"}]}},"_links":{"self":[{"href":"https:\/\/planyard.com\/tr\/wp-json\/wp\/v2\/pages\/14519","targetHints":{"allow":["GET"]}}],"collection":[{"href":"https:\/\/planyard.com\/tr\/wp-json\/wp\/v2\/pages"}],"about":[{"href":"https:\/\/planyard.com\/tr\/wp-json\/wp\/v2\/types\/page"}],"author":[{"embeddable":true,"href":"https:\/\/planyard.com\/tr\/wp-json\/wp\/v2\/users\/2"}],"replies":[{"embeddable":true,"href":"https:\/\/planyard.com\/tr\/wp-json\/wp\/v2\/comments?post=14519"}],"version-history":[{"count":2,"href":"https:\/\/planyard.com\/tr\/wp-json\/wp\/v2\/pages\/14519\/revisions"}],"predecessor-version":[{"id":16555,"href":"https:\/\/planyard.com\/tr\/wp-json\/wp\/v2\/pages\/14519\/revisions\/16555"}],"wp:attachment":[{"href":"https:\/\/planyard.com\/tr\/wp-json\/wp\/v2\/media?parent=14519"}],"wp:term":[{"taxonomy":"page_intent","embeddable":true,"href":"https:\/\/planyard.com\/tr\/wp-json\/wp\/v2\/page_intent?post=14519"},{"taxonomy":"page_type","embeddable":true,"href":"https:\/\/planyard.com\/tr\/wp-json\/wp\/v2\/page_type?post=14519"}],"curies":[{"name":"wp","href":"https:\/\/api.w.org\/{rel}","templated":true}]}}