{"id":14517,"date":"2024-08-26T10:47:03","date_gmt":"2024-08-26T10:47:03","guid":{"rendered":"https:\/\/planyard.com\/quickbooks-disconnected"},"modified":"2025-05-19T19:39:26","modified_gmt":"2025-05-19T19:39:26","slug":"quickbooks-baglantisi-kesildi","status":"publish","type":"page","link":"https:\/\/planyard.com\/tr\/quickbooks-baglantisi-kesildi","title":{"rendered":"QuickBooks Ba\u011flant\u0131s\u0131 Kesildi"},"content":{"rendered":"\n<p class=\"has-text-align-left\">QuickBooks entegrasyonunuzun ba\u011flant\u0131s\u0131 kesildi. Art\u0131k Planyard&#8217;dan QuickBooks hesab\u0131n\u0131za do\u011frudan fatura g\u00f6nderemeyeceksiniz. Bu, Planyard&#8217;da onaylad\u0131\u011f\u0131n\u0131z maliyet belgelerinin otomatik olarak QuickBooks&#8217;a g\u00f6nderilmeyece\u011fi anlam\u0131na gelir.<\/p>\n\n\n\n<p class=\"has-text-align-left\">Planyard ve QuickBooks hesab\u0131n\u0131z\u0131 yeniden ba\u011flamak isterseniz, <a href=\"https:\/\/central.planyard.com\/planyard-quickbooks-integration\"><strong>QuickBooks&#8217;u nas\u0131l yeniden ba\u011flayaca\u011f\u0131n\u0131z\u0131 g\u00f6rmek i\u00e7in buraya t\u0131klay\u0131n<\/strong><\/a> veya daha fazla bilgi i\u00e7in destek ekibimizle ileti\u015fime ge\u00e7in.<\/p>\n\n\n\n<p class=\"has-text-align-left\">Alternatif olarak, Planyard uygulamas\u0131na giri\u015f yapt\u0131ysan\u0131z, <a href=\"https:\/\/app.planyard.com\/#\/company\/integrations\"><strong>entegrasyonlar\u0131n\u0131z\u0131 g\u00f6rmek i\u00e7in buraya t\u0131klay\u0131n<\/strong><\/a>.<br><\/p>\n","protected":false},"excerpt":{"rendered":"<p>QuickBooks entegrasyonunuzun ba\u011flant\u0131s\u0131 kesildi. Art\u0131k Planyard&#8217;dan QuickBooks hesab\u0131n\u0131za do\u011frudan fatura g\u00f6nderemeyeceksiniz. Bu, Planyard&#8217;da onaylad\u0131\u011f\u0131n\u0131z maliyet belgelerinin otomatik olarak QuickBooks&#8217;a g\u00f6nderilmeyece\u011fi anlam\u0131na gelir. Planyard ve QuickBooks hesab\u0131n\u0131z\u0131 yeniden ba\u011flamak isterseniz, QuickBooks&#8217;u nas\u0131l yeniden ba\u011flayaca\u011f\u0131n\u0131z\u0131 g\u00f6rmek i\u00e7in buraya t\u0131klay\u0131n veya daha fazla bilgi i\u00e7in destek ekibimizle ileti\u015fime ge\u00e7in. Alternatif olarak, Planyard uygulamas\u0131na giri\u015f yapt\u0131ysan\u0131z, entegrasyonlar\u0131n\u0131z\u0131 g\u00f6rmek i\u00e7in&#8230;  <a class=\"excerpt-read-more\" href=\"https:\/\/planyard.com\/tr\/quickbooks-baglantisi-kesildi\" title=\"Okuyun  QuickBooks Ba\u011flant\u0131s\u0131 Kesildi\">Daha fazla oku &#8220;<\/a><\/p>\n","protected":false},"author":2,"featured_media":0,"parent":0,"menu_order":0,"comment_status":"closed","ping_status":"closed","template":"","meta":{"_acf_changed":false,"content-type":"","footnotes":""},"page_intent":[231],"page_type":[],"class_list":["post-14517","page","type-page","status-publish","hentry"],"acf":[],"yoast_head":"<!-- This site is optimized with the Yoast SEO plugin v27.1.1 - https:\/\/yoast.com\/product\/yoast-seo-wordpress\/ -->\n<title>QuickBooks Ba\u011flant\u0131s\u0131 Kesildi - Planyard T\u00fcrkiye<\/title>\n<meta name=\"robots\" content=\"index, follow, max-snippet:-1, max-image-preview:large, max-video-preview:-1\" \/>\n<link rel=\"canonical\" href=\"https:\/\/planyard.com\/tr\/quickbooks-baglantisi-kesildi\" \/>\n<meta property=\"og:locale\" content=\"tr_TR\" \/>\n<meta property=\"og:type\" content=\"article\" \/>\n<meta property=\"og:title\" content=\"QuickBooks Ba\u011flant\u0131s\u0131 Kesildi - Planyard T\u00fcrkiye\" \/>\n<meta property=\"og:description\" content=\"QuickBooks entegrasyonunuzun ba\u011flant\u0131s\u0131 kesildi. Art\u0131k Planyard&#8217;dan QuickBooks hesab\u0131n\u0131za do\u011frudan fatura g\u00f6nderemeyeceksiniz. Bu, Planyard&#8217;da onaylad\u0131\u011f\u0131n\u0131z maliyet belgelerinin otomatik olarak QuickBooks&#8217;a g\u00f6nderilmeyece\u011fi anlam\u0131na gelir. Planyard ve QuickBooks hesab\u0131n\u0131z\u0131 yeniden ba\u011flamak isterseniz, QuickBooks&#8217;u nas\u0131l yeniden ba\u011flayaca\u011f\u0131n\u0131z\u0131 g\u00f6rmek i\u00e7in buraya t\u0131klay\u0131n veya daha fazla bilgi i\u00e7in destek ekibimizle ileti\u015fime ge\u00e7in. Alternatif olarak, Planyard uygulamas\u0131na giri\u015f yapt\u0131ysan\u0131z, entegrasyonlar\u0131n\u0131z\u0131 g\u00f6rmek i\u00e7in... Daha fazla oku &quot;\" \/>\n<meta property=\"og:url\" content=\"https:\/\/planyard.com\/tr\/quickbooks-baglantisi-kesildi\" \/>\n<meta property=\"og:site_name\" content=\"Planyard T\u00fcrkiye\" \/>\n<meta property=\"article:modified_time\" content=\"2025-05-19T19:39:26+00:00\" \/>\n<meta name=\"twitter:card\" content=\"summary_large_image\" \/>\n<meta name=\"twitter:label1\" content=\"Tahmini okuma s\u00fcresi\" \/>\n\t<meta name=\"twitter:data1\" content=\"1 dakika\" \/>\n<!-- \/ Yoast SEO plugin. -->","yoast_head_json":{"title":"QuickBooks Ba\u011flant\u0131s\u0131 Kesildi - Planyard T\u00fcrkiye","robots":{"index":"index","follow":"follow","max-snippet":"max-snippet:-1","max-image-preview":"max-image-preview:large","max-video-preview":"max-video-preview:-1"},"canonical":"https:\/\/planyard.com\/tr\/quickbooks-baglantisi-kesildi","og_locale":"tr_TR","og_type":"article","og_title":"QuickBooks Ba\u011flant\u0131s\u0131 Kesildi - Planyard T\u00fcrkiye","og_description":"QuickBooks entegrasyonunuzun ba\u011flant\u0131s\u0131 kesildi. Art\u0131k Planyard&#8217;dan QuickBooks hesab\u0131n\u0131za do\u011frudan fatura g\u00f6nderemeyeceksiniz. Bu, Planyard&#8217;da onaylad\u0131\u011f\u0131n\u0131z maliyet belgelerinin otomatik olarak QuickBooks&#8217;a g\u00f6nderilmeyece\u011fi anlam\u0131na gelir. Planyard ve QuickBooks hesab\u0131n\u0131z\u0131 yeniden ba\u011flamak isterseniz, QuickBooks&#8217;u nas\u0131l yeniden ba\u011flayaca\u011f\u0131n\u0131z\u0131 g\u00f6rmek i\u00e7in buraya t\u0131klay\u0131n veya daha fazla bilgi i\u00e7in destek ekibimizle ileti\u015fime ge\u00e7in. Alternatif olarak, Planyard uygulamas\u0131na giri\u015f yapt\u0131ysan\u0131z, entegrasyonlar\u0131n\u0131z\u0131 g\u00f6rmek i\u00e7in... Daha fazla oku \"","og_url":"https:\/\/planyard.com\/tr\/quickbooks-baglantisi-kesildi","og_site_name":"Planyard T\u00fcrkiye","article_modified_time":"2025-05-19T19:39:26+00:00","twitter_card":"summary_large_image","twitter_misc":{"Tahmini okuma s\u00fcresi":"1 dakika"},"schema":{"@context":"https:\/\/schema.org","@graph":[{"@type":"WebPage","@id":"https:\/\/planyard.com\/tr\/quickbooks-baglantisi-kesildi","url":"https:\/\/planyard.com\/tr\/quickbooks-baglantisi-kesildi","name":"QuickBooks Ba\u011flant\u0131s\u0131 Kesildi - Planyard T\u00fcrkiye","isPartOf":{"@id":"https:\/\/planyard.com\/tr#website"},"datePublished":"2024-08-26T10:47:03+00:00","dateModified":"2025-05-19T19:39:26+00:00","breadcrumb":{"@id":"https:\/\/planyard.com\/tr\/quickbooks-baglantisi-kesildi#breadcrumb"},"inLanguage":"tr","potentialAction":[{"@type":"ReadAction","target":["https:\/\/planyard.com\/tr\/quickbooks-baglantisi-kesildi"]}]},{"@type":"BreadcrumbList","@id":"https:\/\/planyard.com\/tr\/quickbooks-baglantisi-kesildi#breadcrumb","itemListElement":[{"@type":"ListItem","position":1,"name":"Home","item":"https:\/\/planyard.com\/tr"},{"@type":"ListItem","position":2,"name":"QuickBooks Ba\u011flant\u0131s\u0131 Kesildi"}]},{"@type":"WebSite","@id":"https:\/\/planyard.com\/tr#website","url":"https:\/\/planyard.com\/tr","name":"Planyard T\u00fcrkiye","description":"","potentialAction":[{"@type":"SearchAction","target":{"@type":"EntryPoint","urlTemplate":"https:\/\/planyard.com\/tr?s={search_term_string}"},"query-input":{"@type":"PropertyValueSpecification","valueRequired":true,"valueName":"search_term_string"}}],"inLanguage":"tr"}]}},"_links":{"self":[{"href":"https:\/\/planyard.com\/tr\/wp-json\/wp\/v2\/pages\/14517","targetHints":{"allow":["GET"]}}],"collection":[{"href":"https:\/\/planyard.com\/tr\/wp-json\/wp\/v2\/pages"}],"about":[{"href":"https:\/\/planyard.com\/tr\/wp-json\/wp\/v2\/types\/page"}],"author":[{"embeddable":true,"href":"https:\/\/planyard.com\/tr\/wp-json\/wp\/v2\/users\/2"}],"replies":[{"embeddable":true,"href":"https:\/\/planyard.com\/tr\/wp-json\/wp\/v2\/comments?post=14517"}],"version-history":[{"count":2,"href":"https:\/\/planyard.com\/tr\/wp-json\/wp\/v2\/pages\/14517\/revisions"}],"predecessor-version":[{"id":16553,"href":"https:\/\/planyard.com\/tr\/wp-json\/wp\/v2\/pages\/14517\/revisions\/16553"}],"wp:attachment":[{"href":"https:\/\/planyard.com\/tr\/wp-json\/wp\/v2\/media?parent=14517"}],"wp:term":[{"taxonomy":"page_intent","embeddable":true,"href":"https:\/\/planyard.com\/tr\/wp-json\/wp\/v2\/page_intent?post=14517"},{"taxonomy":"page_type","embeddable":true,"href":"https:\/\/planyard.com\/tr\/wp-json\/wp\/v2\/page_type?post=14517"}],"curies":[{"name":"wp","href":"https:\/\/api.w.org\/{rel}","templated":true}]}}