{"id":14513,"date":"2024-09-11T08:50:44","date_gmt":"2024-09-11T08:50:44","guid":{"rendered":"https:\/\/planyard.com\/procore-vs-plangrid"},"modified":"2025-05-19T19:39:20","modified_gmt":"2025-05-19T19:39:20","slug":"procore-ve-plangrid-karsilastirmasi","status":"publish","type":"page","link":"https:\/\/planyard.com\/tr\/procore-ve-plangrid-karsilastirmasi","title":{"rendered":"Procore ve Plangrid Kar\u015f\u0131la\u015ft\u0131rmas\u0131"},"content":{"rendered":"\n<p class=\"has-text-align-center\">Procore ve Plangrid tam kar\u015f\u0131la\u015ft\u0131rmas\u0131. \u00d6zellikleri, fiyatlar\u0131 ve alternatifleri kar\u015f\u0131la\u015ft\u0131r\u0131n. <\/p>\n\n\n\n<div class=\"wp-block-columns is-layout-flex wp-container-core-columns-is-layout-9d6595d7 wp-block-columns-is-layout-flex\">\n<div class=\"wp-block-column is-layout-flow wp-block-column-is-layout-flow\" style=\"flex-basis:100%\">\n<div class=\"wp-block-columns is-layout-flex wp-container-core-columns-is-layout-9d6595d7 wp-block-columns-is-layout-flex\">\n<div class=\"wp-block-column is-layout-flow wp-block-column-is-layout-flow\">\n<h4 class=\"wp-block-heading\">Procore Nedir?<\/h4>\n\n\n\n<p><a href=\"https:\/\/procore.com\">Procore<\/a>, bir\u00e7ok farkl\u0131 mod\u00fcle sahip bir ABD in\u015faat proje y\u00f6netim yaz\u0131l\u0131m\u0131d\u0131r.<\/p>\n\n\n\n<p>Yaz\u0131l\u0131m, \u00f6n in\u015faat, proje y\u00f6netimi, kaynak y\u00f6netimi ve finansal y\u00f6netimi kapsar.<\/p>\n<\/div>\n\n\n\n<div class=\"wp-block-column is-layout-flow wp-block-column-is-layout-flow\">\n<h4 class=\"wp-block-heading\">Plangrid Nedir? <\/h4>\n\n\n\n<p><a href=\"https:\/\/www.plangrid.com\/\">Plangrid<\/a>&nbsp;bir in\u015faat verimlilik yaz\u0131l\u0131m\u0131d\u0131r.<\/p>\n\n\n\n<p>Ger\u00e7ek zamanl\u0131 i\u015f birli\u011fi i\u00e7in planlar ve di\u011fer belgeleri payla\u015fmak amac\u0131yla tasarlanm\u0131\u015ft\u0131r.<\/p>\n<\/div>\n\n\n\n<div class=\"wp-block-column is-layout-flow wp-block-column-is-layout-flow\">\n<h4 class=\"wp-block-heading\">Planyard Nedir?<\/h4>\n\n\n\n<p><a href=\"https:\/\/planyard.com\/tr\">Planyard<\/a>&nbsp;ana y\u00fckleniciler i\u00e7in \u00e7ift veri giri\u015fini ortadan kald\u0131ran bir finansal y\u00f6netim yaz\u0131l\u0131m\u0131d\u0131r.<\/p>\n\n\n\n<p>Kullan\u0131c\u0131lar\u0131n b\u00fct\u00e7eleri Excel veya sonsuz e-postalara g\u00fcvenmeden y\u00f6netmelerine olanak tan\u0131r, alt y\u00fckleniciler ise verileri do\u011frudan sisteme girebilir.<\/p>\n<\/div>\n<\/div>\n<\/div>\n<\/div>\n\n\n\n<h2 class=\"wp-block-heading has-text-align-center\">\u00d6zellikler ve Fiyat Kar\u015f\u0131la\u015ft\u0131rmas\u0131<\/h2>\n\n\n\n<figure class=\"wp-block-table\"><table><tbody><tr><td><\/td><td><img loading=\"lazy\" decoding=\"async\" width=\"118\" height=\"40\" class=\"wp-image-108\" style=\"width: 118px;\" src=\"https:\/\/planyard.com\/wp-content\/uploads\/2024\/07\/Procore_Logo_FC_Black_RGB-1.svg\" alt=\"\"><br><strong>Procore<\/strong><\/td><td><img loading=\"lazy\" decoding=\"async\" width=\"150\" height=\"36\" class=\"wp-image-2299\" style=\"width: 150px;\" src=\"https:\/\/planyard.com\/wp-content\/uploads\/2024\/10\/plangrid.svg\" alt=\"Plangrid\"><br><strong>Plangrid<\/strong><\/td><td><img loading=\"lazy\" decoding=\"async\" width=\"135\" height=\"28\" class=\"wp-image-2040\" style=\"width: 135px;\" src=\"https:\/\/planyard.com\/wp-content\/uploads\/2024\/09\/planyard-logo.svg\" alt=\"\"><br><strong>Planyard<\/strong><\/td><\/tr><tr><td><strong>\u00dccretsiz deneme<\/strong><\/td><td><img decoding=\"async\" src=\"https:\/\/planyard.com\/wp-content\/uploads\/2024\/10\/icons8-delete-30.png\"><\/td><td><\/td><td><img decoding=\"async\" src=\"https:\/\/planyard.com\/wp-content\/uploads\/2024\/10\/icons8-checkmark-30.png\"> <\/td><\/tr><tr><td><strong>Fiyatland\u0131rma<\/strong><\/td><td><strong>Ayl\u0131k 549 USD<\/strong><br>(y\u0131ll\u0131k s\u00f6zle\u015fme ve maksimum y\u0131ll\u0131k 3 milyon gelir ile)<\/td><td><strong>Kullan\u0131c\u0131 ba\u015f\u0131na ayl\u0131k 39-119 USD<\/strong><\/td><td><strong>Kullan\u0131c\u0131 ba\u015f\u0131na ayl\u0131k 52 USD&#8217;den ba\u015flayan fiyatlarla<\/strong><\/td><\/tr><tr><td><strong>S\u0131n\u0131rs\u0131z kullan\u0131c\u0131<\/strong><\/td><td><img decoding=\"async\" src=\"https:\/\/planyard.com\/wp-content\/uploads\/2024\/10\/icons8-checkmark-30.png\"><\/td><td><img decoding=\"async\" src=\"https:\/\/planyard.com\/wp-content\/uploads\/2024\/10\/icons8-delete-30.png\"><\/td><td><img decoding=\"async\" src=\"https:\/\/planyard.com\/wp-content\/uploads\/2024\/10\/icons8-checkmark-30.png\"><\/td><\/tr><tr><td><strong>S\u0131n\u0131rs\u0131z veri<\/strong><\/td><td><img decoding=\"async\" src=\"https:\/\/planyard.com\/wp-content\/uploads\/2024\/10\/icons8-checkmark-30.png\"><\/td><td><img decoding=\"async\" src=\"https:\/\/planyard.com\/wp-content\/uploads\/2024\/10\/icons8-checkmark-30.png\"> (planlara g\u00f6re s\u0131n\u0131rl\u0131d\u0131r)<\/td><td><img decoding=\"async\" src=\"https:\/\/planyard.com\/wp-content\/uploads\/2024\/10\/icons8-checkmark-30.png\"><\/td><\/tr><tr><td><strong>B\u00fct\u00e7e takibi<\/strong><\/td><td><img decoding=\"async\" src=\"https:\/\/planyard.com\/wp-content\/uploads\/2024\/10\/icons8-checkmark-30.png\"><\/td><td><img decoding=\"async\" src=\"https:\/\/planyard.com\/wp-content\/uploads\/2024\/10\/icons8-delete-30.png\"><\/td><td><img decoding=\"async\" src=\"https:\/\/planyard.com\/wp-content\/uploads\/2024\/10\/icons8-checkmark-30.png\"><\/td><\/tr><tr><td><strong>\u0130\u015f maliyetlendirme<\/strong><\/td><td><img decoding=\"async\" src=\"https:\/\/planyard.com\/wp-content\/uploads\/2024\/10\/icons8-checkmark-30.png\"><\/td><td><img decoding=\"async\" src=\"https:\/\/planyard.com\/wp-content\/uploads\/2024\/10\/icons8-delete-30.png\"><\/td><td><img decoding=\"async\" src=\"https:\/\/planyard.com\/wp-content\/uploads\/2024\/10\/icons8-checkmark-30.png\"><\/td><\/tr><tr><td><strong>Teklif verme<\/strong><\/td><td><img decoding=\"async\" src=\"https:\/\/planyard.com\/wp-content\/uploads\/2024\/10\/icons8-checkmark-30.png\"><\/td><td><img decoding=\"async\" src=\"https:\/\/planyard.com\/wp-content\/uploads\/2024\/10\/icons8-delete-30.png\"><\/td><td><img decoding=\"async\" src=\"https:\/\/planyard.com\/wp-content\/uploads\/2024\/10\/icons8-checkmark-30.png\"><\/td><\/tr><tr><td><strong>S\u00f6zle\u015fme y\u00f6netimi<\/strong><\/td><td><img decoding=\"async\" src=\"https:\/\/planyard.com\/wp-content\/uploads\/2024\/10\/icons8-checkmark-30.png\"><\/td><td><img decoding=\"async\" src=\"https:\/\/planyard.com\/wp-content\/uploads\/2024\/10\/icons8-delete-30.png\"><\/td><td><img decoding=\"async\" src=\"https:\/\/planyard.com\/wp-content\/uploads\/2024\/10\/icons8-checkmark-30.png\"><\/td><\/tr><tr><td><strong>De\u011fi\u015fiklik y\u00f6netimi<\/strong><\/td><td><img decoding=\"async\" src=\"https:\/\/planyard.com\/wp-content\/uploads\/2024\/10\/icons8-checkmark-30.png\"><\/td><td><img decoding=\"async\" src=\"https:\/\/planyard.com\/wp-content\/uploads\/2024\/10\/icons8-delete-30.png\"><\/td><td><img decoding=\"async\" src=\"https:\/\/planyard.com\/wp-content\/uploads\/2024\/10\/icons8-checkmark-30.png\"><\/td><\/tr><tr><td><strong>Alt y\u00fcklenici faturaland\u0131rma<\/strong><\/td><td><img decoding=\"async\" src=\"https:\/\/planyard.com\/wp-content\/uploads\/2024\/10\/icons8-checkmark-30.png\"><\/td><td><img decoding=\"async\" src=\"https:\/\/planyard.com\/wp-content\/uploads\/2024\/10\/icons8-delete-30.png\"><\/td><td><img decoding=\"async\" src=\"https:\/\/planyard.com\/wp-content\/uploads\/2024\/10\/icons8-checkmark-30.png\"><\/td><\/tr><tr><td><strong>Karl\u0131l\u0131k tahmini<\/strong><\/td><td><img decoding=\"async\" src=\"https:\/\/planyard.com\/wp-content\/uploads\/2024\/10\/icons8-checkmark-30.png\"><\/td><td><img decoding=\"async\" src=\"https:\/\/planyard.com\/wp-content\/uploads\/2024\/10\/icons8-delete-30.png\"><\/td><td><img decoding=\"async\" src=\"https:\/\/planyard.com\/wp-content\/uploads\/2024\/10\/icons8-checkmark-30.png\"><\/td><\/tr><tr><td><strong>Zamanlama<\/strong><\/td><td><img decoding=\"async\" src=\"https:\/\/planyard.com\/wp-content\/uploads\/2024\/10\/icons8-checkmark-30.png\"><\/td><td><img decoding=\"async\" src=\"https:\/\/planyard.com\/wp-content\/uploads\/2024\/10\/icons8-delete-30.png\"><\/td><td><img decoding=\"async\" src=\"https:\/\/planyard.com\/wp-content\/uploads\/2024\/10\/icons8-delete-30.png\"><\/td><\/tr><tr><td><strong>BIM<\/strong><\/td><td><img decoding=\"async\" src=\"https:\/\/planyard.com\/wp-content\/uploads\/2024\/10\/icons8-checkmark-30.png\"> (entegrasyon)<\/td><td><img decoding=\"async\" src=\"https:\/\/planyard.com\/wp-content\/uploads\/2024\/10\/icons8-checkmark-30.png\"> (Entegrasyon)<\/td><td><img decoding=\"async\" src=\"https:\/\/planyard.com\/wp-content\/uploads\/2024\/10\/icons8-delete-30.png\"><\/td><\/tr><tr><td><strong>Saha verimlili\u011fi<\/strong><\/td><td><img decoding=\"async\" src=\"https:\/\/planyard.com\/wp-content\/uploads\/2024\/10\/icons8-checkmark-30.png\"> (Ekstra maliyet)<\/td><td><img decoding=\"async\" src=\"https:\/\/planyard.com\/wp-content\/uploads\/2024\/10\/icons8-checkmark-30.png\"><\/td><td><img decoding=\"async\" src=\"https:\/\/planyard.com\/wp-content\/uploads\/2024\/10\/icons8-delete-30.png\"><\/td><\/tr><tr><td><strong>iOS uygulamas\u0131<\/strong><\/td><td><img decoding=\"async\" src=\"https:\/\/planyard.com\/wp-content\/uploads\/2024\/10\/icons8-checkmark-30.png\"><\/td><td><img decoding=\"async\" src=\"https:\/\/planyard.com\/wp-content\/uploads\/2024\/10\/icons8-checkmark-30.png\"><\/td><td><img decoding=\"async\" src=\"https:\/\/planyard.com\/wp-content\/uploads\/2024\/10\/icons8-checkmark-30.png\"><\/td><\/tr><tr><td><strong>Android uygulamas\u0131<\/strong><\/td><td><img decoding=\"async\" src=\"https:\/\/planyard.com\/wp-content\/uploads\/2024\/10\/icons8-checkmark-30.png\"><\/td><td><img decoding=\"async\" src=\"https:\/\/planyard.com\/wp-content\/uploads\/2024\/10\/icons8-checkmark-30.png\"><\/td><td><img decoding=\"async\" src=\"https:\/\/planyard.com\/wp-content\/uploads\/2024\/10\/icons8-checkmark-30.png\"><\/td><\/tr><tr><td><strong>Windows mobil uygulamas\u0131<\/strong><\/td><td><img decoding=\"async\" src=\"https:\/\/planyard.com\/wp-content\/uploads\/2024\/10\/icons8-checkmark-30.png\"><\/td><td><img decoding=\"async\" src=\"https:\/\/planyard.com\/wp-content\/uploads\/2024\/10\/icons8-checkmark-30.png\"><\/td><td><img decoding=\"async\" src=\"https:\/\/planyard.com\/wp-content\/uploads\/2024\/10\/icons8-delete-30.png\"><\/td><\/tr><tr><td><strong>Outlook entegrasyonu<\/strong><\/td><td><img decoding=\"async\" src=\"https:\/\/planyard.com\/wp-content\/uploads\/2024\/10\/icons8-checkmark-30.png\"><\/td><td><img decoding=\"async\" src=\"https:\/\/planyard.com\/wp-content\/uploads\/2024\/10\/icons8-delete-30.png\"><\/td><td><img decoding=\"async\" src=\"https:\/\/planyard.com\/wp-content\/uploads\/2024\/10\/icons8-checkmark-30.png\"><\/td><\/tr><tr><td><strong>Google Chrome uzant\u0131s\u0131<\/strong><\/td><td><img decoding=\"async\" src=\"https:\/\/planyard.com\/wp-content\/uploads\/2024\/10\/icons8-delete-30.png\"><\/td><td><img decoding=\"async\" src=\"https:\/\/planyard.com\/wp-content\/uploads\/2024\/10\/icons8-delete-30.png\"><\/td><td><img decoding=\"async\" src=\"https:\/\/planyard.com\/wp-content\/uploads\/2024\/10\/icons8-checkmark-30.png\"><\/td><\/tr><tr><td><strong>Muhasebe entegrasyonlar\u0131<\/strong><\/td><td><img decoding=\"async\" src=\"https:\/\/planyard.com\/wp-content\/uploads\/2024\/10\/icons8-checkmark-30.png\"><\/td><td><img decoding=\"async\" src=\"https:\/\/planyard.com\/wp-content\/uploads\/2024\/10\/icons8-delete-30.png\"><\/td><td><img decoding=\"async\" src=\"https:\/\/planyard.com\/wp-content\/uploads\/2024\/10\/icons8-checkmark-30.png\"><\/td><\/tr><tr><td><strong>Destek<\/strong><\/td><td><img decoding=\"async\" src=\"https:\/\/planyard.com\/wp-content\/uploads\/2024\/10\/icons8-checkmark-30.png\"><\/td><td><img decoding=\"async\" src=\"https:\/\/planyard.com\/wp-content\/uploads\/2024\/10\/icons8-checkmark-30.png\"><\/td><td><img decoding=\"async\" src=\"https:\/\/planyard.com\/wp-content\/uploads\/2024\/10\/icons8-checkmark-30.png\"><\/td><\/tr><\/tbody><\/table><\/figure>\n\n\n\n<h2 class=\"wp-block-heading has-text-align-center\">Planyard&#8217;\u0131n Faydalar\u0131<\/h2>\n\n\n\n<div class=\"wp-block-columns is-layout-flex wp-container-core-columns-is-layout-9d6595d7 wp-block-columns-is-layout-flex\">\n<div class=\"wp-block-column is-layout-flow wp-block-column-is-layout-flow\">\n<p><strong>Bir projenin bitmeden k\u00e2r edip etmedi\u011fini bilin<\/strong><\/p>\n\n\n\n<p><strong>Tahmin ve tasar\u0131m hatalar\u0131n\u0131 tespit edin<\/strong><\/p>\n<\/div>\n\n\n\n<div class=\"wp-block-column is-layout-flow wp-block-column-is-layout-flow\">\n<p><strong>Proje y\u00f6neticisi ba\u015f\u0131na ayda 3-5 g\u00fcn tasarruf edin<\/strong><\/p>\n\n\n\n<p><strong>Manuel giri\u015fi ve kopyala-yap\u0131\u015ft\u0131r\u0131 ortadan kald\u0131r\u0131n<\/strong><\/p>\n<\/div>\n\n\n\n<div class=\"wp-block-column is-layout-flow wp-block-column-is-layout-flow\">\n<p><strong>S\u00fcre\u00e7leri standartla\u015ft\u0131r\u0131n ve uyumlulu\u011fu sa\u011flay\u0131n<\/strong><\/p>\n\n\n\n<p><strong>Hi\u00e7bir \u015feyin g\u00f6zden ka\u00e7mas\u0131na izin vermeyin<\/strong><\/p>\n<\/div>\n<\/div>\n\n\n\n<figure class=\"wp-block-image size-full\"><img loading=\"lazy\" decoding=\"async\" width=\"1600\" height=\"953\" src=\"https:\/\/planyard.com\/wp-content\/uploads\/2024\/08\/Planyard-budget-dashboard-2.png\" alt=\"\" class=\"wp-image-1684\" srcset=\"https:\/\/planyard.com\/wp-content\/uploads\/2024\/08\/Planyard-budget-dashboard-2.png 1600w, https:\/\/planyard.com\/wp-content\/uploads\/2024\/08\/Planyard-budget-dashboard-2-1536x915.png 1536w\" sizes=\"auto, (max-width: 1600px) 100vw, 1600px\" \/><\/figure>\n\n\n\n<h2 class=\"wp-block-heading\">Proje Y\u00f6neticileri \u0130\u00e7in Tasarland\u0131<\/h2>\n\n\n\n<p>Haftalarca \u00f6\u011frenmek zorunda de\u011filsiniz, Planyard proje y\u00f6neticilerinin ger\u00e7ekten \u00e7al\u0131\u015ft\u0131\u011f\u0131 \u015fekilde \u00e7al\u0131\u015f\u0131r<\/p>\n\n\n\n<ul class=\"wp-block-list\">\n<li>B\u00fct\u00e7enizi tahmin edin, takip edin ve tahmin edin.<\/li>\n\n\n\n<li>Alt y\u00fcklenicilerden teklifleri, ilerleme raporlar\u0131n\u0131, de\u011fi\u015fiklik emirlerini ve faturalar\u0131 toplay\u0131n.<\/li>\n\n\n\n<li>Her \u015feyi birbirine ba\u011fl\u0131 tutun.<\/li>\n\n\n\n<li>Proje karl\u0131l\u0131\u011f\u0131n\u0131z\u0131 ger\u00e7ek zamanl\u0131 olarak takip edin.<\/li>\n\n\n\n<li>Muhasebeyi otomatik olarak senkronize edin.<\/li>\n<\/ul>\n\n\n\n<div class=\"wp-block-buttons is-layout-flex wp-block-buttons-is-layout-flex\">\n<div class=\"wp-block-button is-style-fill\"><a class=\"wp-block-button__link has-background wp-element-button\" href=\"https:\/\/app.planyard.com\/#\/signup\" style=\"background-color:#2756ff\">\u00dccretsiz Deneyin<\/a><\/div>\n<\/div>\n\n\n\n<figure class=\"wp-block-image size-full\"><img loading=\"lazy\" decoding=\"async\" width=\"1024\" height=\"503\" src=\"https:\/\/planyard.com\/wp-content\/uploads\/2024\/09\/planyard-for-management-1024x503-1.png\" alt=\"\" class=\"wp-image-1965\"\/><\/figure>\n\n\n\n<h2 class=\"wp-block-heading has-text-align-center\">Y\u00f6netim \u0130\u00e7in \u00c7al\u0131\u015f\u0131r<\/h2>\n\n\n\n<p>Maliyet y\u00f6netimi s\u00fcre\u00e7lerinizi standartla\u015ft\u0131r\u0131n ve \u015firket genelinde uyumlulu\u011fu sa\u011flay\u0131n.<\/p>\n\n\n\n<ul class=\"wp-block-list\">\n<li>T\u00fcm proje portf\u00f6y\u00fcn\u00fcz\u00fcn ger\u00e7ek zamanl\u0131 bir genel g\u00f6r\u00fcn\u00fcm\u00fcn\u00fc edinin.<\/li>\n\n\n\n<li>T\u00fcm verileri tek bir entegre sistemde tutun.<\/li>\n\n\n\n<li>Karl\u0131l\u0131\u011f\u0131 ve nakit ak\u0131\u015f\u0131n\u0131 tahmin edin. <\/li>\n<\/ul>\n\n\n\n<div class=\"wp-block-buttons is-layout-flex wp-block-buttons-is-layout-flex\">\n<div class=\"wp-block-button\"><a class=\"wp-block-button__link has-background wp-element-button\" style=\"background-color:#2756ff\">Demo Talep Edin<\/a><\/div>\n<\/div>\n\n\n\n<p><\/p>\n","protected":false},"excerpt":{"rendered":"<p>Procore ve Plangrid tam kar\u015f\u0131la\u015ft\u0131rmas\u0131. \u00d6zellikleri, fiyatlar\u0131 ve alternatifleri kar\u015f\u0131la\u015ft\u0131r\u0131n. Procore Nedir? Procore, bir\u00e7ok farkl\u0131 mod\u00fcle sahip bir ABD in\u015faat proje y\u00f6netim yaz\u0131l\u0131m\u0131d\u0131r. Yaz\u0131l\u0131m, \u00f6n in\u015faat, proje y\u00f6netimi, kaynak y\u00f6netimi ve finansal y\u00f6netimi kapsar. Plangrid Nedir? Plangrid&nbsp;bir in\u015faat verimlilik yaz\u0131l\u0131m\u0131d\u0131r. Ger\u00e7ek zamanl\u0131 i\u015f birli\u011fi i\u00e7in planlar ve di\u011fer belgeleri payla\u015fmak amac\u0131yla tasarlanm\u0131\u015ft\u0131r. Planyard Nedir? Planyard&nbsp;ana&#8230;  <a class=\"excerpt-read-more\" href=\"https:\/\/planyard.com\/tr\/procore-ve-plangrid-karsilastirmasi\" title=\"Okuyun  Procore ve Plangrid Kar\u015f\u0131la\u015ft\u0131rmas\u0131\">Daha fazla oku &#8220;<\/a><\/p>\n","protected":false},"author":5,"featured_media":0,"parent":0,"menu_order":0,"comment_status":"closed","ping_status":"closed","template":"","meta":{"_acf_changed":false,"content-type":"","footnotes":""},"page_intent":[216],"page_type":[],"class_list":["post-14513","page","type-page","status-publish","hentry"],"acf":[],"yoast_head":"<!-- This site is optimized with the Yoast SEO plugin v27.1.1 - https:\/\/yoast.com\/product\/yoast-seo-wordpress\/ -->\n<title>Procore ve Plangrid in\u015faat yaz\u0131l\u0131m\u0131 kar\u015f\u0131la\u015ft\u0131rmas\u0131 - Planyard T\u00fcrkiye<\/title>\n<meta name=\"description\" content=\"Procore ve PlanGrid in\u015faat yaz\u0131l\u0131m\u0131 kar\u015f\u0131la\u015ft\u0131r\u0131ld\u0131. \u0130kisi aras\u0131ndaki farklar\u0131 ve benzerlikleri g\u00f6r\u00fcn.\" \/>\n<meta name=\"robots\" content=\"index, follow, max-snippet:-1, max-image-preview:large, max-video-preview:-1\" \/>\n<link rel=\"canonical\" href=\"https:\/\/planyard.com\/tr\/procore-ve-plangrid-karsilastirmasi\" \/>\n<meta property=\"og:locale\" content=\"tr_TR\" \/>\n<meta property=\"og:type\" content=\"article\" \/>\n<meta property=\"og:title\" content=\"Procore ve Plangrid in\u015faat yaz\u0131l\u0131m\u0131 kar\u015f\u0131la\u015ft\u0131rmas\u0131 - Planyard T\u00fcrkiye\" \/>\n<meta property=\"og:description\" content=\"Procore ve PlanGrid in\u015faat yaz\u0131l\u0131m\u0131 kar\u015f\u0131la\u015ft\u0131r\u0131ld\u0131. \u0130kisi aras\u0131ndaki farklar\u0131 ve benzerlikleri g\u00f6r\u00fcn.\" \/>\n<meta property=\"og:url\" content=\"https:\/\/planyard.com\/tr\/procore-ve-plangrid-karsilastirmasi\" \/>\n<meta property=\"og:site_name\" content=\"Planyard T\u00fcrkiye\" \/>\n<meta property=\"article:modified_time\" content=\"2025-05-19T19:39:20+00:00\" \/>\n<meta name=\"twitter:card\" content=\"summary_large_image\" \/>\n<meta name=\"twitter:label1\" content=\"Tahmini okuma s\u00fcresi\" \/>\n\t<meta name=\"twitter:data1\" content=\"15 dakika\" \/>\n<!-- \/ Yoast SEO plugin. -->","yoast_head_json":{"title":"Procore ve Plangrid in\u015faat yaz\u0131l\u0131m\u0131 kar\u015f\u0131la\u015ft\u0131rmas\u0131 - Planyard T\u00fcrkiye","description":"Procore ve PlanGrid in\u015faat yaz\u0131l\u0131m\u0131 kar\u015f\u0131la\u015ft\u0131r\u0131ld\u0131. \u0130kisi aras\u0131ndaki farklar\u0131 ve benzerlikleri g\u00f6r\u00fcn.","robots":{"index":"index","follow":"follow","max-snippet":"max-snippet:-1","max-image-preview":"max-image-preview:large","max-video-preview":"max-video-preview:-1"},"canonical":"https:\/\/planyard.com\/tr\/procore-ve-plangrid-karsilastirmasi","og_locale":"tr_TR","og_type":"article","og_title":"Procore ve Plangrid in\u015faat yaz\u0131l\u0131m\u0131 kar\u015f\u0131la\u015ft\u0131rmas\u0131 - Planyard T\u00fcrkiye","og_description":"Procore ve PlanGrid in\u015faat yaz\u0131l\u0131m\u0131 kar\u015f\u0131la\u015ft\u0131r\u0131ld\u0131. \u0130kisi aras\u0131ndaki farklar\u0131 ve benzerlikleri g\u00f6r\u00fcn.","og_url":"https:\/\/planyard.com\/tr\/procore-ve-plangrid-karsilastirmasi","og_site_name":"Planyard T\u00fcrkiye","article_modified_time":"2025-05-19T19:39:20+00:00","twitter_card":"summary_large_image","twitter_misc":{"Tahmini okuma s\u00fcresi":"15 dakika"},"schema":{"@context":"https:\/\/schema.org","@graph":[{"@type":"WebPage","@id":"https:\/\/planyard.com\/tr\/procore-ve-plangrid-karsilastirmasi","url":"https:\/\/planyard.com\/tr\/procore-ve-plangrid-karsilastirmasi","name":"Procore ve Plangrid in\u015faat yaz\u0131l\u0131m\u0131 kar\u015f\u0131la\u015ft\u0131rmas\u0131 - Planyard T\u00fcrkiye","isPartOf":{"@id":"https:\/\/planyard.com\/tr#website"},"primaryImageOfPage":{"@id":"https:\/\/planyard.com\/tr\/procore-ve-plangrid-karsilastirmasi#primaryimage"},"image":{"@id":"https:\/\/planyard.com\/tr\/procore-ve-plangrid-karsilastirmasi#primaryimage"},"thumbnailUrl":"https:\/\/planyard.com\/wp-content\/uploads\/2024\/07\/Procore_Logo_FC_Black_RGB-1.svg","datePublished":"2024-09-11T08:50:44+00:00","dateModified":"2025-05-19T19:39:20+00:00","description":"Procore ve PlanGrid in\u015faat yaz\u0131l\u0131m\u0131 kar\u015f\u0131la\u015ft\u0131r\u0131ld\u0131. \u0130kisi aras\u0131ndaki farklar\u0131 ve benzerlikleri g\u00f6r\u00fcn.","breadcrumb":{"@id":"https:\/\/planyard.com\/tr\/procore-ve-plangrid-karsilastirmasi#breadcrumb"},"inLanguage":"tr","potentialAction":[{"@type":"ReadAction","target":["https:\/\/planyard.com\/tr\/procore-ve-plangrid-karsilastirmasi"]}]},{"@type":"ImageObject","inLanguage":"tr","@id":"https:\/\/planyard.com\/tr\/procore-ve-plangrid-karsilastirmasi#primaryimage","url":"https:\/\/planyard.com\/wp-content\/uploads\/2024\/07\/Procore_Logo_FC_Black_RGB-1.svg","contentUrl":"https:\/\/planyard.com\/wp-content\/uploads\/2024\/07\/Procore_Logo_FC_Black_RGB-1.svg"},{"@type":"BreadcrumbList","@id":"https:\/\/planyard.com\/tr\/procore-ve-plangrid-karsilastirmasi#breadcrumb","itemListElement":[{"@type":"ListItem","position":1,"name":"Home","item":"https:\/\/planyard.com\/tr"},{"@type":"ListItem","position":2,"name":"Procore ve Plangrid Kar\u015f\u0131la\u015ft\u0131rmas\u0131"}]},{"@type":"WebSite","@id":"https:\/\/planyard.com\/tr#website","url":"https:\/\/planyard.com\/tr","name":"Planyard T\u00fcrkiye","description":"","potentialAction":[{"@type":"SearchAction","target":{"@type":"EntryPoint","urlTemplate":"https:\/\/planyard.com\/tr?s={search_term_string}"},"query-input":{"@type":"PropertyValueSpecification","valueRequired":true,"valueName":"search_term_string"}}],"inLanguage":"tr"}]}},"_links":{"self":[{"href":"https:\/\/planyard.com\/tr\/wp-json\/wp\/v2\/pages\/14513","targetHints":{"allow":["GET"]}}],"collection":[{"href":"https:\/\/planyard.com\/tr\/wp-json\/wp\/v2\/pages"}],"about":[{"href":"https:\/\/planyard.com\/tr\/wp-json\/wp\/v2\/types\/page"}],"author":[{"embeddable":true,"href":"https:\/\/planyard.com\/tr\/wp-json\/wp\/v2\/users\/5"}],"replies":[{"embeddable":true,"href":"https:\/\/planyard.com\/tr\/wp-json\/wp\/v2\/comments?post=14513"}],"version-history":[{"count":2,"href":"https:\/\/planyard.com\/tr\/wp-json\/wp\/v2\/pages\/14513\/revisions"}],"predecessor-version":[{"id":16552,"href":"https:\/\/planyard.com\/tr\/wp-json\/wp\/v2\/pages\/14513\/revisions\/16552"}],"wp:attachment":[{"href":"https:\/\/planyard.com\/tr\/wp-json\/wp\/v2\/media?parent=14513"}],"wp:term":[{"taxonomy":"page_intent","embeddable":true,"href":"https:\/\/planyard.com\/tr\/wp-json\/wp\/v2\/page_intent?post=14513"},{"taxonomy":"page_type","embeddable":true,"href":"https:\/\/planyard.com\/tr\/wp-json\/wp\/v2\/page_type?post=14513"}],"curies":[{"name":"wp","href":"https:\/\/api.w.org\/{rel}","templated":true}]}}