{"id":14512,"date":"2024-08-27T13:45:07","date_gmt":"2024-08-27T13:45:07","guid":{"rendered":"https:\/\/planyard.com\/procore-too-expensive"},"modified":"2025-05-19T19:38:37","modified_gmt":"2025-05-19T19:38:37","slug":"procore-cok-pahali","status":"publish","type":"page","link":"https:\/\/planyard.com\/tr\/procore-cok-pahali","title":{"rendered":"Procore fiyat modeli \u00e7ok mu pahal\u0131?"},"content":{"rendered":"\n<div class=\"wp-block-columns is-layout-flex wp-container-core-columns-is-layout-9d6595d7 wp-block-columns-is-layout-flex\">\n<div class=\"wp-block-column is-layout-flow wp-block-column-is-layout-flow\">\n<figure class=\"wp-block-image size-full\"><img loading=\"lazy\" decoding=\"async\" width=\"900\" height=\"500\" src=\"https:\/\/planyard.com\/wp-content\/uploads\/2024\/08\/procore-vector-logo.png\" alt=\"\" class=\"wp-image-1540\"\/><\/figure>\n<\/div>\n\n\n\n<div class=\"wp-block-column is-layout-flow wp-block-column-is-layout-flow\">\n<figure class=\"wp-block-image size-full is-resized\"><img loading=\"lazy\" decoding=\"async\" width=\"500\" height=\"200\" src=\"https:\/\/planyard.com\/wp-content\/uploads\/2024\/08\/Planyard-logo-500x200-1-1.png\" alt=\"\" class=\"wp-image-1541\" style=\"width:535px;height:auto\"\/><\/figure>\n<\/div>\n<\/div>\n\n\n\n<h2 class=\"wp-block-heading\">Procore Nedir?<\/h2>\n\n\n\n<p><a href=\"https:\/\/www.procore.com\/\">Procore<\/a>, bir\u00e7ok farkl\u0131 mod\u00fcle sahip bir ABD in\u015faat proje y\u00f6netim yaz\u0131l\u0131m\u0131d\u0131r.<\/p>\n\n\n\n<p>Yaz\u0131l\u0131m, \u00f6n in\u015faat, proje y\u00f6netimi, kaynak y\u00f6netimi ve finansal y\u00f6netimi kapsar.<\/p>\n\n\n\n<h2 class=\"wp-block-heading\" id=\"a-bit-more-context\">Biraz Daha Ba\u011flam<\/h2>\n\n\n\n<p>Procore, 2003 y\u0131l\u0131ndan beri yaz\u0131l\u0131m\u0131n\u0131 geli\u015ftiriyor. Bu durum, iki ucu keskin bir k\u0131l\u0131\u00e7 gibi.<\/p>\n\n\n\n<p>Bir yandan, \u00e7ok kapsaml\u0131. Farkl\u0131 modeller arac\u0131l\u0131\u011f\u0131yla bir\u00e7ok farkl\u0131 fonksiyonu kapsar, bu da s\u00fcre\u00e7leri daha fazla birle\u015ftirmenizi sa\u011flar.<\/p>\n\n\n\n<p>Di\u011fer yandan, \u015firketler olgunla\u015ft\u0131k\u00e7a daha \u00fcst pazara y\u00f6nelme e\u011filimindedir. \u00c7\u00f6z\u00fcmleri \u00e7ok daha karma\u015f\u0131k hale gelir ve fiyatlar s\u00fcrekli artar. Procore, bu anlamda Salesforce gibidir\u2014d\u00fcnyan\u0131n en b\u00fcy\u00fck \u015firketleri taraf\u0131ndan kullan\u0131l\u0131r, ancak hepsi y\u00fcksek bedeller \u00f6der.<\/p>\n\n\n\n<p>Procore, neredeyse 20 y\u0131ld\u0131r geli\u015ftirilen bir yaz\u0131l\u0131m oldu\u011fu i\u00e7in muhtemelen bir\u00e7ok eski teknoloji i\u00e7eriyor. On y\u0131l \u00f6nce in\u015fa edilen \u015feyler, yaz\u0131l\u0131mda art\u0131k eski g\u00f6r\u00fcn\u00fcyor.<\/p>\n\n\n\n<h2 class=\"wp-block-heading\" id=\"what-is-planyard\">Planyard Nedir?<\/h2>\n\n\n\n<p><a href=\"https:\/\/planyard.com\/tr\">Planyard<\/a>, ana y\u00fckleniciler i\u00e7in bulut tabanl\u0131 bir b\u00fct\u00e7e ve alt y\u00fcklenici y\u00f6netim yaz\u0131l\u0131m\u0131d\u0131r.<\/p>\n\n\n\n<p>B\u00fct\u00e7eleri Excel ve e-posta trafi\u011fi olmadan y\u00f6netebilirsiniz. Alt y\u00fcklenicileriniz i\u015fi sizin i\u00e7in yapacakt\u0131r.<\/p>\n\n\n\n<h2 class=\"wp-block-heading\" id=\"procore-vs-planyard-pricing\">Procore ve Planyard Fiyatland\u0131rmas\u0131<\/h2>\n\n\n\n<figure class=\"wp-block-image size-full\"><img loading=\"lazy\" decoding=\"async\" width=\"1204\" height=\"324\" src=\"https:\/\/planyard.com\/wp-content\/uploads\/2024\/08\/Procore-vs-Planyard-pricing.png\" alt=\"\" class=\"wp-image-1542\"\/><\/figure>\n\n\n\n<p>Procore&#8217;un fiyatland\u0131rmas\u0131 nispeten sabittir ve platformun sizin i\u00e7in uygun olup olmad\u0131\u011f\u0131n\u0131 belirlemeden \u00f6nce b\u00fcy\u00fck mebla\u011flar \u00f6demenizi gerektirir. Ayn\u0131 sorun, daha k\u00fc\u00e7\u00fck bir \u015firket olman\u0131z veya \u00e7e\u015fitli projelere sahip olman\u0131z durumunda da ortaya \u00e7\u0131kar. Tek tip yakla\u015f\u0131m herkese uygun de\u011fildir. Bu nedenle, Planyard&#8217;\u0131n fiyatland\u0131rmas\u0131 ihtiya\u00e7 duydu\u011funuz i\u015flevselli\u011fe ba\u011fl\u0131d\u0131r.<\/p>\n","protected":false},"excerpt":{"rendered":"<p>Procore Nedir? Procore, bir\u00e7ok farkl\u0131 mod\u00fcle sahip bir ABD in\u015faat proje y\u00f6netim yaz\u0131l\u0131m\u0131d\u0131r. Yaz\u0131l\u0131m, \u00f6n in\u015faat, proje y\u00f6netimi, kaynak y\u00f6netimi ve finansal y\u00f6netimi kapsar. Biraz Daha Ba\u011flam Procore, 2003 y\u0131l\u0131ndan beri yaz\u0131l\u0131m\u0131n\u0131 geli\u015ftiriyor. Bu durum, iki ucu keskin bir k\u0131l\u0131\u00e7 gibi. Bir yandan, \u00e7ok kapsaml\u0131. Farkl\u0131 modeller arac\u0131l\u0131\u011f\u0131yla bir\u00e7ok farkl\u0131 fonksiyonu kapsar, bu da s\u00fcre\u00e7leri&#8230;  <a class=\"excerpt-read-more\" href=\"https:\/\/planyard.com\/tr\/procore-cok-pahali\" title=\"Okuyun  Procore fiyat modeli \u00e7ok mu pahal\u0131?\">Daha fazla oku &#8220;<\/a><\/p>\n","protected":false},"author":2,"featured_media":0,"parent":0,"menu_order":0,"comment_status":"closed","ping_status":"closed","template":"","meta":{"_acf_changed":false,"content-type":"","footnotes":""},"page_intent":[201],"page_type":[],"class_list":["post-14512","page","type-page","status-publish","hentry"],"acf":[],"yoast_head":"<!-- This site is optimized with the Yoast SEO plugin v27.1.1 - https:\/\/yoast.com\/product\/yoast-seo-wordpress\/ -->\n<title>Procore fiyat modeli \u00e7ok mu pahal\u0131? - Planyard T\u00fcrkiye<\/title>\n<meta name=\"description\" content=\"Procore fiyatland\u0131rmas\u0131 sizin i\u00e7in \u00e7ok mu sabit? Planyard, t\u00fcm ekibiniz i\u00e7in bulut tabanl\u0131 bir in\u015faat finans ve i\u015f maliyetlendirme platformudur.\" \/>\n<meta name=\"robots\" content=\"index, follow, max-snippet:-1, max-image-preview:large, max-video-preview:-1\" \/>\n<link rel=\"canonical\" href=\"https:\/\/planyard.com\/tr\/procore-cok-pahali\" \/>\n<meta property=\"og:locale\" content=\"tr_TR\" \/>\n<meta property=\"og:type\" content=\"article\" \/>\n<meta property=\"og:title\" content=\"Procore fiyat modeli \u00e7ok mu pahal\u0131? - Planyard T\u00fcrkiye\" \/>\n<meta property=\"og:description\" content=\"Procore fiyatland\u0131rmas\u0131 sizin i\u00e7in \u00e7ok mu sabit? Planyard, t\u00fcm ekibiniz i\u00e7in bulut tabanl\u0131 bir in\u015faat finans ve i\u015f maliyetlendirme platformudur.\" \/>\n<meta property=\"og:url\" content=\"https:\/\/planyard.com\/tr\/procore-cok-pahali\" \/>\n<meta property=\"og:site_name\" content=\"Planyard T\u00fcrkiye\" \/>\n<meta property=\"article:modified_time\" content=\"2025-05-19T19:38:37+00:00\" \/>\n<meta property=\"og:image\" content=\"https:\/\/planyard.com\/wp-content\/uploads\/2024\/08\/procore-vector-logo.png\" \/>\n\t<meta property=\"og:image:width\" content=\"900\" \/>\n\t<meta property=\"og:image:height\" content=\"500\" \/>\n\t<meta property=\"og:image:type\" content=\"image\/png\" \/>\n<meta name=\"twitter:card\" content=\"summary_large_image\" \/>\n<meta name=\"twitter:label1\" content=\"Tahmini okuma s\u00fcresi\" \/>\n\t<meta name=\"twitter:data1\" content=\"2 dakika\" \/>\n<!-- \/ Yoast SEO plugin. -->","yoast_head_json":{"title":"Procore fiyat modeli \u00e7ok mu pahal\u0131? - Planyard T\u00fcrkiye","description":"Procore fiyatland\u0131rmas\u0131 sizin i\u00e7in \u00e7ok mu sabit? Planyard, t\u00fcm ekibiniz i\u00e7in bulut tabanl\u0131 bir in\u015faat finans ve i\u015f maliyetlendirme platformudur.","robots":{"index":"index","follow":"follow","max-snippet":"max-snippet:-1","max-image-preview":"max-image-preview:large","max-video-preview":"max-video-preview:-1"},"canonical":"https:\/\/planyard.com\/tr\/procore-cok-pahali","og_locale":"tr_TR","og_type":"article","og_title":"Procore fiyat modeli \u00e7ok mu pahal\u0131? - Planyard T\u00fcrkiye","og_description":"Procore fiyatland\u0131rmas\u0131 sizin i\u00e7in \u00e7ok mu sabit? Planyard, t\u00fcm ekibiniz i\u00e7in bulut tabanl\u0131 bir in\u015faat finans ve i\u015f maliyetlendirme platformudur.","og_url":"https:\/\/planyard.com\/tr\/procore-cok-pahali","og_site_name":"Planyard T\u00fcrkiye","article_modified_time":"2025-05-19T19:38:37+00:00","og_image":[{"width":900,"height":500,"url":"https:\/\/planyard.com\/wp-content\/uploads\/2024\/08\/procore-vector-logo.png","type":"image\/png"}],"twitter_card":"summary_large_image","twitter_misc":{"Tahmini okuma s\u00fcresi":"2 dakika"},"schema":{"@context":"https:\/\/schema.org","@graph":[{"@type":"WebPage","@id":"https:\/\/planyard.com\/tr\/procore-cok-pahali","url":"https:\/\/planyard.com\/tr\/procore-cok-pahali","name":"Procore fiyat modeli \u00e7ok mu pahal\u0131? - Planyard T\u00fcrkiye","isPartOf":{"@id":"https:\/\/planyard.com\/tr#website"},"primaryImageOfPage":{"@id":"https:\/\/planyard.com\/tr\/procore-cok-pahali#primaryimage"},"image":{"@id":"https:\/\/planyard.com\/tr\/procore-cok-pahali#primaryimage"},"thumbnailUrl":"https:\/\/planyard.com\/wp-content\/uploads\/2024\/08\/procore-vector-logo.png","datePublished":"2024-08-27T13:45:07+00:00","dateModified":"2025-05-19T19:38:37+00:00","description":"Procore fiyatland\u0131rmas\u0131 sizin i\u00e7in \u00e7ok mu sabit? Planyard, t\u00fcm ekibiniz i\u00e7in bulut tabanl\u0131 bir in\u015faat finans ve i\u015f maliyetlendirme platformudur.","breadcrumb":{"@id":"https:\/\/planyard.com\/tr\/procore-cok-pahali#breadcrumb"},"inLanguage":"tr","potentialAction":[{"@type":"ReadAction","target":["https:\/\/planyard.com\/tr\/procore-cok-pahali"]}]},{"@type":"ImageObject","inLanguage":"tr","@id":"https:\/\/planyard.com\/tr\/procore-cok-pahali#primaryimage","url":"https:\/\/planyard.com\/wp-content\/uploads\/2024\/08\/procore-vector-logo.png","contentUrl":"https:\/\/planyard.com\/wp-content\/uploads\/2024\/08\/procore-vector-logo.png"},{"@type":"BreadcrumbList","@id":"https:\/\/planyard.com\/tr\/procore-cok-pahali#breadcrumb","itemListElement":[{"@type":"ListItem","position":1,"name":"Home","item":"https:\/\/planyard.com\/tr"},{"@type":"ListItem","position":2,"name":"Procore fiyat modeli \u00e7ok mu pahal\u0131?"}]},{"@type":"WebSite","@id":"https:\/\/planyard.com\/tr#website","url":"https:\/\/planyard.com\/tr","name":"Planyard T\u00fcrkiye","description":"","potentialAction":[{"@type":"SearchAction","target":{"@type":"EntryPoint","urlTemplate":"https:\/\/planyard.com\/tr?s={search_term_string}"},"query-input":{"@type":"PropertyValueSpecification","valueRequired":true,"valueName":"search_term_string"}}],"inLanguage":"tr"}]}},"_links":{"self":[{"href":"https:\/\/planyard.com\/tr\/wp-json\/wp\/v2\/pages\/14512","targetHints":{"allow":["GET"]}}],"collection":[{"href":"https:\/\/planyard.com\/tr\/wp-json\/wp\/v2\/pages"}],"about":[{"href":"https:\/\/planyard.com\/tr\/wp-json\/wp\/v2\/types\/page"}],"author":[{"embeddable":true,"href":"https:\/\/planyard.com\/tr\/wp-json\/wp\/v2\/users\/2"}],"replies":[{"embeddable":true,"href":"https:\/\/planyard.com\/tr\/wp-json\/wp\/v2\/comments?post=14512"}],"version-history":[{"count":2,"href":"https:\/\/planyard.com\/tr\/wp-json\/wp\/v2\/pages\/14512\/revisions"}],"predecessor-version":[{"id":16549,"href":"https:\/\/planyard.com\/tr\/wp-json\/wp\/v2\/pages\/14512\/revisions\/16549"}],"wp:attachment":[{"href":"https:\/\/planyard.com\/tr\/wp-json\/wp\/v2\/media?parent=14512"}],"wp:term":[{"taxonomy":"page_intent","embeddable":true,"href":"https:\/\/planyard.com\/tr\/wp-json\/wp\/v2\/page_intent?post=14512"},{"taxonomy":"page_type","embeddable":true,"href":"https:\/\/planyard.com\/tr\/wp-json\/wp\/v2\/page_type?post=14512"}],"curies":[{"name":"wp","href":"https:\/\/api.w.org\/{rel}","templated":true}]}}