{"id":14508,"date":"2024-08-26T07:14:20","date_gmt":"2024-08-26T07:14:20","guid":{"rendered":"https:\/\/planyard.com\/privacy-policy"},"modified":"2025-05-19T19:40:06","modified_gmt":"2025-05-19T19:40:06","slug":"gizlilik-politikasi","status":"publish","type":"page","link":"https:\/\/planyard.com\/tr\/gizlilik-politikasi","title":{"rendered":"Gizlilik Politikas\u0131"},"content":{"rendered":"\n<p>Bu Gizlilik Politikas\u0131, Planyard&#8217;\u0131n planyard.com, central.planyard.com ve app.planyard.com web sitelerinin (\u201cSite\u201d) kullan\u0131c\u0131lar\u0131ndan (her biri \u201cKullan\u0131c\u0131\u201d) toplad\u0131\u011f\u0131 bilgileri nas\u0131l toplad\u0131\u011f\u0131n\u0131, kulland\u0131\u011f\u0131n\u0131, saklad\u0131\u011f\u0131n\u0131 ve if\u015fa etti\u011fini d\u00fczenler. Bu gizlilik politikas\u0131, Site ve Planyard taraf\u0131ndan sunulan t\u00fcm \u00fcr\u00fcn ve hizmetler i\u00e7in ge\u00e7erlidir.<\/p>\n\n\n\n<p><strong>Ki\u015fisel tan\u0131mlama bilgileri<\/strong><\/p>\n\n\n\n<p>Kullan\u0131c\u0131lardan \u00e7e\u015fitli yollarla ki\u015fisel tan\u0131mlama bilgileri toplayabiliriz; bunlar aras\u0131nda, Kullan\u0131c\u0131lar sitemizi ziyaret etti\u011finde, b\u00fcltene abone oldu\u011funda, bir form doldurdu\u011funda ve sitemizde sundu\u011fumuz di\u011fer etkinlikler, hizmetler, \u00f6zellikler veya kaynaklarla ba\u011flant\u0131l\u0131 olarak yer alabilir. Kullan\u0131c\u0131lardan, uygun oldu\u011fu \u015fekilde, ad, e-posta adresi, \u015firket ad\u0131, telefon numaras\u0131 istenebilir. Ancak Kullan\u0131c\u0131lar, sitemizi anonim olarak ziyaret edebilirler. Kullan\u0131c\u0131lardan yaln\u0131zca g\u00f6n\u00fcll\u00fc olarak bu bilgileri bize sunduklar\u0131nda ki\u015fisel tan\u0131mlama bilgileri toplayaca\u011f\u0131z. Kullan\u0131c\u0131lar, ki\u015fisel tan\u0131mlama bilgilerini sa\u011flamay\u0131 her zaman reddedebilir, ancak bu, Planyard uygulamalar\u0131 gibi belirli siteyle ilgili etkinliklere kat\u0131lmalar\u0131n\u0131 engelleyebilir.<\/p>\n\n\n\n<p><strong>Ki\u015fisel olmayan tan\u0131mlama bilgileri<\/strong><\/p>\n\n\n\n<p>Kullan\u0131c\u0131lar sitemizle etkile\u015fimde bulunduklar\u0131nda ki\u015fisel olmayan tan\u0131mlama bilgileri toplayabiliriz. Ki\u015fisel olmayan tan\u0131mlama bilgileri, taray\u0131c\u0131 ad\u0131, bilgisayar t\u00fcr\u00fc ve Kullan\u0131c\u0131lar\u0131n sitemize ba\u011flanma yollar\u0131 hakk\u0131nda teknik bilgileri i\u00e7erebilir; i\u015fletim sistemi ve kullan\u0131lan internet servis sa\u011flay\u0131c\u0131lar\u0131 gibi di\u011fer benzer bilgiler.<\/p>\n\n\n\n<p><strong>Web taray\u0131c\u0131 \u00e7erezleri<\/strong><\/p>\n\n\n\n<p>Sitemiz, Kullan\u0131c\u0131 deneyimini geli\u015ftirmek i\u00e7in \u201c\u00e7erezler\u201d kullanabilir. Kullan\u0131c\u0131n\u0131n web taray\u0131c\u0131s\u0131, kay\u0131t tutma amac\u0131yla ve bazen de kullan\u0131c\u0131 hakk\u0131nda bilgi izlemek i\u00e7in \u00e7erezleri sabit diskine yerle\u015ftirir. Kullan\u0131c\u0131, web taray\u0131c\u0131s\u0131n\u0131 \u00e7erezleri reddedecek veya \u00e7erezler g\u00f6nderildi\u011finde uyar\u0131 verecek \u015fekilde ayarlamay\u0131 se\u00e7ebilir. Bunu yaparlarsa, sitenin baz\u0131 b\u00f6l\u00fcmlerinin d\u00fczg\u00fcn \u00e7al\u0131\u015fmayabilece\u011fini unutmay\u0131n.<\/p>\n\n\n\n<p><strong>Toplanan bilgileri nas\u0131l kullan\u0131yoruz<\/strong><\/p>\n\n\n\n<p>Planyard, Kullan\u0131c\u0131lar\u0131n ki\u015fisel bilgilerini \u015fu ama\u00e7larla toplayabilir ve kullanabilir:<\/p>\n\n\n\n<ul class=\"wp-block-list\">\n<li>M\u00fc\u015fteri hizmetlerini geli\u015ftirmek i\u00e7in<\/li>\n\n<ul class=\"wp-block-list\">\n<li>Sa\u011flad\u0131\u011f\u0131n\u0131z bilgiler, m\u00fc\u015fteri hizmetleri taleplerinize ve destek ihtiya\u00e7lar\u0131n\u0131za daha verimli yan\u0131t vermemize yard\u0131mc\u0131 olur.<\/li>\n<\/ul>\n<\/li>\n\n\n\n<li>Sitemizi geli\u015ftirmek i\u00e7in<\/li>\n\n<ul class=\"wp-block-list\">\n<li>\u00dcr\u00fcnlerimizi ve hizmetlerimizi geli\u015ftirmek i\u00e7in sa\u011flad\u0131\u011f\u0131n\u0131z geri bildirimleri kullanabiliriz.<\/li>\n<\/ul>\n<\/li>\n\n\n\n<li>Periyodik e-postalar g\u00f6ndermek i\u00e7in<\/li>\n\n<ul class=\"wp-block-list\">\n<li>E-posta adresini, Kullan\u0131c\u0131ya sipari\u015fleriyle ilgili bilgi ve g\u00fcncellemeler g\u00f6ndermek i\u00e7in kullanabiliriz. Ayr\u0131ca, Kullan\u0131c\u0131n\u0131n sorular\u0131na, sorular\u0131na ve\/veya di\u011fer taleplerine yan\u0131t vermek i\u00e7in kullan\u0131labilir. Kullan\u0131c\u0131, posta listemize kat\u0131lmay\u0131 se\u00e7erse, \u015firket haberleri, g\u00fcncellemeler, ilgili \u00fcr\u00fcn veya hizmet bilgileri vb. i\u00e7erebilecek e-postalar alacakt\u0131r. Kullan\u0131c\u0131, gelecekteki e-postalardan \u00e7\u0131kmak isterse, her e-postan\u0131n alt k\u0131sm\u0131nda ayr\u0131nt\u0131l\u0131 abonelikten \u00e7\u0131kma talimatlar\u0131 bulunur.<\/li>\n<\/ul>\n<\/li>\n<\/ul>\n\n\n\n<p><strong>Bilgilerinizi nas\u0131l koruyoruz<\/strong><\/p>\n\n\n\n<p>Ki\u015fisel bilgilerinizin, kullan\u0131c\u0131 ad\u0131n\u0131z\u0131n, \u015fifrenizin, i\u015flem bilgilerinizin ve sitemizde depolanan verilerinizin yetkisiz eri\u015fime, de\u011fi\u015fikli\u011fe, if\u015faya veya imhaya kar\u015f\u0131 korunmas\u0131 i\u00e7in uygun veri toplama, saklama ve i\u015fleme uygulamalar\u0131 ve g\u00fcvenlik \u00f6nlemleri benimseriz.<\/p>\n\n\n\n<p><strong>Ki\u015fisel bilgilerinizi payla\u015fma<\/strong><\/p>\n\n\n\n<p>Kullan\u0131c\u0131lar\u0131n ki\u015fisel tan\u0131mlama bilgilerini ba\u015fkalar\u0131na satm\u0131yor, ticaretini yapm\u0131yor veya kiralam\u0131yoruz. Ziyaret\u00e7iler ve kullan\u0131c\u0131larla ilgili ki\u015fisel tan\u0131mlama bilgileriyle ba\u011flant\u0131l\u0131 olmayan genel toplu demografik bilgileri, yukar\u0131da belirtilen ama\u00e7lar do\u011frultusunda i\u015f ortaklar\u0131m\u0131z, g\u00fcvenilir i\u015ftiraklerimiz ve reklamc\u0131lar\u0131m\u0131zla payla\u015fabiliriz. \u0130\u015fletmemizi ve Siteyi i\u015fletmemize veya ad\u0131m\u0131za etkinlikleri y\u00f6netmemize yard\u0131mc\u0131 olmas\u0131 i\u00e7in \u00fc\u00e7\u00fcnc\u00fc taraf hizmet sa\u011flay\u0131c\u0131lar\u0131 kullanabiliriz, \u00f6rne\u011fin b\u00fclten veya anket g\u00f6ndermek gibi. Bilgilerinizi bu \u00fc\u00e7\u00fcnc\u00fc taraflarla, bize izin verdi\u011finiz bu s\u0131n\u0131rl\u0131 ama\u00e7lar i\u00e7in payla\u015fabiliriz.<\/p>\n\n\n\n<p><strong>\u00dc\u00e7\u00fcnc\u00fc taraf web siteleri<\/strong><\/p>\n\n\n\n<p>Kullan\u0131c\u0131lar, sitemizde ortaklar\u0131m\u0131z\u0131n, tedarik\u00e7ilerimizin, reklamc\u0131lar\u0131m\u0131z\u0131n, sponsorlar\u0131m\u0131z\u0131n, lisans verenlerimizin ve di\u011fer \u00fc\u00e7\u00fcnc\u00fc taraflar\u0131n sitelerine ve hizmetlerine ba\u011flant\u0131lar i\u00e7eren reklamlar veya di\u011fer i\u00e7erikler bulabilirler. Bu sitelerde g\u00f6r\u00fcnen i\u00e7erikleri veya ba\u011flant\u0131lar\u0131 kontrol etmiyoruz ve sitemize ba\u011fl\u0131 veya sitemizden ba\u011flant\u0131 verilen web siteleri taraf\u0131ndan uygulanan uygulamalardan sorumlu de\u011filiz. Ayr\u0131ca, bu siteler veya hizmetler, i\u00e7erikleri ve ba\u011flant\u0131lar\u0131 dahil olmak \u00fczere s\u00fcrekli de\u011fi\u015febilir. Bu siteler ve hizmetler kendi gizlilik politikalar\u0131na ve m\u00fc\u015fteri hizmetleri politikalar\u0131na sahip olabilir. Herhangi bir ba\u015fka web sitesinde gezinme ve etkile\u015fim, sitemize ba\u011flant\u0131 veren web siteleri dahil, o web sitesinin kendi \u015fartlar\u0131na ve politikalar\u0131na tabidir.<\/p>\n\n\n\n<p><strong>Bu gizlilik politikas\u0131ndaki de\u011fi\u015fiklikler<\/strong><\/p>\n\n\n\n<p>Planyard, bu gizlilik politikas\u0131n\u0131 herhangi bir zamanda g\u00fcncelleme yetkisine sahiptir. Bunu yapt\u0131\u011f\u0131m\u0131zda, bu sayfan\u0131n alt\u0131ndaki g\u00fcncellenmi\u015f tarihi revize edece\u011fiz. Kullan\u0131c\u0131lar\u0131, toplad\u0131\u011f\u0131m\u0131z ki\u015fisel bilgileri nas\u0131l korudu\u011fumuz hakk\u0131nda bilgi sahibi olmak i\u00e7in bu sayfay\u0131 s\u0131k s\u0131k kontrol etmeye te\u015fvik ediyoruz. Bu gizlilik politikas\u0131n\u0131 periyodik olarak g\u00f6zden ge\u00e7irmenin ve de\u011fi\u015fikliklerden haberdar olman\u0131n sizin sorumlulu\u011funuzda oldu\u011funu kabul ve beyan edersiniz.<\/p>\n\n\n\n<p><strong>Bu \u015fartlar\u0131 kabul etmeniz<\/strong><\/p>\n\n\n\n<p>Bu Siteyi kullanarak, bu politikay\u0131 kabul etti\u011finizi belirtmi\u015f olursunuz. Bu politikay\u0131 kabul etmiyorsan\u0131z, l\u00fctfen sitemizi kullanmay\u0131n. Bu politikadaki de\u011fi\u015fikliklerin yay\u0131nlanmas\u0131n\u0131n ard\u0131ndan sitenin s\u00fcrekli kullan\u0131m\u0131, bu de\u011fi\u015fiklikleri kabul etti\u011finiz anlam\u0131na gelecektir.<\/p>\n\n\n\n<p><strong>Bize ula\u015f\u0131n<\/strong><\/p>\n\n\n\n<p>Bu Gizlilik Politikas\u0131, bu sitenin uygulamalar\u0131 veya bu siteyle olan etkile\u015fimleriniz hakk\u0131nda herhangi bir sorunuz varsa, l\u00fctfen info@planyard.com adresinden bizimle ileti\u015fime ge\u00e7in.<br><\/p>\n","protected":false},"excerpt":{"rendered":"<p>Bu Gizlilik Politikas\u0131, Planyard&#8217;\u0131n planyard.com, central.planyard.com ve app.planyard.com web sitelerinin (\u201cSite\u201d) kullan\u0131c\u0131lar\u0131ndan (her biri \u201cKullan\u0131c\u0131\u201d) toplad\u0131\u011f\u0131 bilgileri nas\u0131l toplad\u0131\u011f\u0131n\u0131, kulland\u0131\u011f\u0131n\u0131, saklad\u0131\u011f\u0131n\u0131 ve if\u015fa etti\u011fini d\u00fczenler. Bu gizlilik politikas\u0131, Site ve Planyard taraf\u0131ndan sunulan t\u00fcm \u00fcr\u00fcn ve hizmetler i\u00e7in ge\u00e7erlidir. Ki\u015fisel tan\u0131mlama bilgileri Kullan\u0131c\u0131lardan \u00e7e\u015fitli yollarla ki\u015fisel tan\u0131mlama bilgileri toplayabiliriz; bunlar aras\u0131nda, Kullan\u0131c\u0131lar sitemizi ziyaret etti\u011finde,&#8230;  <a class=\"excerpt-read-more\" href=\"https:\/\/planyard.com\/tr\/gizlilik-politikasi\" title=\"Okuyun  Gizlilik Politikas\u0131\">Daha fazla oku &#8220;<\/a><\/p>\n","protected":false},"author":2,"featured_media":0,"parent":0,"menu_order":0,"comment_status":"closed","ping_status":"closed","template":"","meta":{"_acf_changed":false,"content-type":"","footnotes":""},"page_intent":[186],"page_type":[],"class_list":["post-14508","page","type-page","status-publish","hentry"],"acf":[],"yoast_head":"<!-- This site is optimized with the Yoast SEO plugin v27.1.1 - https:\/\/yoast.com\/product\/yoast-seo-wordpress\/ -->\n<title>Gizlilik Politikas\u0131 - Planyard T\u00fcrkiye<\/title>\n<meta name=\"description\" content=\"Planyard, bir M\u00fc\u015fteri veya Kullan\u0131c\u0131 taraf\u0131ndan Hizmet arac\u0131l\u0131\u011f\u0131yla saklanan veya i\u015flenen herhangi bir M\u00fc\u015fteri Verisinin kullan\u0131m\u0131n\u0131 y\u00f6netmez, kontrol etmez veya y\u00f6nlendirmez.\" \/>\n<meta name=\"robots\" content=\"index, follow, max-snippet:-1, max-image-preview:large, max-video-preview:-1\" \/>\n<link rel=\"canonical\" href=\"https:\/\/planyard.com\/tr\/gizlilik-politikasi\" \/>\n<meta property=\"og:locale\" content=\"tr_TR\" \/>\n<meta property=\"og:type\" content=\"article\" \/>\n<meta property=\"og:title\" content=\"Gizlilik Politikas\u0131 - Planyard T\u00fcrkiye\" \/>\n<meta property=\"og:description\" content=\"Planyard, bir M\u00fc\u015fteri veya Kullan\u0131c\u0131 taraf\u0131ndan Hizmet arac\u0131l\u0131\u011f\u0131yla saklanan veya i\u015flenen herhangi bir M\u00fc\u015fteri Verisinin kullan\u0131m\u0131n\u0131 y\u00f6netmez, kontrol etmez veya y\u00f6nlendirmez.\" \/>\n<meta property=\"og:url\" content=\"https:\/\/planyard.com\/tr\/gizlilik-politikasi\" \/>\n<meta property=\"og:site_name\" content=\"Planyard T\u00fcrkiye\" \/>\n<meta property=\"article:modified_time\" content=\"2025-05-19T19:40:06+00:00\" \/>\n<meta name=\"twitter:card\" content=\"summary_large_image\" \/>\n<meta name=\"twitter:label1\" content=\"Tahmini okuma s\u00fcresi\" \/>\n\t<meta name=\"twitter:data1\" content=\"4 dakika\" \/>\n<!-- \/ Yoast SEO plugin. -->","yoast_head_json":{"title":"Gizlilik Politikas\u0131 - Planyard T\u00fcrkiye","description":"Planyard, bir M\u00fc\u015fteri veya Kullan\u0131c\u0131 taraf\u0131ndan Hizmet arac\u0131l\u0131\u011f\u0131yla saklanan veya i\u015flenen herhangi bir M\u00fc\u015fteri Verisinin kullan\u0131m\u0131n\u0131 y\u00f6netmez, kontrol etmez veya y\u00f6nlendirmez.","robots":{"index":"index","follow":"follow","max-snippet":"max-snippet:-1","max-image-preview":"max-image-preview:large","max-video-preview":"max-video-preview:-1"},"canonical":"https:\/\/planyard.com\/tr\/gizlilik-politikasi","og_locale":"tr_TR","og_type":"article","og_title":"Gizlilik Politikas\u0131 - Planyard T\u00fcrkiye","og_description":"Planyard, bir M\u00fc\u015fteri veya Kullan\u0131c\u0131 taraf\u0131ndan Hizmet arac\u0131l\u0131\u011f\u0131yla saklanan veya i\u015flenen herhangi bir M\u00fc\u015fteri Verisinin kullan\u0131m\u0131n\u0131 y\u00f6netmez, kontrol etmez veya y\u00f6nlendirmez.","og_url":"https:\/\/planyard.com\/tr\/gizlilik-politikasi","og_site_name":"Planyard T\u00fcrkiye","article_modified_time":"2025-05-19T19:40:06+00:00","twitter_card":"summary_large_image","twitter_misc":{"Tahmini okuma s\u00fcresi":"4 dakika"},"schema":{"@context":"https:\/\/schema.org","@graph":[{"@type":"WebPage","@id":"https:\/\/planyard.com\/tr\/gizlilik-politikasi","url":"https:\/\/planyard.com\/tr\/gizlilik-politikasi","name":"Gizlilik Politikas\u0131 - Planyard T\u00fcrkiye","isPartOf":{"@id":"https:\/\/planyard.com\/tr#website"},"datePublished":"2024-08-26T07:14:20+00:00","dateModified":"2025-05-19T19:40:06+00:00","description":"Planyard, bir M\u00fc\u015fteri veya Kullan\u0131c\u0131 taraf\u0131ndan Hizmet arac\u0131l\u0131\u011f\u0131yla saklanan veya i\u015flenen herhangi bir M\u00fc\u015fteri Verisinin kullan\u0131m\u0131n\u0131 y\u00f6netmez, kontrol etmez veya y\u00f6nlendirmez.","breadcrumb":{"@id":"https:\/\/planyard.com\/tr\/gizlilik-politikasi#breadcrumb"},"inLanguage":"tr","potentialAction":[{"@type":"ReadAction","target":["https:\/\/planyard.com\/tr\/gizlilik-politikasi"]}]},{"@type":"BreadcrumbList","@id":"https:\/\/planyard.com\/tr\/gizlilik-politikasi#breadcrumb","itemListElement":[{"@type":"ListItem","position":1,"name":"Home","item":"https:\/\/planyard.com\/tr"},{"@type":"ListItem","position":2,"name":"Gizlilik Politikas\u0131"}]},{"@type":"WebSite","@id":"https:\/\/planyard.com\/tr#website","url":"https:\/\/planyard.com\/tr","name":"Planyard T\u00fcrkiye","description":"","potentialAction":[{"@type":"SearchAction","target":{"@type":"EntryPoint","urlTemplate":"https:\/\/planyard.com\/tr?s={search_term_string}"},"query-input":{"@type":"PropertyValueSpecification","valueRequired":true,"valueName":"search_term_string"}}],"inLanguage":"tr"}]}},"_links":{"self":[{"href":"https:\/\/planyard.com\/tr\/wp-json\/wp\/v2\/pages\/14508","targetHints":{"allow":["GET"]}}],"collection":[{"href":"https:\/\/planyard.com\/tr\/wp-json\/wp\/v2\/pages"}],"about":[{"href":"https:\/\/planyard.com\/tr\/wp-json\/wp\/v2\/types\/page"}],"author":[{"embeddable":true,"href":"https:\/\/planyard.com\/tr\/wp-json\/wp\/v2\/users\/2"}],"replies":[{"embeddable":true,"href":"https:\/\/planyard.com\/tr\/wp-json\/wp\/v2\/comments?post=14508"}],"version-history":[{"count":2,"href":"https:\/\/planyard.com\/tr\/wp-json\/wp\/v2\/pages\/14508\/revisions"}],"predecessor-version":[{"id":16561,"href":"https:\/\/planyard.com\/tr\/wp-json\/wp\/v2\/pages\/14508\/revisions\/16561"}],"wp:attachment":[{"href":"https:\/\/planyard.com\/tr\/wp-json\/wp\/v2\/media?parent=14508"}],"wp:term":[{"taxonomy":"page_intent","embeddable":true,"href":"https:\/\/planyard.com\/tr\/wp-json\/wp\/v2\/page_intent?post=14508"},{"taxonomy":"page_type","embeddable":true,"href":"https:\/\/planyard.com\/tr\/wp-json\/wp\/v2\/page_type?post=14508"}],"curies":[{"name":"wp","href":"https:\/\/api.w.org\/{rel}","templated":true}]}}