{"id":14507,"date":"2024-08-03T08:25:53","date_gmt":"2024-08-03T08:25:53","guid":{"rendered":"https:\/\/planyard.com\/pricing"},"modified":"2025-08-07T09:11:31","modified_gmt":"2025-08-07T09:11:31","slug":"fiyatlandirma","status":"publish","type":"page","link":"https:\/\/planyard.com\/tr\/fiyatlandirma","title":{"rendered":"Fiyatland\u0131rma"},"content":{"rendered":"","protected":false},"excerpt":{"rendered":"","protected":false},"author":1,"featured_media":0,"parent":0,"menu_order":0,"comment_status":"closed","ping_status":"closed","template":"","meta":{"_acf_changed":false,"content-type":"","footnotes":""},"page_intent":[156],"page_type":[],"class_list":["post-14507","page","type-page","status-publish","hentry"],"acf":[],"yoast_head":"<!-- This site is optimized with the Yoast SEO plugin v26.9 - https:\/\/yoast.com\/product\/yoast-seo-wordpress\/ -->\n<title>Fiyatland\u0131rma - Planyard T\u00fcrkiye \u0130n\u015faat Yaz\u0131l\u0131m\u0131<\/title>\n<meta name=\"description\" content=\"Planyard fiyatland\u0131rmas\u0131, genel ve daha k\u00fc\u00e7\u00fck, h\u0131rsl\u0131 y\u00fckleniciler i\u00e7indir. \u0130htiya\u00e7lar\u0131n\u0131za uygun fiyatland\u0131rmay\u0131 bulun veya \u00f6zel fiyatland\u0131rma i\u00e7in bizimle ileti\u015fime ge\u00e7in.\" \/>\n<meta name=\"robots\" content=\"index, follow, max-snippet:-1, max-image-preview:large, max-video-preview:-1\" \/>\n<link rel=\"canonical\" href=\"https:\/\/planyard.com\/tr\/fiyatlandirma\" \/>\n<meta property=\"og:locale\" content=\"tr_TR\" \/>\n<meta property=\"og:type\" content=\"article\" \/>\n<meta property=\"og:title\" content=\"Fiyatland\u0131rma - Planyard T\u00fcrkiye \u0130n\u015faat Yaz\u0131l\u0131m\u0131\" \/>\n<meta property=\"og:description\" content=\"Planyard fiyatland\u0131rmas\u0131, genel ve daha k\u00fc\u00e7\u00fck, h\u0131rsl\u0131 y\u00fckleniciler i\u00e7indir. \u0130htiya\u00e7lar\u0131n\u0131za uygun fiyatland\u0131rmay\u0131 bulun veya \u00f6zel fiyatland\u0131rma i\u00e7in bizimle ileti\u015fime ge\u00e7in.\" \/>\n<meta property=\"og:url\" content=\"https:\/\/planyard.com\/tr\/fiyatlandirma\" \/>\n<meta property=\"og:site_name\" content=\"Planyard T\u00fcrkiye\" \/>\n<meta property=\"article:modified_time\" content=\"2025-08-07T09:11:31+00:00\" \/>\n<meta name=\"twitter:card\" content=\"summary_large_image\" \/>\n<!-- \/ Yoast SEO plugin. -->","yoast_head_json":{"title":"Fiyatland\u0131rma - Planyard T\u00fcrkiye \u0130n\u015faat Yaz\u0131l\u0131m\u0131","description":"Planyard fiyatland\u0131rmas\u0131, genel ve daha k\u00fc\u00e7\u00fck, h\u0131rsl\u0131 y\u00fckleniciler i\u00e7indir. \u0130htiya\u00e7lar\u0131n\u0131za uygun fiyatland\u0131rmay\u0131 bulun veya \u00f6zel fiyatland\u0131rma i\u00e7in bizimle ileti\u015fime ge\u00e7in.","robots":{"index":"index","follow":"follow","max-snippet":"max-snippet:-1","max-image-preview":"max-image-preview:large","max-video-preview":"max-video-preview:-1"},"canonical":"https:\/\/planyard.com\/tr\/fiyatlandirma","og_locale":"tr_TR","og_type":"article","og_title":"Fiyatland\u0131rma - Planyard T\u00fcrkiye \u0130n\u015faat Yaz\u0131l\u0131m\u0131","og_description":"Planyard fiyatland\u0131rmas\u0131, genel ve daha k\u00fc\u00e7\u00fck, h\u0131rsl\u0131 y\u00fckleniciler i\u00e7indir. \u0130htiya\u00e7lar\u0131n\u0131za uygun fiyatland\u0131rmay\u0131 bulun veya \u00f6zel fiyatland\u0131rma i\u00e7in bizimle ileti\u015fime ge\u00e7in.","og_url":"https:\/\/planyard.com\/tr\/fiyatlandirma","og_site_name":"Planyard T\u00fcrkiye","article_modified_time":"2025-08-07T09:11:31+00:00","twitter_card":"summary_large_image","schema":{"@context":"https:\/\/schema.org","@graph":[{"@type":"WebPage","@id":"https:\/\/planyard.com\/tr\/fiyatlandirma","url":"https:\/\/planyard.com\/tr\/fiyatlandirma","name":"Fiyatland\u0131rma - Planyard T\u00fcrkiye \u0130n\u015faat Yaz\u0131l\u0131m\u0131","isPartOf":{"@id":"https:\/\/planyard.com\/tr#website"},"datePublished":"2024-08-03T08:25:53+00:00","dateModified":"2025-08-07T09:11:31+00:00","description":"Planyard fiyatland\u0131rmas\u0131, genel ve daha k\u00fc\u00e7\u00fck, h\u0131rsl\u0131 y\u00fckleniciler i\u00e7indir. \u0130htiya\u00e7lar\u0131n\u0131za uygun fiyatland\u0131rmay\u0131 bulun veya \u00f6zel fiyatland\u0131rma i\u00e7in bizimle ileti\u015fime ge\u00e7in.","breadcrumb":{"@id":"https:\/\/planyard.com\/tr\/fiyatlandirma#breadcrumb"},"inLanguage":"tr","potentialAction":[{"@type":"ReadAction","target":["https:\/\/planyard.com\/tr\/fiyatlandirma"]}]},{"@type":"BreadcrumbList","@id":"https:\/\/planyard.com\/tr\/fiyatlandirma#breadcrumb","itemListElement":[{"@type":"ListItem","position":1,"name":"Home","item":"https:\/\/planyard.com\/tr"},{"@type":"ListItem","position":2,"name":"Fiyatland\u0131rma"}]},{"@type":"WebSite","@id":"https:\/\/planyard.com\/tr#website","url":"https:\/\/planyard.com\/tr","name":"Planyard T\u00fcrkiye","description":"","potentialAction":[{"@type":"SearchAction","target":{"@type":"EntryPoint","urlTemplate":"https:\/\/planyard.com\/tr?s={search_term_string}"},"query-input":{"@type":"PropertyValueSpecification","valueRequired":true,"valueName":"search_term_string"}}],"inLanguage":"tr"}]}},"_links":{"self":[{"href":"https:\/\/planyard.com\/tr\/wp-json\/wp\/v2\/pages\/14507","targetHints":{"allow":["GET"]}}],"collection":[{"href":"https:\/\/planyard.com\/tr\/wp-json\/wp\/v2\/pages"}],"about":[{"href":"https:\/\/planyard.com\/tr\/wp-json\/wp\/v2\/types\/page"}],"author":[{"embeddable":true,"href":"https:\/\/planyard.com\/tr\/wp-json\/wp\/v2\/users\/1"}],"replies":[{"embeddable":true,"href":"https:\/\/planyard.com\/tr\/wp-json\/wp\/v2\/comments?post=14507"}],"version-history":[{"count":3,"href":"https:\/\/planyard.com\/tr\/wp-json\/wp\/v2\/pages\/14507\/revisions"}],"predecessor-version":[{"id":17239,"href":"https:\/\/planyard.com\/tr\/wp-json\/wp\/v2\/pages\/14507\/revisions\/17239"}],"wp:attachment":[{"href":"https:\/\/planyard.com\/tr\/wp-json\/wp\/v2\/media?parent=14507"}],"wp:term":[{"taxonomy":"page_intent","embeddable":true,"href":"https:\/\/planyard.com\/tr\/wp-json\/wp\/v2\/page_intent?post=14507"},{"taxonomy":"page_type","embeddable":true,"href":"https:\/\/planyard.com\/tr\/wp-json\/wp\/v2\/page_type?post=14507"}],"curies":[{"name":"wp","href":"https:\/\/api.w.org\/{rel}","templated":true}]}}