{"id":14504,"date":"2025-04-03T10:21:32","date_gmt":"2025-04-03T10:21:32","guid":{"rendered":"https:\/\/planyard.com\/planyard-ultimate-functionality-training-videos"},"modified":"2025-05-19T19:38:18","modified_gmt":"2025-05-19T19:38:18","slug":"planyard-nihai-islevsellik-egitim-videolari","status":"publish","type":"page","link":"https:\/\/planyard.com\/tr\/planyard-nihai-islevsellik-egitim-videolari","title":{"rendered":"Planyard Nihai \u0130\u015flevsellik E\u011fitim Videolar\u0131"},"content":{"rendered":"\n<p>Planyard\u2019\u0131n Nihai Paketi\u2019ni ustal\u0131kla kullanmak i\u00e7in b\u00fct\u00e7e ve taahh\u00fct kontrol\u00fc, ta\u015feron sipari\u015fleri, tamamen otomatik \u00f6deme talepleri, sat\u0131n alma sipari\u015fleri, de\u011fi\u015fiklik emirleri (varyasyonlar), fatura y\u00f6netimi ve daha fazlas\u0131n\u0131 kapsayan, 3-5 dakikal\u0131k e\u011fitim videolar\u0131.<\/p>\n\n\n\n<h2 class=\"wp-block-heading\">Sat\u0131n Alma Sipari\u015fleri<\/h2>\n\n\n\n<p>Malzemeler i\u00e7in sat\u0131n alma sipari\u015flerini nas\u0131l olu\u015fturaca\u011f\u0131n\u0131z\u0131, b\u00fct\u00e7e taahh\u00fctlerini nas\u0131l takip edece\u011finizi, tahminleri ve CVR&#8217;lar\u0131 kolayca nas\u0131l g\u00fcncelleyece\u011finizi, \u00f6n \u00f6deme faturalar\u0131n\u0131 nas\u0131l y\u00f6netece\u011finizi, \u00f6deme \u00f6zetlerini nas\u0131l takip edece\u011finizi ve tedarik\u00e7i fazla faturaland\u0131rmas\u0131n\u0131 nas\u0131l \u00f6nleyece\u011finizi \u00f6\u011frenin.<\/p>\n\n\n\n<figure class=\"wp-block-embed is-type-video is-provider-youtube wp-block-embed-youtube wp-embed-aspect-16-9 wp-has-aspect-ratio\"><div class=\"wp-block-embed__wrapper\">\n<iframe loading=\"lazy\" title=\"See How Planyard Software Makes Construction Project Purchase Orders Easy\" width=\"500\" height=\"281\" src=\"https:\/\/www.youtube.com\/embed\/hlaGwY6-bhA?feature=oembed\" frameborder=\"0\" allow=\"accelerometer; autoplay; clipboard-write; encrypted-media; gyroscope; picture-in-picture; web-share\" referrerpolicy=\"strict-origin-when-cross-origin\" allowfullscreen><\/iframe>\n<\/div><\/figure>\n\n\n\n<h2 class=\"wp-block-heading\">Ta\u015feron Sipari\u015fleri<\/h2>\n\n\n\n<p>Ta\u015feron sipari\u015flerini nas\u0131l olu\u015fturaca\u011f\u0131n\u0131z\u0131, retansiyonlar\u0131 nas\u0131l y\u00f6netece\u011finizi, \u00f6n \u00f6demeleri nas\u0131l i\u015fleyece\u011finizi, de\u011fi\u015fiklik emirlerini (varyasyonlar) nas\u0131l i\u015fleyece\u011finizi ve \u00f6deme \u00f6zetlerini nas\u0131l takip edece\u011finizi \u00f6\u011frenin.<\/p>\n\n\n\n<figure class=\"wp-block-embed is-type-video is-provider-youtube wp-block-embed-youtube wp-embed-aspect-16-9 wp-has-aspect-ratio\"><div class=\"wp-block-embed__wrapper\">\n<iframe loading=\"lazy\" title=\"See How Planyard Software Makes Construction Project Subcontractor Orders Management Easy\" width=\"500\" height=\"281\" src=\"https:\/\/www.youtube.com\/embed\/Ijgum3S-EZQ?feature=oembed\" frameborder=\"0\" allow=\"accelerometer; autoplay; clipboard-write; encrypted-media; gyroscope; picture-in-picture; web-share\" referrerpolicy=\"strict-origin-when-cross-origin\" allowfullscreen><\/iframe>\n<\/div><\/figure>\n\n\n\n<h2 class=\"wp-block-heading\">Sat\u0131n Alma Faturalar\u0131n\u0131n \u0130\u015flenmesi<\/h2>\n\n\n\n<p>Sat\u0131n alma faturalar\u0131n\u0131 kolayca i\u015fleyin, b\u00fct\u00e7e kalemlerine atay\u0131n, muhasebe ile otomatik senkronize edin ve proje maliyetlerini ger\u00e7ek zamanl\u0131 olarak takip edin \u2014 t\u00fcm bunlar\u0131 tekrarlayan veri giri\u015fi olmadan yap\u0131n.<\/p>\n\n\n\n<figure class=\"wp-block-embed is-type-video is-provider-youtube wp-block-embed-youtube wp-embed-aspect-16-9 wp-has-aspect-ratio\"><div class=\"wp-block-embed__wrapper\">\n<iframe loading=\"lazy\" title=\"Invoices processing on Planyard\" width=\"500\" height=\"281\" src=\"https:\/\/www.youtube.com\/embed\/cgVamRjQk1I?feature=oembed\" frameborder=\"0\" allow=\"accelerometer; autoplay; clipboard-write; encrypted-media; gyroscope; picture-in-picture; web-share\" referrerpolicy=\"strict-origin-when-cross-origin\" allowfullscreen><\/iframe>\n<\/div><\/figure>\n\n\n\n<h2 class=\"wp-block-heading\">De\u011fi\u015fiklik Emirleri (Varyasyonlar)<\/h2>\n\n\n\n<p>M\u00fc\u015fteri de\u011fi\u015fiklik emirlerini ve ta\u015feron ile sat\u0131n alma sipari\u015fi varyasyonlar\u0131n\u0131 kolayca kaydedin. K\u00e2rl\u0131l\u0131\u011f\u0131 kontrol alt\u0131nda tutmak i\u00e7in her de\u011fi\u015fikli\u011fin finansal etkisini takip edin.<\/p>\n\n\n\n<figure class=\"wp-block-embed is-type-video is-provider-youtube wp-block-embed-youtube wp-embed-aspect-16-9 wp-has-aspect-ratio\"><div class=\"wp-block-embed__wrapper\">\n<iframe loading=\"lazy\" title=\"Construction change-orders (variations) management on Planyard software\" width=\"500\" height=\"281\" src=\"https:\/\/www.youtube.com\/embed\/6tACV4YQtas?feature=oembed\" frameborder=\"0\" allow=\"accelerometer; autoplay; clipboard-write; encrypted-media; gyroscope; picture-in-picture; web-share\" referrerpolicy=\"strict-origin-when-cross-origin\" allowfullscreen><\/iframe>\n<\/div><\/figure>\n\n\n\n<h2 class=\"wp-block-heading\">B\u00fct\u00e7e Kontrol\u00fc ve Tahminleme (CVR&#8217;lar)<\/h2>\n\n\n\n<p>Do\u011fru tahminler ve CVR raporlar\u0131 haz\u0131rlay\u0131n, gerekti\u011finde b\u00fct\u00e7eleri revize edin, faturalar\u0131 onaylay\u0131n ve b\u00fct\u00e7e sapmalar\u0131n\u0131 inceleyerek projenizin finansal sa\u011fl\u0131\u011f\u0131n\u0131 kontrol alt\u0131nda tutun. K\u00e2rl\u0131l\u0131k projeksiyonlar\u0131n\u0131 kolayca analiz edin.<\/p>\n\n\n\n<figure class=\"wp-block-embed is-type-video is-provider-youtube wp-block-embed-youtube wp-embed-aspect-16-9 wp-has-aspect-ratio\"><div class=\"wp-block-embed__wrapper\">\n<iframe loading=\"lazy\" title=\"Project cost control meeting how to video\" width=\"500\" height=\"281\" src=\"https:\/\/www.youtube.com\/embed\/oGkHgWPfIEo?feature=oembed\" frameborder=\"0\" allow=\"accelerometer; autoplay; clipboard-write; encrypted-media; gyroscope; picture-in-picture; web-share\" referrerpolicy=\"strict-origin-when-cross-origin\" allowfullscreen><\/iframe>\n<\/div><\/figure>\n\n\n\n<h2 class=\"wp-block-heading\">Ta\u015feron \u00d6deme Talepleri (De\u011ferlemeler, \u0130lerleme Talepleri)<\/h2>\n\n\n\n<p>Planyard, ta\u015feron \u00f6deme taleplerini\u2014ilerleme talepleri veya de\u011ferlemeler olarak da bilinir\u2014toplamay\u0131 kolayla\u015ft\u0131r\u0131r, proje y\u00f6neticileri, saha m\u00fchendisleri ve ta\u015feronlar i\u00e7in faturaland\u0131rmay\u0131 basit hale getirir.<\/p>\n\n\n\n<figure class=\"wp-block-embed is-type-video is-provider-youtube wp-block-embed-youtube wp-embed-aspect-16-9 wp-has-aspect-ratio\"><div class=\"wp-block-embed__wrapper\">\n<iframe loading=\"lazy\" title=\"Planyard Streamlines Collecting the Subcontractor Payment Applications (Valuations or Claims)\" width=\"500\" height=\"281\" src=\"https:\/\/www.youtube.com\/embed\/WxxW_wrdgBk?feature=oembed\" frameborder=\"0\" allow=\"accelerometer; autoplay; clipboard-write; encrypted-media; gyroscope; picture-in-picture; web-share\" referrerpolicy=\"strict-origin-when-cross-origin\" allowfullscreen><\/iframe>\n<\/div><\/figure>\n\n\n\n<h2 class=\"wp-block-heading\">M\u00fc\u015fteri Faturaland\u0131rma &amp; \u00d6deme Talepleri (De\u011ferlemeler)<\/h2>\n\n\n\n<p>M\u00fc\u015fteri de\u011ferleme program\u0131n\u0131 nas\u0131l y\u00f6netece\u011finizi, de\u011fi\u015fiklik emirlerini (varyasyonlar) nas\u0131l i\u015fleyece\u011finizi, \u00f6deme taleplerini nas\u0131l d\u00fczenleyece\u011finizi, \u00f6n \u00f6deme faturalar\u0131n\u0131 nas\u0131l i\u015fleyece\u011finizi, retansiyonlar\u0131 nas\u0131l takip edece\u011finizi ve sat\u0131\u015f faturalar\u0131n\u0131 nas\u0131l onaylayaca\u011f\u0131n\u0131z\u0131 \u00f6\u011frenin.<\/p>\n\n\n\n<figure class=\"wp-block-embed is-type-video is-provider-youtube wp-block-embed-youtube wp-embed-aspect-16-9 wp-has-aspect-ratio\"><div class=\"wp-block-embed__wrapper\">\n<iframe loading=\"lazy\" title=\"How the client billing process is made simple on Planyard construction software\" width=\"500\" height=\"281\" src=\"https:\/\/www.youtube.com\/embed\/wZ0vTYTJtFs?feature=oembed\" frameborder=\"0\" allow=\"accelerometer; autoplay; clipboard-write; encrypted-media; gyroscope; picture-in-picture; web-share\" referrerpolicy=\"strict-origin-when-cross-origin\" allowfullscreen><\/iframe>\n<\/div><\/figure>\n\n\n\n<h2 class=\"wp-block-heading\">Ta\u015feron RFQ&#8217;lar\u0131 &amp; Teklif Otomasyonu<\/h2>\n\n\n\n<p>Planyard, proje ekiplerinin ta\u015feronlara ve tedarik\u00e7ilere teklif talepleri g\u00f6ndermesini ve ard\u0131ndan t\u00fcm teklifleri merkezi bir teklif de\u011ferlendirme g\u00f6r\u00fcn\u00fcm\u00fcnde toplamas\u0131n\u0131 ve kar\u015f\u0131la\u015ft\u0131rmas\u0131n\u0131 kolayla\u015ft\u0131r\u0131r.<\/p>\n\n\n\n<figure class=\"wp-block-embed is-type-video is-provider-youtube wp-block-embed-youtube wp-embed-aspect-16-9 wp-has-aspect-ratio\"><div class=\"wp-block-embed__wrapper\">\n<iframe loading=\"lazy\" title=\"Planyard Subcontractor and Vendor Bidding and RFQ Process Introductory Video\" width=\"500\" height=\"281\" src=\"https:\/\/www.youtube.com\/embed\/QNehauOk34E?feature=oembed\" frameborder=\"0\" allow=\"accelerometer; autoplay; clipboard-write; encrypted-media; gyroscope; picture-in-picture; web-share\" referrerpolicy=\"strict-origin-when-cross-origin\" allowfullscreen><\/iframe>\n<\/div><\/figure>\n","protected":false},"excerpt":{"rendered":"<p>Planyard\u2019\u0131n Nihai Paketi\u2019ni ustal\u0131kla kullanmak i\u00e7in b\u00fct\u00e7e ve taahh\u00fct kontrol\u00fc, ta\u015feron sipari\u015fleri, tamamen otomatik \u00f6deme talepleri, sat\u0131n alma sipari\u015fleri, de\u011fi\u015fiklik emirleri (varyasyonlar), fatura y\u00f6netimi ve daha fazlas\u0131n\u0131 kapsayan, 3-5 dakikal\u0131k e\u011fitim videolar\u0131. Sat\u0131n Alma Sipari\u015fleri Malzemeler i\u00e7in sat\u0131n alma sipari\u015flerini nas\u0131l olu\u015fturaca\u011f\u0131n\u0131z\u0131, b\u00fct\u00e7e taahh\u00fctlerini nas\u0131l takip edece\u011finizi, tahminleri ve CVR&#8217;lar\u0131 kolayca nas\u0131l g\u00fcncelleyece\u011finizi, \u00f6n \u00f6deme&#8230;  <a class=\"excerpt-read-more\" href=\"https:\/\/planyard.com\/tr\/planyard-nihai-islevsellik-egitim-videolari\" title=\"Okuyun  Planyard Nihai \u0130\u015flevsellik E\u011fitim Videolar\u0131\">Daha fazla oku &#8220;<\/a><\/p>\n","protected":false},"author":4,"featured_media":0,"parent":0,"menu_order":0,"comment_status":"closed","ping_status":"closed","template":"page-smallheader.php","meta":{"_acf_changed":false,"content-type":"","footnotes":""},"page_intent":[],"page_type":[],"class_list":["post-14504","page","type-page","status-publish","hentry"],"acf":[],"yoast_head":"<!-- This site is optimized with the Yoast SEO plugin v27.1.1 - https:\/\/yoast.com\/product\/yoast-seo-wordpress\/ -->\n<title>Planyard Nihai \u2013 Tam \u0130n\u015faat Maliyet Kontrol\u00fc i\u00e7in E\u011fitim<\/title>\n<meta name=\"description\" content=\"Proje y\u00f6neticileri ve metraj m\u00fchendisleri i\u00e7in Planyard\u2019\u0131n Nihai Paketi\u2019ni ustal\u0131kla kullanmak i\u00e7in 3-5 dakikal\u0131k e\u011fitim videolar\u0131\u2014ta\u015feron faturaland\u0131rma, b\u00fct\u00e7eler, sat\u0131n alma sipari\u015fleri ve daha fazlas\u0131.\" \/>\n<meta name=\"robots\" content=\"index, follow, max-snippet:-1, max-image-preview:large, max-video-preview:-1\" \/>\n<link rel=\"canonical\" href=\"https:\/\/planyard.com\/tr\/planyard-nihai-islevsellik-egitim-videolari\" \/>\n<meta property=\"og:locale\" content=\"tr_TR\" \/>\n<meta property=\"og:type\" content=\"article\" \/>\n<meta property=\"og:title\" content=\"Planyard Nihai \u2013 Tam \u0130n\u015faat Maliyet Kontrol\u00fc i\u00e7in E\u011fitim\" \/>\n<meta property=\"og:description\" content=\"Proje y\u00f6neticileri ve metraj m\u00fchendisleri i\u00e7in Planyard\u2019\u0131n Nihai Paketi\u2019ni ustal\u0131kla kullanmak i\u00e7in 3-5 dakikal\u0131k e\u011fitim videolar\u0131\u2014ta\u015feron faturaland\u0131rma, b\u00fct\u00e7eler, sat\u0131n alma sipari\u015fleri ve daha fazlas\u0131.\" \/>\n<meta property=\"og:url\" content=\"https:\/\/planyard.com\/tr\/planyard-nihai-islevsellik-egitim-videolari\" \/>\n<meta property=\"og:site_name\" content=\"Planyard T\u00fcrkiye\" \/>\n<meta property=\"article:modified_time\" content=\"2025-05-19T19:38:18+00:00\" \/>\n<meta name=\"twitter:card\" content=\"summary_large_image\" \/>\n<meta name=\"twitter:label1\" content=\"Tahmini okuma s\u00fcresi\" \/>\n\t<meta name=\"twitter:data1\" content=\"2 dakika\" \/>\n<!-- \/ Yoast SEO plugin. -->","yoast_head_json":{"title":"Planyard Nihai \u2013 Tam \u0130n\u015faat Maliyet Kontrol\u00fc i\u00e7in E\u011fitim","description":"Proje y\u00f6neticileri ve metraj m\u00fchendisleri i\u00e7in Planyard\u2019\u0131n Nihai Paketi\u2019ni ustal\u0131kla kullanmak i\u00e7in 3-5 dakikal\u0131k e\u011fitim videolar\u0131\u2014ta\u015feron faturaland\u0131rma, b\u00fct\u00e7eler, sat\u0131n alma sipari\u015fleri ve daha fazlas\u0131.","robots":{"index":"index","follow":"follow","max-snippet":"max-snippet:-1","max-image-preview":"max-image-preview:large","max-video-preview":"max-video-preview:-1"},"canonical":"https:\/\/planyard.com\/tr\/planyard-nihai-islevsellik-egitim-videolari","og_locale":"tr_TR","og_type":"article","og_title":"Planyard Nihai \u2013 Tam \u0130n\u015faat Maliyet Kontrol\u00fc i\u00e7in E\u011fitim","og_description":"Proje y\u00f6neticileri ve metraj m\u00fchendisleri i\u00e7in Planyard\u2019\u0131n Nihai Paketi\u2019ni ustal\u0131kla kullanmak i\u00e7in 3-5 dakikal\u0131k e\u011fitim videolar\u0131\u2014ta\u015feron faturaland\u0131rma, b\u00fct\u00e7eler, sat\u0131n alma sipari\u015fleri ve daha fazlas\u0131.","og_url":"https:\/\/planyard.com\/tr\/planyard-nihai-islevsellik-egitim-videolari","og_site_name":"Planyard T\u00fcrkiye","article_modified_time":"2025-05-19T19:38:18+00:00","twitter_card":"summary_large_image","twitter_misc":{"Tahmini okuma s\u00fcresi":"2 dakika"},"schema":{"@context":"https:\/\/schema.org","@graph":[{"@type":"WebPage","@id":"https:\/\/planyard.com\/tr\/planyard-nihai-islevsellik-egitim-videolari","url":"https:\/\/planyard.com\/tr\/planyard-nihai-islevsellik-egitim-videolari","name":"Planyard Nihai \u2013 Tam \u0130n\u015faat Maliyet Kontrol\u00fc i\u00e7in E\u011fitim","isPartOf":{"@id":"https:\/\/planyard.com\/tr#website"},"datePublished":"2025-04-03T10:21:32+00:00","dateModified":"2025-05-19T19:38:18+00:00","description":"Proje y\u00f6neticileri ve metraj m\u00fchendisleri i\u00e7in Planyard\u2019\u0131n Nihai Paketi\u2019ni ustal\u0131kla kullanmak i\u00e7in 3-5 dakikal\u0131k e\u011fitim videolar\u0131\u2014ta\u015feron faturaland\u0131rma, b\u00fct\u00e7eler, sat\u0131n alma sipari\u015fleri ve daha fazlas\u0131.","breadcrumb":{"@id":"https:\/\/planyard.com\/tr\/planyard-nihai-islevsellik-egitim-videolari#breadcrumb"},"inLanguage":"tr","potentialAction":[{"@type":"ReadAction","target":["https:\/\/planyard.com\/tr\/planyard-nihai-islevsellik-egitim-videolari"]}]},{"@type":"BreadcrumbList","@id":"https:\/\/planyard.com\/tr\/planyard-nihai-islevsellik-egitim-videolari#breadcrumb","itemListElement":[{"@type":"ListItem","position":1,"name":"Home","item":"https:\/\/planyard.com\/tr"},{"@type":"ListItem","position":2,"name":"Planyard Nihai \u0130\u015flevsellik E\u011fitim Videolar\u0131"}]},{"@type":"WebSite","@id":"https:\/\/planyard.com\/tr#website","url":"https:\/\/planyard.com\/tr","name":"Planyard T\u00fcrkiye","description":"","potentialAction":[{"@type":"SearchAction","target":{"@type":"EntryPoint","urlTemplate":"https:\/\/planyard.com\/tr?s={search_term_string}"},"query-input":{"@type":"PropertyValueSpecification","valueRequired":true,"valueName":"search_term_string"}}],"inLanguage":"tr"}]}},"_links":{"self":[{"href":"https:\/\/planyard.com\/tr\/wp-json\/wp\/v2\/pages\/14504","targetHints":{"allow":["GET"]}}],"collection":[{"href":"https:\/\/planyard.com\/tr\/wp-json\/wp\/v2\/pages"}],"about":[{"href":"https:\/\/planyard.com\/tr\/wp-json\/wp\/v2\/types\/page"}],"author":[{"embeddable":true,"href":"https:\/\/planyard.com\/tr\/wp-json\/wp\/v2\/users\/4"}],"replies":[{"embeddable":true,"href":"https:\/\/planyard.com\/tr\/wp-json\/wp\/v2\/comments?post=14504"}],"version-history":[{"count":2,"href":"https:\/\/planyard.com\/tr\/wp-json\/wp\/v2\/pages\/14504\/revisions"}],"predecessor-version":[{"id":16548,"href":"https:\/\/planyard.com\/tr\/wp-json\/wp\/v2\/pages\/14504\/revisions\/16548"}],"wp:attachment":[{"href":"https:\/\/planyard.com\/tr\/wp-json\/wp\/v2\/media?parent=14504"}],"wp:term":[{"taxonomy":"page_intent","embeddable":true,"href":"https:\/\/planyard.com\/tr\/wp-json\/wp\/v2\/page_intent?post=14504"},{"taxonomy":"page_type","embeddable":true,"href":"https:\/\/planyard.com\/tr\/wp-json\/wp\/v2\/page_type?post=14504"}],"curies":[{"name":"wp","href":"https:\/\/api.w.org\/{rel}","templated":true}]}}