{"id":14502,"date":"2025-04-03T10:02:17","date_gmt":"2025-04-03T10:02:17","guid":{"rendered":"https:\/\/planyard.com\/planyard-professional-functionality-training-videos"},"modified":"2025-05-19T19:36:54","modified_gmt":"2025-05-19T19:36:54","slug":"planyard-profesyonel-islevsellik-egitim-videolari","status":"publish","type":"page","link":"https:\/\/planyard.com\/tr\/planyard-profesyonel-islevsellik-egitim-videolari","title":{"rendered":"Planyard Profesyonel \u0130\u015flevsellik E\u011fitim Videolar\u0131"},"content":{"rendered":"\n<p>B\u00fct\u00e7e kontrol\u00fc, sat\u0131n alma sipari\u015fleri, de\u011fi\u015fiklik emirleri, fatura y\u00f6netimi ve daha fazlas\u0131n\u0131 kapsayan Planyard&#8217;\u0131n Profesyonel Paketi&#8217;ni ustal\u0131kla kullanmak i\u00e7in 3-5 dakikal\u0131k e\u011fitim videolar\u0131.<\/p>\n\n\n\n<h2 class=\"wp-block-heading\">Sat\u0131n Alma Sipari\u015fleri<\/h2>\n\n\n\n<p>Malzemeler i\u00e7in sat\u0131n alma sipari\u015flerinin nas\u0131l olu\u015fturulaca\u011f\u0131n\u0131, b\u00fct\u00e7e taahh\u00fctlerini nas\u0131l takip edece\u011finizi, tahminleri ve CVR&#8217;leri kolayca nas\u0131l g\u00fcncelleyece\u011finizi, \u00f6n \u00f6deme faturalar\u0131n\u0131 nas\u0131l y\u00f6netece\u011finizi, \u00f6deme \u00f6zetlerini nas\u0131l takip edece\u011finizi ve tedarik\u00e7i fazla faturaland\u0131rmas\u0131n\u0131 nas\u0131l \u00f6nleyece\u011finizi \u00f6\u011frenin.<\/p>\n\n\n\n<figure class=\"wp-block-embed is-type-video is-provider-youtube wp-block-embed-youtube wp-embed-aspect-16-9 wp-has-aspect-ratio\"><div class=\"wp-block-embed__wrapper\">\n<iframe loading=\"lazy\" title=\"See How Planyard Software Makes Construction Project Purchase Orders Easy\" width=\"500\" height=\"281\" src=\"https:\/\/www.youtube.com\/embed\/hlaGwY6-bhA?feature=oembed\" frameborder=\"0\" allow=\"accelerometer; autoplay; clipboard-write; encrypted-media; gyroscope; picture-in-picture; web-share\" referrerpolicy=\"strict-origin-when-cross-origin\" allowfullscreen><\/iframe>\n<\/div><\/figure>\n\n\n\n<h2 class=\"wp-block-heading\">Sat\u0131n Alma Faturalar\u0131n\u0131n \u0130\u015flenmesi<\/h2>\n\n\n\n<p>Sat\u0131n alma faturalar\u0131n\u0131 kolayca i\u015fleyin, b\u00fct\u00e7e kalemlerine atay\u0131n, muhasebe ile otomatik senkronize edin ve proje maliyetlerini ger\u00e7ek zamanl\u0131 olarak takip edin \u2014 t\u00fcm bunlar\u0131 tekrarlayan veri giri\u015fi olmadan yap\u0131n.<\/p>\n\n\n\n<figure class=\"wp-block-embed is-type-video is-provider-youtube wp-block-embed-youtube wp-embed-aspect-16-9 wp-has-aspect-ratio\"><div class=\"wp-block-embed__wrapper\">\n<iframe loading=\"lazy\" title=\"Invoices processing on Planyard\" width=\"500\" height=\"281\" src=\"https:\/\/www.youtube.com\/embed\/cgVamRjQk1I?feature=oembed\" frameborder=\"0\" allow=\"accelerometer; autoplay; clipboard-write; encrypted-media; gyroscope; picture-in-picture; web-share\" referrerpolicy=\"strict-origin-when-cross-origin\" allowfullscreen><\/iframe>\n<\/div><\/figure>\n\n\n\n<h2 class=\"wp-block-heading\">De\u011fi\u015fiklik Emirleri (Varyasyonlar)<\/h2>\n\n\n\n<p>M\u00fc\u015fteri de\u011fi\u015fiklik emirlerini ve alt y\u00fcklenici ve sat\u0131n alma sipari\u015fi varyasyonlar\u0131n\u0131 kolayca kaydedin. K\u00e2rl\u0131l\u0131\u011f\u0131 takip etmek i\u00e7in her de\u011fi\u015fikli\u011fin finansal etkisini izleyin.<\/p>\n\n\n\n<figure class=\"wp-block-embed is-type-video is-provider-youtube wp-block-embed-youtube wp-embed-aspect-16-9 wp-has-aspect-ratio\"><div class=\"wp-block-embed__wrapper\">\n<iframe loading=\"lazy\" title=\"Construction change-orders (variations) management on Planyard software\" width=\"500\" height=\"281\" src=\"https:\/\/www.youtube.com\/embed\/6tACV4YQtas?feature=oembed\" frameborder=\"0\" allow=\"accelerometer; autoplay; clipboard-write; encrypted-media; gyroscope; picture-in-picture; web-share\" referrerpolicy=\"strict-origin-when-cross-origin\" allowfullscreen><\/iframe>\n<\/div><\/figure>\n\n\n\n<h2 class=\"wp-block-heading\">B\u00fct\u00e7e Kontrol\u00fc ve Tahminleme (CVR&#8217;ler)<\/h2>\n\n\n\n<p>Do\u011fru tahminler ve CVR raporlar\u0131 haz\u0131rlay\u0131n, gerekti\u011finde b\u00fct\u00e7eleri revize edin, faturalar\u0131 onaylay\u0131n ve b\u00fct\u00e7e sapmalar\u0131n\u0131 g\u00f6zden ge\u00e7irerek projenizin finansal sa\u011fl\u0131\u011f\u0131n\u0131 kontrol alt\u0131nda tutun. K\u00e2rl\u0131l\u0131k projeksiyonlar\u0131n\u0131 kolayca analiz edin.<\/p>\n\n\n\n<figure class=\"wp-block-embed is-type-video is-provider-youtube wp-block-embed-youtube wp-embed-aspect-16-9 wp-has-aspect-ratio\"><div class=\"wp-block-embed__wrapper\">\n<iframe loading=\"lazy\" title=\"Project cost control meeting how to video\" width=\"500\" height=\"281\" src=\"https:\/\/www.youtube.com\/embed\/oGkHgWPfIEo?feature=oembed\" frameborder=\"0\" allow=\"accelerometer; autoplay; clipboard-write; encrypted-media; gyroscope; picture-in-picture; web-share\" referrerpolicy=\"strict-origin-when-cross-origin\" allowfullscreen><\/iframe>\n<\/div><\/figure>\n\n\n\n<h2 class=\"wp-block-heading\">M\u00fc\u015fteri Faturaland\u0131rma &amp; \u00d6deme Ba\u015fvurular\u0131 (De\u011ferlemeler)<\/h2>\n\n\n\n<p>M\u00fc\u015fteri de\u011ferleme program\u0131n\u0131 nas\u0131l y\u00f6netece\u011finizi, de\u011fi\u015fiklik emirlerini (varyasyonlar) nas\u0131l i\u015fleyece\u011finizi, \u00f6deme ba\u015fvurular\u0131n\u0131 nas\u0131l yapaca\u011f\u0131n\u0131z\u0131, \u00f6n \u00f6deme faturalar\u0131n\u0131 nas\u0131l ele alaca\u011f\u0131n\u0131z\u0131, retansiyonlar\u0131 nas\u0131l takip edece\u011finizi ve sat\u0131\u015f faturalar\u0131n\u0131 kolayca nas\u0131l onaylayaca\u011f\u0131n\u0131z\u0131 \u00f6\u011frenin.<\/p>\n\n\n\n<figure class=\"wp-block-embed is-type-video is-provider-youtube wp-block-embed-youtube wp-embed-aspect-16-9 wp-has-aspect-ratio\"><div class=\"wp-block-embed__wrapper\">\n<iframe loading=\"lazy\" title=\"How the client billing process is made simple on Planyard construction software\" width=\"500\" height=\"281\" src=\"https:\/\/www.youtube.com\/embed\/wZ0vTYTJtFs?feature=oembed\" frameborder=\"0\" allow=\"accelerometer; autoplay; clipboard-write; encrypted-media; gyroscope; picture-in-picture; web-share\" referrerpolicy=\"strict-origin-when-cross-origin\" allowfullscreen><\/iframe>\n<\/div><\/figure>\n","protected":false},"excerpt":{"rendered":"<p>B\u00fct\u00e7e kontrol\u00fc, sat\u0131n alma sipari\u015fleri, de\u011fi\u015fiklik emirleri, fatura y\u00f6netimi ve daha fazlas\u0131n\u0131 kapsayan Planyard&#8217;\u0131n Profesyonel Paketi&#8217;ni ustal\u0131kla kullanmak i\u00e7in 3-5 dakikal\u0131k e\u011fitim videolar\u0131. Sat\u0131n Alma Sipari\u015fleri Malzemeler i\u00e7in sat\u0131n alma sipari\u015flerinin nas\u0131l olu\u015fturulaca\u011f\u0131n\u0131, b\u00fct\u00e7e taahh\u00fctlerini nas\u0131l takip edece\u011finizi, tahminleri ve CVR&#8217;leri kolayca nas\u0131l g\u00fcncelleyece\u011finizi, \u00f6n \u00f6deme faturalar\u0131n\u0131 nas\u0131l y\u00f6netece\u011finizi, \u00f6deme \u00f6zetlerini nas\u0131l takip edece\u011finizi ve&#8230;  <a class=\"excerpt-read-more\" href=\"https:\/\/planyard.com\/tr\/planyard-profesyonel-islevsellik-egitim-videolari\" title=\"Okuyun  Planyard Profesyonel \u0130\u015flevsellik E\u011fitim Videolar\u0131\">Daha fazla oku &#8220;<\/a><\/p>\n","protected":false},"author":4,"featured_media":0,"parent":0,"menu_order":0,"comment_status":"closed","ping_status":"closed","template":"page-smallheader.php","meta":{"_acf_changed":false,"content-type":"","footnotes":""},"page_intent":[],"page_type":[],"class_list":["post-14502","page","type-page","status-publish","hentry"],"acf":[],"yoast_head":"<!-- This site is optimized with the Yoast SEO plugin v27.1.1 - https:\/\/yoast.com\/product\/yoast-seo-wordpress\/ -->\n<title>Planyard Profesyonel \u2013 B\u00fcy\u00fcyen Ekipler \u0130\u00e7in Tam \u0130n\u015faat Maliyet Kontrol\u00fc<\/title>\n<meta name=\"description\" content=\"B\u00fct\u00e7e kontrol\u00fc, sat\u0131n alma sipari\u015fleri ve daha fazlas\u0131n\u0131 kapsayan Planyard&#039;\u0131n Profesyonel Paketi&#039;ni ustal\u0131kla kullanmak i\u00e7in k\u0131sa e\u011fitim videolar\u0131.\" \/>\n<meta name=\"robots\" content=\"index, follow, max-snippet:-1, max-image-preview:large, max-video-preview:-1\" \/>\n<link rel=\"canonical\" href=\"https:\/\/planyard.com\/tr\/planyard-profesyonel-islevsellik-egitim-videolari\" \/>\n<meta property=\"og:locale\" content=\"tr_TR\" \/>\n<meta property=\"og:type\" content=\"article\" \/>\n<meta property=\"og:title\" content=\"Planyard Profesyonel \u2013 B\u00fcy\u00fcyen Ekipler \u0130\u00e7in Tam \u0130n\u015faat Maliyet Kontrol\u00fc\" \/>\n<meta property=\"og:description\" content=\"B\u00fct\u00e7e kontrol\u00fc, sat\u0131n alma sipari\u015fleri ve daha fazlas\u0131n\u0131 kapsayan Planyard&#039;\u0131n Profesyonel Paketi&#039;ni ustal\u0131kla kullanmak i\u00e7in k\u0131sa e\u011fitim videolar\u0131.\" \/>\n<meta property=\"og:url\" content=\"https:\/\/planyard.com\/tr\/planyard-profesyonel-islevsellik-egitim-videolari\" \/>\n<meta property=\"og:site_name\" content=\"Planyard T\u00fcrkiye\" \/>\n<meta property=\"article:modified_time\" content=\"2025-05-19T19:36:54+00:00\" \/>\n<meta name=\"twitter:card\" content=\"summary_large_image\" \/>\n<meta name=\"twitter:label1\" content=\"Tahmini okuma s\u00fcresi\" \/>\n\t<meta name=\"twitter:data1\" content=\"1 dakika\" \/>\n<!-- \/ Yoast SEO plugin. -->","yoast_head_json":{"title":"Planyard Profesyonel \u2013 B\u00fcy\u00fcyen Ekipler \u0130\u00e7in Tam \u0130n\u015faat Maliyet Kontrol\u00fc","description":"B\u00fct\u00e7e kontrol\u00fc, sat\u0131n alma sipari\u015fleri ve daha fazlas\u0131n\u0131 kapsayan Planyard'\u0131n Profesyonel Paketi'ni ustal\u0131kla kullanmak i\u00e7in k\u0131sa e\u011fitim videolar\u0131.","robots":{"index":"index","follow":"follow","max-snippet":"max-snippet:-1","max-image-preview":"max-image-preview:large","max-video-preview":"max-video-preview:-1"},"canonical":"https:\/\/planyard.com\/tr\/planyard-profesyonel-islevsellik-egitim-videolari","og_locale":"tr_TR","og_type":"article","og_title":"Planyard Profesyonel \u2013 B\u00fcy\u00fcyen Ekipler \u0130\u00e7in Tam \u0130n\u015faat Maliyet Kontrol\u00fc","og_description":"B\u00fct\u00e7e kontrol\u00fc, sat\u0131n alma sipari\u015fleri ve daha fazlas\u0131n\u0131 kapsayan Planyard'\u0131n Profesyonel Paketi'ni ustal\u0131kla kullanmak i\u00e7in k\u0131sa e\u011fitim videolar\u0131.","og_url":"https:\/\/planyard.com\/tr\/planyard-profesyonel-islevsellik-egitim-videolari","og_site_name":"Planyard T\u00fcrkiye","article_modified_time":"2025-05-19T19:36:54+00:00","twitter_card":"summary_large_image","twitter_misc":{"Tahmini okuma s\u00fcresi":"1 dakika"},"schema":{"@context":"https:\/\/schema.org","@graph":[{"@type":"WebPage","@id":"https:\/\/planyard.com\/tr\/planyard-profesyonel-islevsellik-egitim-videolari","url":"https:\/\/planyard.com\/tr\/planyard-profesyonel-islevsellik-egitim-videolari","name":"Planyard Profesyonel \u2013 B\u00fcy\u00fcyen Ekipler \u0130\u00e7in Tam \u0130n\u015faat Maliyet Kontrol\u00fc","isPartOf":{"@id":"https:\/\/planyard.com\/tr#website"},"datePublished":"2025-04-03T10:02:17+00:00","dateModified":"2025-05-19T19:36:54+00:00","description":"B\u00fct\u00e7e kontrol\u00fc, sat\u0131n alma sipari\u015fleri ve daha fazlas\u0131n\u0131 kapsayan Planyard'\u0131n Profesyonel Paketi'ni ustal\u0131kla kullanmak i\u00e7in k\u0131sa e\u011fitim videolar\u0131.","breadcrumb":{"@id":"https:\/\/planyard.com\/tr\/planyard-profesyonel-islevsellik-egitim-videolari#breadcrumb"},"inLanguage":"tr","potentialAction":[{"@type":"ReadAction","target":["https:\/\/planyard.com\/tr\/planyard-profesyonel-islevsellik-egitim-videolari"]}]},{"@type":"BreadcrumbList","@id":"https:\/\/planyard.com\/tr\/planyard-profesyonel-islevsellik-egitim-videolari#breadcrumb","itemListElement":[{"@type":"ListItem","position":1,"name":"Home","item":"https:\/\/planyard.com\/tr"},{"@type":"ListItem","position":2,"name":"Planyard Profesyonel \u0130\u015flevsellik E\u011fitim Videolar\u0131"}]},{"@type":"WebSite","@id":"https:\/\/planyard.com\/tr#website","url":"https:\/\/planyard.com\/tr","name":"Planyard T\u00fcrkiye","description":"","potentialAction":[{"@type":"SearchAction","target":{"@type":"EntryPoint","urlTemplate":"https:\/\/planyard.com\/tr?s={search_term_string}"},"query-input":{"@type":"PropertyValueSpecification","valueRequired":true,"valueName":"search_term_string"}}],"inLanguage":"tr"}]}},"_links":{"self":[{"href":"https:\/\/planyard.com\/tr\/wp-json\/wp\/v2\/pages\/14502","targetHints":{"allow":["GET"]}}],"collection":[{"href":"https:\/\/planyard.com\/tr\/wp-json\/wp\/v2\/pages"}],"about":[{"href":"https:\/\/planyard.com\/tr\/wp-json\/wp\/v2\/types\/page"}],"author":[{"embeddable":true,"href":"https:\/\/planyard.com\/tr\/wp-json\/wp\/v2\/users\/4"}],"replies":[{"embeddable":true,"href":"https:\/\/planyard.com\/tr\/wp-json\/wp\/v2\/comments?post=14502"}],"version-history":[{"count":2,"href":"https:\/\/planyard.com\/tr\/wp-json\/wp\/v2\/pages\/14502\/revisions"}],"predecessor-version":[{"id":16544,"href":"https:\/\/planyard.com\/tr\/wp-json\/wp\/v2\/pages\/14502\/revisions\/16544"}],"wp:attachment":[{"href":"https:\/\/planyard.com\/tr\/wp-json\/wp\/v2\/media?parent=14502"}],"wp:term":[{"taxonomy":"page_intent","embeddable":true,"href":"https:\/\/planyard.com\/tr\/wp-json\/wp\/v2\/page_intent?post=14502"},{"taxonomy":"page_type","embeddable":true,"href":"https:\/\/planyard.com\/tr\/wp-json\/wp\/v2\/page_type?post=14502"}],"curies":[{"name":"wp","href":"https:\/\/api.w.org\/{rel}","templated":true}]}}