{"id":14498,"date":"2025-04-01T15:34:46","date_gmt":"2025-04-01T15:34:46","guid":{"rendered":"https:\/\/planyard.com\/planyard-essential-functionality-training-videos"},"modified":"2025-05-19T19:34:57","modified_gmt":"2025-05-19T19:34:57","slug":"planyard-temel-islevsellik-egitim-videolari","status":"publish","type":"page","link":"https:\/\/planyard.com\/tr\/planyard-temel-islevsellik-egitim-videolari","title":{"rendered":"Planyard Temel \u0130\u015flevsellik E\u011fitim Videolar\u0131"},"content":{"rendered":"\n<p>Proje y\u00f6neticileri ve metraj m\u00fchendisleri i\u00e7in tasarlanm\u0131\u015f, temel i\u015f ak\u0131\u015flar\u0131n\u0131 kendi kendinize \u00f6\u011frenmenizi sa\u011flayacak 3-4 dakikal\u0131k k\u0131sa videolar\u0131 izleyerek ba\u015flay\u0131n\u2014kurulum veya e\u011fitim oturumlar\u0131na gerek yok.<\/p>\n\n\n\n<h2 class=\"wp-block-heading\">Giri\u015f<\/h2>\n\n\n\n<figure class=\"wp-block-embed is-type-video is-provider-youtube wp-block-embed-youtube wp-embed-aspect-16-9 wp-has-aspect-ratio\"><div class=\"wp-block-embed__wrapper\">\n<iframe loading=\"lazy\" title=\"Planyard Essential Package: Ditch Spreadsheets &amp; Simplify Construction Cost Control\" width=\"500\" height=\"281\" src=\"https:\/\/www.youtube.com\/embed\/MmqEaSN7Y38?feature=oembed\" frameborder=\"0\" allow=\"accelerometer; autoplay; clipboard-write; encrypted-media; gyroscope; picture-in-picture; web-share\" referrerpolicy=\"strict-origin-when-cross-origin\" allowfullscreen><\/iframe>\n<\/div><\/figure>\n\n\n\n<h2 class=\"wp-block-heading\">Sat\u0131n Alma Faturalar\u0131n\u0131n \u0130\u015flenmesi<\/h2>\n\n\n\n<p>Sat\u0131n alma faturalar\u0131n\u0131 kolayca i\u015fleyin, b\u00fct\u00e7e kalemlerine atay\u0131n, muhasebe ile otomatik senkronize edin ve proje maliyetlerini ger\u00e7ek zamanl\u0131 olarak takip edin\u2014tekrarlayan veri giri\u015fi olmadan.<\/p>\n\n\n\n<figure class=\"wp-block-embed is-type-video is-provider-youtube wp-block-embed-youtube wp-embed-aspect-16-9 wp-has-aspect-ratio\"><div class=\"wp-block-embed__wrapper\">\n<iframe loading=\"lazy\" title=\"Invoices processing on Planyard\" width=\"500\" height=\"281\" src=\"https:\/\/www.youtube.com\/embed\/cgVamRjQk1I?feature=oembed\" frameborder=\"0\" allow=\"accelerometer; autoplay; clipboard-write; encrypted-media; gyroscope; picture-in-picture; web-share\" referrerpolicy=\"strict-origin-when-cross-origin\" allowfullscreen><\/iframe>\n<\/div><\/figure>\n\n\n\n<h2 class=\"wp-block-heading\">De\u011fi\u015fiklik Emirleri (Varyasyonlar)<\/h2>\n\n\n\n<p>M\u00fc\u015fteri de\u011fi\u015fiklik emirlerini ve alt y\u00fcklenici ile sat\u0131n alma sipari\u015fi varyasyonlar\u0131n\u0131 kolayca kaydedin. K\u00e2rl\u0131l\u0131\u011f\u0131 korumak i\u00e7in her de\u011fi\u015fikli\u011fin finansal etkisini takip edin.<\/p>\n\n\n\n<figure class=\"wp-block-embed is-type-video is-provider-youtube wp-block-embed-youtube wp-embed-aspect-16-9 wp-has-aspect-ratio\"><div class=\"wp-block-embed__wrapper\">\n<iframe loading=\"lazy\" title=\"Construction change-orders (variations) management on Planyard software\" width=\"500\" height=\"281\" src=\"https:\/\/www.youtube.com\/embed\/6tACV4YQtas?feature=oembed\" frameborder=\"0\" allow=\"accelerometer; autoplay; clipboard-write; encrypted-media; gyroscope; picture-in-picture; web-share\" referrerpolicy=\"strict-origin-when-cross-origin\" allowfullscreen><\/iframe>\n<\/div><\/figure>\n\n\n\n<h2 class=\"wp-block-heading\">B\u00fct\u00e7e Kontrol\u00fc ve Tahminleme (CVR&#8217;ler)<\/h2>\n\n\n\n<p>Do\u011fru tahminler ve CVR raporlar\u0131 haz\u0131rlay\u0131n, gerekti\u011finde b\u00fct\u00e7eleri revize edin, faturalar\u0131 onaylay\u0131n ve b\u00fct\u00e7e sapmalar\u0131n\u0131 g\u00f6zden ge\u00e7irerek projenizin finansal sa\u011fl\u0131\u011f\u0131n\u0131 kontrol alt\u0131nda tutun. K\u00e2rl\u0131l\u0131k projeksiyonlar\u0131n\u0131 kolayca analiz edin.<\/p>\n\n\n\n<figure class=\"wp-block-embed is-type-video is-provider-youtube wp-block-embed-youtube wp-embed-aspect-16-9 wp-has-aspect-ratio\"><div class=\"wp-block-embed__wrapper\">\n<iframe loading=\"lazy\" title=\"Project cost control meeting how to video\" width=\"500\" height=\"281\" src=\"https:\/\/www.youtube.com\/embed\/oGkHgWPfIEo?feature=oembed\" frameborder=\"0\" allow=\"accelerometer; autoplay; clipboard-write; encrypted-media; gyroscope; picture-in-picture; web-share\" referrerpolicy=\"strict-origin-when-cross-origin\" allowfullscreen><\/iframe>\n<\/div><\/figure>\n\n\n\n<p><\/p>\n","protected":false},"excerpt":{"rendered":"<p>Proje y\u00f6neticileri ve metraj m\u00fchendisleri i\u00e7in tasarlanm\u0131\u015f, temel i\u015f ak\u0131\u015flar\u0131n\u0131 kendi kendinize \u00f6\u011frenmenizi sa\u011flayacak 3-4 dakikal\u0131k k\u0131sa videolar\u0131 izleyerek ba\u015flay\u0131n\u2014kurulum veya e\u011fitim oturumlar\u0131na gerek yok. Giri\u015f Sat\u0131n Alma Faturalar\u0131n\u0131n \u0130\u015flenmesi Sat\u0131n alma faturalar\u0131n\u0131 kolayca i\u015fleyin, b\u00fct\u00e7e kalemlerine atay\u0131n, muhasebe ile otomatik senkronize edin ve proje maliyetlerini ger\u00e7ek zamanl\u0131 olarak takip edin\u2014tekrarlayan veri giri\u015fi olmadan. De\u011fi\u015fiklik&#8230;  <a class=\"excerpt-read-more\" href=\"https:\/\/planyard.com\/tr\/planyard-temel-islevsellik-egitim-videolari\" title=\"Okuyun  Planyard Temel \u0130\u015flevsellik E\u011fitim Videolar\u0131\">Daha fazla oku &#8220;<\/a><\/p>\n","protected":false},"author":4,"featured_media":0,"parent":0,"menu_order":0,"comment_status":"closed","ping_status":"closed","template":"page-smallheader.php","meta":{"_acf_changed":false,"content-type":"","footnotes":""},"page_intent":[],"page_type":[],"class_list":["post-14498","page","type-page","status-publish","hentry"],"acf":[],"yoast_head":"<!-- This site is optimized with the Yoast SEO plugin v27.1.1 - https:\/\/yoast.com\/product\/yoast-seo-wordpress\/ -->\n<title>Planyard Temel \u0130\u015flevsellik E\u011fitim Videolar\u0131 - Planyard T\u00fcrkiye<\/title>\n<meta name=\"description\" content=\"Proje y\u00f6neticileri ve metraj m\u00fchendisleri i\u00e7in 3-4 dakikal\u0131k k\u0131sa videolarla in\u015faat b\u00fct\u00e7elerini, de\u011fi\u015fiklik emirlerini ve tahminleri nas\u0131l y\u00f6netece\u011finizi \u00f6\u011frenin\u2014kurulum veya e\u011fitime gerek yok.\" \/>\n<meta name=\"robots\" content=\"index, follow, max-snippet:-1, max-image-preview:large, max-video-preview:-1\" \/>\n<link rel=\"canonical\" href=\"https:\/\/planyard.com\/tr\/planyard-temel-islevsellik-egitim-videolari\" \/>\n<meta property=\"og:locale\" content=\"tr_TR\" \/>\n<meta property=\"og:type\" content=\"article\" \/>\n<meta property=\"og:title\" content=\"Planyard Temel \u0130\u015flevsellik E\u011fitim Videolar\u0131 - Planyard T\u00fcrkiye\" \/>\n<meta property=\"og:description\" content=\"Proje y\u00f6neticileri ve metraj m\u00fchendisleri i\u00e7in 3-4 dakikal\u0131k k\u0131sa videolarla in\u015faat b\u00fct\u00e7elerini, de\u011fi\u015fiklik emirlerini ve tahminleri nas\u0131l y\u00f6netece\u011finizi \u00f6\u011frenin\u2014kurulum veya e\u011fitime gerek yok.\" \/>\n<meta property=\"og:url\" content=\"https:\/\/planyard.com\/tr\/planyard-temel-islevsellik-egitim-videolari\" \/>\n<meta property=\"og:site_name\" content=\"Planyard T\u00fcrkiye\" \/>\n<meta property=\"article:modified_time\" content=\"2025-05-19T19:34:57+00:00\" \/>\n<meta name=\"twitter:card\" content=\"summary_large_image\" \/>\n<meta name=\"twitter:label1\" content=\"Tahmini okuma s\u00fcresi\" \/>\n\t<meta name=\"twitter:data1\" content=\"1 dakika\" \/>\n<!-- \/ Yoast SEO plugin. -->","yoast_head_json":{"title":"Planyard Temel \u0130\u015flevsellik E\u011fitim Videolar\u0131 - Planyard T\u00fcrkiye","description":"Proje y\u00f6neticileri ve metraj m\u00fchendisleri i\u00e7in 3-4 dakikal\u0131k k\u0131sa videolarla in\u015faat b\u00fct\u00e7elerini, de\u011fi\u015fiklik emirlerini ve tahminleri nas\u0131l y\u00f6netece\u011finizi \u00f6\u011frenin\u2014kurulum veya e\u011fitime gerek yok.","robots":{"index":"index","follow":"follow","max-snippet":"max-snippet:-1","max-image-preview":"max-image-preview:large","max-video-preview":"max-video-preview:-1"},"canonical":"https:\/\/planyard.com\/tr\/planyard-temel-islevsellik-egitim-videolari","og_locale":"tr_TR","og_type":"article","og_title":"Planyard Temel \u0130\u015flevsellik E\u011fitim Videolar\u0131 - Planyard T\u00fcrkiye","og_description":"Proje y\u00f6neticileri ve metraj m\u00fchendisleri i\u00e7in 3-4 dakikal\u0131k k\u0131sa videolarla in\u015faat b\u00fct\u00e7elerini, de\u011fi\u015fiklik emirlerini ve tahminleri nas\u0131l y\u00f6netece\u011finizi \u00f6\u011frenin\u2014kurulum veya e\u011fitime gerek yok.","og_url":"https:\/\/planyard.com\/tr\/planyard-temel-islevsellik-egitim-videolari","og_site_name":"Planyard T\u00fcrkiye","article_modified_time":"2025-05-19T19:34:57+00:00","twitter_card":"summary_large_image","twitter_misc":{"Tahmini okuma s\u00fcresi":"1 dakika"},"schema":{"@context":"https:\/\/schema.org","@graph":[{"@type":"WebPage","@id":"https:\/\/planyard.com\/tr\/planyard-temel-islevsellik-egitim-videolari","url":"https:\/\/planyard.com\/tr\/planyard-temel-islevsellik-egitim-videolari","name":"Planyard Temel \u0130\u015flevsellik E\u011fitim Videolar\u0131 - Planyard T\u00fcrkiye","isPartOf":{"@id":"https:\/\/planyard.com\/tr#website"},"datePublished":"2025-04-01T15:34:46+00:00","dateModified":"2025-05-19T19:34:57+00:00","description":"Proje y\u00f6neticileri ve metraj m\u00fchendisleri i\u00e7in 3-4 dakikal\u0131k k\u0131sa videolarla in\u015faat b\u00fct\u00e7elerini, de\u011fi\u015fiklik emirlerini ve tahminleri nas\u0131l y\u00f6netece\u011finizi \u00f6\u011frenin\u2014kurulum veya e\u011fitime gerek yok.","breadcrumb":{"@id":"https:\/\/planyard.com\/tr\/planyard-temel-islevsellik-egitim-videolari#breadcrumb"},"inLanguage":"tr","potentialAction":[{"@type":"ReadAction","target":["https:\/\/planyard.com\/tr\/planyard-temel-islevsellik-egitim-videolari"]}]},{"@type":"BreadcrumbList","@id":"https:\/\/planyard.com\/tr\/planyard-temel-islevsellik-egitim-videolari#breadcrumb","itemListElement":[{"@type":"ListItem","position":1,"name":"Home","item":"https:\/\/planyard.com\/tr"},{"@type":"ListItem","position":2,"name":"Planyard Temel \u0130\u015flevsellik E\u011fitim Videolar\u0131"}]},{"@type":"WebSite","@id":"https:\/\/planyard.com\/tr#website","url":"https:\/\/planyard.com\/tr","name":"Planyard T\u00fcrkiye","description":"","potentialAction":[{"@type":"SearchAction","target":{"@type":"EntryPoint","urlTemplate":"https:\/\/planyard.com\/tr?s={search_term_string}"},"query-input":{"@type":"PropertyValueSpecification","valueRequired":true,"valueName":"search_term_string"}}],"inLanguage":"tr"}]}},"_links":{"self":[{"href":"https:\/\/planyard.com\/tr\/wp-json\/wp\/v2\/pages\/14498","targetHints":{"allow":["GET"]}}],"collection":[{"href":"https:\/\/planyard.com\/tr\/wp-json\/wp\/v2\/pages"}],"about":[{"href":"https:\/\/planyard.com\/tr\/wp-json\/wp\/v2\/types\/page"}],"author":[{"embeddable":true,"href":"https:\/\/planyard.com\/tr\/wp-json\/wp\/v2\/users\/4"}],"replies":[{"embeddable":true,"href":"https:\/\/planyard.com\/tr\/wp-json\/wp\/v2\/comments?post=14498"}],"version-history":[{"count":2,"href":"https:\/\/planyard.com\/tr\/wp-json\/wp\/v2\/pages\/14498\/revisions"}],"predecessor-version":[{"id":16530,"href":"https:\/\/planyard.com\/tr\/wp-json\/wp\/v2\/pages\/14498\/revisions\/16530"}],"wp:attachment":[{"href":"https:\/\/planyard.com\/tr\/wp-json\/wp\/v2\/media?parent=14498"}],"wp:term":[{"taxonomy":"page_intent","embeddable":true,"href":"https:\/\/planyard.com\/tr\/wp-json\/wp\/v2\/page_intent?post=14498"},{"taxonomy":"page_type","embeddable":true,"href":"https:\/\/planyard.com\/tr\/wp-json\/wp\/v2\/page_type?post=14498"}],"curies":[{"name":"wp","href":"https:\/\/api.w.org\/{rel}","templated":true}]}}