{"id":14497,"date":"2025-04-03T08:56:22","date_gmt":"2025-04-03T08:56:22","guid":{"rendered":"https:\/\/planyard.com\/planyard-cost-estimating-and-quoting-functionality-training-videos"},"modified":"2025-05-19T19:36:07","modified_gmt":"2025-05-19T19:36:07","slug":"planyard-maliyet-tahmini-ve-teklif-verme-islevselligi-egitim-videolari","status":"publish","type":"page","link":"https:\/\/planyard.com\/tr\/planyard-maliyet-tahmini-ve-teklif-verme-islevselligi-egitim-videolari","title":{"rendered":"Planyard Maliyet Tahmini ve Teklif Verme \u0130\u015flevselli\u011fi E\u011fitim Videolar\u0131"},"content":{"rendered":"\n<p>Planyard&#8217;da do\u011fru maliyet tahminleri ve profesyonel m\u00fc\u015fteri teklifleri olu\u015fturmay\u0131 \u00f6\u011frenin. Kazan\u0131lan teklifleri aktif projelere d\u00f6n\u00fc\u015ft\u00fcr\u00fcn, tahminleri ger\u00e7ekle\u015fenlerle kar\u015f\u0131la\u015ft\u0131r\u0131n ve ilk g\u00fcnden itibaren tam maliyet kontrol\u00fc sa\u011flay\u0131n. Elektronik tablolar yerine ge\u00e7mek isteyen tahminciler ve proje y\u00f6neticileri i\u00e7in idealdir.<\/p>\n\n\n\n<h2 class=\"wp-block-heading\">Giri\u015f<\/h2>\n\n\n\n<figure class=\"wp-block-embed is-type-video is-provider-youtube wp-block-embed-youtube wp-embed-aspect-16-9 wp-has-aspect-ratio\"><div class=\"wp-block-embed__wrapper\">\n<iframe loading=\"lazy\" title=\"Construction Cost Estimating and Quoting on Planyard Software\" width=\"500\" height=\"281\" src=\"https:\/\/www.youtube.com\/embed\/wvN-Tk-5CZs?feature=oembed\" frameborder=\"0\" allow=\"accelerometer; autoplay; clipboard-write; encrypted-media; gyroscope; picture-in-picture; web-share\" referrerpolicy=\"strict-origin-when-cross-origin\" allowfullscreen><\/iframe>\n<\/div><\/figure>\n","protected":false},"excerpt":{"rendered":"<p>Planyard&#8217;da do\u011fru maliyet tahminleri ve profesyonel m\u00fc\u015fteri teklifleri olu\u015fturmay\u0131 \u00f6\u011frenin. Kazan\u0131lan teklifleri aktif projelere d\u00f6n\u00fc\u015ft\u00fcr\u00fcn, tahminleri ger\u00e7ekle\u015fenlerle kar\u015f\u0131la\u015ft\u0131r\u0131n ve ilk g\u00fcnden itibaren tam maliyet kontrol\u00fc sa\u011flay\u0131n. Elektronik tablolar yerine ge\u00e7mek isteyen tahminciler ve proje y\u00f6neticileri i\u00e7in idealdir. Giri\u015f<\/p>\n","protected":false},"author":4,"featured_media":0,"parent":0,"menu_order":0,"comment_status":"closed","ping_status":"closed","template":"page-smallheader.php","meta":{"_acf_changed":false,"content-type":"","footnotes":""},"page_intent":[],"page_type":[],"class_list":["post-14497","page","type-page","status-publish","hentry"],"acf":[],"yoast_head":"<!-- This site is optimized with the Yoast SEO plugin v26.9 - https:\/\/yoast.com\/product\/yoast-seo-wordpress\/ -->\n<title>Planyard Tahmin &amp; Teklif \u2013 Tahminciler i\u00e7in Video E\u011fitimi<\/title>\n<meta name=\"description\" content=\"Do\u011fru maliyet tahminleri ve m\u00fc\u015fteri teklifleri olu\u015fturmak i\u00e7in k\u0131sa e\u011fitim videolar\u0131. Teklif verme s\u00fcrecini h\u0131zland\u0131rmay\u0131 ve teklifleri h\u0131zl\u0131ca canl\u0131 projelere d\u00f6n\u00fc\u015ft\u00fcrmeyi \u00f6\u011frenin.\" \/>\n<meta name=\"robots\" content=\"index, follow, max-snippet:-1, max-image-preview:large, max-video-preview:-1\" \/>\n<link rel=\"canonical\" href=\"https:\/\/planyard.com\/tr\/planyard-maliyet-tahmini-ve-teklif-verme-islevselligi-egitim-videolari\" \/>\n<meta property=\"og:locale\" content=\"tr_TR\" \/>\n<meta property=\"og:type\" content=\"article\" \/>\n<meta property=\"og:title\" content=\"Planyard Tahmin &amp; Teklif \u2013 Tahminciler i\u00e7in Video E\u011fitimi\" \/>\n<meta property=\"og:description\" content=\"Do\u011fru maliyet tahminleri ve m\u00fc\u015fteri teklifleri olu\u015fturmak i\u00e7in k\u0131sa e\u011fitim videolar\u0131. Teklif verme s\u00fcrecini h\u0131zland\u0131rmay\u0131 ve teklifleri h\u0131zl\u0131ca canl\u0131 projelere d\u00f6n\u00fc\u015ft\u00fcrmeyi \u00f6\u011frenin.\" \/>\n<meta property=\"og:url\" content=\"https:\/\/planyard.com\/tr\/planyard-maliyet-tahmini-ve-teklif-verme-islevselligi-egitim-videolari\" \/>\n<meta property=\"og:site_name\" content=\"Planyard T\u00fcrkiye\" \/>\n<meta property=\"article:modified_time\" content=\"2025-05-19T19:36:07+00:00\" \/>\n<meta name=\"twitter:card\" content=\"summary_large_image\" \/>\n<meta name=\"twitter:label1\" content=\"Tahmini okuma s\u00fcresi\" \/>\n\t<meta name=\"twitter:data1\" content=\"1 dakika\" \/>\n<!-- \/ Yoast SEO plugin. -->","yoast_head_json":{"title":"Planyard Tahmin & Teklif \u2013 Tahminciler i\u00e7in Video E\u011fitimi","description":"Do\u011fru maliyet tahminleri ve m\u00fc\u015fteri teklifleri olu\u015fturmak i\u00e7in k\u0131sa e\u011fitim videolar\u0131. Teklif verme s\u00fcrecini h\u0131zland\u0131rmay\u0131 ve teklifleri h\u0131zl\u0131ca canl\u0131 projelere d\u00f6n\u00fc\u015ft\u00fcrmeyi \u00f6\u011frenin.","robots":{"index":"index","follow":"follow","max-snippet":"max-snippet:-1","max-image-preview":"max-image-preview:large","max-video-preview":"max-video-preview:-1"},"canonical":"https:\/\/planyard.com\/tr\/planyard-maliyet-tahmini-ve-teklif-verme-islevselligi-egitim-videolari","og_locale":"tr_TR","og_type":"article","og_title":"Planyard Tahmin & Teklif \u2013 Tahminciler i\u00e7in Video E\u011fitimi","og_description":"Do\u011fru maliyet tahminleri ve m\u00fc\u015fteri teklifleri olu\u015fturmak i\u00e7in k\u0131sa e\u011fitim videolar\u0131. Teklif verme s\u00fcrecini h\u0131zland\u0131rmay\u0131 ve teklifleri h\u0131zl\u0131ca canl\u0131 projelere d\u00f6n\u00fc\u015ft\u00fcrmeyi \u00f6\u011frenin.","og_url":"https:\/\/planyard.com\/tr\/planyard-maliyet-tahmini-ve-teklif-verme-islevselligi-egitim-videolari","og_site_name":"Planyard T\u00fcrkiye","article_modified_time":"2025-05-19T19:36:07+00:00","twitter_card":"summary_large_image","twitter_misc":{"Tahmini okuma s\u00fcresi":"1 dakika"},"schema":{"@context":"https:\/\/schema.org","@graph":[{"@type":"WebPage","@id":"https:\/\/planyard.com\/tr\/planyard-maliyet-tahmini-ve-teklif-verme-islevselligi-egitim-videolari","url":"https:\/\/planyard.com\/tr\/planyard-maliyet-tahmini-ve-teklif-verme-islevselligi-egitim-videolari","name":"Planyard Tahmin & Teklif \u2013 Tahminciler i\u00e7in Video E\u011fitimi","isPartOf":{"@id":"https:\/\/planyard.com\/tr#website"},"datePublished":"2025-04-03T08:56:22+00:00","dateModified":"2025-05-19T19:36:07+00:00","description":"Do\u011fru maliyet tahminleri ve m\u00fc\u015fteri teklifleri olu\u015fturmak i\u00e7in k\u0131sa e\u011fitim videolar\u0131. Teklif verme s\u00fcrecini h\u0131zland\u0131rmay\u0131 ve teklifleri h\u0131zl\u0131ca canl\u0131 projelere d\u00f6n\u00fc\u015ft\u00fcrmeyi \u00f6\u011frenin.","breadcrumb":{"@id":"https:\/\/planyard.com\/tr\/planyard-maliyet-tahmini-ve-teklif-verme-islevselligi-egitim-videolari#breadcrumb"},"inLanguage":"tr","potentialAction":[{"@type":"ReadAction","target":["https:\/\/planyard.com\/tr\/planyard-maliyet-tahmini-ve-teklif-verme-islevselligi-egitim-videolari"]}]},{"@type":"BreadcrumbList","@id":"https:\/\/planyard.com\/tr\/planyard-maliyet-tahmini-ve-teklif-verme-islevselligi-egitim-videolari#breadcrumb","itemListElement":[{"@type":"ListItem","position":1,"name":"Home","item":"https:\/\/planyard.com\/tr"},{"@type":"ListItem","position":2,"name":"Planyard Maliyet Tahmini ve Teklif Verme \u0130\u015flevselli\u011fi E\u011fitim Videolar\u0131"}]},{"@type":"WebSite","@id":"https:\/\/planyard.com\/tr#website","url":"https:\/\/planyard.com\/tr","name":"Planyard T\u00fcrkiye","description":"","potentialAction":[{"@type":"SearchAction","target":{"@type":"EntryPoint","urlTemplate":"https:\/\/planyard.com\/tr?s={search_term_string}"},"query-input":{"@type":"PropertyValueSpecification","valueRequired":true,"valueName":"search_term_string"}}],"inLanguage":"tr"}]}},"_links":{"self":[{"href":"https:\/\/planyard.com\/tr\/wp-json\/wp\/v2\/pages\/14497","targetHints":{"allow":["GET"]}}],"collection":[{"href":"https:\/\/planyard.com\/tr\/wp-json\/wp\/v2\/pages"}],"about":[{"href":"https:\/\/planyard.com\/tr\/wp-json\/wp\/v2\/types\/page"}],"author":[{"embeddable":true,"href":"https:\/\/planyard.com\/tr\/wp-json\/wp\/v2\/users\/4"}],"replies":[{"embeddable":true,"href":"https:\/\/planyard.com\/tr\/wp-json\/wp\/v2\/comments?post=14497"}],"version-history":[{"count":2,"href":"https:\/\/planyard.com\/tr\/wp-json\/wp\/v2\/pages\/14497\/revisions"}],"predecessor-version":[{"id":16539,"href":"https:\/\/planyard.com\/tr\/wp-json\/wp\/v2\/pages\/14497\/revisions\/16539"}],"wp:attachment":[{"href":"https:\/\/planyard.com\/tr\/wp-json\/wp\/v2\/media?parent=14497"}],"wp:term":[{"taxonomy":"page_intent","embeddable":true,"href":"https:\/\/planyard.com\/tr\/wp-json\/wp\/v2\/page_intent?post=14497"},{"taxonomy":"page_type","embeddable":true,"href":"https:\/\/planyard.com\/tr\/wp-json\/wp\/v2\/page_type?post=14497"}],"curies":[{"name":"wp","href":"https:\/\/api.w.org\/{rel}","templated":true}]}}