{"id":14494,"date":"2024-08-27T14:17:31","date_gmt":"2024-08-27T14:17:31","guid":{"rendered":"https:\/\/planyard.com\/quickbooks-contractors-integration"},"modified":"2025-05-19T09:59:10","modified_gmt":"2025-05-19T09:59:10","slug":"quickbooks-muteahhitler-entegrasyonu","status":"publish","type":"page","link":"https:\/\/planyard.com\/tr\/quickbooks-muteahhitler-entegrasyonu","title":{"rendered":"Planyard B\u00fct\u00e7eleme Arac\u0131 M\u00fcteahhitler ve QuickBooks \u0130\u00e7in"},"content":{"rendered":"","protected":false},"excerpt":{"rendered":"","protected":false},"author":2,"featured_media":0,"parent":0,"menu_order":0,"comment_status":"closed","ping_status":"closed","template":"","meta":{"_acf_changed":false,"content-type":"","footnotes":""},"page_intent":[276],"page_type":[],"class_list":["post-14494","page","type-page","status-publish","hentry"],"acf":[],"yoast_head":"<!-- This site is optimized with the Yoast SEO plugin v26.9 - https:\/\/yoast.com\/product\/yoast-seo-wordpress\/ -->\n<title>QuickBooks &amp; Planyard \u0130n\u015faat B\u00fct\u00e7e Yaz\u0131l\u0131m\u0131n\u0131 Entegre Edin<\/title>\n<meta name=\"description\" content=\"Planyard in\u015faat b\u00fct\u00e7e kontrol yaz\u0131l\u0131m\u0131n\u0131n QuickBooks ile entegrasyonu, elektronik tablolar\u0131 ve yinelenen veri giri\u015fini ortadan kald\u0131r\u0131r.\" \/>\n<meta name=\"robots\" content=\"index, follow, max-snippet:-1, max-image-preview:large, max-video-preview:-1\" \/>\n<link rel=\"canonical\" href=\"https:\/\/planyard.com\/tr\/quickbooks-muteahhitler-entegrasyonu\" \/>\n<meta property=\"og:locale\" content=\"tr_TR\" \/>\n<meta property=\"og:type\" content=\"article\" \/>\n<meta property=\"og:title\" content=\"QuickBooks &amp; Planyard \u0130n\u015faat B\u00fct\u00e7e Yaz\u0131l\u0131m\u0131n\u0131 Entegre Edin\" \/>\n<meta property=\"og:description\" content=\"Planyard in\u015faat b\u00fct\u00e7e kontrol yaz\u0131l\u0131m\u0131n\u0131n QuickBooks ile entegrasyonu, elektronik tablolar\u0131 ve yinelenen veri giri\u015fini ortadan kald\u0131r\u0131r.\" \/>\n<meta property=\"og:url\" content=\"https:\/\/planyard.com\/tr\/quickbooks-muteahhitler-entegrasyonu\" \/>\n<meta property=\"og:site_name\" content=\"Planyard T\u00fcrkiye\" \/>\n<meta property=\"article:modified_time\" content=\"2025-05-19T09:59:10+00:00\" \/>\n<meta name=\"twitter:card\" content=\"summary_large_image\" \/>\n<!-- \/ Yoast SEO plugin. -->","yoast_head_json":{"title":"QuickBooks & Planyard \u0130n\u015faat B\u00fct\u00e7e Yaz\u0131l\u0131m\u0131n\u0131 Entegre Edin","description":"Planyard in\u015faat b\u00fct\u00e7e kontrol yaz\u0131l\u0131m\u0131n\u0131n QuickBooks ile entegrasyonu, elektronik tablolar\u0131 ve yinelenen veri giri\u015fini ortadan kald\u0131r\u0131r.","robots":{"index":"index","follow":"follow","max-snippet":"max-snippet:-1","max-image-preview":"max-image-preview:large","max-video-preview":"max-video-preview:-1"},"canonical":"https:\/\/planyard.com\/tr\/quickbooks-muteahhitler-entegrasyonu","og_locale":"tr_TR","og_type":"article","og_title":"QuickBooks & Planyard \u0130n\u015faat B\u00fct\u00e7e Yaz\u0131l\u0131m\u0131n\u0131 Entegre Edin","og_description":"Planyard in\u015faat b\u00fct\u00e7e kontrol yaz\u0131l\u0131m\u0131n\u0131n QuickBooks ile entegrasyonu, elektronik tablolar\u0131 ve yinelenen veri giri\u015fini ortadan kald\u0131r\u0131r.","og_url":"https:\/\/planyard.com\/tr\/quickbooks-muteahhitler-entegrasyonu","og_site_name":"Planyard T\u00fcrkiye","article_modified_time":"2025-05-19T09:59:10+00:00","twitter_card":"summary_large_image","schema":{"@context":"https:\/\/schema.org","@graph":[{"@type":"WebPage","@id":"https:\/\/planyard.com\/tr\/quickbooks-muteahhitler-entegrasyonu","url":"https:\/\/planyard.com\/tr\/quickbooks-muteahhitler-entegrasyonu","name":"QuickBooks & Planyard \u0130n\u015faat B\u00fct\u00e7e Yaz\u0131l\u0131m\u0131n\u0131 Entegre Edin","isPartOf":{"@id":"https:\/\/planyard.com\/tr#website"},"datePublished":"2024-08-27T14:17:31+00:00","dateModified":"2025-05-19T09:59:10+00:00","description":"Planyard in\u015faat b\u00fct\u00e7e kontrol yaz\u0131l\u0131m\u0131n\u0131n QuickBooks ile entegrasyonu, elektronik tablolar\u0131 ve yinelenen veri giri\u015fini ortadan kald\u0131r\u0131r.","breadcrumb":{"@id":"https:\/\/planyard.com\/tr\/quickbooks-muteahhitler-entegrasyonu#breadcrumb"},"inLanguage":"tr","potentialAction":[{"@type":"ReadAction","target":["https:\/\/planyard.com\/tr\/quickbooks-muteahhitler-entegrasyonu"]}]},{"@type":"BreadcrumbList","@id":"https:\/\/planyard.com\/tr\/quickbooks-muteahhitler-entegrasyonu#breadcrumb","itemListElement":[{"@type":"ListItem","position":1,"name":"Home","item":"https:\/\/planyard.com\/tr"},{"@type":"ListItem","position":2,"name":"Planyard B\u00fct\u00e7eleme Arac\u0131 M\u00fcteahhitler ve QuickBooks \u0130\u00e7in"}]},{"@type":"WebSite","@id":"https:\/\/planyard.com\/tr#website","url":"https:\/\/planyard.com\/tr","name":"Planyard T\u00fcrkiye","description":"","potentialAction":[{"@type":"SearchAction","target":{"@type":"EntryPoint","urlTemplate":"https:\/\/planyard.com\/tr?s={search_term_string}"},"query-input":{"@type":"PropertyValueSpecification","valueRequired":true,"valueName":"search_term_string"}}],"inLanguage":"tr"}]}},"_links":{"self":[{"href":"https:\/\/planyard.com\/tr\/wp-json\/wp\/v2\/pages\/14494","targetHints":{"allow":["GET"]}}],"collection":[{"href":"https:\/\/planyard.com\/tr\/wp-json\/wp\/v2\/pages"}],"about":[{"href":"https:\/\/planyard.com\/tr\/wp-json\/wp\/v2\/types\/page"}],"author":[{"embeddable":true,"href":"https:\/\/planyard.com\/tr\/wp-json\/wp\/v2\/users\/2"}],"replies":[{"embeddable":true,"href":"https:\/\/planyard.com\/tr\/wp-json\/wp\/v2\/comments?post=14494"}],"version-history":[{"count":1,"href":"https:\/\/planyard.com\/tr\/wp-json\/wp\/v2\/pages\/14494\/revisions"}],"predecessor-version":[{"id":14654,"href":"https:\/\/planyard.com\/tr\/wp-json\/wp\/v2\/pages\/14494\/revisions\/14654"}],"wp:attachment":[{"href":"https:\/\/planyard.com\/tr\/wp-json\/wp\/v2\/media?parent=14494"}],"wp:term":[{"taxonomy":"page_intent","embeddable":true,"href":"https:\/\/planyard.com\/tr\/wp-json\/wp\/v2\/page_intent?post=14494"},{"taxonomy":"page_type","embeddable":true,"href":"https:\/\/planyard.com\/tr\/wp-json\/wp\/v2\/page_type?post=14494"}],"curies":[{"name":"wp","href":"https:\/\/api.w.org\/{rel}","templated":true}]}}