{"id":14489,"date":"2024-08-26T08:24:21","date_gmt":"2024-08-26T08:24:21","guid":{"rendered":"https:\/\/planyard.com\/partners"},"modified":"2025-05-19T19:35:16","modified_gmt":"2025-05-19T19:35:16","slug":"ortaklik-programlari","status":"publish","type":"page","link":"https:\/\/planyard.com\/tr\/ortaklik-programlari","title":{"rendered":"Ortakl\u0131k Programlar\u0131"},"content":{"rendered":"\n<div class=\"wp-block-group\"><div class=\"wp-block-group__inner-container is-layout-constrained wp-block-group-is-layout-constrained\">\n<h3 class=\"wp-block-heading\">Ana Y\u00fcklenicilerin Sorunlar\u0131<\/h3>\n\n\n\n<p>Ana y\u00fcklenicilerin bir projenin k\u00e2rl\u0131 olup olmad\u0131\u011f\u0131n\u0131 ancak proje bittikten sonra \u00f6\u011frenmeleri olduk\u00e7a yayg\u0131nd\u0131r. Geriye d\u00f6n\u00fcp bak\u0131ld\u0131\u011f\u0131nda bile, neyin do\u011fru ya da yanl\u0131\u015f gitti\u011fini anlamak \u00e7ok zordur.<\/p>\n\n\n\n<p>Alt y\u00fcklenici ilerleme raporlar\u0131, faturalar ve s\u00f6zle\u015fmeler y\u00fczlerce e-posta ve onlarca klas\u00f6r aras\u0131nda da\u011f\u0131lm\u0131\u015f durumda ve b\u00fct\u00e7eler Excel&#8217;de y\u00f6netiliyor. Bir faturan\u0131n veya ilerleme raporunun onaylanmas\u0131 genellikle haftalarca insanlar\u0131 takip etmeyi gerektirir (unutulmad\u0131\u011f\u0131 takdirde).<\/p>\n\n\n\n<p>Bu durum, proje y\u00f6neticileri kadar y\u00f6netim ve muhasebeciler i\u00e7in de sinir bozucudur.<\/p>\n\n\n\n<p>Ayr\u0131ca, b\u00fct\u00e7e y\u00f6netiminde standartla\u015ft\u0131r\u0131lm\u0131\u015f s\u00fcre\u00e7lerin olmamas\u0131, i\u015flerini b\u00fcy\u00fctmeyi zorla\u015ft\u0131r\u0131r.<\/p>\n\n\n\n<p>Bir Planyard orta\u011f\u0131 olarak, bunu de\u011fi\u015ftirmeye yard\u0131mc\u0131 olabilirsiniz.<\/p>\n\n\n\n<h3 class=\"wp-block-heading\">Planyard ile Ortak Olman\u0131n \u0130ki Yolu<\/h3>\n\n\n\n<p>Hem i\u015f ortaklar\u0131 hem de uzmanlar, Planyard&#8217;\u0131 satmaya yard\u0131mc\u0131 olacak sat\u0131\u015f ve pazarlama kaynaklar\u0131na eri\u015febilir.<\/p>\n\n\n\n<p>Uzmanlar, Planyard&#8217;\u0131n uygulanmas\u0131 konusunda ek e\u011fitim alacakt\u0131r.<\/p>\n\n\n\n<h4 class=\"wp-block-heading\">\u0130\u015f Ortaklar\u0131<\/h4>\n\n\n\n<ul class=\"wp-block-list\">\n<li>\u00d6zel bir promosyon kodu kullanarak potansiyel m\u00fc\u015fterileri Planyard&#8217;a y\u00f6nlendirin<\/li>\n\n\n\n<li>Onlar\u0131n i\u015fe al\u0131m s\u00fcrecini biz \u00fcstleniyoruz<\/li>\n\n\n\n<li><strong>M\u00fc\u015fterilerin ilk y\u0131l gelirlerinden %30 kazan\u0131n<\/strong><\/li>\n<\/ul>\n\n\n\n<h4 class=\"wp-block-heading\">Uzmanlar<\/h4>\n\n\n\n<ul class=\"wp-block-list\">\n<li>\u00d6zel bir promosyon kodu kullanarak potansiyel m\u00fc\u015fterileri Planyard&#8217;a y\u00f6nlendirin<\/li>\n\n\n\n<li>\u0130lk y\u0131l boyunca i\u015fe al\u0131m ve destek sa\u011flay\u0131n<\/li>\n\n\n\n<li><strong>M\u00fc\u015fterilerin ya\u015fam boyu de\u011ferinden %20 kazan\u0131n<\/strong><\/li>\n<\/ul>\n<\/div><\/div>\n\n\n\n<div class=\"wp-block-group\"><div class=\"wp-block-group__inner-container is-layout-constrained wp-block-group-is-layout-constrained\">\n<h3 class=\"wp-block-heading\">Bize Ula\u015f\u0131n<\/h3>\n\n\n\n<p>info@planyard.com adresinden e-posta yoluyla bize ula\u015f\u0131n<\/p>\n<\/div><\/div>\n","protected":false},"excerpt":{"rendered":"<p>Ana Y\u00fcklenicilerin Sorunlar\u0131 Ana y\u00fcklenicilerin bir projenin k\u00e2rl\u0131 olup olmad\u0131\u011f\u0131n\u0131 ancak proje bittikten sonra \u00f6\u011frenmeleri olduk\u00e7a yayg\u0131nd\u0131r. Geriye d\u00f6n\u00fcp bak\u0131ld\u0131\u011f\u0131nda bile, neyin do\u011fru ya da yanl\u0131\u015f gitti\u011fini anlamak \u00e7ok zordur. Alt y\u00fcklenici ilerleme raporlar\u0131, faturalar ve s\u00f6zle\u015fmeler y\u00fczlerce e-posta ve onlarca klas\u00f6r aras\u0131nda da\u011f\u0131lm\u0131\u015f durumda ve b\u00fct\u00e7eler Excel&#8217;de y\u00f6netiliyor. Bir faturan\u0131n veya ilerleme raporunun onaylanmas\u0131&#8230;  <a class=\"excerpt-read-more\" href=\"https:\/\/planyard.com\/tr\/ortaklik-programlari\" title=\"Okuyun  Ortakl\u0131k Programlar\u0131\">Daha fazla oku &#8220;<\/a><\/p>\n","protected":false},"author":2,"featured_media":0,"parent":0,"menu_order":0,"comment_status":"closed","ping_status":"closed","template":"","meta":{"_acf_changed":false,"content-type":"","footnotes":""},"page_intent":[186],"page_type":[],"class_list":["post-14489","page","type-page","status-publish","hentry"],"acf":[],"yoast_head":"<!-- This site is optimized with the Yoast SEO plugin v27.1.1 - https:\/\/yoast.com\/product\/yoast-seo-wordpress\/ -->\n<title>Ortakl\u0131k Programlar\u0131 - Planyard T\u00fcrkiye<\/title>\n<meta name=\"description\" content=\"Dan\u0131\u015fmanlar, yaz\u0131l\u0131m sat\u0131c\u0131lar\u0131 ve teknoloji ortaklar\u0131 i\u00e7in Planyard ortakl\u0131k programlar\u0131. Planyard&#039;\u0131 satmaya yard\u0131mc\u0131 olun ve y\u00fczde kazan\u0131n.\" \/>\n<meta name=\"robots\" content=\"index, follow, max-snippet:-1, max-image-preview:large, max-video-preview:-1\" \/>\n<link rel=\"canonical\" href=\"https:\/\/planyard.com\/tr\/ortaklik-programlari\" \/>\n<meta property=\"og:locale\" content=\"tr_TR\" \/>\n<meta property=\"og:type\" content=\"article\" \/>\n<meta property=\"og:title\" content=\"Ortakl\u0131k Programlar\u0131 - Planyard T\u00fcrkiye\" \/>\n<meta property=\"og:description\" content=\"Dan\u0131\u015fmanlar, yaz\u0131l\u0131m sat\u0131c\u0131lar\u0131 ve teknoloji ortaklar\u0131 i\u00e7in Planyard ortakl\u0131k programlar\u0131. Planyard&#039;\u0131 satmaya yard\u0131mc\u0131 olun ve y\u00fczde kazan\u0131n.\" \/>\n<meta property=\"og:url\" content=\"https:\/\/planyard.com\/tr\/ortaklik-programlari\" \/>\n<meta property=\"og:site_name\" content=\"Planyard T\u00fcrkiye\" \/>\n<meta property=\"article:modified_time\" content=\"2025-05-19T19:35:16+00:00\" \/>\n<meta name=\"twitter:card\" content=\"summary_large_image\" \/>\n<meta name=\"twitter:label1\" content=\"Tahmini okuma s\u00fcresi\" \/>\n\t<meta name=\"twitter:data1\" content=\"1 dakika\" \/>\n<!-- \/ Yoast SEO plugin. -->","yoast_head_json":{"title":"Ortakl\u0131k Programlar\u0131 - Planyard T\u00fcrkiye","description":"Dan\u0131\u015fmanlar, yaz\u0131l\u0131m sat\u0131c\u0131lar\u0131 ve teknoloji ortaklar\u0131 i\u00e7in Planyard ortakl\u0131k programlar\u0131. Planyard'\u0131 satmaya yard\u0131mc\u0131 olun ve y\u00fczde kazan\u0131n.","robots":{"index":"index","follow":"follow","max-snippet":"max-snippet:-1","max-image-preview":"max-image-preview:large","max-video-preview":"max-video-preview:-1"},"canonical":"https:\/\/planyard.com\/tr\/ortaklik-programlari","og_locale":"tr_TR","og_type":"article","og_title":"Ortakl\u0131k Programlar\u0131 - Planyard T\u00fcrkiye","og_description":"Dan\u0131\u015fmanlar, yaz\u0131l\u0131m sat\u0131c\u0131lar\u0131 ve teknoloji ortaklar\u0131 i\u00e7in Planyard ortakl\u0131k programlar\u0131. Planyard'\u0131 satmaya yard\u0131mc\u0131 olun ve y\u00fczde kazan\u0131n.","og_url":"https:\/\/planyard.com\/tr\/ortaklik-programlari","og_site_name":"Planyard T\u00fcrkiye","article_modified_time":"2025-05-19T19:35:16+00:00","twitter_card":"summary_large_image","twitter_misc":{"Tahmini okuma s\u00fcresi":"1 dakika"},"schema":{"@context":"https:\/\/schema.org","@graph":[{"@type":"WebPage","@id":"https:\/\/planyard.com\/tr\/ortaklik-programlari","url":"https:\/\/planyard.com\/tr\/ortaklik-programlari","name":"Ortakl\u0131k Programlar\u0131 - Planyard T\u00fcrkiye","isPartOf":{"@id":"https:\/\/planyard.com\/tr#website"},"datePublished":"2024-08-26T08:24:21+00:00","dateModified":"2025-05-19T19:35:16+00:00","description":"Dan\u0131\u015fmanlar, yaz\u0131l\u0131m sat\u0131c\u0131lar\u0131 ve teknoloji ortaklar\u0131 i\u00e7in Planyard ortakl\u0131k programlar\u0131. Planyard'\u0131 satmaya yard\u0131mc\u0131 olun ve y\u00fczde kazan\u0131n.","breadcrumb":{"@id":"https:\/\/planyard.com\/tr\/ortaklik-programlari#breadcrumb"},"inLanguage":"tr","potentialAction":[{"@type":"ReadAction","target":["https:\/\/planyard.com\/tr\/ortaklik-programlari"]}]},{"@type":"BreadcrumbList","@id":"https:\/\/planyard.com\/tr\/ortaklik-programlari#breadcrumb","itemListElement":[{"@type":"ListItem","position":1,"name":"Home","item":"https:\/\/planyard.com\/tr"},{"@type":"ListItem","position":2,"name":"Ortakl\u0131k Programlar\u0131"}]},{"@type":"WebSite","@id":"https:\/\/planyard.com\/tr#website","url":"https:\/\/planyard.com\/tr","name":"Planyard T\u00fcrkiye","description":"","potentialAction":[{"@type":"SearchAction","target":{"@type":"EntryPoint","urlTemplate":"https:\/\/planyard.com\/tr?s={search_term_string}"},"query-input":{"@type":"PropertyValueSpecification","valueRequired":true,"valueName":"search_term_string"}}],"inLanguage":"tr"}]}},"_links":{"self":[{"href":"https:\/\/planyard.com\/tr\/wp-json\/wp\/v2\/pages\/14489","targetHints":{"allow":["GET"]}}],"collection":[{"href":"https:\/\/planyard.com\/tr\/wp-json\/wp\/v2\/pages"}],"about":[{"href":"https:\/\/planyard.com\/tr\/wp-json\/wp\/v2\/types\/page"}],"author":[{"embeddable":true,"href":"https:\/\/planyard.com\/tr\/wp-json\/wp\/v2\/users\/2"}],"replies":[{"embeddable":true,"href":"https:\/\/planyard.com\/tr\/wp-json\/wp\/v2\/comments?post=14489"}],"version-history":[{"count":2,"href":"https:\/\/planyard.com\/tr\/wp-json\/wp\/v2\/pages\/14489\/revisions"}],"predecessor-version":[{"id":16533,"href":"https:\/\/planyard.com\/tr\/wp-json\/wp\/v2\/pages\/14489\/revisions\/16533"}],"wp:attachment":[{"href":"https:\/\/planyard.com\/tr\/wp-json\/wp\/v2\/media?parent=14489"}],"wp:term":[{"taxonomy":"page_intent","embeddable":true,"href":"https:\/\/planyard.com\/tr\/wp-json\/wp\/v2\/page_intent?post=14489"},{"taxonomy":"page_type","embeddable":true,"href":"https:\/\/planyard.com\/tr\/wp-json\/wp\/v2\/page_type?post=14489"}],"curies":[{"name":"wp","href":"https:\/\/api.w.org\/{rel}","templated":true}]}}