{"id":14487,"date":"2024-08-26T07:20:15","date_gmt":"2024-08-26T07:20:15","guid":{"rendered":"https:\/\/planyard.com\/nahb-cost-codes"},"modified":"2025-06-03T18:19:36","modified_gmt":"2025-06-03T18:19:36","slug":"nahb-maliyet-kodlari","status":"publish","type":"page","link":"https:\/\/planyard.com\/tr\/nahb-maliyet-kodlari","title":{"rendered":"NAHB Maliyet Kodlar\u0131"},"content":{"rendered":"\n<div class=\"wp-block-media-text alignwide has-media-on-the-right is-stacked-on-mobile\" style=\"grid-template-columns:auto 49%\"><div class=\"wp-block-media-text__content\">\n<p><br>NAHB maliyet kodlar\u0131, <a href=\"https:\/\/www.nahb.org\">Ulusal Ev \u00dcreticileri Derne\u011fi<\/a> taraf\u0131ndan tan\u0131mlanan, finansal ve proje verilerini izlemek, y\u00f6netmek ve raporlamak i\u00e7in standartla\u015ft\u0131r\u0131lm\u0131\u015f bir kod setidir. Bu kodlar, tahminciler, proje y\u00f6neticileri ve muhasebe dahil t\u00fcm payda\u015flara fayda sa\u011flayarak \u015firket genelinde veri y\u00f6netimini kolayla\u015ft\u0131r\u0131r. Standartla\u015ft\u0131r\u0131lm\u0131\u015f yap\u0131, \u00f6nceki projelere dayal\u0131 maliyet tahminlerini kolayla\u015ft\u0131r\u0131r ve proje finansal y\u00f6netimini basitle\u015ftirir.<\/p>\n<\/div><figure class=\"wp-block-media-text__media\"><img loading=\"lazy\" decoding=\"async\" width=\"1010\" height=\"1006\" src=\"https:\/\/planyard.com\/wp-content\/uploads\/2024\/10\/NAHB_cost_codes.jpg\" alt=\"NAHB cost codes with sections and lower parts\" class=\"wp-image-2296 size-full\" srcset=\"https:\/\/planyard.com\/wp-content\/uploads\/2024\/10\/NAHB_cost_codes.jpg 1010w, https:\/\/planyard.com\/wp-content\/uploads\/2024\/10\/NAHB_cost_codes-150x150.jpg 150w\" sizes=\"auto, (max-width: 1010px) 100vw, 1010px\" \/><\/figure><\/div>\n\n\n\n<div class=\"wp-block-group\"><div class=\"wp-block-group__inner-container is-layout-constrained wp-block-group-is-layout-constrained\">\n<h2 class=\"wp-block-heading has-text-align-center paddedHeading\" id=\"benefits-of-using-construction-cost-codes\">\u0130n\u015faat Maliyet Kodlar\u0131n\u0131n Kullan\u0131m\u0131n\u0131n Faydalar\u0131<\/h2>\n\n\n\n<div class=\"wp-block-columns is-layout-flex wp-container-core-columns-is-layout-9d6595d7 wp-block-columns-is-layout-flex\">\n<div class=\"wp-block-column is-layout-flow wp-block-column-is-layout-flow\">\n<h4 class=\"wp-block-heading\" id=\"cost-control\">Maliyet Kontrol\u00fc<\/h4>\n\n\n\n<p>Projede paran\u0131n nas\u0131l harcand\u0131\u011f\u0131n\u0131 h\u0131zl\u0131 ve kolay bir \u015fekilde belirleyip analiz etmenin yolu.<\/p>\n<\/div>\n\n\n\n<div class=\"wp-block-column is-layout-flow wp-block-column-is-layout-flow\">\n<h4 class=\"wp-block-heading\" id=\"kpis-tracking\">KPI Takibi<\/h4>\n\n\n\n<p>Tahmini maliyet, maliyet tahmini, mevcut maliyetler ve daha fazlas\u0131 gibi KPI&#8217;lar\u0131 takip edin ve y\u00f6netin.<\/p>\n<\/div>\n\n\n\n<div class=\"wp-block-column is-layout-flow wp-block-column-is-layout-flow\">\n<h4 class=\"wp-block-heading\" id=\"ideal-for-companywide-use\">\u015eirket Genelinde Kullan\u0131m<\/h4>\n\n\n\n<p>Ayn\u0131 kodlar\u0131 \u015firket genelinde kullanmak, t\u00fcm payda\u015flar i\u00e7in maliyetleri, hatalar\u0131 ve tahminleri takip etmeyi ve analiz etmeyi kolayla\u015ft\u0131r\u0131r.<\/p>\n<\/div>\n<\/div>\n\n\n\n<div class=\"wp-block-columns is-layout-flex wp-container-core-columns-is-layout-9d6595d7 wp-block-columns-is-layout-flex\">\n<div class=\"wp-block-column is-layout-flow wp-block-column-is-layout-flow\">\n<h4 class=\"wp-block-heading\" id=\"visualize-profit-centers\">K\u00e2r Merkezlerini G\u00f6rselle\u015ftirin<\/h4>\n\n\n\n<p>K\u00e2r merkezlerini ve sorunlu alanlar\u0131 g\u00f6rselle\u015ftirmek i\u00e7in u\u00e7tan uca analiz.<\/p>\n<\/div>\n\n\n\n<div class=\"wp-block-column is-layout-flow wp-block-column-is-layout-flow\">\n<h4 class=\"wp-block-heading\" id=\"estimating\">Tahmin<\/h4>\n\n\n\n<p>Daha do\u011fru ve ger\u00e7ek\u00e7i tahminler olu\u015fturmak i\u00e7in maliyetleri ger\u00e7ek zamanl\u0131 olarak takip etme yap\u0131s\u0131 ve eri\u015fimi sa\u011flar.<\/p>\n<\/div>\n\n\n\n<div class=\"wp-block-column is-layout-flow wp-block-column-is-layout-flow\">\n<h4 class=\"wp-block-heading\" id=\"real-time-tracking\">Ger\u00e7ek Zamanl\u0131 Takip<\/h4>\n\n\n\n<p>Y\u00f6netimin i\u015fin net bir genel g\u00f6r\u00fcn\u00fcm\u00fcne sahip olmas\u0131n\u0131 ve t\u00fcm payda\u015flar\u0131n kat\u0131l\u0131m\u0131n\u0131 sa\u011flar.<\/p>\n<\/div>\n<\/div>\n<\/div><\/div>\n\n\n\n<h2 class=\"wp-block-heading has-text-align-center paddedHeading\" id=\"cost-codes-are-hierarchical-and-chronological\">Maliyet Kodlar\u0131 Hiyerar\u015fik ve Kronolojiktir<\/h2>\n\n\n\n<div class=\"wp-block-media-text alignwide has-media-on-the-right is-stacked-on-mobile\"><div class=\"wp-block-media-text__content\">\n<p>\u0130\u015flerin yap\u0131 ve kronolojik s\u0131rayla b\u00f6l\u00fcnd\u00fc\u011f\u00fcn\u00fc g\u00f6rebilirsiniz. NAHB, maliyet kodlar\u0131n\u0131 iyi bir \u015fekilde tan\u0131mlam\u0131\u015ft\u0131r, b\u00f6ylece b\u00fcy\u00fck i\u015f b\u00f6l\u00fcmleri daha k\u00fc\u00e7\u00fck par\u00e7alardan olu\u015fur.<\/p>\n\n\n\n<p>Bu sayede, projenin a\u015famalar\u0131ndaki ilerlemeyi ve k\u00e2rl\u0131l\u0131\u011f\u0131 kolayca g\u00f6rebilirsiniz. Bu, projenin bitiminden \u00f6nce baz\u0131 ilk i\u015flerin ne kadar k\u00e2r getirece\u011fini zaten g\u00f6rebilece\u011finiz anlam\u0131na gelir.<\/p>\n<\/div><figure class=\"wp-block-media-text__media\"><img loading=\"lazy\" decoding=\"async\" width=\"736\" height=\"890\" src=\"https:\/\/planyard.com\/wp-content\/uploads\/2024\/10\/NAHB_cost_code_job_sections.jpg\" alt=\"NAHB cost code job sections\" class=\"wp-image-2294 size-full\" \/><\/figure><\/div>\n\n\n\n<h2 class=\"wp-block-heading has-text-align-center paddedHeading\" id=\"where-can-you-get-a-list-of-nahb-cost-codes\">NAHB Maliyet Kodlar\u0131 Listesini Nereden Alabilirsiniz?<\/h2>\n\n\n\n<div class=\"wp-block-buttons is-content-justification-center is-layout-flex wp-container-core-buttons-is-layout-16018d1d wp-block-buttons-is-layout-flex\">\n<div class=\"wp-block-button\"><a class=\"wp-block-button__link wp-element-button\" href=\"https:\/\/planyard.com\/tr\/ucretsiz-nahb-maliyet-kodlarinizi-alin\">\u00dccretsiz NAHB \u0130n\u015faat Maliyet Kodlar\u0131n\u0131 Al\u0131n<\/a><\/div>\n<\/div>\n\n\n\n<h3 class=\"wp-block-heading has-text-align-center\">Planyard y\u00fcklenici yaz\u0131l\u0131m\u0131, iddial\u0131 ekiplerin hedeflerini a\u015fmas\u0131na ve b\u00fcy\u00fcmelerini h\u0131zland\u0131rmas\u0131na yard\u0131mc\u0131 olur.<\/h3>\n\n\n\n<div class=\"wp-block-media-text alignwide has-media-on-the-right is-stacked-on-mobile is-vertically-aligned-center\"><div class=\"wp-block-media-text__content\">\n<ul class=\"wp-block-list\">\n<li>Art\u0131k elektronik tablolar yok<\/li>\n\n\n\n<li>Proje y\u00f6neticilerinin ve QS&#8217;lerin zaman\u0131n\u0131 tasarruf eder<\/li>\n\n\n\n<li>Kolay uygulanabilir ve kullan\u0131m\u0131 kolay<\/li>\n\n\n\n<li>Ger\u00e7ek zamanl\u0131 ve do\u011fru finansal tahminler<\/li>\n\n\n\n<li>Art\u0131k yinelenen veri giri\u015fi yok<\/li>\n<\/ul>\n<\/div><figure class=\"wp-block-media-text__media\"><img loading=\"lazy\" decoding=\"async\" width=\"1024\" height=\"598\" src=\"https:\/\/planyard.com\/wp-content\/uploads\/2024\/09\/construction-project-management-software-macbook-iphone-1_reduced-1024x598-1.webp\" alt=\"\" class=\"wp-image-1980 size-large\" \/><\/figure><\/div>\n","protected":false},"excerpt":{"rendered":"<p>NAHB maliyet kodlar\u0131, Ulusal Ev \u00dcreticileri Derne\u011fi taraf\u0131ndan tan\u0131mlanan, finansal ve proje verilerini izlemek, y\u00f6netmek ve raporlamak i\u00e7in standartla\u015ft\u0131r\u0131lm\u0131\u015f bir kod setidir. Bu kodlar, tahminciler, proje y\u00f6neticileri ve muhasebe dahil t\u00fcm payda\u015flara fayda sa\u011flayarak \u015firket genelinde veri y\u00f6netimini kolayla\u015ft\u0131r\u0131r. Standartla\u015ft\u0131r\u0131lm\u0131\u015f yap\u0131, \u00f6nceki projelere dayal\u0131 maliyet tahminlerini kolayla\u015ft\u0131r\u0131r ve proje finansal y\u00f6netimini basitle\u015ftirir. \u0130n\u015faat Maliyet Kodlar\u0131n\u0131n&#8230;  <a class=\"excerpt-read-more\" href=\"https:\/\/planyard.com\/tr\/nahb-maliyet-kodlari\" title=\"Okuyun  NAHB Maliyet Kodlar\u0131\">Daha fazla oku &#8220;<\/a><\/p>\n","protected":false},"author":2,"featured_media":0,"parent":0,"menu_order":0,"comment_status":"closed","ping_status":"closed","template":"","meta":{"_acf_changed":false,"content-type":"","footnotes":""},"page_intent":[171],"page_type":[],"class_list":["post-14487","page","type-page","status-publish","hentry"],"acf":[],"yoast_head":"<!-- This site is optimized with the Yoast SEO plugin v26.9 - https:\/\/yoast.com\/product\/yoast-seo-wordpress\/ -->\n<title>NAHB Maliyet Kodlar\u0131 - K\u0131lavuz ve \u00dccretsiz \u015eablon<\/title>\n<meta name=\"description\" content=\"NAHB in\u015faat maliyet kodlar\u0131n\u0131 \u00fccretsiz indirin ve i\u015f maliyetlerinizi kolayca takip edin. \u015eeffafl\u0131k i\u00e7in s\u00fcre\u00e7lerinizi standartla\u015ft\u0131r\u0131n.\" \/>\n<meta name=\"robots\" content=\"index, follow, max-snippet:-1, max-image-preview:large, max-video-preview:-1\" \/>\n<link rel=\"canonical\" href=\"https:\/\/planyard.com\/tr\/nahb-maliyet-kodlari\" \/>\n<meta property=\"og:locale\" content=\"tr_TR\" \/>\n<meta property=\"og:type\" content=\"article\" \/>\n<meta property=\"og:title\" content=\"NAHB Maliyet Kodlar\u0131 - K\u0131lavuz ve \u00dccretsiz \u015eablon\" \/>\n<meta property=\"og:description\" content=\"NAHB in\u015faat maliyet kodlar\u0131n\u0131 \u00fccretsiz indirin ve i\u015f maliyetlerinizi kolayca takip edin. \u015eeffafl\u0131k i\u00e7in s\u00fcre\u00e7lerinizi standartla\u015ft\u0131r\u0131n.\" \/>\n<meta property=\"og:url\" content=\"https:\/\/planyard.com\/tr\/nahb-maliyet-kodlari\" \/>\n<meta property=\"og:site_name\" content=\"Planyard T\u00fcrkiye\" \/>\n<meta property=\"article:modified_time\" content=\"2025-06-03T18:19:36+00:00\" \/>\n<meta property=\"og:image\" content=\"https:\/\/planyard.com\/wp-content\/uploads\/2024\/10\/NAHB_cost_codes.jpg\" \/>\n\t<meta property=\"og:image:width\" content=\"1010\" \/>\n\t<meta property=\"og:image:height\" content=\"1006\" \/>\n\t<meta property=\"og:image:type\" content=\"image\/jpeg\" \/>\n<meta name=\"twitter:card\" content=\"summary_large_image\" \/>\n<meta name=\"twitter:label1\" content=\"Tahmini okuma s\u00fcresi\" \/>\n\t<meta name=\"twitter:data1\" content=\"2 dakika\" \/>\n<!-- \/ Yoast SEO plugin. -->","yoast_head_json":{"title":"NAHB Maliyet Kodlar\u0131 - K\u0131lavuz ve \u00dccretsiz \u015eablon","description":"NAHB in\u015faat maliyet kodlar\u0131n\u0131 \u00fccretsiz indirin ve i\u015f maliyetlerinizi kolayca takip edin. \u015eeffafl\u0131k i\u00e7in s\u00fcre\u00e7lerinizi standartla\u015ft\u0131r\u0131n.","robots":{"index":"index","follow":"follow","max-snippet":"max-snippet:-1","max-image-preview":"max-image-preview:large","max-video-preview":"max-video-preview:-1"},"canonical":"https:\/\/planyard.com\/tr\/nahb-maliyet-kodlari","og_locale":"tr_TR","og_type":"article","og_title":"NAHB Maliyet Kodlar\u0131 - K\u0131lavuz ve \u00dccretsiz \u015eablon","og_description":"NAHB in\u015faat maliyet kodlar\u0131n\u0131 \u00fccretsiz indirin ve i\u015f maliyetlerinizi kolayca takip edin. \u015eeffafl\u0131k i\u00e7in s\u00fcre\u00e7lerinizi standartla\u015ft\u0131r\u0131n.","og_url":"https:\/\/planyard.com\/tr\/nahb-maliyet-kodlari","og_site_name":"Planyard T\u00fcrkiye","article_modified_time":"2025-06-03T18:19:36+00:00","og_image":[{"width":1010,"height":1006,"url":"https:\/\/planyard.com\/wp-content\/uploads\/2024\/10\/NAHB_cost_codes.jpg","type":"image\/jpeg"}],"twitter_card":"summary_large_image","twitter_misc":{"Tahmini okuma s\u00fcresi":"2 dakika"},"schema":{"@context":"https:\/\/schema.org","@graph":[{"@type":"WebPage","@id":"https:\/\/planyard.com\/tr\/nahb-maliyet-kodlari","url":"https:\/\/planyard.com\/tr\/nahb-maliyet-kodlari","name":"NAHB Maliyet Kodlar\u0131 - K\u0131lavuz ve \u00dccretsiz \u015eablon","isPartOf":{"@id":"https:\/\/planyard.com\/tr#website"},"primaryImageOfPage":{"@id":"https:\/\/planyard.com\/tr\/nahb-maliyet-kodlari#primaryimage"},"image":{"@id":"https:\/\/planyard.com\/tr\/nahb-maliyet-kodlari#primaryimage"},"thumbnailUrl":"https:\/\/planyard.com\/wp-content\/uploads\/2024\/10\/NAHB_cost_codes.jpg","datePublished":"2024-08-26T07:20:15+00:00","dateModified":"2025-06-03T18:19:36+00:00","description":"NAHB in\u015faat maliyet kodlar\u0131n\u0131 \u00fccretsiz indirin ve i\u015f maliyetlerinizi kolayca takip edin. \u015eeffafl\u0131k i\u00e7in s\u00fcre\u00e7lerinizi standartla\u015ft\u0131r\u0131n.","breadcrumb":{"@id":"https:\/\/planyard.com\/tr\/nahb-maliyet-kodlari#breadcrumb"},"inLanguage":"tr","potentialAction":[{"@type":"ReadAction","target":["https:\/\/planyard.com\/tr\/nahb-maliyet-kodlari"]}]},{"@type":"ImageObject","inLanguage":"tr","@id":"https:\/\/planyard.com\/tr\/nahb-maliyet-kodlari#primaryimage","url":"https:\/\/planyard.com\/wp-content\/uploads\/2024\/10\/NAHB_cost_codes.jpg","contentUrl":"https:\/\/planyard.com\/wp-content\/uploads\/2024\/10\/NAHB_cost_codes.jpg"},{"@type":"BreadcrumbList","@id":"https:\/\/planyard.com\/tr\/nahb-maliyet-kodlari#breadcrumb","itemListElement":[{"@type":"ListItem","position":1,"name":"Home","item":"https:\/\/planyard.com\/tr"},{"@type":"ListItem","position":2,"name":"NAHB Maliyet Kodlar\u0131"}]},{"@type":"WebSite","@id":"https:\/\/planyard.com\/tr#website","url":"https:\/\/planyard.com\/tr","name":"Planyard T\u00fcrkiye","description":"","potentialAction":[{"@type":"SearchAction","target":{"@type":"EntryPoint","urlTemplate":"https:\/\/planyard.com\/tr?s={search_term_string}"},"query-input":{"@type":"PropertyValueSpecification","valueRequired":true,"valueName":"search_term_string"}}],"inLanguage":"tr"}]}},"_links":{"self":[{"href":"https:\/\/planyard.com\/tr\/wp-json\/wp\/v2\/pages\/14487","targetHints":{"allow":["GET"]}}],"collection":[{"href":"https:\/\/planyard.com\/tr\/wp-json\/wp\/v2\/pages"}],"about":[{"href":"https:\/\/planyard.com\/tr\/wp-json\/wp\/v2\/types\/page"}],"author":[{"embeddable":true,"href":"https:\/\/planyard.com\/tr\/wp-json\/wp\/v2\/users\/2"}],"replies":[{"embeddable":true,"href":"https:\/\/planyard.com\/tr\/wp-json\/wp\/v2\/comments?post=14487"}],"version-history":[{"count":3,"href":"https:\/\/planyard.com\/tr\/wp-json\/wp\/v2\/pages\/14487\/revisions"}],"predecessor-version":[{"id":16743,"href":"https:\/\/planyard.com\/tr\/wp-json\/wp\/v2\/pages\/14487\/revisions\/16743"}],"wp:attachment":[{"href":"https:\/\/planyard.com\/tr\/wp-json\/wp\/v2\/media?parent=14487"}],"wp:term":[{"taxonomy":"page_intent","embeddable":true,"href":"https:\/\/planyard.com\/tr\/wp-json\/wp\/v2\/page_intent?post=14487"},{"taxonomy":"page_type","embeddable":true,"href":"https:\/\/planyard.com\/tr\/wp-json\/wp\/v2\/page_type?post=14487"}],"curies":[{"name":"wp","href":"https:\/\/api.w.org\/{rel}","templated":true}]}}