{"id":14485,"date":"2024-08-23T13:18:45","date_gmt":"2024-08-23T13:18:45","guid":{"rendered":"https:\/\/planyard.com\/multi-currency-construction-project-accounting-software"},"modified":"2025-05-19T09:54:29","modified_gmt":"2025-05-19T09:54:29","slug":"coklu-para-birimli-insaat-proje-muhasebe-yazilimi","status":"publish","type":"page","link":"https:\/\/planyard.com\/tr\/coklu-para-birimli-insaat-proje-muhasebe-yazilimi","title":{"rendered":"\u00c7oklu Para Birimli \u0130n\u015faat Proje Muhasebe Yaz\u0131l\u0131m\u0131"},"content":{"rendered":"","protected":false},"excerpt":{"rendered":"","protected":false},"author":2,"featured_media":0,"parent":0,"menu_order":0,"comment_status":"closed","ping_status":"closed","template":"","meta":{"_acf_changed":false,"content-type":"","footnotes":""},"page_intent":[156],"page_type":[],"class_list":["post-14485","page","type-page","status-publish","hentry"],"acf":[],"yoast_head":"<!-- This site is optimized with the Yoast SEO plugin v27.1.1 - https:\/\/yoast.com\/product\/yoast-seo-wordpress\/ -->\n<title>\u00c7oklu Para Birimi | Kolay \u0130n\u015faat Proje Muhasebe Yaz\u0131l\u0131m\u0131<\/title>\n<meta name=\"description\" content=\"Planyard yaz\u0131l\u0131m\u0131, \u00e7oklu para birimli in\u015faat proje b\u00fct\u00e7elerini, sat\u0131n alma sipari\u015flerini ve fatura y\u00f6netimini kolayla\u015ft\u0131r\u0131r. 14 g\u00fcn \u00fccretsiz deneyin\" \/>\n<meta name=\"robots\" content=\"index, follow, max-snippet:-1, max-image-preview:large, max-video-preview:-1\" \/>\n<link rel=\"canonical\" href=\"https:\/\/planyard.com\/tr\/coklu-para-birimli-insaat-proje-muhasebe-yazilimi\" \/>\n<meta property=\"og:locale\" content=\"tr_TR\" \/>\n<meta property=\"og:type\" content=\"article\" \/>\n<meta property=\"og:title\" content=\"\u00c7oklu Para Birimi | Kolay \u0130n\u015faat Proje Muhasebe Yaz\u0131l\u0131m\u0131\" \/>\n<meta property=\"og:description\" content=\"Planyard yaz\u0131l\u0131m\u0131, \u00e7oklu para birimli in\u015faat proje b\u00fct\u00e7elerini, sat\u0131n alma sipari\u015flerini ve fatura y\u00f6netimini kolayla\u015ft\u0131r\u0131r. 14 g\u00fcn \u00fccretsiz deneyin\" \/>\n<meta property=\"og:url\" content=\"https:\/\/planyard.com\/tr\/coklu-para-birimli-insaat-proje-muhasebe-yazilimi\" \/>\n<meta property=\"og:site_name\" content=\"Planyard T\u00fcrkiye\" \/>\n<meta property=\"article:modified_time\" content=\"2025-05-19T09:54:29+00:00\" \/>\n<meta name=\"twitter:card\" content=\"summary_large_image\" \/>\n<!-- \/ Yoast SEO plugin. -->","yoast_head_json":{"title":"\u00c7oklu Para Birimi | Kolay \u0130n\u015faat Proje Muhasebe Yaz\u0131l\u0131m\u0131","description":"Planyard yaz\u0131l\u0131m\u0131, \u00e7oklu para birimli in\u015faat proje b\u00fct\u00e7elerini, sat\u0131n alma sipari\u015flerini ve fatura y\u00f6netimini kolayla\u015ft\u0131r\u0131r. 14 g\u00fcn \u00fccretsiz deneyin","robots":{"index":"index","follow":"follow","max-snippet":"max-snippet:-1","max-image-preview":"max-image-preview:large","max-video-preview":"max-video-preview:-1"},"canonical":"https:\/\/planyard.com\/tr\/coklu-para-birimli-insaat-proje-muhasebe-yazilimi","og_locale":"tr_TR","og_type":"article","og_title":"\u00c7oklu Para Birimi | Kolay \u0130n\u015faat Proje Muhasebe Yaz\u0131l\u0131m\u0131","og_description":"Planyard yaz\u0131l\u0131m\u0131, \u00e7oklu para birimli in\u015faat proje b\u00fct\u00e7elerini, sat\u0131n alma sipari\u015flerini ve fatura y\u00f6netimini kolayla\u015ft\u0131r\u0131r. 14 g\u00fcn \u00fccretsiz deneyin","og_url":"https:\/\/planyard.com\/tr\/coklu-para-birimli-insaat-proje-muhasebe-yazilimi","og_site_name":"Planyard T\u00fcrkiye","article_modified_time":"2025-05-19T09:54:29+00:00","twitter_card":"summary_large_image","schema":{"@context":"https:\/\/schema.org","@graph":[{"@type":"WebPage","@id":"https:\/\/planyard.com\/tr\/coklu-para-birimli-insaat-proje-muhasebe-yazilimi","url":"https:\/\/planyard.com\/tr\/coklu-para-birimli-insaat-proje-muhasebe-yazilimi","name":"\u00c7oklu Para Birimi | Kolay \u0130n\u015faat Proje Muhasebe Yaz\u0131l\u0131m\u0131","isPartOf":{"@id":"https:\/\/planyard.com\/tr#website"},"datePublished":"2024-08-23T13:18:45+00:00","dateModified":"2025-05-19T09:54:29+00:00","description":"Planyard yaz\u0131l\u0131m\u0131, \u00e7oklu para birimli in\u015faat proje b\u00fct\u00e7elerini, sat\u0131n alma sipari\u015flerini ve fatura y\u00f6netimini kolayla\u015ft\u0131r\u0131r. 14 g\u00fcn \u00fccretsiz deneyin","breadcrumb":{"@id":"https:\/\/planyard.com\/tr\/coklu-para-birimli-insaat-proje-muhasebe-yazilimi#breadcrumb"},"inLanguage":"tr","potentialAction":[{"@type":"ReadAction","target":["https:\/\/planyard.com\/tr\/coklu-para-birimli-insaat-proje-muhasebe-yazilimi"]}]},{"@type":"BreadcrumbList","@id":"https:\/\/planyard.com\/tr\/coklu-para-birimli-insaat-proje-muhasebe-yazilimi#breadcrumb","itemListElement":[{"@type":"ListItem","position":1,"name":"Home","item":"https:\/\/planyard.com\/tr"},{"@type":"ListItem","position":2,"name":"\u00c7oklu Para Birimli \u0130n\u015faat Proje Muhasebe Yaz\u0131l\u0131m\u0131"}]},{"@type":"WebSite","@id":"https:\/\/planyard.com\/tr#website","url":"https:\/\/planyard.com\/tr","name":"Planyard T\u00fcrkiye","description":"","potentialAction":[{"@type":"SearchAction","target":{"@type":"EntryPoint","urlTemplate":"https:\/\/planyard.com\/tr?s={search_term_string}"},"query-input":{"@type":"PropertyValueSpecification","valueRequired":true,"valueName":"search_term_string"}}],"inLanguage":"tr"}]}},"_links":{"self":[{"href":"https:\/\/planyard.com\/tr\/wp-json\/wp\/v2\/pages\/14485","targetHints":{"allow":["GET"]}}],"collection":[{"href":"https:\/\/planyard.com\/tr\/wp-json\/wp\/v2\/pages"}],"about":[{"href":"https:\/\/planyard.com\/tr\/wp-json\/wp\/v2\/types\/page"}],"author":[{"embeddable":true,"href":"https:\/\/planyard.com\/tr\/wp-json\/wp\/v2\/users\/2"}],"replies":[{"embeddable":true,"href":"https:\/\/planyard.com\/tr\/wp-json\/wp\/v2\/comments?post=14485"}],"version-history":[{"count":1,"href":"https:\/\/planyard.com\/tr\/wp-json\/wp\/v2\/pages\/14485\/revisions"}],"predecessor-version":[{"id":14586,"href":"https:\/\/planyard.com\/tr\/wp-json\/wp\/v2\/pages\/14485\/revisions\/14586"}],"wp:attachment":[{"href":"https:\/\/planyard.com\/tr\/wp-json\/wp\/v2\/media?parent=14485"}],"wp:term":[{"taxonomy":"page_intent","embeddable":true,"href":"https:\/\/planyard.com\/tr\/wp-json\/wp\/v2\/page_intent?post=14485"},{"taxonomy":"page_type","embeddable":true,"href":"https:\/\/planyard.com\/tr\/wp-json\/wp\/v2\/page_type?post=14485"}],"curies":[{"name":"wp","href":"https:\/\/api.w.org\/{rel}","templated":true}]}}