{"id":14480,"date":"2024-08-26T10:49:36","date_gmt":"2024-08-26T10:49:36","guid":{"rendered":"https:\/\/planyard.com\/set-realistic-project-management-goals"},"modified":"2025-05-19T19:33:39","modified_gmt":"2025-05-19T19:33:39","slug":"gercekci-proje-yonetimi-hedefleri-nasil-belirlenir","status":"publish","type":"page","link":"https:\/\/planyard.com\/tr\/gercekci-proje-yonetimi-hedefleri-nasil-belirlenir","title":{"rendered":"Ger\u00e7ek\u00e7i Proje Y\u00f6netimi Hedefleri Nas\u0131l Belirlenir (Yay\u0131n Tarihi 31 A\u011fustos 2023)"},"content":{"rendered":"\n<div class=\"wp-block-columns is-layout-flex wp-container-core-columns-is-layout-9d6595d7 wp-block-columns-is-layout-flex\">\n<div class=\"wp-block-column is-layout-flow wp-block-column-is-layout-flow\">\n<h2 class=\"wp-block-heading\">Hemen abone olun, yay\u0131nland\u0131\u011f\u0131nda size bir e-posta g\u00f6nderelim<\/h2>\n\n\n\n<h5 class=\"wp-block-heading\">Bu k\u0131lavuzu okuman\u0131n size faydas\u0131 ne olacak?<\/h5>\n\n\n\n<ol class=\"wp-block-list\">\n<li>Ger\u00e7ek\u00e7i hedefler belirlemek i\u00e7in gereken bilgileri edineceksiniz<\/li>\n\n\n\n<li>Proje y\u00f6netimi becerilerinizi nas\u0131l geli\u015ftirece\u011finizi \u00f6\u011freneceksiniz<\/li>\n\n\n\n<li>Projenizi zaman\u0131nda ve maliyetine uygun \u015fekilde nas\u0131l teslim edece\u011finizi \u00f6\u011freneceksiniz<\/li>\n<\/ol>\n\n\n\n<p>Proje y\u00f6neticileri taraf\u0131ndan, proje y\u00f6neticileri i\u00e7in olu\u015fturulmu\u015ftur.<\/p>\n<\/div>\n\n\n\n<div class=\"wp-block-column is-layout-flow wp-block-column-is-layout-flow\">\n\n\n  hbspt.forms.create({\n\tportalId: &#8220;4963994&#8221;,\n\tformId: &#8220;6d637baa-1f66-4c3c-8cb5-c8ddd8057932&#8221;\n});\n\n<\/div>\n<\/div>\n","protected":false},"excerpt":{"rendered":"<p>Hemen abone olun, yay\u0131nland\u0131\u011f\u0131nda size bir e-posta g\u00f6nderelim Bu k\u0131lavuzu okuman\u0131n size faydas\u0131 ne olacak? Proje y\u00f6neticileri taraf\u0131ndan, proje y\u00f6neticileri i\u00e7in olu\u015fturulmu\u015ftur. hbspt.forms.create({ portalId: &#8220;4963994&#8221;, formId: &#8220;6d637baa-1f66-4c3c-8cb5-c8ddd8057932&#8221; });<\/p>\n","protected":false},"author":2,"featured_media":0,"parent":0,"menu_order":0,"comment_status":"closed","ping_status":"closed","template":"","meta":{"_acf_changed":false,"content-type":"","footnotes":""},"page_intent":[171],"page_type":[],"class_list":["post-14480","page","type-page","status-publish","hentry"],"acf":[],"yoast_head":"<!-- This site is optimized with the Yoast SEO plugin v26.9 - https:\/\/yoast.com\/product\/yoast-seo-wordpress\/ -->\n<title>Ger\u00e7ek\u00e7i Proje Y\u00f6netimi Hedefleri Nas\u0131l Belirlenir (Yay\u0131n Tarihi 31 A\u011fustos 2023) - Planyard T\u00fcrkiye<\/title>\n<meta name=\"description\" content=\"Formu doldurun ve in\u015faat proje y\u00f6netimi k\u0131lavuzunu indirin, proje y\u00f6netimi becerilerinizi geli\u015ftirin.\" \/>\n<meta name=\"robots\" content=\"index, follow, max-snippet:-1, max-image-preview:large, max-video-preview:-1\" \/>\n<link rel=\"canonical\" href=\"https:\/\/planyard.com\/tr\/gercekci-proje-yonetimi-hedefleri-nasil-belirlenir\" \/>\n<meta property=\"og:locale\" content=\"tr_TR\" \/>\n<meta property=\"og:type\" content=\"article\" \/>\n<meta property=\"og:title\" content=\"Ger\u00e7ek\u00e7i Proje Y\u00f6netimi Hedefleri Nas\u0131l Belirlenir (Yay\u0131n Tarihi 31 A\u011fustos 2023) - Planyard T\u00fcrkiye\" \/>\n<meta property=\"og:description\" content=\"Formu doldurun ve in\u015faat proje y\u00f6netimi k\u0131lavuzunu indirin, proje y\u00f6netimi becerilerinizi geli\u015ftirin.\" \/>\n<meta property=\"og:url\" content=\"https:\/\/planyard.com\/tr\/gercekci-proje-yonetimi-hedefleri-nasil-belirlenir\" \/>\n<meta property=\"og:site_name\" content=\"Planyard T\u00fcrkiye\" \/>\n<meta property=\"article:modified_time\" content=\"2025-05-19T19:33:39+00:00\" \/>\n<meta name=\"twitter:card\" content=\"summary_large_image\" \/>\n<meta name=\"twitter:label1\" content=\"Tahmini okuma s\u00fcresi\" \/>\n\t<meta name=\"twitter:data1\" content=\"1 dakika\" \/>\n<!-- \/ Yoast SEO plugin. -->","yoast_head_json":{"title":"Ger\u00e7ek\u00e7i Proje Y\u00f6netimi Hedefleri Nas\u0131l Belirlenir (Yay\u0131n Tarihi 31 A\u011fustos 2023) - Planyard T\u00fcrkiye","description":"Formu doldurun ve in\u015faat proje y\u00f6netimi k\u0131lavuzunu indirin, proje y\u00f6netimi becerilerinizi geli\u015ftirin.","robots":{"index":"index","follow":"follow","max-snippet":"max-snippet:-1","max-image-preview":"max-image-preview:large","max-video-preview":"max-video-preview:-1"},"canonical":"https:\/\/planyard.com\/tr\/gercekci-proje-yonetimi-hedefleri-nasil-belirlenir","og_locale":"tr_TR","og_type":"article","og_title":"Ger\u00e7ek\u00e7i Proje Y\u00f6netimi Hedefleri Nas\u0131l Belirlenir (Yay\u0131n Tarihi 31 A\u011fustos 2023) - Planyard T\u00fcrkiye","og_description":"Formu doldurun ve in\u015faat proje y\u00f6netimi k\u0131lavuzunu indirin, proje y\u00f6netimi becerilerinizi geli\u015ftirin.","og_url":"https:\/\/planyard.com\/tr\/gercekci-proje-yonetimi-hedefleri-nasil-belirlenir","og_site_name":"Planyard T\u00fcrkiye","article_modified_time":"2025-05-19T19:33:39+00:00","twitter_card":"summary_large_image","twitter_misc":{"Tahmini okuma s\u00fcresi":"1 dakika"},"schema":{"@context":"https:\/\/schema.org","@graph":[{"@type":"WebPage","@id":"https:\/\/planyard.com\/tr\/gercekci-proje-yonetimi-hedefleri-nasil-belirlenir","url":"https:\/\/planyard.com\/tr\/gercekci-proje-yonetimi-hedefleri-nasil-belirlenir","name":"Ger\u00e7ek\u00e7i Proje Y\u00f6netimi Hedefleri Nas\u0131l Belirlenir (Yay\u0131n Tarihi 31 A\u011fustos 2023) - Planyard T\u00fcrkiye","isPartOf":{"@id":"https:\/\/planyard.com\/tr#website"},"datePublished":"2024-08-26T10:49:36+00:00","dateModified":"2025-05-19T19:33:39+00:00","description":"Formu doldurun ve in\u015faat proje y\u00f6netimi k\u0131lavuzunu indirin, proje y\u00f6netimi becerilerinizi geli\u015ftirin.","breadcrumb":{"@id":"https:\/\/planyard.com\/tr\/gercekci-proje-yonetimi-hedefleri-nasil-belirlenir#breadcrumb"},"inLanguage":"tr","potentialAction":[{"@type":"ReadAction","target":["https:\/\/planyard.com\/tr\/gercekci-proje-yonetimi-hedefleri-nasil-belirlenir"]}]},{"@type":"BreadcrumbList","@id":"https:\/\/planyard.com\/tr\/gercekci-proje-yonetimi-hedefleri-nasil-belirlenir#breadcrumb","itemListElement":[{"@type":"ListItem","position":1,"name":"Home","item":"https:\/\/planyard.com\/tr"},{"@type":"ListItem","position":2,"name":"Ger\u00e7ek\u00e7i Proje Y\u00f6netimi Hedefleri Nas\u0131l Belirlenir (Yay\u0131n Tarihi 31 A\u011fustos 2023)"}]},{"@type":"WebSite","@id":"https:\/\/planyard.com\/tr#website","url":"https:\/\/planyard.com\/tr","name":"Planyard T\u00fcrkiye","description":"","potentialAction":[{"@type":"SearchAction","target":{"@type":"EntryPoint","urlTemplate":"https:\/\/planyard.com\/tr?s={search_term_string}"},"query-input":{"@type":"PropertyValueSpecification","valueRequired":true,"valueName":"search_term_string"}}],"inLanguage":"tr"}]}},"_links":{"self":[{"href":"https:\/\/planyard.com\/tr\/wp-json\/wp\/v2\/pages\/14480","targetHints":{"allow":["GET"]}}],"collection":[{"href":"https:\/\/planyard.com\/tr\/wp-json\/wp\/v2\/pages"}],"about":[{"href":"https:\/\/planyard.com\/tr\/wp-json\/wp\/v2\/types\/page"}],"author":[{"embeddable":true,"href":"https:\/\/planyard.com\/tr\/wp-json\/wp\/v2\/users\/2"}],"replies":[{"embeddable":true,"href":"https:\/\/planyard.com\/tr\/wp-json\/wp\/v2\/comments?post=14480"}],"version-history":[{"count":2,"href":"https:\/\/planyard.com\/tr\/wp-json\/wp\/v2\/pages\/14480\/revisions"}],"predecessor-version":[{"id":16522,"href":"https:\/\/planyard.com\/tr\/wp-json\/wp\/v2\/pages\/14480\/revisions\/16522"}],"wp:attachment":[{"href":"https:\/\/planyard.com\/tr\/wp-json\/wp\/v2\/media?parent=14480"}],"wp:term":[{"taxonomy":"page_intent","embeddable":true,"href":"https:\/\/planyard.com\/tr\/wp-json\/wp\/v2\/page_intent?post=14480"},{"taxonomy":"page_type","embeddable":true,"href":"https:\/\/planyard.com\/tr\/wp-json\/wp\/v2\/page_type?post=14480"}],"curies":[{"name":"wp","href":"https:\/\/api.w.org\/{rel}","templated":true}]}}