{"id":14474,"date":"2024-08-22T08:19:41","date_gmt":"2024-08-22T08:19:41","guid":{"rendered":"https:\/\/planyard.com\/how-to-develop-construction-projects"},"modified":"2025-05-19T19:41:56","modified_gmt":"2025-05-19T19:41:56","slug":"insaat-projeleri-nasil-gelistirilir","status":"publish","type":"page","link":"https:\/\/planyard.com\/tr\/insaat-projeleri-nasil-gelistirilir","title":{"rendered":"\u0130n\u015faat Projeleri Nas\u0131l Geli\u015ftirilir (Yay\u0131n Tarihi: 6 Nisan 2023)"},"content":{"rendered":"\n<div class=\"wp-block-columns is-layout-flex wp-container-core-columns-is-layout-9d6595d7 wp-block-columns-is-layout-flex\">\n<div class=\"wp-block-column is-layout-flow wp-block-column-is-layout-flow\">\n<h2 class=\"wp-block-heading\">Hemen Abone Olun, Yay\u0131nland\u0131\u011f\u0131nda Size E-posta G\u00f6nderelim<\/h2>\n\n\n\n<h5 class=\"wp-block-heading\">Bu k\u0131lavuzu okumak size nas\u0131l fayda sa\u011flayacak?<\/h5>\n\n\n\n<ol class=\"wp-block-list\">\n<li>\u0130n\u015faat projeleri geli\u015ftirmek i\u00e7in gereken bilgileri edineceksiniz<\/li>\n\n\n\n<li>Proje y\u00f6netimi becerilerinizi nas\u0131l geli\u015ftirece\u011finizi \u00f6\u011freneceksiniz<\/li>\n\n\n\n<li>Projenizi zaman\u0131nda ve maliyetine uygun \u015fekilde nas\u0131l teslim edece\u011finizi \u00f6\u011freneceksiniz<\/li>\n<\/ol>\n\n\n\n<p>Proje y\u00f6neticileri taraf\u0131ndan, proje y\u00f6neticileri i\u00e7in olu\u015fturulmu\u015ftur<\/p>\n<\/div>\n\n\n\n<div class=\"wp-block-column is-layout-flow wp-block-column-is-layout-flow\">\n<script charset=\"utf-8\" type=\"text\/javascript\" src=\"\/\/js.hsforms.net\/forms\/shell.js\"><\/script>\n<script>\n  hbspt.forms.create({\n\tportalId: \"4963994\",\n\tformId: \"2833c1c7-94de-4577-a2d1-804bb8dfc962\"\n});\n<\/script>\n<\/div>\n<\/div>\n","protected":false},"excerpt":{"rendered":"<p>Hemen Abone Olun, Yay\u0131nland\u0131\u011f\u0131nda Size E-posta G\u00f6nderelim Bu k\u0131lavuzu okumak size nas\u0131l fayda sa\u011flayacak? Proje y\u00f6neticileri taraf\u0131ndan, proje y\u00f6neticileri i\u00e7in olu\u015fturulmu\u015ftur<\/p>\n","protected":false},"author":2,"featured_media":0,"parent":0,"menu_order":0,"comment_status":"closed","ping_status":"closed","template":"","meta":{"_acf_changed":false,"content-type":"","footnotes":""},"page_intent":[171],"page_type":[],"class_list":["post-14474","page","type-page","status-publish","hentry"],"acf":[],"yoast_head":"<!-- This site is optimized with the Yoast SEO plugin v27.1.1 - https:\/\/yoast.com\/product\/yoast-seo-wordpress\/ -->\n<title>\u0130n\u015faat Projeleri Nas\u0131l Geli\u015ftirilir (Yay\u0131n Tarihi: 6 Nisan 2023) - Planyard T\u00fcrkiye<\/title>\n<meta name=\"description\" content=\"Formu doldurun ve in\u015faat proje y\u00f6netimi k\u0131lavuzunu indirin, proje y\u00f6netimi becerilerinizi geli\u015ftirin.\" \/>\n<meta name=\"robots\" content=\"index, follow, max-snippet:-1, max-image-preview:large, max-video-preview:-1\" \/>\n<link rel=\"canonical\" href=\"https:\/\/planyard.com\/tr\/insaat-projeleri-nasil-gelistirilir\" \/>\n<meta property=\"og:locale\" content=\"tr_TR\" \/>\n<meta property=\"og:type\" content=\"article\" \/>\n<meta property=\"og:title\" content=\"\u0130n\u015faat Projeleri Nas\u0131l Geli\u015ftirilir (Yay\u0131n Tarihi: 6 Nisan 2023) - Planyard T\u00fcrkiye\" \/>\n<meta property=\"og:description\" content=\"Formu doldurun ve in\u015faat proje y\u00f6netimi k\u0131lavuzunu indirin, proje y\u00f6netimi becerilerinizi geli\u015ftirin.\" \/>\n<meta property=\"og:url\" content=\"https:\/\/planyard.com\/tr\/insaat-projeleri-nasil-gelistirilir\" \/>\n<meta property=\"og:site_name\" content=\"Planyard T\u00fcrkiye\" \/>\n<meta property=\"article:modified_time\" content=\"2025-05-19T19:41:56+00:00\" \/>\n<meta name=\"twitter:card\" content=\"summary_large_image\" \/>\n<meta name=\"twitter:label1\" content=\"Tahmini okuma s\u00fcresi\" \/>\n\t<meta name=\"twitter:data1\" content=\"1 dakika\" \/>\n<!-- \/ Yoast SEO plugin. -->","yoast_head_json":{"title":"\u0130n\u015faat Projeleri Nas\u0131l Geli\u015ftirilir (Yay\u0131n Tarihi: 6 Nisan 2023) - Planyard T\u00fcrkiye","description":"Formu doldurun ve in\u015faat proje y\u00f6netimi k\u0131lavuzunu indirin, proje y\u00f6netimi becerilerinizi geli\u015ftirin.","robots":{"index":"index","follow":"follow","max-snippet":"max-snippet:-1","max-image-preview":"max-image-preview:large","max-video-preview":"max-video-preview:-1"},"canonical":"https:\/\/planyard.com\/tr\/insaat-projeleri-nasil-gelistirilir","og_locale":"tr_TR","og_type":"article","og_title":"\u0130n\u015faat Projeleri Nas\u0131l Geli\u015ftirilir (Yay\u0131n Tarihi: 6 Nisan 2023) - Planyard T\u00fcrkiye","og_description":"Formu doldurun ve in\u015faat proje y\u00f6netimi k\u0131lavuzunu indirin, proje y\u00f6netimi becerilerinizi geli\u015ftirin.","og_url":"https:\/\/planyard.com\/tr\/insaat-projeleri-nasil-gelistirilir","og_site_name":"Planyard T\u00fcrkiye","article_modified_time":"2025-05-19T19:41:56+00:00","twitter_card":"summary_large_image","twitter_misc":{"Tahmini okuma s\u00fcresi":"1 dakika"},"schema":{"@context":"https:\/\/schema.org","@graph":[{"@type":"WebPage","@id":"https:\/\/planyard.com\/tr\/insaat-projeleri-nasil-gelistirilir","url":"https:\/\/planyard.com\/tr\/insaat-projeleri-nasil-gelistirilir","name":"\u0130n\u015faat Projeleri Nas\u0131l Geli\u015ftirilir (Yay\u0131n Tarihi: 6 Nisan 2023) - Planyard T\u00fcrkiye","isPartOf":{"@id":"https:\/\/planyard.com\/tr#website"},"datePublished":"2024-08-22T08:19:41+00:00","dateModified":"2025-05-19T19:41:56+00:00","description":"Formu doldurun ve in\u015faat proje y\u00f6netimi k\u0131lavuzunu indirin, proje y\u00f6netimi becerilerinizi geli\u015ftirin.","breadcrumb":{"@id":"https:\/\/planyard.com\/tr\/insaat-projeleri-nasil-gelistirilir#breadcrumb"},"inLanguage":"tr","potentialAction":[{"@type":"ReadAction","target":["https:\/\/planyard.com\/tr\/insaat-projeleri-nasil-gelistirilir"]}]},{"@type":"BreadcrumbList","@id":"https:\/\/planyard.com\/tr\/insaat-projeleri-nasil-gelistirilir#breadcrumb","itemListElement":[{"@type":"ListItem","position":1,"name":"Home","item":"https:\/\/planyard.com\/tr"},{"@type":"ListItem","position":2,"name":"\u0130n\u015faat Projeleri Nas\u0131l Geli\u015ftirilir (Yay\u0131n Tarihi: 6 Nisan 2023)"}]},{"@type":"WebSite","@id":"https:\/\/planyard.com\/tr#website","url":"https:\/\/planyard.com\/tr","name":"Planyard T\u00fcrkiye","description":"","potentialAction":[{"@type":"SearchAction","target":{"@type":"EntryPoint","urlTemplate":"https:\/\/planyard.com\/tr?s={search_term_string}"},"query-input":{"@type":"PropertyValueSpecification","valueRequired":true,"valueName":"search_term_string"}}],"inLanguage":"tr"}]}},"_links":{"self":[{"href":"https:\/\/planyard.com\/tr\/wp-json\/wp\/v2\/pages\/14474","targetHints":{"allow":["GET"]}}],"collection":[{"href":"https:\/\/planyard.com\/tr\/wp-json\/wp\/v2\/pages"}],"about":[{"href":"https:\/\/planyard.com\/tr\/wp-json\/wp\/v2\/types\/page"}],"author":[{"embeddable":true,"href":"https:\/\/planyard.com\/tr\/wp-json\/wp\/v2\/users\/2"}],"replies":[{"embeddable":true,"href":"https:\/\/planyard.com\/tr\/wp-json\/wp\/v2\/comments?post=14474"}],"version-history":[{"count":1,"href":"https:\/\/planyard.com\/tr\/wp-json\/wp\/v2\/pages\/14474\/revisions"}],"predecessor-version":[{"id":14631,"href":"https:\/\/planyard.com\/tr\/wp-json\/wp\/v2\/pages\/14474\/revisions\/14631"}],"wp:attachment":[{"href":"https:\/\/planyard.com\/tr\/wp-json\/wp\/v2\/media?parent=14474"}],"wp:term":[{"taxonomy":"page_intent","embeddable":true,"href":"https:\/\/planyard.com\/tr\/wp-json\/wp\/v2\/page_intent?post=14474"},{"taxonomy":"page_type","embeddable":true,"href":"https:\/\/planyard.com\/tr\/wp-json\/wp\/v2\/page_type?post=14474"}],"curies":[{"name":"wp","href":"https:\/\/api.w.org\/{rel}","templated":true}]}}