{"id":14472,"date":"2024-08-22T08:14:52","date_gmt":"2024-08-22T08:14:52","guid":{"rendered":"https:\/\/planyard.com\/how-to-create-subcontracts"},"modified":"2025-05-19T19:34:31","modified_gmt":"2025-05-19T19:34:31","slug":"alt-sozlesmeler-nasil-olusturulur","status":"publish","type":"page","link":"https:\/\/planyard.com\/tr\/alt-sozlesmeler-nasil-olusturulur","title":{"rendered":"Alt S\u00f6zle\u015fmeler Nas\u0131l Olu\u015fturulur ve \u0130mzalan\u0131r (Yay\u0131n Tarihi: 27 Nisan 2023)"},"content":{"rendered":"\n<div class=\"wp-block-columns is-layout-flex wp-container-core-columns-is-layout-9d6595d7 wp-block-columns-is-layout-flex\">\n<div class=\"wp-block-column is-layout-flow wp-block-column-is-layout-flow\">\n<h2 class=\"wp-block-heading\">Hemen Abone Olun, Yay\u0131nland\u0131\u011f\u0131nda Size E-posta G\u00f6nderelim<\/h2>\n\n\n\n<h5 class=\"wp-block-heading\">Bu k\u0131lavuzu okumak size ne kazand\u0131racak?<\/h5>\n\n\n\n<ol class=\"wp-block-list\">\n<li>Alt s\u00f6zle\u015fmeler olu\u015fturma ve imzalama konusunda gerekli bilgileri edineceksiniz<\/li>\n\n\n\n<li>Proje y\u00f6netimi becerilerinizi nas\u0131l geli\u015ftirece\u011finizi \u00f6\u011freneceksiniz<\/li>\n\n\n\n<li>Projenizi zaman\u0131nda ve maliyetine uygun \u015fekilde nas\u0131l teslim edece\u011finizi \u00f6\u011freneceksiniz<\/li>\n<\/ol>\n\n\n\n<p>Proje y\u00f6neticileri taraf\u0131ndan, proje y\u00f6neticileri i\u00e7in olu\u015fturulmu\u015ftur<\/p>\n<\/div>\n\n\n\n<div class=\"wp-block-column is-layout-flow wp-block-column-is-layout-flow\">\n<script charset=\"utf-8\" type=\"text\/javascript\" src=\"\/\/js.hsforms.net\/forms\/shell.js\"><\/script>\n<script>\n  hbspt.forms.create({\n\tportalId: \"4963994\",\n\tformId: \"755fb653-4e2b-44be-8e55-113df2ff998b\"\n});\n<\/script>\n<\/div>\n<\/div>\n","protected":false},"excerpt":{"rendered":"<p>Hemen Abone Olun, Yay\u0131nland\u0131\u011f\u0131nda Size E-posta G\u00f6nderelim Bu k\u0131lavuzu okumak size ne kazand\u0131racak? Proje y\u00f6neticileri taraf\u0131ndan, proje y\u00f6neticileri i\u00e7in olu\u015fturulmu\u015ftur<\/p>\n","protected":false},"author":2,"featured_media":0,"parent":0,"menu_order":0,"comment_status":"closed","ping_status":"closed","template":"","meta":{"_acf_changed":false,"content-type":"","footnotes":""},"page_intent":[171],"page_type":[],"class_list":["post-14472","page","type-page","status-publish","hentry"],"acf":[],"yoast_head":"<!-- This site is optimized with the Yoast SEO plugin v27.1.1 - https:\/\/yoast.com\/product\/yoast-seo-wordpress\/ -->\n<title>Alt S\u00f6zle\u015fmeler Nas\u0131l Olu\u015fturulur ve \u0130mzalan\u0131r (Yay\u0131n Tarihi: 27 Nisan 2023) - Planyard T\u00fcrkiye<\/title>\n<meta name=\"description\" content=\"Formu doldurun ve in\u015faat proje y\u00f6netimi k\u0131lavuzunu indirerek proje y\u00f6netimi becerilerinizi geli\u015ftirin.\" \/>\n<meta name=\"robots\" content=\"index, follow, max-snippet:-1, max-image-preview:large, max-video-preview:-1\" \/>\n<link rel=\"canonical\" href=\"https:\/\/planyard.com\/tr\/alt-sozlesmeler-nasil-olusturulur\" \/>\n<meta property=\"og:locale\" content=\"tr_TR\" \/>\n<meta property=\"og:type\" content=\"article\" \/>\n<meta property=\"og:title\" content=\"Alt S\u00f6zle\u015fmeler Nas\u0131l Olu\u015fturulur ve \u0130mzalan\u0131r (Yay\u0131n Tarihi: 27 Nisan 2023) - Planyard T\u00fcrkiye\" \/>\n<meta property=\"og:description\" content=\"Formu doldurun ve in\u015faat proje y\u00f6netimi k\u0131lavuzunu indirerek proje y\u00f6netimi becerilerinizi geli\u015ftirin.\" \/>\n<meta property=\"og:url\" content=\"https:\/\/planyard.com\/tr\/alt-sozlesmeler-nasil-olusturulur\" \/>\n<meta property=\"og:site_name\" content=\"Planyard T\u00fcrkiye\" \/>\n<meta property=\"article:modified_time\" content=\"2025-05-19T19:34:31+00:00\" \/>\n<meta name=\"twitter:card\" content=\"summary_large_image\" \/>\n<meta name=\"twitter:label1\" content=\"Tahmini okuma s\u00fcresi\" \/>\n\t<meta name=\"twitter:data1\" content=\"1 dakika\" \/>\n<!-- \/ Yoast SEO plugin. -->","yoast_head_json":{"title":"Alt S\u00f6zle\u015fmeler Nas\u0131l Olu\u015fturulur ve \u0130mzalan\u0131r (Yay\u0131n Tarihi: 27 Nisan 2023) - Planyard T\u00fcrkiye","description":"Formu doldurun ve in\u015faat proje y\u00f6netimi k\u0131lavuzunu indirerek proje y\u00f6netimi becerilerinizi geli\u015ftirin.","robots":{"index":"index","follow":"follow","max-snippet":"max-snippet:-1","max-image-preview":"max-image-preview:large","max-video-preview":"max-video-preview:-1"},"canonical":"https:\/\/planyard.com\/tr\/alt-sozlesmeler-nasil-olusturulur","og_locale":"tr_TR","og_type":"article","og_title":"Alt S\u00f6zle\u015fmeler Nas\u0131l Olu\u015fturulur ve \u0130mzalan\u0131r (Yay\u0131n Tarihi: 27 Nisan 2023) - Planyard T\u00fcrkiye","og_description":"Formu doldurun ve in\u015faat proje y\u00f6netimi k\u0131lavuzunu indirerek proje y\u00f6netimi becerilerinizi geli\u015ftirin.","og_url":"https:\/\/planyard.com\/tr\/alt-sozlesmeler-nasil-olusturulur","og_site_name":"Planyard T\u00fcrkiye","article_modified_time":"2025-05-19T19:34:31+00:00","twitter_card":"summary_large_image","twitter_misc":{"Tahmini okuma s\u00fcresi":"1 dakika"},"schema":{"@context":"https:\/\/schema.org","@graph":[{"@type":"WebPage","@id":"https:\/\/planyard.com\/tr\/alt-sozlesmeler-nasil-olusturulur","url":"https:\/\/planyard.com\/tr\/alt-sozlesmeler-nasil-olusturulur","name":"Alt S\u00f6zle\u015fmeler Nas\u0131l Olu\u015fturulur ve \u0130mzalan\u0131r (Yay\u0131n Tarihi: 27 Nisan 2023) - Planyard T\u00fcrkiye","isPartOf":{"@id":"https:\/\/planyard.com\/tr#website"},"datePublished":"2024-08-22T08:14:52+00:00","dateModified":"2025-05-19T19:34:31+00:00","description":"Formu doldurun ve in\u015faat proje y\u00f6netimi k\u0131lavuzunu indirerek proje y\u00f6netimi becerilerinizi geli\u015ftirin.","breadcrumb":{"@id":"https:\/\/planyard.com\/tr\/alt-sozlesmeler-nasil-olusturulur#breadcrumb"},"inLanguage":"tr","potentialAction":[{"@type":"ReadAction","target":["https:\/\/planyard.com\/tr\/alt-sozlesmeler-nasil-olusturulur"]}]},{"@type":"BreadcrumbList","@id":"https:\/\/planyard.com\/tr\/alt-sozlesmeler-nasil-olusturulur#breadcrumb","itemListElement":[{"@type":"ListItem","position":1,"name":"Home","item":"https:\/\/planyard.com\/tr"},{"@type":"ListItem","position":2,"name":"Alt S\u00f6zle\u015fmeler Nas\u0131l Olu\u015fturulur ve \u0130mzalan\u0131r (Yay\u0131n Tarihi: 27 Nisan 2023)"}]},{"@type":"WebSite","@id":"https:\/\/planyard.com\/tr#website","url":"https:\/\/planyard.com\/tr","name":"Planyard T\u00fcrkiye","description":"","potentialAction":[{"@type":"SearchAction","target":{"@type":"EntryPoint","urlTemplate":"https:\/\/planyard.com\/tr?s={search_term_string}"},"query-input":{"@type":"PropertyValueSpecification","valueRequired":true,"valueName":"search_term_string"}}],"inLanguage":"tr"}]}},"_links":{"self":[{"href":"https:\/\/planyard.com\/tr\/wp-json\/wp\/v2\/pages\/14472","targetHints":{"allow":["GET"]}}],"collection":[{"href":"https:\/\/planyard.com\/tr\/wp-json\/wp\/v2\/pages"}],"about":[{"href":"https:\/\/planyard.com\/tr\/wp-json\/wp\/v2\/types\/page"}],"author":[{"embeddable":true,"href":"https:\/\/planyard.com\/tr\/wp-json\/wp\/v2\/users\/2"}],"replies":[{"embeddable":true,"href":"https:\/\/planyard.com\/tr\/wp-json\/wp\/v2\/comments?post=14472"}],"version-history":[{"count":1,"href":"https:\/\/planyard.com\/tr\/wp-json\/wp\/v2\/pages\/14472\/revisions"}],"predecessor-version":[{"id":14626,"href":"https:\/\/planyard.com\/tr\/wp-json\/wp\/v2\/pages\/14472\/revisions\/14626"}],"wp:attachment":[{"href":"https:\/\/planyard.com\/tr\/wp-json\/wp\/v2\/media?parent=14472"}],"wp:term":[{"taxonomy":"page_intent","embeddable":true,"href":"https:\/\/planyard.com\/tr\/wp-json\/wp\/v2\/page_intent?post=14472"},{"taxonomy":"page_type","embeddable":true,"href":"https:\/\/planyard.com\/tr\/wp-json\/wp\/v2\/page_type?post=14472"}],"curies":[{"name":"wp","href":"https:\/\/api.w.org\/{rel}","templated":true}]}}