{"id":14469,"date":"2025-03-18T14:12:20","date_gmt":"2025-03-18T14:12:20","guid":{"rendered":"https:\/\/planyard.com\/get-your-free-construction-cost-codes"},"modified":"2025-05-19T19:34:04","modified_gmt":"2025-05-19T19:34:04","slug":"ucretsiz-maliyet-kodlari-tablosunu-indirin","status":"publish","type":"page","link":"https:\/\/planyard.com\/tr\/ucretsiz-maliyet-kodlari-tablosunu-indirin","title":{"rendered":"\u00dccretsiz Maliyet Kodlar\u0131 Tablosunu \u0130ndirin"},"content":{"rendered":"\n<div class=\"wp-block-columns is-layout-flex wp-container-core-columns-is-layout-9d6595d7 wp-block-columns-is-layout-flex\">\n<div class=\"wp-block-column is-layout-flow wp-block-column-is-layout-flow\">\n<p>\u00dccretsiz in\u015faat Maliyet Kodlar\u0131n\u0131z\u0131 tablo format\u0131nda edinin ve \u00f6zg\u00fcrce kullan\u0131n. Maliyet kodlar\u0131, projeler aras\u0131nda maliyet yap\u0131lar\u0131n\u0131n standartla\u015ft\u0131r\u0131lmas\u0131n\u0131 sa\u011flar.<\/p>\n\n\n\n<h5 class=\"wp-block-heading\">Bu \u00fccretsiz belge, in\u015faat projelerinde bu maliyet kodlar\u0131n\u0131 kullanmak isteyen in\u015faat profesyonelleri i\u00e7in tasarlanm\u0131\u015ft\u0131r.<\/h5>\n\n\n\n<p>Formu doldurduktan sonra, e-posta kutunuza an\u0131nda bir indirme ba\u011flant\u0131s\u0131 alacaks\u0131n\u0131z.<\/p>\n<\/div>\n\n\n\n<div class=\"wp-block-column is-layout-flow wp-block-column-is-layout-flow\">\n<div id=\"mc_embed_shell\">\n      <link href=\"\/\/cdn-images.mailchimp.com\/embedcode\/classic-061523.css\" rel=\"stylesheet\" type=\"text\/css\">\n  <style type=\"text\/css\">\n        #mc_embed_signup{background:#fff; false;clear:left; font:14px Helvetica,Arial,sans-serif; width: 600px;}\n        \/* Add your own Mailchimp form style overrides in your site stylesheet or in this style block.\n           We recommend moving this block and the preceding CSS link to the HEAD of your HTML file. *\/\n<\/style>\n<div id=\"mc_embed_signup\">\n    <form action=\"https:\/\/fizure.us20.list-manage.com\/subscribe\/post?u=f9f67b9f9dc3438656ad73fc8&amp;id=f8c5dc20cf&amp;f_id=004e20eef0\" method=\"post\" id=\"mc-embedded-subscribe-form\" name=\"mc-embedded-subscribe-form\" class=\"validate\" target=\"_blank\">\n        <div id=\"mc_embed_signup_scroll\"><h2>Maliyet Kodlar\u0131n\u0131 \u0130ndirin<\/h2>\n            <div class=\"indicates-required\"><span class=\"asterisk\">*<\/span> zorunlu alanlar\u0131 belirtir<\/div>\n            <div class=\"mc-field-group\"><label for=\"mce-EMAIL\">E-posta Adresi <span class=\"asterisk\">*<\/span><\/label><input type=\"email\" name=\"EMAIL\" class=\"required email\" id=\"mce-EMAIL\" required=\"\" value=\"\"><\/div><div class=\"mc-field-group\"><label for=\"mce-FNAME\">Ad <\/label><input type=\"text\" name=\"FNAME\" class=\" text\" id=\"mce-FNAME\" value=\"\"><\/div><div class=\"mc-field-group\"><label for=\"mce-LNAME\">Soyad <\/label><input type=\"text\" name=\"LNAME\" class=\" text\" id=\"mce-LNAME\" value=\"\"><\/div><div class=\"mc-field-group\"><label for=\"mce-PHONE\">Telefon Numaras\u0131 <\/label><input type=\"text\" name=\"PHONE\" class=\"REQ_CSS\" id=\"mce-PHONE\" value=\"\"><\/div><div class=\"mc-field-group\"><label for=\"mce-COMPANY\">\u015eirket <span class=\"asterisk\">*<\/span><\/label><input type=\"text\" name=\"COMPANY\" class=\"required text\" id=\"mce-COMPANY\" required=\"\" value=\"\"><\/div><div class=\"mc-field-group\"><label for=\"mce-MMERGE8\">G\u00f6rev <\/label><input type=\"text\" name=\"MMERGE8\" class=\" text\" id=\"mce-MMERGE8\" value=\"\"><\/div>\n<div hidden=\"\"><input type=\"hidden\" name=\"tags\" value=\"4263793\"><\/div>\n        <div id=\"mce-responses\" class=\"clear\">\n            <div class=\"response\" id=\"mce-error-response\" style=\"display: none;\"><\/div>\n            <div class=\"response\" id=\"mce-success-response\" style=\"display: none;\"><\/div>\n        <\/div><div aria-hidden=\"true\" style=\"position: absolute; left: -5000px;\"><input type=\"text\" name=\"b_f9f67b9f9dc3438656ad73fc8_f8c5dc20cf\" tabindex=\"-1\" value=\"\"><\/div><div class=\"clear\"><input type=\"submit\" name=\"subscribe\" id=\"mc-embedded-subscribe\" class=\"button\" value=\"Abone Ol\"><\/div>\n    <\/div>\n<\/form>\n<\/div>\n<script type=\"text\/javascript\" src=\"\/\/s3.amazonaws.com\/downloads.mailchimp.com\/js\/mc-validate.js\"><\/script><script type=\"text\/javascript\">(function($) {window.fnames = new Array(); window.ftypes = new Array();fnames[0]='EMAIL';ftypes[0]='email';fnames[1]='FNAME';ftypes[1]='text';fnames[2]='LNAME';ftypes[2]='text';fnames[4]='PHONE';ftypes[4]='phone';fnames[7]='COMPANY';ftypes[7]='text';fnames[8]='MMERGE8';ftypes[8]='text';fnames[3]='ADDRESS';ftypes[3]='address';fnames[5]='BIRTHDAY';ftypes[5]='birthday';fnames[6]='ORIGIN';ftypes[6]='text';}(jQuery));var $mcj = jQuery.noConflict(true);<\/script><\/div>\n<\/div>\n<\/div>\n","protected":false},"excerpt":{"rendered":"<p>\u00dccretsiz in\u015faat Maliyet Kodlar\u0131n\u0131z\u0131 tablo format\u0131nda edinin ve \u00f6zg\u00fcrce kullan\u0131n. Maliyet kodlar\u0131, projeler aras\u0131nda maliyet yap\u0131lar\u0131n\u0131n standartla\u015ft\u0131r\u0131lmas\u0131n\u0131 sa\u011flar. Bu \u00fccretsiz belge, in\u015faat projelerinde bu maliyet kodlar\u0131n\u0131 kullanmak isteyen in\u015faat profesyonelleri i\u00e7in tasarlanm\u0131\u015ft\u0131r. Formu doldurduktan sonra, e-posta kutunuza an\u0131nda bir indirme ba\u011flant\u0131s\u0131 alacaks\u0131n\u0131z. Maliyet Kodlar\u0131n\u0131 \u0130ndirin * zorunlu alanlar\u0131 belirtir E-posta Adresi * Ad Soyad Telefon&#8230;  <a class=\"excerpt-read-more\" href=\"https:\/\/planyard.com\/tr\/ucretsiz-maliyet-kodlari-tablosunu-indirin\" title=\"Okuyun  \u00dccretsiz Maliyet Kodlar\u0131 Tablosunu \u0130ndirin\">Daha fazla oku &#8220;<\/a><\/p>\n","protected":false},"author":3,"featured_media":0,"parent":0,"menu_order":0,"comment_status":"closed","ping_status":"closed","template":"","meta":{"_acf_changed":false,"content-type":"","footnotes":""},"page_intent":[171],"page_type":[],"class_list":["post-14469","page","type-page","status-publish","hentry"],"acf":[],"yoast_head":"<!-- This site is optimized with the Yoast SEO plugin v26.9 - https:\/\/yoast.com\/product\/yoast-seo-wordpress\/ -->\n<title>\u00dccretsiz \u0130n\u015faat Maliyet Kodlar\u0131n\u0131z\u0131 Al\u0131n<\/title>\n<meta name=\"description\" content=\"\u0130n\u015faat projelerinizde \u00f6zg\u00fcrce kullanabilece\u011finiz \u00fccretsiz \u0130n\u015faat Maliyet Kodlar\u0131n\u0131z\u0131 tablo format\u0131nda edinin.\" \/>\n<meta name=\"robots\" content=\"index, follow, max-snippet:-1, max-image-preview:large, max-video-preview:-1\" \/>\n<link rel=\"canonical\" href=\"https:\/\/planyard.com\/tr\/ucretsiz-maliyet-kodlari-tablosunu-indirin\" \/>\n<meta property=\"og:locale\" content=\"tr_TR\" \/>\n<meta property=\"og:type\" content=\"article\" \/>\n<meta property=\"og:title\" content=\"\u00dccretsiz \u0130n\u015faat Maliyet Kodlar\u0131n\u0131z\u0131 Al\u0131n\" \/>\n<meta property=\"og:description\" content=\"\u0130n\u015faat projelerinizde \u00f6zg\u00fcrce kullanabilece\u011finiz \u00fccretsiz \u0130n\u015faat Maliyet Kodlar\u0131n\u0131z\u0131 tablo format\u0131nda edinin.\" \/>\n<meta property=\"og:url\" content=\"https:\/\/planyard.com\/tr\/ucretsiz-maliyet-kodlari-tablosunu-indirin\" \/>\n<meta property=\"og:site_name\" content=\"Planyard T\u00fcrkiye\" \/>\n<meta property=\"article:modified_time\" content=\"2025-05-19T19:34:04+00:00\" \/>\n<meta name=\"twitter:card\" content=\"summary_large_image\" \/>\n<meta name=\"twitter:label1\" content=\"Tahmini okuma s\u00fcresi\" \/>\n\t<meta name=\"twitter:data1\" content=\"1 dakika\" \/>\n<!-- \/ Yoast SEO plugin. -->","yoast_head_json":{"title":"\u00dccretsiz \u0130n\u015faat Maliyet Kodlar\u0131n\u0131z\u0131 Al\u0131n","description":"\u0130n\u015faat projelerinizde \u00f6zg\u00fcrce kullanabilece\u011finiz \u00fccretsiz \u0130n\u015faat Maliyet Kodlar\u0131n\u0131z\u0131 tablo format\u0131nda edinin.","robots":{"index":"index","follow":"follow","max-snippet":"max-snippet:-1","max-image-preview":"max-image-preview:large","max-video-preview":"max-video-preview:-1"},"canonical":"https:\/\/planyard.com\/tr\/ucretsiz-maliyet-kodlari-tablosunu-indirin","og_locale":"tr_TR","og_type":"article","og_title":"\u00dccretsiz \u0130n\u015faat Maliyet Kodlar\u0131n\u0131z\u0131 Al\u0131n","og_description":"\u0130n\u015faat projelerinizde \u00f6zg\u00fcrce kullanabilece\u011finiz \u00fccretsiz \u0130n\u015faat Maliyet Kodlar\u0131n\u0131z\u0131 tablo format\u0131nda edinin.","og_url":"https:\/\/planyard.com\/tr\/ucretsiz-maliyet-kodlari-tablosunu-indirin","og_site_name":"Planyard T\u00fcrkiye","article_modified_time":"2025-05-19T19:34:04+00:00","twitter_card":"summary_large_image","twitter_misc":{"Tahmini okuma s\u00fcresi":"1 dakika"},"schema":{"@context":"https:\/\/schema.org","@graph":[{"@type":"WebPage","@id":"https:\/\/planyard.com\/tr\/ucretsiz-maliyet-kodlari-tablosunu-indirin","url":"https:\/\/planyard.com\/tr\/ucretsiz-maliyet-kodlari-tablosunu-indirin","name":"\u00dccretsiz \u0130n\u015faat Maliyet Kodlar\u0131n\u0131z\u0131 Al\u0131n","isPartOf":{"@id":"https:\/\/planyard.com\/tr#website"},"datePublished":"2025-03-18T14:12:20+00:00","dateModified":"2025-05-19T19:34:04+00:00","description":"\u0130n\u015faat projelerinizde \u00f6zg\u00fcrce kullanabilece\u011finiz \u00fccretsiz \u0130n\u015faat Maliyet Kodlar\u0131n\u0131z\u0131 tablo format\u0131nda edinin.","breadcrumb":{"@id":"https:\/\/planyard.com\/tr\/ucretsiz-maliyet-kodlari-tablosunu-indirin#breadcrumb"},"inLanguage":"tr","potentialAction":[{"@type":"ReadAction","target":["https:\/\/planyard.com\/tr\/ucretsiz-maliyet-kodlari-tablosunu-indirin"]}]},{"@type":"BreadcrumbList","@id":"https:\/\/planyard.com\/tr\/ucretsiz-maliyet-kodlari-tablosunu-indirin#breadcrumb","itemListElement":[{"@type":"ListItem","position":1,"name":"Home","item":"https:\/\/planyard.com\/tr"},{"@type":"ListItem","position":2,"name":"\u00dccretsiz Maliyet Kodlar\u0131 Tablosunu \u0130ndirin"}]},{"@type":"WebSite","@id":"https:\/\/planyard.com\/tr#website","url":"https:\/\/planyard.com\/tr","name":"Planyard T\u00fcrkiye","description":"","potentialAction":[{"@type":"SearchAction","target":{"@type":"EntryPoint","urlTemplate":"https:\/\/planyard.com\/tr?s={search_term_string}"},"query-input":{"@type":"PropertyValueSpecification","valueRequired":true,"valueName":"search_term_string"}}],"inLanguage":"tr"}]}},"_links":{"self":[{"href":"https:\/\/planyard.com\/tr\/wp-json\/wp\/v2\/pages\/14469","targetHints":{"allow":["GET"]}}],"collection":[{"href":"https:\/\/planyard.com\/tr\/wp-json\/wp\/v2\/pages"}],"about":[{"href":"https:\/\/planyard.com\/tr\/wp-json\/wp\/v2\/types\/page"}],"author":[{"embeddable":true,"href":"https:\/\/planyard.com\/tr\/wp-json\/wp\/v2\/users\/3"}],"replies":[{"embeddable":true,"href":"https:\/\/planyard.com\/tr\/wp-json\/wp\/v2\/comments?post=14469"}],"version-history":[{"count":2,"href":"https:\/\/planyard.com\/tr\/wp-json\/wp\/v2\/pages\/14469\/revisions"}],"predecessor-version":[{"id":16526,"href":"https:\/\/planyard.com\/tr\/wp-json\/wp\/v2\/pages\/14469\/revisions\/16526"}],"wp:attachment":[{"href":"https:\/\/planyard.com\/tr\/wp-json\/wp\/v2\/media?parent=14469"}],"wp:term":[{"taxonomy":"page_intent","embeddable":true,"href":"https:\/\/planyard.com\/tr\/wp-json\/wp\/v2\/page_intent?post=14469"},{"taxonomy":"page_type","embeddable":true,"href":"https:\/\/planyard.com\/tr\/wp-json\/wp\/v2\/page_type?post=14469"}],"curies":[{"name":"wp","href":"https:\/\/api.w.org\/{rel}","templated":true}]}}