{"id":14457,"date":"2025-04-04T10:49:04","date_gmt":"2025-04-04T10:49:04","guid":{"rendered":"https:\/\/planyard.com\/planyard-essential-functionality-setup"},"modified":"2025-05-19T19:40:45","modified_gmt":"2025-05-19T19:40:45","slug":"planyard-temel-islevsellik-kurulumu","status":"publish","type":"page","link":"https:\/\/planyard.com\/tr\/planyard-temel-islevsellik-kurulumu","title":{"rendered":"Temel \u0130\u015flevsellik Kurulum K\u0131lavuzu"},"content":{"rendered":"\n<p>Planyard\u2019\u0131n temel \u00f6zellikleri, maliyet tahmini, m\u00fc\u015fteri teklifleri, fatura i\u015fleme ve ger\u00e7ek zamanl\u0131 b\u00fct\u00e7e takibini otomatik b\u00fct\u00e7e g\u00fcncellemeleri ve sorunsuz muhasebe entegrasyonu ile kolayla\u015ft\u0131rarak elektronik tablolar\u0131 ortadan kald\u0131r\u0131r.<\/p>\n\n\n\n<h2 class=\"wp-block-heading\">1. Maliyet Tahmini ve M\u00fc\u015fteri Teklifleri<\/h2>\n\n\n\n<ul class=\"wp-block-list\">\n<li>H\u0131zl\u0131 bir ba\u015flang\u0131\u00e7 i\u00e7in&nbsp;<a href=\"https:\/\/planyard.com\/tr\/planyard-maliyet-tahmini-ve-teklif-verme-islevselligi-egitim-videolari\" target=\"_blank\" rel=\"noreferrer noopener\">4 dakikal\u0131k rehberli videoyu<\/a>&nbsp;izleyin.<\/li>\n\n\n\n<li>\u015eirket bilgilerinizi girmek i\u00e7in\u00a0<a href=\"https:\/\/app.planyard.com\/company\/settings#\/company\/settings\" target=\"_blank\" rel=\"noreferrer noopener\">\u015eirket \u2192 Ayarlar<\/a>\u00a0b\u00f6l\u00fcm\u00fcne gidin\u2014bu bilgiler PDF tekliflerinize otomatik olarak eklenecektir.<\/li>\n\n\n\n<li>Teklif \u015fartlar\u0131 \u015fablonunuzu g\u00f6zden ge\u00e7irin ve g\u00fcncelleyin:\u00a0<a href=\"https:\/\/app.planyard.com\/company\/settings#\/company\/settings?tab=features\" target=\"_blank\" rel=\"noreferrer noopener\">\u015eirket \u2192 \u015eirket genelinde \u00f6zellikler \u2192 M\u00fc\u015fteri teklif \u015fartlar\u0131.<\/a><\/li>\n\n\n\n<li>Tahmin hatt\u0131n\u0131z\u0131 \u00f6zelle\u015ftirin:\u00a0<a href=\"https:\/\/app.planyard.com\/company\/settings#\/company\/settings?tab=features\">\u015eirket \u2192 \u015eirket genelinde \u00f6zellikler<\/a> \u2192 B\u00fct\u00e7eleme a\u015famalar\u0131 ve M\u00fc\u015fteri teklif \u015fartlar\u0131.<\/li>\n<\/ul>\n\n\n\n<p><\/p>\n\n\n\n<h2 class=\"wp-block-heading\">2. Proje B\u00fct\u00e7e Kontrol\u00fc ve Fatura \u0130\u015fleme<\/h2>\n\n\n\n<ul class=\"wp-block-list\">\n<li><a href=\"https:\/\/youtu.be\/oWLReUavnDY\">Bu 2 dakikal\u0131k tan\u0131t\u0131m videosunu izleyin<\/a>\u00a0ve ta\u015feron ve sat\u0131c\u0131 faturalar\u0131n\u0131 otomatik b\u00fct\u00e7e g\u00fcncellemeleri ve sorunsuz muhasebe entegrasyonu ile nas\u0131l i\u015fleyece\u011finizi \u00f6\u011frenin.<\/li>\n<\/ul>\n\n\n\n<ol class=\"wp-block-list\">\n<li>Planyard\u2019da bir sonraki projenize ba\u015flay\u0131n: Planyard \u2192 Projeler \u2192 Proje Olu\u015ftur\u2019a gidin, ard\u0131ndan ba\u015flang\u0131\u00e7 proje b\u00fct\u00e7enizi bir elektronik tablodan y\u00fcklemek i\u00e7in k\u0131sa 1-2 dakikal\u0131k video k\u0131lavuzlar\u0131n\u0131 izleyin.<\/li>\n\n\n\n<li>Sat\u0131c\u0131 ve ta\u015feron faturalar\u0131n\u0131 projelerinize ba\u011flaman\u0131n en iyi yollar\u0131:<\/li>\n\n<ol class=\"wp-block-list\">\n<li><a href=\"https:\/\/www.youtube.com\/watch?v=2vl0Y8rcoHs&amp;ab_channel=Planyard\" target=\"_blank\" rel=\"noreferrer noopener\">Faturalar\u0131 otomatik olarak i\u00e7e aktar\u0131n<\/a>\u00a0sat\u0131n alma e-posta adresiniz arac\u0131l\u0131\u011f\u0131yla\u00a0(en pop\u00fcler).<\/li>\n\n\n\n<li>Faturalar\u0131 do\u011frudan\u00a0<a href=\"https:\/\/www.youtube.com\/watch?v=-eJj0xiNqUs&amp;ab_channel=Planyard\" target=\"_blank\" rel=\"noreferrer noopener\">Outlook<\/a>\u00a0veya\u00a0<a href=\"https:\/\/www.youtube.com\/watch?v=aYRBl17hUEU&amp;ab_channel=Planyard\" target=\"_blank\" rel=\"noreferrer noopener\">Gmail<\/a>\u00a0\u00fczerinden e-postalar\u0131 tararken i\u015fleyin.<\/li>\n\n\n\n<li>Ka\u011f\u0131t makbuzlar\u0131 mobil cihazla taray\u0131n\u2014her zaman, her yerde.\u00a0<a href=\"https:\/\/www.youtube.com\/watch?v=1QhcGHX49bE&amp;ab_channel=Planyard\" target=\"_blank\" rel=\"noreferrer noopener\">iPhone<\/a>\u00a0&amp;\u00a0<a href=\"https:\/\/www.youtube.com\/watch?v=2eLWF1dFt8Q&amp;ab_channel=Planyard\" target=\"_blank\" rel=\"noreferrer noopener\">Android<\/a><\/li>\n<\/ol>\n<\/li>\n\n\n\n<li>Fatura i\u015flemlerini muhasebeye otomatikle\u015ftirin:<\/li>\n\n<ol class=\"wp-block-list\">\n<li>Manuel veri giri\u015fini ortadan kald\u0131rmak i\u00e7in\u00a0<a href=\"https:\/\/central.planyard.com\/planyard-xero-integration\" target=\"_blank\" rel=\"noreferrer noopener\">Xero<\/a><strong>,\u00a0<\/strong><a href=\"https:\/\/central.planyard.com\/planyard-quickbooks-integration\" target=\"_blank\" rel=\"noreferrer noopener\">QuickBooks<\/a><strong>,\u00a0<\/strong><a href=\"https:\/\/central.planyard.com\/planyard-sage-accounting\" target=\"_blank\" rel=\"noreferrer noopener\">Sage<\/a>\u00a0veya\u00a0<a href=\"https:\/\/central.planyard.com\/planyard-myob-integration\" target=\"_blank\" rel=\"noreferrer noopener\">MYOB<\/a>\u00a0ile entegre edin.<\/li>\n\n\n\n<li>Veya\u00a0<a href=\"https:\/\/central.planyard.com\/connect-accountants-email-for-notifications\" target=\"_blank\" rel=\"noreferrer noopener\">Planyard\u2019\u0131n otomatik olarak g\u00f6ndermesine izin verin<\/a>\u00a0proje y\u00f6neticisi veya maliyet kontrol uzman\u0131 taraf\u0131ndan onaylanan faturalar\u0131 do\u011frudan muhasebecinizin e-posta adresine g\u00f6nderin. (Sadece test ederken uygundur)<\/li>\n<\/ol>\n<\/li>\n<\/ol>\n","protected":false},"excerpt":{"rendered":"<p>Planyard\u2019\u0131n temel \u00f6zellikleri, maliyet tahmini, m\u00fc\u015fteri teklifleri, fatura i\u015fleme ve ger\u00e7ek zamanl\u0131 b\u00fct\u00e7e takibini otomatik b\u00fct\u00e7e g\u00fcncellemeleri ve sorunsuz muhasebe entegrasyonu ile kolayla\u015ft\u0131rarak elektronik tablolar\u0131 ortadan kald\u0131r\u0131r. 1. Maliyet Tahmini ve M\u00fc\u015fteri Teklifleri 2. Proje B\u00fct\u00e7e Kontrol\u00fc ve Fatura \u0130\u015fleme<\/p>\n","protected":false},"author":4,"featured_media":0,"parent":0,"menu_order":0,"comment_status":"closed","ping_status":"closed","template":"page-smallheader.php","meta":{"_acf_changed":false,"content-type":"","footnotes":""},"page_intent":[],"page_type":[],"class_list":["post-14457","page","type-page","status-publish","hentry"],"acf":[],"yoast_head":"<!-- This site is optimized with the Yoast SEO plugin v26.9 - https:\/\/yoast.com\/product\/yoast-seo-wordpress\/ -->\n<title>Planyard Temel Kurulum K\u0131lavuzu \u2013 K\u00fc\u00e7\u00fck \u0130n\u015faat \u0130\u015fletme Sahipleri \u0130\u00e7in<\/title>\n<meta name=\"description\" content=\"Planyard Essential ile dakikalar i\u00e7inde ba\u015flay\u0131n. Bu h\u0131zl\u0131 kurulum k\u0131lavuzu, k\u00fc\u00e7\u00fck in\u015faat i\u015fletme sahiplerinin elektronik tablolardan ger\u00e7ek zamanl\u0131 b\u00fct\u00e7e takibi, teklif verme ve fatura y\u00f6netimine ge\u00e7i\u015f yapmas\u0131na yard\u0131mc\u0131 olur\u2014dan\u0131\u015fman veya BT gerekmez.\" \/>\n<meta name=\"robots\" content=\"index, follow, max-snippet:-1, max-image-preview:large, max-video-preview:-1\" \/>\n<link rel=\"canonical\" href=\"https:\/\/planyard.com\/tr\/planyard-temel-islevsellik-kurulumu\" \/>\n<meta property=\"og:locale\" content=\"tr_TR\" \/>\n<meta property=\"og:type\" content=\"article\" \/>\n<meta property=\"og:title\" content=\"Planyard Temel Kurulum K\u0131lavuzu \u2013 K\u00fc\u00e7\u00fck \u0130n\u015faat \u0130\u015fletme Sahipleri \u0130\u00e7in\" \/>\n<meta property=\"og:description\" content=\"Planyard Essential ile dakikalar i\u00e7inde ba\u015flay\u0131n. Bu h\u0131zl\u0131 kurulum k\u0131lavuzu, k\u00fc\u00e7\u00fck in\u015faat i\u015fletme sahiplerinin elektronik tablolardan ger\u00e7ek zamanl\u0131 b\u00fct\u00e7e takibi, teklif verme ve fatura y\u00f6netimine ge\u00e7i\u015f yapmas\u0131na yard\u0131mc\u0131 olur\u2014dan\u0131\u015fman veya BT gerekmez.\" \/>\n<meta property=\"og:url\" content=\"https:\/\/planyard.com\/tr\/planyard-temel-islevsellik-kurulumu\" \/>\n<meta property=\"og:site_name\" content=\"Planyard T\u00fcrkiye\" \/>\n<meta property=\"article:modified_time\" content=\"2025-05-19T19:40:45+00:00\" \/>\n<meta name=\"twitter:card\" content=\"summary_large_image\" \/>\n<meta name=\"twitter:label1\" content=\"Tahmini okuma s\u00fcresi\" \/>\n\t<meta name=\"twitter:data1\" content=\"1 dakika\" \/>\n<!-- \/ Yoast SEO plugin. -->","yoast_head_json":{"title":"Planyard Temel Kurulum K\u0131lavuzu \u2013 K\u00fc\u00e7\u00fck \u0130n\u015faat \u0130\u015fletme Sahipleri \u0130\u00e7in","description":"Planyard Essential ile dakikalar i\u00e7inde ba\u015flay\u0131n. Bu h\u0131zl\u0131 kurulum k\u0131lavuzu, k\u00fc\u00e7\u00fck in\u015faat i\u015fletme sahiplerinin elektronik tablolardan ger\u00e7ek zamanl\u0131 b\u00fct\u00e7e takibi, teklif verme ve fatura y\u00f6netimine ge\u00e7i\u015f yapmas\u0131na yard\u0131mc\u0131 olur\u2014dan\u0131\u015fman veya BT gerekmez.","robots":{"index":"index","follow":"follow","max-snippet":"max-snippet:-1","max-image-preview":"max-image-preview:large","max-video-preview":"max-video-preview:-1"},"canonical":"https:\/\/planyard.com\/tr\/planyard-temel-islevsellik-kurulumu","og_locale":"tr_TR","og_type":"article","og_title":"Planyard Temel Kurulum K\u0131lavuzu \u2013 K\u00fc\u00e7\u00fck \u0130n\u015faat \u0130\u015fletme Sahipleri \u0130\u00e7in","og_description":"Planyard Essential ile dakikalar i\u00e7inde ba\u015flay\u0131n. Bu h\u0131zl\u0131 kurulum k\u0131lavuzu, k\u00fc\u00e7\u00fck in\u015faat i\u015fletme sahiplerinin elektronik tablolardan ger\u00e7ek zamanl\u0131 b\u00fct\u00e7e takibi, teklif verme ve fatura y\u00f6netimine ge\u00e7i\u015f yapmas\u0131na yard\u0131mc\u0131 olur\u2014dan\u0131\u015fman veya BT gerekmez.","og_url":"https:\/\/planyard.com\/tr\/planyard-temel-islevsellik-kurulumu","og_site_name":"Planyard T\u00fcrkiye","article_modified_time":"2025-05-19T19:40:45+00:00","twitter_card":"summary_large_image","twitter_misc":{"Tahmini okuma s\u00fcresi":"1 dakika"},"schema":{"@context":"https:\/\/schema.org","@graph":[{"@type":"WebPage","@id":"https:\/\/planyard.com\/tr\/planyard-temel-islevsellik-kurulumu","url":"https:\/\/planyard.com\/tr\/planyard-temel-islevsellik-kurulumu","name":"Planyard Temel Kurulum K\u0131lavuzu \u2013 K\u00fc\u00e7\u00fck \u0130n\u015faat \u0130\u015fletme Sahipleri \u0130\u00e7in","isPartOf":{"@id":"https:\/\/planyard.com\/tr#website"},"datePublished":"2025-04-04T10:49:04+00:00","dateModified":"2025-05-19T19:40:45+00:00","description":"Planyard Essential ile dakikalar i\u00e7inde ba\u015flay\u0131n. Bu h\u0131zl\u0131 kurulum k\u0131lavuzu, k\u00fc\u00e7\u00fck in\u015faat i\u015fletme sahiplerinin elektronik tablolardan ger\u00e7ek zamanl\u0131 b\u00fct\u00e7e takibi, teklif verme ve fatura y\u00f6netimine ge\u00e7i\u015f yapmas\u0131na yard\u0131mc\u0131 olur\u2014dan\u0131\u015fman veya BT gerekmez.","breadcrumb":{"@id":"https:\/\/planyard.com\/tr\/planyard-temel-islevsellik-kurulumu#breadcrumb"},"inLanguage":"tr","potentialAction":[{"@type":"ReadAction","target":["https:\/\/planyard.com\/tr\/planyard-temel-islevsellik-kurulumu"]}]},{"@type":"BreadcrumbList","@id":"https:\/\/planyard.com\/tr\/planyard-temel-islevsellik-kurulumu#breadcrumb","itemListElement":[{"@type":"ListItem","position":1,"name":"Home","item":"https:\/\/planyard.com\/tr"},{"@type":"ListItem","position":2,"name":"Temel \u0130\u015flevsellik Kurulum K\u0131lavuzu"}]},{"@type":"WebSite","@id":"https:\/\/planyard.com\/tr#website","url":"https:\/\/planyard.com\/tr","name":"Planyard T\u00fcrkiye","description":"","potentialAction":[{"@type":"SearchAction","target":{"@type":"EntryPoint","urlTemplate":"https:\/\/planyard.com\/tr?s={search_term_string}"},"query-input":{"@type":"PropertyValueSpecification","valueRequired":true,"valueName":"search_term_string"}}],"inLanguage":"tr"}]}},"_links":{"self":[{"href":"https:\/\/planyard.com\/tr\/wp-json\/wp\/v2\/pages\/14457","targetHints":{"allow":["GET"]}}],"collection":[{"href":"https:\/\/planyard.com\/tr\/wp-json\/wp\/v2\/pages"}],"about":[{"href":"https:\/\/planyard.com\/tr\/wp-json\/wp\/v2\/types\/page"}],"author":[{"embeddable":true,"href":"https:\/\/planyard.com\/tr\/wp-json\/wp\/v2\/users\/4"}],"replies":[{"embeddable":true,"href":"https:\/\/planyard.com\/tr\/wp-json\/wp\/v2\/comments?post=14457"}],"version-history":[{"count":2,"href":"https:\/\/planyard.com\/tr\/wp-json\/wp\/v2\/pages\/14457\/revisions"}],"predecessor-version":[{"id":16563,"href":"https:\/\/planyard.com\/tr\/wp-json\/wp\/v2\/pages\/14457\/revisions\/16563"}],"wp:attachment":[{"href":"https:\/\/planyard.com\/tr\/wp-json\/wp\/v2\/media?parent=14457"}],"wp:term":[{"taxonomy":"page_intent","embeddable":true,"href":"https:\/\/planyard.com\/tr\/wp-json\/wp\/v2\/page_intent?post=14457"},{"taxonomy":"page_type","embeddable":true,"href":"https:\/\/planyard.com\/tr\/wp-json\/wp\/v2\/page_type?post=14457"}],"curies":[{"name":"wp","href":"https:\/\/api.w.org\/{rel}","templated":true}]}}