{"id":14456,"date":"2024-09-25T08:16:00","date_gmt":"2024-09-25T08:16:00","guid":{"rendered":"https:\/\/planyard.com\/enhanced-control-for-construction-financial-managers"},"modified":"2025-05-19T09:58:29","modified_gmt":"2025-05-19T09:58:29","slug":"insaat-finans-yoneticileri-icin-gelismis-kontrol","status":"publish","type":"page","link":"https:\/\/planyard.com\/tr\/insaat-finans-yoneticileri-icin-gelismis-kontrol","title":{"rendered":"Finans Y\u00f6neticileri \u0130\u00e7in Geli\u015fmi\u015f Kontrol"},"content":{"rendered":"","protected":false},"excerpt":{"rendered":"","protected":false},"author":5,"featured_media":0,"parent":0,"menu_order":0,"comment_status":"closed","ping_status":"closed","template":"","meta":{"_acf_changed":false,"content-type":"","footnotes":""},"page_intent":[201],"page_type":[],"class_list":["post-14456","page","type-page","status-publish","hentry"],"acf":[],"yoast_head":"<!-- This site is optimized with the Yoast SEO plugin v26.9 - https:\/\/yoast.com\/product\/yoast-seo-wordpress\/ -->\n<title>Finans Y\u00f6neticileri \u0130\u00e7in Geli\u015fmi\u015f Kontrol - Planyard T\u00fcrkiye<\/title>\n<meta name=\"description\" content=\"Planyard, in\u015faat finans y\u00f6neticilerine ger\u00e7ek zamanl\u0131 i\u00e7g\u00f6r\u00fcler sunar, i\u015f ak\u0131\u015flar\u0131n\u0131 otomatikle\u015ftirir ve muhasebe ara\u00e7lar\u0131yla entegre olur. 14 g\u00fcn \u00fccretsiz deneyin.\" \/>\n<meta name=\"robots\" content=\"index, follow, max-snippet:-1, max-image-preview:large, max-video-preview:-1\" \/>\n<link rel=\"canonical\" href=\"https:\/\/planyard.com\/tr\/insaat-finans-yoneticileri-icin-gelismis-kontrol\" \/>\n<meta property=\"og:locale\" content=\"tr_TR\" \/>\n<meta property=\"og:type\" content=\"article\" \/>\n<meta property=\"og:title\" content=\"Finans Y\u00f6neticileri \u0130\u00e7in Geli\u015fmi\u015f Kontrol - Planyard T\u00fcrkiye\" \/>\n<meta property=\"og:description\" content=\"Planyard, in\u015faat finans y\u00f6neticilerine ger\u00e7ek zamanl\u0131 i\u00e7g\u00f6r\u00fcler sunar, i\u015f ak\u0131\u015flar\u0131n\u0131 otomatikle\u015ftirir ve muhasebe ara\u00e7lar\u0131yla entegre olur. 14 g\u00fcn \u00fccretsiz deneyin.\" \/>\n<meta property=\"og:url\" content=\"https:\/\/planyard.com\/tr\/insaat-finans-yoneticileri-icin-gelismis-kontrol\" \/>\n<meta property=\"og:site_name\" content=\"Planyard T\u00fcrkiye\" \/>\n<meta property=\"article:modified_time\" content=\"2025-05-19T09:58:29+00:00\" \/>\n<meta name=\"twitter:card\" content=\"summary_large_image\" \/>\n<!-- \/ Yoast SEO plugin. -->","yoast_head_json":{"title":"Finans Y\u00f6neticileri \u0130\u00e7in Geli\u015fmi\u015f Kontrol - Planyard T\u00fcrkiye","description":"Planyard, in\u015faat finans y\u00f6neticilerine ger\u00e7ek zamanl\u0131 i\u00e7g\u00f6r\u00fcler sunar, i\u015f ak\u0131\u015flar\u0131n\u0131 otomatikle\u015ftirir ve muhasebe ara\u00e7lar\u0131yla entegre olur. 14 g\u00fcn \u00fccretsiz deneyin.","robots":{"index":"index","follow":"follow","max-snippet":"max-snippet:-1","max-image-preview":"max-image-preview:large","max-video-preview":"max-video-preview:-1"},"canonical":"https:\/\/planyard.com\/tr\/insaat-finans-yoneticileri-icin-gelismis-kontrol","og_locale":"tr_TR","og_type":"article","og_title":"Finans Y\u00f6neticileri \u0130\u00e7in Geli\u015fmi\u015f Kontrol - Planyard T\u00fcrkiye","og_description":"Planyard, in\u015faat finans y\u00f6neticilerine ger\u00e7ek zamanl\u0131 i\u00e7g\u00f6r\u00fcler sunar, i\u015f ak\u0131\u015flar\u0131n\u0131 otomatikle\u015ftirir ve muhasebe ara\u00e7lar\u0131yla entegre olur. 14 g\u00fcn \u00fccretsiz deneyin.","og_url":"https:\/\/planyard.com\/tr\/insaat-finans-yoneticileri-icin-gelismis-kontrol","og_site_name":"Planyard T\u00fcrkiye","article_modified_time":"2025-05-19T09:58:29+00:00","twitter_card":"summary_large_image","schema":{"@context":"https:\/\/schema.org","@graph":[{"@type":"WebPage","@id":"https:\/\/planyard.com\/tr\/insaat-finans-yoneticileri-icin-gelismis-kontrol","url":"https:\/\/planyard.com\/tr\/insaat-finans-yoneticileri-icin-gelismis-kontrol","name":"Finans Y\u00f6neticileri \u0130\u00e7in Geli\u015fmi\u015f Kontrol - Planyard T\u00fcrkiye","isPartOf":{"@id":"https:\/\/planyard.com\/tr#website"},"datePublished":"2024-09-25T08:16:00+00:00","dateModified":"2025-05-19T09:58:29+00:00","description":"Planyard, in\u015faat finans y\u00f6neticilerine ger\u00e7ek zamanl\u0131 i\u00e7g\u00f6r\u00fcler sunar, i\u015f ak\u0131\u015flar\u0131n\u0131 otomatikle\u015ftirir ve muhasebe ara\u00e7lar\u0131yla entegre olur. 14 g\u00fcn \u00fccretsiz deneyin.","breadcrumb":{"@id":"https:\/\/planyard.com\/tr\/insaat-finans-yoneticileri-icin-gelismis-kontrol#breadcrumb"},"inLanguage":"tr","potentialAction":[{"@type":"ReadAction","target":["https:\/\/planyard.com\/tr\/insaat-finans-yoneticileri-icin-gelismis-kontrol"]}]},{"@type":"BreadcrumbList","@id":"https:\/\/planyard.com\/tr\/insaat-finans-yoneticileri-icin-gelismis-kontrol#breadcrumb","itemListElement":[{"@type":"ListItem","position":1,"name":"Home","item":"https:\/\/planyard.com\/tr"},{"@type":"ListItem","position":2,"name":"Finans Y\u00f6neticileri \u0130\u00e7in Geli\u015fmi\u015f Kontrol"}]},{"@type":"WebSite","@id":"https:\/\/planyard.com\/tr#website","url":"https:\/\/planyard.com\/tr","name":"Planyard T\u00fcrkiye","description":"","potentialAction":[{"@type":"SearchAction","target":{"@type":"EntryPoint","urlTemplate":"https:\/\/planyard.com\/tr?s={search_term_string}"},"query-input":{"@type":"PropertyValueSpecification","valueRequired":true,"valueName":"search_term_string"}}],"inLanguage":"tr"}]}},"_links":{"self":[{"href":"https:\/\/planyard.com\/tr\/wp-json\/wp\/v2\/pages\/14456","targetHints":{"allow":["GET"]}}],"collection":[{"href":"https:\/\/planyard.com\/tr\/wp-json\/wp\/v2\/pages"}],"about":[{"href":"https:\/\/planyard.com\/tr\/wp-json\/wp\/v2\/types\/page"}],"author":[{"embeddable":true,"href":"https:\/\/planyard.com\/tr\/wp-json\/wp\/v2\/users\/5"}],"replies":[{"embeddable":true,"href":"https:\/\/planyard.com\/tr\/wp-json\/wp\/v2\/comments?post=14456"}],"version-history":[{"count":1,"href":"https:\/\/planyard.com\/tr\/wp-json\/wp\/v2\/pages\/14456\/revisions"}],"predecessor-version":[{"id":14645,"href":"https:\/\/planyard.com\/tr\/wp-json\/wp\/v2\/pages\/14456\/revisions\/14645"}],"wp:attachment":[{"href":"https:\/\/planyard.com\/tr\/wp-json\/wp\/v2\/media?parent=14456"}],"wp:term":[{"taxonomy":"page_intent","embeddable":true,"href":"https:\/\/planyard.com\/tr\/wp-json\/wp\/v2\/page_intent?post=14456"},{"taxonomy":"page_type","embeddable":true,"href":"https:\/\/planyard.com\/tr\/wp-json\/wp\/v2\/page_type?post=14456"}],"curies":[{"name":"wp","href":"https:\/\/api.w.org\/{rel}","templated":true}]}}