{"id":14455,"date":"2024-08-23T13:33:52","date_gmt":"2024-08-23T13:33:52","guid":{"rendered":"https:\/\/planyard.com\/practical-construction-project-management-guide-for-beginners"},"modified":"2025-06-12T09:14:53","modified_gmt":"2025-06-12T09:14:53","slug":"yeni-baslayanlar-icin-pratik-insaat-proje-yonetimi-rehberi","status":"publish","type":"page","link":"https:\/\/planyard.com\/tr\/yeni-baslayanlar-icin-pratik-insaat-proje-yonetimi-rehberi","title":{"rendered":"Yeni Ba\u015flayanlar \u0130\u00e7in Pratik \u0130n\u015faat Proje Y\u00f6netimi Rehberini \u0130ndirin"},"content":{"rendered":"\n<div class=\"wp-block-columns is-layout-flex wp-container-core-columns-is-layout-9d6595d7 wp-block-columns-is-layout-flex\">\n<div class=\"wp-block-column is-layout-flow wp-block-column-is-layout-flow\">\n<h2 class=\"wp-block-heading\">Hemen Abone Olun ve \u00dccretsiz \u0130n\u015faat Proje Y\u00f6netimi Rehberini \u0130ndirin<\/h2>\n\n\n\n<h5 class=\"wp-block-heading\">Bu rehberi okumak size nas\u0131l fayda sa\u011flar?<\/h5>\n\n\n\n<ol class=\"wp-block-list\">\n<li>Program haz\u0131rlamak i\u00e7in gereken bilgileri edineceksiniz<\/li>\n\n\n\n<li>\u0130yi bir tedarik s\u00fcrecini nas\u0131l yap\u0131land\u0131raca\u011f\u0131n\u0131z\u0131 \u00f6\u011freneceksiniz<\/li>\n\n\n\n<li>Projeler \u00fczerinde \u00e7al\u0131\u015f\u0131rken nelere dikkat edilmesi gerekti\u011fini \u00f6\u011freneceksiniz<\/li>\n\n\n\n<li>Farkl\u0131 t\u00fcrdeki s\u00f6zle\u015fmeler hakk\u0131nda bilgi sahibi olacaks\u0131n\u0131z<\/li>\n\n\n\n<li>G\u00f6revleri nas\u0131l devredece\u011finizi ve ekibinizi nas\u0131l motive edece\u011finizi \u00f6\u011freneceksiniz<\/li>\n<\/ol>\n\n\n\n<p>Proje y\u00f6neticileri taraf\u0131ndan, proje y\u00f6neticileri i\u00e7in olu\u015fturulmu\u015ftur<\/p>\n<\/div>\n\n\n\n<div class=\"wp-block-column is-layout-flow wp-block-column-is-layout-flow\">\n<div id=\"mc_embed_shell\">\n      <link href=\"\/\/cdn-images.mailchimp.com\/embedcode\/classic-061523.css\" rel=\"stylesheet\" type=\"text\/css\">\n  <style type=\"text\/css\">\n        #mc_embed_signup{background:#fff; false;clear:left; font:14px Helvetica,Arial,sans-serif; width: 600px;}\n        \/* Add your own Mailchimp form style overrides in your site stylesheet or in this style block.\n           We recommend moving this block and the preceding CSS link to the HEAD of your HTML file. *\/\n<\/style>\n<div id=\"mc_embed_signup\">\n    <form action=\"https:\/\/fizure.us20.list-manage.com\/subscribe\/post?u=f9f67b9f9dc3438656ad73fc8&amp;id=f8c5dc20cf&amp;f_id=008b20eef0\" method=\"post\" id=\"mc-embedded-subscribe-form\" name=\"mc-embedded-subscribe-form\" class=\"validate\" target=\"_blank\">\n        <div id=\"mc_embed_signup_scroll\"><h2>Subscribe<\/h2>\n            <div class=\"indicates-required\"><span class=\"asterisk\">*<\/span> indicates required<\/div>\n            <div class=\"mc-field-group\"><label for=\"mce-EMAIL\">Email Address <span class=\"asterisk\">*<\/span><\/label><input type=\"email\" name=\"EMAIL\" class=\"required email\" id=\"mce-EMAIL\" required=\"\" value=\"\"><\/div><div class=\"mc-field-group\"><label for=\"mce-FNAME\">First Name <\/label><input type=\"text\" name=\"FNAME\" class=\" text\" id=\"mce-FNAME\" value=\"\"><\/div><div class=\"mc-field-group\"><label for=\"mce-LNAME\">Last Name <\/label><input type=\"text\" name=\"LNAME\" class=\" text\" id=\"mce-LNAME\" value=\"\"><\/div><div class=\"mc-field-group\"><label for=\"mce-COMPANY\">Company <span class=\"asterisk\">*<\/span><\/label><input type=\"text\" name=\"COMPANY\" class=\"required text\" id=\"mce-COMPANY\" required=\"\" value=\"\"><\/div><div class=\"mc-field-group\"><label for=\"mce-PHONE\">Phone Number <\/label><input type=\"text\" name=\"PHONE\" class=\"REQ_CSS\" id=\"mce-PHONE\" value=\"\"><\/div><div class=\"mc-field-group\"><label for=\"mce-MMERGE8\">Role <span class=\"asterisk\">*<\/span><\/label><input type=\"text\" name=\"MMERGE8\" class=\"required text\" id=\"mce-MMERGE8\" required=\"\" value=\"\"><\/div>\n<div hidden=\"\"><input type=\"hidden\" name=\"tags\" value=\"4263455\"><\/div>\n        <div id=\"mce-responses\" class=\"clear\">\n            <div class=\"response\" id=\"mce-error-response\" style=\"display: none;\"><\/div>\n            <div class=\"response\" id=\"mce-success-response\" style=\"display: none;\"><\/div>\n        <\/div><div aria-hidden=\"true\" style=\"position: absolute; left: -5000px;\"><input type=\"text\" name=\"b_f9f67b9f9dc3438656ad73fc8_f8c5dc20cf\" tabindex=\"-1\" value=\"\"><\/div><div class=\"clear\"><input type=\"submit\" name=\"subscribe\" id=\"mc-embedded-subscribe\" class=\"button\" value=\"Subscribe\"><\/div>\n    <\/div>\n<\/form>\n<\/div>\n<script type=\"text\/javascript\" src=\"\/\/s3.amazonaws.com\/downloads.mailchimp.com\/js\/mc-validate.js\"><\/script><script type=\"text\/javascript\">(function($) {window.fnames = new Array(); window.ftypes = new Array();fnames[0]='EMAIL';ftypes[0]='email';fnames[1]='FNAME';ftypes[1]='text';fnames[2]='LNAME';ftypes[2]='text';fnames[7]='COMPANY';ftypes[7]='text';fnames[4]='PHONE';ftypes[4]='phone';fnames[8]='MMERGE8';ftypes[8]='text';fnames[3]='ADDRESS';ftypes[3]='address';fnames[5]='BIRTHDAY';ftypes[5]='birthday';fnames[6]='ORIGIN';ftypes[6]='text';}(jQuery));var $mcj = jQuery.noConflict(true);<\/script><\/div>\n<\/div>\n<\/div>\n\n\n\n<p class=\"has-text-align-center\"><\/p>\n\n\n\n<p><\/p>\n","protected":false},"excerpt":{"rendered":"<p>Hemen Abone Olun ve \u00dccretsiz \u0130n\u015faat Proje Y\u00f6netimi Rehberini \u0130ndirin Bu rehberi okumak size nas\u0131l fayda sa\u011flar? Proje y\u00f6neticileri taraf\u0131ndan, proje y\u00f6neticileri i\u00e7in olu\u015fturulmu\u015ftur Subscribe * indicates required Email Address * First Name Last Name Company * Phone Number Role *<\/p>\n","protected":false},"author":2,"featured_media":0,"parent":0,"menu_order":0,"comment_status":"closed","ping_status":"closed","template":"","meta":{"_acf_changed":false,"content-type":"","footnotes":""},"page_intent":[171],"page_type":[],"class_list":["post-14455","page","type-page","status-publish","hentry"],"acf":[],"yoast_head":"<!-- This site is optimized with the Yoast SEO plugin v26.9 - https:\/\/yoast.com\/product\/yoast-seo-wordpress\/ -->\n<title>Yeni Ba\u015flayanlar \u0130\u00e7in Pratik \u0130n\u015faat Proje Y\u00f6netimi Rehberini \u0130ndirin - Planyard T\u00fcrkiye<\/title>\n<meta name=\"description\" content=\"Formu doldurun ve in\u015faat proje y\u00f6netimi rehberini indirerek proje y\u00f6netimi becerilerinizi geli\u015ftirin.\" \/>\n<meta name=\"robots\" content=\"index, follow, max-snippet:-1, max-image-preview:large, max-video-preview:-1\" \/>\n<link rel=\"canonical\" href=\"https:\/\/planyard.com\/tr\/yeni-baslayanlar-icin-pratik-insaat-proje-yonetimi-rehberi\" \/>\n<meta property=\"og:locale\" content=\"tr_TR\" \/>\n<meta property=\"og:type\" content=\"article\" \/>\n<meta property=\"og:title\" content=\"Yeni Ba\u015flayanlar \u0130\u00e7in Pratik \u0130n\u015faat Proje Y\u00f6netimi Rehberini \u0130ndirin - Planyard T\u00fcrkiye\" \/>\n<meta property=\"og:description\" content=\"Formu doldurun ve in\u015faat proje y\u00f6netimi rehberini indirerek proje y\u00f6netimi becerilerinizi geli\u015ftirin.\" \/>\n<meta property=\"og:url\" content=\"https:\/\/planyard.com\/tr\/yeni-baslayanlar-icin-pratik-insaat-proje-yonetimi-rehberi\" \/>\n<meta property=\"og:site_name\" content=\"Planyard T\u00fcrkiye\" \/>\n<meta property=\"article:modified_time\" content=\"2025-06-12T09:14:53+00:00\" \/>\n<meta name=\"twitter:card\" content=\"summary_large_image\" \/>\n<meta name=\"twitter:label1\" content=\"Tahmini okuma s\u00fcresi\" \/>\n\t<meta name=\"twitter:data1\" content=\"1 dakika\" \/>\n<!-- \/ Yoast SEO plugin. -->","yoast_head_json":{"title":"Yeni Ba\u015flayanlar \u0130\u00e7in Pratik \u0130n\u015faat Proje Y\u00f6netimi Rehberini \u0130ndirin - Planyard T\u00fcrkiye","description":"Formu doldurun ve in\u015faat proje y\u00f6netimi rehberini indirerek proje y\u00f6netimi becerilerinizi geli\u015ftirin.","robots":{"index":"index","follow":"follow","max-snippet":"max-snippet:-1","max-image-preview":"max-image-preview:large","max-video-preview":"max-video-preview:-1"},"canonical":"https:\/\/planyard.com\/tr\/yeni-baslayanlar-icin-pratik-insaat-proje-yonetimi-rehberi","og_locale":"tr_TR","og_type":"article","og_title":"Yeni Ba\u015flayanlar \u0130\u00e7in Pratik \u0130n\u015faat Proje Y\u00f6netimi Rehberini \u0130ndirin - Planyard T\u00fcrkiye","og_description":"Formu doldurun ve in\u015faat proje y\u00f6netimi rehberini indirerek proje y\u00f6netimi becerilerinizi geli\u015ftirin.","og_url":"https:\/\/planyard.com\/tr\/yeni-baslayanlar-icin-pratik-insaat-proje-yonetimi-rehberi","og_site_name":"Planyard T\u00fcrkiye","article_modified_time":"2025-06-12T09:14:53+00:00","twitter_card":"summary_large_image","twitter_misc":{"Tahmini okuma s\u00fcresi":"1 dakika"},"schema":{"@context":"https:\/\/schema.org","@graph":[{"@type":"WebPage","@id":"https:\/\/planyard.com\/tr\/yeni-baslayanlar-icin-pratik-insaat-proje-yonetimi-rehberi","url":"https:\/\/planyard.com\/tr\/yeni-baslayanlar-icin-pratik-insaat-proje-yonetimi-rehberi","name":"Yeni Ba\u015flayanlar \u0130\u00e7in Pratik \u0130n\u015faat Proje Y\u00f6netimi Rehberini \u0130ndirin - Planyard T\u00fcrkiye","isPartOf":{"@id":"https:\/\/planyard.com\/tr#website"},"datePublished":"2024-08-23T13:33:52+00:00","dateModified":"2025-06-12T09:14:53+00:00","description":"Formu doldurun ve in\u015faat proje y\u00f6netimi rehberini indirerek proje y\u00f6netimi becerilerinizi geli\u015ftirin.","breadcrumb":{"@id":"https:\/\/planyard.com\/tr\/yeni-baslayanlar-icin-pratik-insaat-proje-yonetimi-rehberi#breadcrumb"},"inLanguage":"tr","potentialAction":[{"@type":"ReadAction","target":["https:\/\/planyard.com\/tr\/yeni-baslayanlar-icin-pratik-insaat-proje-yonetimi-rehberi"]}]},{"@type":"BreadcrumbList","@id":"https:\/\/planyard.com\/tr\/yeni-baslayanlar-icin-pratik-insaat-proje-yonetimi-rehberi#breadcrumb","itemListElement":[{"@type":"ListItem","position":1,"name":"Home","item":"https:\/\/planyard.com\/tr"},{"@type":"ListItem","position":2,"name":"Yeni Ba\u015flayanlar \u0130\u00e7in Pratik \u0130n\u015faat Proje Y\u00f6netimi Rehberini \u0130ndirin"}]},{"@type":"WebSite","@id":"https:\/\/planyard.com\/tr#website","url":"https:\/\/planyard.com\/tr","name":"Planyard T\u00fcrkiye","description":"","potentialAction":[{"@type":"SearchAction","target":{"@type":"EntryPoint","urlTemplate":"https:\/\/planyard.com\/tr?s={search_term_string}"},"query-input":{"@type":"PropertyValueSpecification","valueRequired":true,"valueName":"search_term_string"}}],"inLanguage":"tr"}]}},"_links":{"self":[{"href":"https:\/\/planyard.com\/tr\/wp-json\/wp\/v2\/pages\/14455","targetHints":{"allow":["GET"]}}],"collection":[{"href":"https:\/\/planyard.com\/tr\/wp-json\/wp\/v2\/pages"}],"about":[{"href":"https:\/\/planyard.com\/tr\/wp-json\/wp\/v2\/types\/page"}],"author":[{"embeddable":true,"href":"https:\/\/planyard.com\/tr\/wp-json\/wp\/v2\/users\/2"}],"replies":[{"embeddable":true,"href":"https:\/\/planyard.com\/tr\/wp-json\/wp\/v2\/comments?post=14455"}],"version-history":[{"count":3,"href":"https:\/\/planyard.com\/tr\/wp-json\/wp\/v2\/pages\/14455\/revisions"}],"predecessor-version":[{"id":17212,"href":"https:\/\/planyard.com\/tr\/wp-json\/wp\/v2\/pages\/14455\/revisions\/17212"}],"wp:attachment":[{"href":"https:\/\/planyard.com\/tr\/wp-json\/wp\/v2\/media?parent=14455"}],"wp:term":[{"taxonomy":"page_intent","embeddable":true,"href":"https:\/\/planyard.com\/tr\/wp-json\/wp\/v2\/page_intent?post=14455"},{"taxonomy":"page_type","embeddable":true,"href":"https:\/\/planyard.com\/tr\/wp-json\/wp\/v2\/page_type?post=14455"}],"curies":[{"name":"wp","href":"https:\/\/api.w.org\/{rel}","templated":true}]}}