{"id":14452,"date":"2024-08-22T06:54:21","date_gmt":"2024-08-22T06:54:21","guid":{"rendered":"https:\/\/planyard.com\/demo-meeting-confirmation"},"modified":"2025-05-19T19:39:38","modified_gmt":"2025-05-19T19:39:38","slug":"demo-toplantisi-onayi","status":"publish","type":"page","link":"https:\/\/planyard.com\/tr\/demo-toplantisi-onayi","title":{"rendered":"Demo Toplant\u0131s\u0131 Onay\u0131"},"content":{"rendered":"<div class=\"wp-block-image\">\n<figure class=\"aligncenter size-full\"><img loading=\"lazy\" decoding=\"async\" width=\"600\" height=\"466\" src=\"https:\/\/planyard.com\/wp-content\/uploads\/2024\/08\/Booking-confirmed.png\" alt=\"\" class=\"wp-image-1247\"\/><\/figure>\n<\/div>\n\n\n<h2 class=\"wp-block-heading has-text-align-center\">Rezervasyon Onayland\u0131! <\/h2>\n\n\n\n<p class=\"has-text-align-center\">Toplant\u0131n\u0131z rezerve edildi. Takvim daveti i\u00e7eren bir mesaj e-posta adresinize g\u00f6nderildi.<br><\/p>\n","protected":false},"excerpt":{"rendered":"<p>Rezervasyon Onayland\u0131! Toplant\u0131n\u0131z rezerve edildi. Takvim daveti i\u00e7eren bir mesaj e-posta adresinize g\u00f6nderildi.<\/p>\n","protected":false},"author":2,"featured_media":0,"parent":0,"menu_order":0,"comment_status":"closed","ping_status":"closed","template":"","meta":{"_acf_changed":false,"content-type":"","footnotes":""},"page_intent":[186],"page_type":[],"class_list":["post-14452","page","type-page","status-publish","hentry"],"acf":[],"yoast_head":"<!-- This site is optimized with the Yoast SEO plugin v27.1.1 - https:\/\/yoast.com\/product\/yoast-seo-wordpress\/ -->\n<title>Demo Toplant\u0131s\u0131 Onay\u0131 - Planyard T\u00fcrkiye<\/title>\n<meta name=\"description\" content=\"Bize nas\u0131l ula\u015fabilece\u011finizi ve kurucular\u0131m\u0131z\u0131 nas\u0131l tan\u0131yabilece\u011finizi \u00f6\u011frenin. Herhangi bir sorunuz varsa, form veya sohbet \u00fczerinden bize geri d\u00f6n\u00fcn.\" \/>\n<meta name=\"robots\" content=\"index, follow, max-snippet:-1, max-image-preview:large, max-video-preview:-1\" \/>\n<link rel=\"canonical\" href=\"https:\/\/planyard.com\/tr\/demo-toplantisi-onayi\" \/>\n<meta property=\"og:locale\" content=\"tr_TR\" \/>\n<meta property=\"og:type\" content=\"article\" \/>\n<meta property=\"og:title\" content=\"Demo Toplant\u0131s\u0131 Onay\u0131 - Planyard T\u00fcrkiye\" \/>\n<meta property=\"og:description\" content=\"Bize nas\u0131l ula\u015fabilece\u011finizi ve kurucular\u0131m\u0131z\u0131 nas\u0131l tan\u0131yabilece\u011finizi \u00f6\u011frenin. Herhangi bir sorunuz varsa, form veya sohbet \u00fczerinden bize geri d\u00f6n\u00fcn.\" \/>\n<meta property=\"og:url\" content=\"https:\/\/planyard.com\/tr\/demo-toplantisi-onayi\" \/>\n<meta property=\"og:site_name\" content=\"Planyard T\u00fcrkiye\" \/>\n<meta property=\"article:modified_time\" content=\"2025-05-19T19:39:38+00:00\" \/>\n<meta property=\"og:image\" content=\"https:\/\/planyard.com\/wp-content\/uploads\/2024\/08\/Booking-confirmed.png\" \/>\n\t<meta property=\"og:image:width\" content=\"600\" \/>\n\t<meta property=\"og:image:height\" content=\"466\" \/>\n\t<meta property=\"og:image:type\" content=\"image\/png\" \/>\n<meta name=\"twitter:card\" content=\"summary_large_image\" \/>\n<meta name=\"twitter:label1\" content=\"Tahmini okuma s\u00fcresi\" \/>\n\t<meta name=\"twitter:data1\" content=\"1 dakika\" \/>\n<!-- \/ Yoast SEO plugin. -->","yoast_head_json":{"title":"Demo Toplant\u0131s\u0131 Onay\u0131 - Planyard T\u00fcrkiye","description":"Bize nas\u0131l ula\u015fabilece\u011finizi ve kurucular\u0131m\u0131z\u0131 nas\u0131l tan\u0131yabilece\u011finizi \u00f6\u011frenin. Herhangi bir sorunuz varsa, form veya sohbet \u00fczerinden bize geri d\u00f6n\u00fcn.","robots":{"index":"index","follow":"follow","max-snippet":"max-snippet:-1","max-image-preview":"max-image-preview:large","max-video-preview":"max-video-preview:-1"},"canonical":"https:\/\/planyard.com\/tr\/demo-toplantisi-onayi","og_locale":"tr_TR","og_type":"article","og_title":"Demo Toplant\u0131s\u0131 Onay\u0131 - Planyard T\u00fcrkiye","og_description":"Bize nas\u0131l ula\u015fabilece\u011finizi ve kurucular\u0131m\u0131z\u0131 nas\u0131l tan\u0131yabilece\u011finizi \u00f6\u011frenin. Herhangi bir sorunuz varsa, form veya sohbet \u00fczerinden bize geri d\u00f6n\u00fcn.","og_url":"https:\/\/planyard.com\/tr\/demo-toplantisi-onayi","og_site_name":"Planyard T\u00fcrkiye","article_modified_time":"2025-05-19T19:39:38+00:00","og_image":[{"width":600,"height":466,"url":"https:\/\/planyard.com\/wp-content\/uploads\/2024\/08\/Booking-confirmed.png","type":"image\/png"}],"twitter_card":"summary_large_image","twitter_misc":{"Tahmini okuma s\u00fcresi":"1 dakika"},"schema":{"@context":"https:\/\/schema.org","@graph":[{"@type":"WebPage","@id":"https:\/\/planyard.com\/tr\/demo-toplantisi-onayi","url":"https:\/\/planyard.com\/tr\/demo-toplantisi-onayi","name":"Demo Toplant\u0131s\u0131 Onay\u0131 - Planyard T\u00fcrkiye","isPartOf":{"@id":"https:\/\/planyard.com\/tr#website"},"primaryImageOfPage":{"@id":"https:\/\/planyard.com\/tr\/demo-toplantisi-onayi#primaryimage"},"image":{"@id":"https:\/\/planyard.com\/tr\/demo-toplantisi-onayi#primaryimage"},"thumbnailUrl":"https:\/\/planyard.com\/wp-content\/uploads\/2024\/08\/Booking-confirmed.png","datePublished":"2024-08-22T06:54:21+00:00","dateModified":"2025-05-19T19:39:38+00:00","description":"Bize nas\u0131l ula\u015fabilece\u011finizi ve kurucular\u0131m\u0131z\u0131 nas\u0131l tan\u0131yabilece\u011finizi \u00f6\u011frenin. Herhangi bir sorunuz varsa, form veya sohbet \u00fczerinden bize geri d\u00f6n\u00fcn.","breadcrumb":{"@id":"https:\/\/planyard.com\/tr\/demo-toplantisi-onayi#breadcrumb"},"inLanguage":"tr","potentialAction":[{"@type":"ReadAction","target":["https:\/\/planyard.com\/tr\/demo-toplantisi-onayi"]}]},{"@type":"ImageObject","inLanguage":"tr","@id":"https:\/\/planyard.com\/tr\/demo-toplantisi-onayi#primaryimage","url":"https:\/\/planyard.com\/wp-content\/uploads\/2024\/08\/Booking-confirmed.png","contentUrl":"https:\/\/planyard.com\/wp-content\/uploads\/2024\/08\/Booking-confirmed.png"},{"@type":"BreadcrumbList","@id":"https:\/\/planyard.com\/tr\/demo-toplantisi-onayi#breadcrumb","itemListElement":[{"@type":"ListItem","position":1,"name":"Home","item":"https:\/\/planyard.com\/tr"},{"@type":"ListItem","position":2,"name":"Demo Toplant\u0131s\u0131 Onay\u0131"}]},{"@type":"WebSite","@id":"https:\/\/planyard.com\/tr#website","url":"https:\/\/planyard.com\/tr","name":"Planyard T\u00fcrkiye","description":"","potentialAction":[{"@type":"SearchAction","target":{"@type":"EntryPoint","urlTemplate":"https:\/\/planyard.com\/tr?s={search_term_string}"},"query-input":{"@type":"PropertyValueSpecification","valueRequired":true,"valueName":"search_term_string"}}],"inLanguage":"tr"}]}},"_links":{"self":[{"href":"https:\/\/planyard.com\/tr\/wp-json\/wp\/v2\/pages\/14452","targetHints":{"allow":["GET"]}}],"collection":[{"href":"https:\/\/planyard.com\/tr\/wp-json\/wp\/v2\/pages"}],"about":[{"href":"https:\/\/planyard.com\/tr\/wp-json\/wp\/v2\/types\/page"}],"author":[{"embeddable":true,"href":"https:\/\/planyard.com\/tr\/wp-json\/wp\/v2\/users\/2"}],"replies":[{"embeddable":true,"href":"https:\/\/planyard.com\/tr\/wp-json\/wp\/v2\/comments?post=14452"}],"version-history":[{"count":2,"href":"https:\/\/planyard.com\/tr\/wp-json\/wp\/v2\/pages\/14452\/revisions"}],"predecessor-version":[{"id":16557,"href":"https:\/\/planyard.com\/tr\/wp-json\/wp\/v2\/pages\/14452\/revisions\/16557"}],"wp:attachment":[{"href":"https:\/\/planyard.com\/tr\/wp-json\/wp\/v2\/media?parent=14452"}],"wp:term":[{"taxonomy":"page_intent","embeddable":true,"href":"https:\/\/planyard.com\/tr\/wp-json\/wp\/v2\/page_intent?post=14452"},{"taxonomy":"page_type","embeddable":true,"href":"https:\/\/planyard.com\/tr\/wp-json\/wp\/v2\/page_type?post=14452"}],"curies":[{"name":"wp","href":"https:\/\/api.w.org\/{rel}","templated":true}]}}