{"id":14451,"date":"2024-08-22T10:48:47","date_gmt":"2024-08-22T10:48:47","guid":{"rendered":"https:\/\/planyard.com\/cost-value-reconciliation-template"},"modified":"2025-05-19T09:57:20","modified_gmt":"2025-05-19T09:57:20","slug":"maliyet-deger-mutabakati-sablonu","status":"publish","type":"page","link":"https:\/\/planyard.com\/tr\/maliyet-deger-mutabakati-sablonu","title":{"rendered":"Maliyet de\u011fer mutabakat\u0131 (CVR) \u015fablonu"},"content":{"rendered":"","protected":false},"excerpt":{"rendered":"","protected":false},"author":2,"featured_media":0,"parent":0,"menu_order":0,"comment_status":"closed","ping_status":"closed","template":"","meta":{"_acf_changed":false,"content-type":"","footnotes":""},"page_intent":[171],"page_type":[],"class_list":["post-14451","page","type-page","status-publish","hentry"],"acf":[],"yoast_head":"<!-- This site is optimized with the Yoast SEO plugin v27.1.1 - https:\/\/yoast.com\/product\/yoast-seo-wordpress\/ -->\n<title>\u0130n\u015faat Maliyet De\u011fer Mutabakat\u0131 (CVR) - K\u0131lavuz ve \u00dccretsiz \u015eablon<\/title>\n<meta name=\"description\" content=\"\u0130n\u015faat projelerinizdeki maliyetleri kolayca takip etmek i\u00e7in Planyard maliyet de\u011fer mutabakat\u0131 \u015fablonunu indirin. \u00dccretsiz indirin.\" \/>\n<meta name=\"robots\" content=\"index, follow, max-snippet:-1, max-image-preview:large, max-video-preview:-1\" \/>\n<link rel=\"canonical\" href=\"https:\/\/planyard.com\/tr\/maliyet-deger-mutabakati-sablonu\" \/>\n<meta property=\"og:locale\" content=\"tr_TR\" \/>\n<meta property=\"og:type\" content=\"article\" \/>\n<meta property=\"og:title\" content=\"\u0130n\u015faat Maliyet De\u011fer Mutabakat\u0131 (CVR) - K\u0131lavuz ve \u00dccretsiz \u015eablon\" \/>\n<meta property=\"og:description\" content=\"\u0130n\u015faat projelerinizdeki maliyetleri kolayca takip etmek i\u00e7in Planyard maliyet de\u011fer mutabakat\u0131 \u015fablonunu indirin. \u00dccretsiz indirin.\" \/>\n<meta property=\"og:url\" content=\"https:\/\/planyard.com\/tr\/maliyet-deger-mutabakati-sablonu\" \/>\n<meta property=\"og:site_name\" content=\"Planyard T\u00fcrkiye\" \/>\n<meta property=\"article:modified_time\" content=\"2025-05-19T09:57:20+00:00\" \/>\n<meta name=\"twitter:card\" content=\"summary_large_image\" \/>\n<!-- \/ Yoast SEO plugin. -->","yoast_head_json":{"title":"\u0130n\u015faat Maliyet De\u011fer Mutabakat\u0131 (CVR) - K\u0131lavuz ve \u00dccretsiz \u015eablon","description":"\u0130n\u015faat projelerinizdeki maliyetleri kolayca takip etmek i\u00e7in Planyard maliyet de\u011fer mutabakat\u0131 \u015fablonunu indirin. \u00dccretsiz indirin.","robots":{"index":"index","follow":"follow","max-snippet":"max-snippet:-1","max-image-preview":"max-image-preview:large","max-video-preview":"max-video-preview:-1"},"canonical":"https:\/\/planyard.com\/tr\/maliyet-deger-mutabakati-sablonu","og_locale":"tr_TR","og_type":"article","og_title":"\u0130n\u015faat Maliyet De\u011fer Mutabakat\u0131 (CVR) - K\u0131lavuz ve \u00dccretsiz \u015eablon","og_description":"\u0130n\u015faat projelerinizdeki maliyetleri kolayca takip etmek i\u00e7in Planyard maliyet de\u011fer mutabakat\u0131 \u015fablonunu indirin. \u00dccretsiz indirin.","og_url":"https:\/\/planyard.com\/tr\/maliyet-deger-mutabakati-sablonu","og_site_name":"Planyard T\u00fcrkiye","article_modified_time":"2025-05-19T09:57:20+00:00","twitter_card":"summary_large_image","schema":{"@context":"https:\/\/schema.org","@graph":[{"@type":"WebPage","@id":"https:\/\/planyard.com\/tr\/maliyet-deger-mutabakati-sablonu","url":"https:\/\/planyard.com\/tr\/maliyet-deger-mutabakati-sablonu","name":"\u0130n\u015faat Maliyet De\u011fer Mutabakat\u0131 (CVR) - K\u0131lavuz ve \u00dccretsiz \u015eablon","isPartOf":{"@id":"https:\/\/planyard.com\/tr#website"},"datePublished":"2024-08-22T10:48:47+00:00","dateModified":"2025-05-19T09:57:20+00:00","description":"\u0130n\u015faat projelerinizdeki maliyetleri kolayca takip etmek i\u00e7in Planyard maliyet de\u011fer mutabakat\u0131 \u015fablonunu indirin. \u00dccretsiz indirin.","breadcrumb":{"@id":"https:\/\/planyard.com\/tr\/maliyet-deger-mutabakati-sablonu#breadcrumb"},"inLanguage":"tr","potentialAction":[{"@type":"ReadAction","target":["https:\/\/planyard.com\/tr\/maliyet-deger-mutabakati-sablonu"]}]},{"@type":"BreadcrumbList","@id":"https:\/\/planyard.com\/tr\/maliyet-deger-mutabakati-sablonu#breadcrumb","itemListElement":[{"@type":"ListItem","position":1,"name":"Home","item":"https:\/\/planyard.com\/tr"},{"@type":"ListItem","position":2,"name":"Maliyet de\u011fer mutabakat\u0131 (CVR) \u015fablonu"}]},{"@type":"WebSite","@id":"https:\/\/planyard.com\/tr#website","url":"https:\/\/planyard.com\/tr","name":"Planyard T\u00fcrkiye","description":"","potentialAction":[{"@type":"SearchAction","target":{"@type":"EntryPoint","urlTemplate":"https:\/\/planyard.com\/tr?s={search_term_string}"},"query-input":{"@type":"PropertyValueSpecification","valueRequired":true,"valueName":"search_term_string"}}],"inLanguage":"tr"}]}},"_links":{"self":[{"href":"https:\/\/planyard.com\/tr\/wp-json\/wp\/v2\/pages\/14451","targetHints":{"allow":["GET"]}}],"collection":[{"href":"https:\/\/planyard.com\/tr\/wp-json\/wp\/v2\/pages"}],"about":[{"href":"https:\/\/planyard.com\/tr\/wp-json\/wp\/v2\/types\/page"}],"author":[{"embeddable":true,"href":"https:\/\/planyard.com\/tr\/wp-json\/wp\/v2\/users\/2"}],"replies":[{"embeddable":true,"href":"https:\/\/planyard.com\/tr\/wp-json\/wp\/v2\/comments?post=14451"}],"version-history":[{"count":1,"href":"https:\/\/planyard.com\/tr\/wp-json\/wp\/v2\/pages\/14451\/revisions"}],"predecessor-version":[{"id":14623,"href":"https:\/\/planyard.com\/tr\/wp-json\/wp\/v2\/pages\/14451\/revisions\/14623"}],"wp:attachment":[{"href":"https:\/\/planyard.com\/tr\/wp-json\/wp\/v2\/media?parent=14451"}],"wp:term":[{"taxonomy":"page_intent","embeddable":true,"href":"https:\/\/planyard.com\/tr\/wp-json\/wp\/v2\/page_intent?post=14451"},{"taxonomy":"page_type","embeddable":true,"href":"https:\/\/planyard.com\/tr\/wp-json\/wp\/v2\/page_type?post=14451"}],"curies":[{"name":"wp","href":"https:\/\/api.w.org\/{rel}","templated":true}]}}