{"id":14448,"date":"2024-07-30T17:26:26","date_gmt":"2024-07-30T17:26:26","guid":{"rendered":"https:\/\/planyard.com\/contact"},"modified":"2026-02-12T10:44:20","modified_gmt":"2026-02-12T10:44:20","slug":"bize-ulasin","status":"publish","type":"page","link":"https:\/\/planyard.com\/tr\/bize-ulasin","title":{"rendered":"Bize Ula\u015f\u0131n"},"content":{"rendered":"","protected":false},"excerpt":{"rendered":"","protected":false},"author":1,"featured_media":0,"parent":0,"menu_order":0,"comment_status":"closed","ping_status":"closed","template":"","meta":{"_acf_changed":false,"content-type":"","footnotes":""},"page_intent":[186],"page_type":[],"class_list":["post-14448","page","type-page","status-publish","hentry"],"acf":[],"yoast_head":"<!-- This site is optimized with the Yoast SEO plugin v27.1.1 - https:\/\/yoast.com\/product\/yoast-seo-wordpress\/ -->\n<title>Bize Ula\u015f\u0131n - Planyard T\u00fcrkiye<\/title>\n<meta name=\"description\" content=\"Bize nas\u0131l ula\u015fabilece\u011finiz burada. Herhangi bir sorunuz varsa, form veya sohbet \u00fczerinden bize geri d\u00f6n\u00fcn.\" \/>\n<meta name=\"robots\" content=\"index, follow, max-snippet:-1, max-image-preview:large, max-video-preview:-1\" \/>\n<link rel=\"canonical\" href=\"https:\/\/planyard.com\/tr\/bize-ulasin\" \/>\n<meta property=\"og:locale\" content=\"tr_TR\" \/>\n<meta property=\"og:type\" content=\"article\" \/>\n<meta property=\"og:title\" content=\"Bize Ula\u015f\u0131n - Planyard T\u00fcrkiye\" \/>\n<meta property=\"og:description\" content=\"Bize nas\u0131l ula\u015fabilece\u011finiz burada. Herhangi bir sorunuz varsa, form veya sohbet \u00fczerinden bize geri d\u00f6n\u00fcn.\" \/>\n<meta property=\"og:url\" content=\"https:\/\/planyard.com\/tr\/bize-ulasin\" \/>\n<meta property=\"og:site_name\" content=\"Planyard T\u00fcrkiye\" \/>\n<meta property=\"article:modified_time\" content=\"2026-02-12T10:44:20+00:00\" \/>\n<meta name=\"twitter:card\" content=\"summary_large_image\" \/>\n<!-- \/ Yoast SEO plugin. -->","yoast_head_json":{"title":"Bize Ula\u015f\u0131n - Planyard T\u00fcrkiye","description":"Bize nas\u0131l ula\u015fabilece\u011finiz burada. Herhangi bir sorunuz varsa, form veya sohbet \u00fczerinden bize geri d\u00f6n\u00fcn.","robots":{"index":"index","follow":"follow","max-snippet":"max-snippet:-1","max-image-preview":"max-image-preview:large","max-video-preview":"max-video-preview:-1"},"canonical":"https:\/\/planyard.com\/tr\/bize-ulasin","og_locale":"tr_TR","og_type":"article","og_title":"Bize Ula\u015f\u0131n - Planyard T\u00fcrkiye","og_description":"Bize nas\u0131l ula\u015fabilece\u011finiz burada. Herhangi bir sorunuz varsa, form veya sohbet \u00fczerinden bize geri d\u00f6n\u00fcn.","og_url":"https:\/\/planyard.com\/tr\/bize-ulasin","og_site_name":"Planyard T\u00fcrkiye","article_modified_time":"2026-02-12T10:44:20+00:00","twitter_card":"summary_large_image","schema":{"@context":"https:\/\/schema.org","@graph":[{"@type":"WebPage","@id":"https:\/\/planyard.com\/tr\/bize-ulasin","url":"https:\/\/planyard.com\/tr\/bize-ulasin","name":"Bize Ula\u015f\u0131n - Planyard T\u00fcrkiye","isPartOf":{"@id":"https:\/\/planyard.com\/tr#website"},"datePublished":"2024-07-30T17:26:26+00:00","dateModified":"2026-02-12T10:44:20+00:00","description":"Bize nas\u0131l ula\u015fabilece\u011finiz burada. Herhangi bir sorunuz varsa, form veya sohbet \u00fczerinden bize geri d\u00f6n\u00fcn.","breadcrumb":{"@id":"https:\/\/planyard.com\/tr\/bize-ulasin#breadcrumb"},"inLanguage":"tr","potentialAction":[{"@type":"ReadAction","target":["https:\/\/planyard.com\/tr\/bize-ulasin"]}]},{"@type":"BreadcrumbList","@id":"https:\/\/planyard.com\/tr\/bize-ulasin#breadcrumb","itemListElement":[{"@type":"ListItem","position":1,"name":"Home","item":"https:\/\/planyard.com\/tr"},{"@type":"ListItem","position":2,"name":"Bize Ula\u015f\u0131n"}]},{"@type":"WebSite","@id":"https:\/\/planyard.com\/tr#website","url":"https:\/\/planyard.com\/tr","name":"Planyard T\u00fcrkiye","description":"","potentialAction":[{"@type":"SearchAction","target":{"@type":"EntryPoint","urlTemplate":"https:\/\/planyard.com\/tr?s={search_term_string}"},"query-input":{"@type":"PropertyValueSpecification","valueRequired":true,"valueName":"search_term_string"}}],"inLanguage":"tr"}]}},"_links":{"self":[{"href":"https:\/\/planyard.com\/tr\/wp-json\/wp\/v2\/pages\/14448","targetHints":{"allow":["GET"]}}],"collection":[{"href":"https:\/\/planyard.com\/tr\/wp-json\/wp\/v2\/pages"}],"about":[{"href":"https:\/\/planyard.com\/tr\/wp-json\/wp\/v2\/types\/page"}],"author":[{"embeddable":true,"href":"https:\/\/planyard.com\/tr\/wp-json\/wp\/v2\/users\/1"}],"replies":[{"embeddable":true,"href":"https:\/\/planyard.com\/tr\/wp-json\/wp\/v2\/comments?post=14448"}],"version-history":[{"count":2,"href":"https:\/\/planyard.com\/tr\/wp-json\/wp\/v2\/pages\/14448\/revisions"}],"predecessor-version":[{"id":17240,"href":"https:\/\/planyard.com\/tr\/wp-json\/wp\/v2\/pages\/14448\/revisions\/17240"}],"wp:attachment":[{"href":"https:\/\/planyard.com\/tr\/wp-json\/wp\/v2\/media?parent=14448"}],"wp:term":[{"taxonomy":"page_intent","embeddable":true,"href":"https:\/\/planyard.com\/tr\/wp-json\/wp\/v2\/page_intent?post=14448"},{"taxonomy":"page_type","embeddable":true,"href":"https:\/\/planyard.com\/tr\/wp-json\/wp\/v2\/page_type?post=14448"}],"curies":[{"name":"wp","href":"https:\/\/api.w.org\/{rel}","templated":true}]}}