{"id":14446,"date":"2024-12-05T13:29:27","date_gmt":"2024-12-05T13:29:27","guid":{"rendered":"https:\/\/planyard.com\/construction-templates"},"modified":"2025-05-19T19:39:20","modified_gmt":"2025-05-19T19:39:20","slug":"insaat-sablonlari","status":"publish","type":"page","link":"https:\/\/planyard.com\/tr\/insaat-sablonlari","title":{"rendered":"\u0130n\u015faat \u015eablonlar\u0131 K\u00fct\u00fcphanesi"},"content":{"rendered":"\n<div class=\"wp-block-media-text is-stacked-on-mobile\"><figure class=\"wp-block-media-text__media\"><img loading=\"lazy\" decoding=\"async\" width=\"1080\" height=\"1080\" src=\"https:\/\/planyard.com\/wp-content\/uploads\/2024\/12\/construction_contract_template.png\" alt=\"Construction contract template\" class=\"wp-image-7944 size-full\" srcset=\"https:\/\/planyard.com\/wp-content\/uploads\/2024\/12\/construction_contract_template.png 1080w, https:\/\/planyard.com\/wp-content\/uploads\/2024\/12\/construction_contract_template-150x150.png 150w\" sizes=\"auto, (max-width: 1080px) 100vw, 1080px\" \/><\/figure><div class=\"wp-block-media-text__content\">\n<p>Projenizi ba\u015flang\u0131\u00e7tan tamamlanmaya kadar kolayla\u015ft\u0131rmak i\u00e7in tasarlanm\u0131\u015f kapsaml\u0131 in\u015faat \u015fablonlar\u0131 k\u00fct\u00fcphanemize ho\u015f geldiniz.<\/p>\n\n\n\n<p>\u0130ster deneyimli bir y\u00fcklenici olun ister alanda yeni bir proje y\u00f6neticisi, \u015fablonlar\u0131m\u0131z verimli planlama, uygulama ve y\u00f6netim i\u00e7in ihtiya\u00e7 duydu\u011funuz ara\u00e7lar\u0131 sa\u011flar.<\/p>\n\n\n\n<p><\/p>\n<\/div><\/div>\n\n\n\n<p><\/p>\n\n\n\n<p>A\u015fa\u011f\u0131da kategorize edilmi\u015f \u015fablonlar\u0131m\u0131z\u0131 ke\u015ffedin ve in\u015faat projenizi hayata ge\u00e7irmek i\u00e7in tam olarak ihtiyac\u0131n\u0131z olan\u0131 bulun. \u015eablon listesi zamanla geni\u015fletilecek ve geli\u015ftirilecektir. Bu listede ihtiyac\u0131n\u0131z olan bir \u015fablonun eksik oldu\u011funu d\u00fc\u015f\u00fcn\u00fcyorsan\u0131z, l\u00fctfen bize bildirin.<\/p>\n\n\n\n<h2 class=\"wp-block-heading\">Maliyet Kodu \u015eablonlar\u0131<\/h2>\n\n\n\n<p><em>Projenize ve b\u00f6lgenize ba\u011fl\u0131 olarak \u00e7e\u015fitli maliyet kodu se\u00e7enekleri.<\/em><\/p>\n\n\n\n<ul class=\"wp-block-list\">\n<li><strong><a href=\"https:\/\/planyard.com\/blog\/aia-construction-codes-for-construction-billing\">AIA Maliyet Kodlar\u0131 \u015eablonu<\/a><\/strong><\/li>\n\n\n\n<li><strong><a href=\"https:\/\/planyard.com\/tr\/nahb-maliyet-kodlari\">NAHB Maliyet Kodlar\u0131 \u015eablonu<\/a><\/strong><\/li>\n\n\n\n<li><strong><a href=\"https:\/\/planyard.com\/tr\/insaat-maliyet-kodlari-icin-proje-yoneticileri\">Detayl\u0131 Maliyet Kodlar\u0131 \u015eablonu<\/a><\/strong><\/li>\n\n\n\n<li><strong>Maliyet Kodu ile Genel Muhasebe Defteri E\u015fle\u015ftirme \u015eablonu (yak\u0131nda geliyor)<\/strong><\/li>\n<\/ul>\n\n\n\n<h2 class=\"wp-block-heading\">Proje Planlama \u015eablonlar\u0131<\/h2>\n\n\n\n<p><em>Bu temel planlama ara\u00e7lar\u0131yla projeniz i\u00e7in sa\u011flam bir temel at\u0131n.<\/em><\/p>\n\n\n\n<ul class=\"wp-block-list\">\n<li><strong><a href=\"https:\/\/planyard.com\/tr\/insaat-butce-sablonu\">\u0130n\u015faat B\u00fct\u00e7e \u015eablonu<\/a><\/strong><\/li>\n\n\n\n<li><a href=\"https:\/\/planyard.com\/tr\/ucretsiz-insaat-maliyet-tahmin-sablonu\"><strong>\u0130n\u015faat Tahmin \u015eablonu<\/strong><\/a><\/li>\n\n\n\n<li><strong><a href=\"https:\/\/planyard.com\/tr\/insaat-teklif-sablonu\">Proje Teklif \u015eablonu<\/a><\/strong><\/li>\n\n\n\n<li><a href=\"https:\/\/planyard.com\/tr\/ucretsiz-insaat-takvimi-sablonu-excel-icin-hemen-indirin\"><strong>\u0130n\u015faat Takvimi \u015eablonu<\/strong><\/a><\/li>\n\n\n\n<li><strong>Kaynak Tahsis \u015eablonu<strong> (yak\u0131nda geliyor)<\/strong><\/strong><\/li>\n<\/ul>\n\n\n\n<h2 class=\"wp-block-heading\">Proje Y\u00f6netimi \u015eablonlar\u0131<\/h2>\n\n\n\n<p><em>Projenizi takipte tutun ve payda\u015flar\u0131 bu y\u00f6netim ara\u00e7lar\u0131yla bilgilendirin.<\/em><\/p>\n\n\n\n<ul class=\"wp-block-list\">\n<li><strong><a href=\"https:\/\/planyard.com\/tr\/maliyet-deger-mutabakati-sablonu\">\u0130n\u015faat CVR \u015eablonu<\/a><\/strong><\/li>\n\n\n\n<li><strong>Gantt \u015eemas\u0131 \u015eablonu<strong><strong> (yak\u0131nda geliyor)<\/strong><\/strong><\/strong><\/li>\n\n\n\n<li><strong>\u0130lerleme Raporu \u015eablonu<strong><strong> (yak\u0131nda geliyor)<\/strong><\/strong><\/strong><\/li>\n\n\n\n<li><strong>De\u011fi\u015fiklik Emri \u015eablonu<strong><strong> (yak\u0131nda geliyor)<\/strong><\/strong><\/strong><\/li>\n\n\n\n<li><strong>Payda\u015f \u0130leti\u015fim Plan\u0131<strong><strong> (yak\u0131nda geliyor)<\/strong><\/strong><\/strong><\/li>\n<\/ul>\n\n\n\n<h2 class=\"wp-block-heading\">Dok\u00fcmantasyon ve S\u00f6zle\u015fme \u015eablonlar\u0131<\/h2>\n\n\n\n<p><em>Bu kapsaml\u0131 \u015fablonlarla yasal i\u015flemleri ve dok\u00fcmantasyonu zahmetsizce y\u00f6netin.<\/em><\/p>\n\n\n\n<ul class=\"wp-block-list\">\n<li><strong><a href=\"https:\/\/planyard.com\/tr\/insaat-sozlesmesi-sablonu\">\u0130n\u015faat S\u00f6zle\u015fmesi \u015eablonu<\/a><\/strong><\/li>\n\n\n\n<li><strong><a href=\"https:\/\/planyard.com\/tr\/insaat-fatura-sablonu\">\u0130n\u015faat Fatura \u015eablonu<\/a><\/strong><\/li>\n\n\n\n<li><strong>\u0130\u015f Emri \u015eablonu (yak\u0131nda geliyor)<\/strong><\/li>\n\n\n\n<li><strong>Punch Listesi \u015eablonu<strong> (yak\u0131nda geliyor)<\/strong><\/strong><\/li>\n<\/ul>\n\n\n\n<h2 class=\"wp-block-heading\">G\u00fcvenlik ve Uyumluluk \u015eablonlar\u0131<\/h2>\n\n\n\n<p><em>Projenizin t\u00fcm g\u00fcvenlik standartlar\u0131n\u0131 ve yasal gereklilikleri kar\u015f\u0131lad\u0131\u011f\u0131ndan emin olun.<\/em><\/p>\n\n\n\n<ul class=\"wp-block-list\">\n<li><strong>G\u00fcvenlik Plan\u0131 \u015eablonu<strong> (yak\u0131nda geliyor)<\/strong><\/strong><\/li>\n\n\n\n<li><strong>Risk De\u011ferlendirme \u015eablonu<strong> (yak\u0131nda geliyor)<\/strong><\/strong><\/li>\n\n\n\n<li><strong>Yasal Uyumluluk Kontrol Listesi<strong> (yak\u0131nda geliyor)<\/strong><\/strong><\/li>\n\n\n\n<li><strong>Olay Raporu \u015eablonu<strong> (yak\u0131nda geliyor)<\/strong><\/strong><\/li>\n<\/ul>\n\n\n\n<p>Bu \u015fablonlar\u0131 indirip projenizin \u00f6zel ihtiya\u00e7lar\u0131na g\u00f6re \u00f6zelle\u015ftirmekten \u00e7ekinmeyin. Her \u015fablon, zaman kazand\u0131rmak, hatalar\u0131 azaltmak ve in\u015faat s\u00fcrecinizin t\u00fcm y\u00f6nlerinin iyi belgelenmi\u015f ve profesyonelce y\u00f6netildi\u011finden emin olmak i\u00e7in tasarlanm\u0131\u015ft\u0131r.<\/p>\n\n\n\n<p>Belgelerimizi <a href=\"https:\/\/www.hse.gov.uk\/construction\/index.htm\">HSE d\u00fczenlemeleri<\/a>, <a href=\"https:\/\/www.osha.gov\/construction\">OSHA d\u00fczenlemeleri<\/a> ve di\u011ferleriyle g\u00fcncel tutmaya \u00e7al\u0131\u015f\u0131yoruz &#8211; hen\u00fcz g\u00fcncellenmemi\u015f belgeler olabilir. E\u011fer b\u00f6yle bir durum varsa, l\u00fctfen bize bildirin.<\/p>\n","protected":false},"excerpt":{"rendered":"<p>Projenizi ba\u015flang\u0131\u00e7tan tamamlanmaya kadar kolayla\u015ft\u0131rmak i\u00e7in tasarlanm\u0131\u015f kapsaml\u0131 in\u015faat \u015fablonlar\u0131 k\u00fct\u00fcphanemize ho\u015f geldiniz. \u0130ster deneyimli bir y\u00fcklenici olun ister alanda yeni bir proje y\u00f6neticisi, \u015fablonlar\u0131m\u0131z verimli planlama, uygulama ve y\u00f6netim i\u00e7in ihtiya\u00e7 duydu\u011funuz ara\u00e7lar\u0131 sa\u011flar. A\u015fa\u011f\u0131da kategorize edilmi\u015f \u015fablonlar\u0131m\u0131z\u0131 ke\u015ffedin ve in\u015faat projenizi hayata ge\u00e7irmek i\u00e7in tam olarak ihtiyac\u0131n\u0131z olan\u0131 bulun. \u015eablon listesi zamanla geni\u015fletilecek&#8230;  <a class=\"excerpt-read-more\" href=\"https:\/\/planyard.com\/tr\/insaat-sablonlari\" title=\"Okuyun  \u0130n\u015faat \u015eablonlar\u0131 K\u00fct\u00fcphanesi\">Daha fazla oku &#8220;<\/a><\/p>\n","protected":false},"author":3,"featured_media":0,"parent":0,"menu_order":0,"comment_status":"closed","ping_status":"closed","template":"","meta":{"_acf_changed":false,"content-type":"","footnotes":""},"page_intent":[171],"page_type":[],"class_list":["post-14446","page","type-page","status-publish","hentry"],"acf":[],"yoast_head":"<!-- This site is optimized with the Yoast SEO plugin v27.1.1 - https:\/\/yoast.com\/product\/yoast-seo-wordpress\/ -->\n<title>\u0130n\u015faat \u015eablonlar\u0131 K\u00fct\u00fcphanesi - \u00dccretsiz \u0130ndirmeler - Planyard T\u00fcrkiye<\/title>\n<meta name=\"description\" content=\"Planlama, tasar\u0131m, g\u00fcvenlik veya dok\u00fcmantasyon i\u00e7in \u00fccretsiz in\u015faat \u015fablonlar\u0131. \u00d6zelle\u015ftirilebilir \u015fablonlarla proje y\u00f6netiminizi geli\u015ftirin.\" \/>\n<meta name=\"robots\" content=\"index, follow, max-snippet:-1, max-image-preview:large, max-video-preview:-1\" \/>\n<link rel=\"canonical\" href=\"https:\/\/planyard.com\/tr\/insaat-sablonlari\" \/>\n<meta property=\"og:locale\" content=\"tr_TR\" \/>\n<meta property=\"og:type\" content=\"article\" \/>\n<meta property=\"og:title\" content=\"\u0130n\u015faat \u015eablonlar\u0131 K\u00fct\u00fcphanesi - \u00dccretsiz \u0130ndirmeler - Planyard T\u00fcrkiye\" \/>\n<meta property=\"og:description\" content=\"Planlama, tasar\u0131m, g\u00fcvenlik veya dok\u00fcmantasyon i\u00e7in \u00fccretsiz in\u015faat \u015fablonlar\u0131. \u00d6zelle\u015ftirilebilir \u015fablonlarla proje y\u00f6netiminizi geli\u015ftirin.\" \/>\n<meta property=\"og:url\" content=\"https:\/\/planyard.com\/tr\/insaat-sablonlari\" \/>\n<meta property=\"og:site_name\" content=\"Planyard T\u00fcrkiye\" \/>\n<meta property=\"article:modified_time\" content=\"2025-05-19T19:39:20+00:00\" \/>\n<meta property=\"og:image\" content=\"https:\/\/planyard.com\/wp-content\/uploads\/2024\/12\/construction_contract_template.png\" \/>\n\t<meta property=\"og:image:width\" content=\"1080\" \/>\n\t<meta property=\"og:image:height\" content=\"1080\" \/>\n\t<meta property=\"og:image:type\" content=\"image\/png\" \/>\n<meta name=\"twitter:card\" content=\"summary_large_image\" \/>\n<meta name=\"twitter:label1\" content=\"Tahmini okuma s\u00fcresi\" \/>\n\t<meta name=\"twitter:data1\" content=\"2 dakika\" \/>\n<!-- \/ Yoast SEO plugin. -->","yoast_head_json":{"title":"\u0130n\u015faat \u015eablonlar\u0131 K\u00fct\u00fcphanesi - \u00dccretsiz \u0130ndirmeler - Planyard T\u00fcrkiye","description":"Planlama, tasar\u0131m, g\u00fcvenlik veya dok\u00fcmantasyon i\u00e7in \u00fccretsiz in\u015faat \u015fablonlar\u0131. \u00d6zelle\u015ftirilebilir \u015fablonlarla proje y\u00f6netiminizi geli\u015ftirin.","robots":{"index":"index","follow":"follow","max-snippet":"max-snippet:-1","max-image-preview":"max-image-preview:large","max-video-preview":"max-video-preview:-1"},"canonical":"https:\/\/planyard.com\/tr\/insaat-sablonlari","og_locale":"tr_TR","og_type":"article","og_title":"\u0130n\u015faat \u015eablonlar\u0131 K\u00fct\u00fcphanesi - \u00dccretsiz \u0130ndirmeler - Planyard T\u00fcrkiye","og_description":"Planlama, tasar\u0131m, g\u00fcvenlik veya dok\u00fcmantasyon i\u00e7in \u00fccretsiz in\u015faat \u015fablonlar\u0131. \u00d6zelle\u015ftirilebilir \u015fablonlarla proje y\u00f6netiminizi geli\u015ftirin.","og_url":"https:\/\/planyard.com\/tr\/insaat-sablonlari","og_site_name":"Planyard T\u00fcrkiye","article_modified_time":"2025-05-19T19:39:20+00:00","og_image":[{"width":1080,"height":1080,"url":"https:\/\/planyard.com\/wp-content\/uploads\/2024\/12\/construction_contract_template.png","type":"image\/png"}],"twitter_card":"summary_large_image","twitter_misc":{"Tahmini okuma s\u00fcresi":"2 dakika"},"schema":{"@context":"https:\/\/schema.org","@graph":[{"@type":"WebPage","@id":"https:\/\/planyard.com\/tr\/insaat-sablonlari","url":"https:\/\/planyard.com\/tr\/insaat-sablonlari","name":"\u0130n\u015faat \u015eablonlar\u0131 K\u00fct\u00fcphanesi - \u00dccretsiz \u0130ndirmeler - Planyard T\u00fcrkiye","isPartOf":{"@id":"https:\/\/planyard.com\/tr#website"},"primaryImageOfPage":{"@id":"https:\/\/planyard.com\/tr\/insaat-sablonlari#primaryimage"},"image":{"@id":"https:\/\/planyard.com\/tr\/insaat-sablonlari#primaryimage"},"thumbnailUrl":"https:\/\/planyard.com\/wp-content\/uploads\/2024\/12\/construction_contract_template.png","datePublished":"2024-12-05T13:29:27+00:00","dateModified":"2025-05-19T19:39:20+00:00","description":"Planlama, tasar\u0131m, g\u00fcvenlik veya dok\u00fcmantasyon i\u00e7in \u00fccretsiz in\u015faat \u015fablonlar\u0131. \u00d6zelle\u015ftirilebilir \u015fablonlarla proje y\u00f6netiminizi geli\u015ftirin.","breadcrumb":{"@id":"https:\/\/planyard.com\/tr\/insaat-sablonlari#breadcrumb"},"inLanguage":"tr","potentialAction":[{"@type":"ReadAction","target":["https:\/\/planyard.com\/tr\/insaat-sablonlari"]}]},{"@type":"ImageObject","inLanguage":"tr","@id":"https:\/\/planyard.com\/tr\/insaat-sablonlari#primaryimage","url":"https:\/\/planyard.com\/wp-content\/uploads\/2024\/12\/construction_contract_template.png","contentUrl":"https:\/\/planyard.com\/wp-content\/uploads\/2024\/12\/construction_contract_template.png"},{"@type":"BreadcrumbList","@id":"https:\/\/planyard.com\/tr\/insaat-sablonlari#breadcrumb","itemListElement":[{"@type":"ListItem","position":1,"name":"Home","item":"https:\/\/planyard.com\/tr"},{"@type":"ListItem","position":2,"name":"\u0130n\u015faat \u015eablonlar\u0131 K\u00fct\u00fcphanesi"}]},{"@type":"WebSite","@id":"https:\/\/planyard.com\/tr#website","url":"https:\/\/planyard.com\/tr","name":"Planyard T\u00fcrkiye","description":"","potentialAction":[{"@type":"SearchAction","target":{"@type":"EntryPoint","urlTemplate":"https:\/\/planyard.com\/tr?s={search_term_string}"},"query-input":{"@type":"PropertyValueSpecification","valueRequired":true,"valueName":"search_term_string"}}],"inLanguage":"tr"}]}},"_links":{"self":[{"href":"https:\/\/planyard.com\/tr\/wp-json\/wp\/v2\/pages\/14446","targetHints":{"allow":["GET"]}}],"collection":[{"href":"https:\/\/planyard.com\/tr\/wp-json\/wp\/v2\/pages"}],"about":[{"href":"https:\/\/planyard.com\/tr\/wp-json\/wp\/v2\/types\/page"}],"author":[{"embeddable":true,"href":"https:\/\/planyard.com\/tr\/wp-json\/wp\/v2\/users\/3"}],"replies":[{"embeddable":true,"href":"https:\/\/planyard.com\/tr\/wp-json\/wp\/v2\/comments?post=14446"}],"version-history":[{"count":2,"href":"https:\/\/planyard.com\/tr\/wp-json\/wp\/v2\/pages\/14446\/revisions"}],"predecessor-version":[{"id":16551,"href":"https:\/\/planyard.com\/tr\/wp-json\/wp\/v2\/pages\/14446\/revisions\/16551"}],"wp:attachment":[{"href":"https:\/\/planyard.com\/tr\/wp-json\/wp\/v2\/media?parent=14446"}],"wp:term":[{"taxonomy":"page_intent","embeddable":true,"href":"https:\/\/planyard.com\/tr\/wp-json\/wp\/v2\/page_intent?post=14446"},{"taxonomy":"page_type","embeddable":true,"href":"https:\/\/planyard.com\/tr\/wp-json\/wp\/v2\/page_type?post=14446"}],"curies":[{"name":"wp","href":"https:\/\/api.w.org\/{rel}","templated":true}]}}