{"id":14441,"date":"2025-01-29T11:49:32","date_gmt":"2025-01-29T11:49:32","guid":{"rendered":"https:\/\/planyard.com\/free-guide-master-construction-project-management"},"modified":"2025-05-19T19:38:50","modified_gmt":"2025-05-19T19:38:50","slug":"ucretsiz-kilavuz-insaat-proje-yonetiminde-ustalas","status":"publish","type":"page","link":"https:\/\/planyard.com\/tr\/ucretsiz-kilavuz-insaat-proje-yonetiminde-ustalas","title":{"rendered":"\u0130n\u015faat Proje Y\u00f6netimi: Pratik 10 Ad\u0131ml\u0131k K\u0131lavuz"},"content":{"rendered":"\n<h2 class=\"wp-block-heading\">\u0130n\u015faat Proje Y\u00f6neticisinin Zihniyeti<\/h2>\n\n\n\n<p>\u0130n\u015faat proje y\u00f6netimini d\u00fc\u015f\u00fcnd\u00fc\u011f\u00fcn\u00fczde, karma\u015f\u0131kl\u0131kta kaybolmak kolayd\u0131r. Haz\u0131rlanacak programlar, g\u00f6zden ge\u00e7irilecek s\u00f6zle\u015fmeler, izlenecek b\u00fct\u00e7eler ve kararlar\u0131n\u0131z\u0131 bekleyen onlarca insan var. Bu bir kaos\u2014do\u011fru yaparsan\u0131z kontrol alt\u0131nda bir kaos.<\/p>\n\n\n\n<p>Son 20 y\u0131lda, 104.023,00 $ (\u20ac100.000) tutar\u0131ndaki yenilemelerden milyar euroluk altyap\u0131 projelerine kadar uzanan projelerde \u00e7al\u0131\u015ft\u0131m. N\u00fckleer enerji santralleri, geli\u015fmi\u015f HVAC sistemleri ve par\u00e7ac\u0131k h\u0131zland\u0131r\u0131c\u0131lar sadece birka\u00e7 \u00f6rnek. Riskler y\u00fcksekti, zaman \u00e7izelgeleri s\u0131k\u0131\u015f\u0131kt\u0131 ve kar\u015f\u0131la\u015ft\u0131\u011f\u0131m\u0131z zorluklar kadar ekipler de \u00e7e\u015fitlilik g\u00f6steriyordu.<\/p>\n\n\n\n<p>T\u00fcm bu s\u00fcre zarf\u0131nda, temel bir \u015feyi fark ettim: Projeyi ba\u015far\u0131l\u0131 k\u0131lan ara\u00e7lar ve yaz\u0131l\u0131mlar de\u011fil. <em>Zihniyetinizdir.<\/em> Elinizde en iyi kaynaklar olabilir, ancak projeye do\u011fru al\u0131\u015fkanl\u0131klar, ilkeler ve sistemlerle yakla\u015fmazsan\u0131z, ba\u015far\u0131s\u0131z olacakt\u0131r.<\/p>\n\n\n\n<p>Bu k\u0131lavuz, y\u00fcce teoriler veya proje y\u00f6netimi sertifika el kitab\u0131nda okuyaca\u011f\u0131n\u0131z \u015feyler hakk\u0131nda de\u011fil. Zor yoldan \u00f6\u011frenilen derslerin dam\u0131t\u0131lm\u0131\u015f bir versiyonu\u2014sahada, toplant\u0131larda ve her \u015feyin \u00e7\u00f6kt\u00fc\u011f\u00fcn\u00fc hissetti\u011finiz anlarda.<\/p>\n\n\n\n<h2 class=\"wp-block-heading\">Bu K\u0131lavuzu Neden Yazd\u0131m<\/h2>\n\n\n\n<p>Proje y\u00f6neticisi olarak ilk g\u00fcnlerimde, \u015fimdi &#8220;saha el kitab\u0131&#8221; dedi\u011fim bir \u015feyin eksikli\u011fini s\u0131k\u00e7a hissederdim. Ders vermeyen, ancak bask\u0131 alt\u0131ndayken uygulanabilir tavsiyeler sunan bir kaynak. Tedarik son anda ba\u015far\u0131s\u0131z oldu\u011funda ne yapmal\u0131s\u0131n\u0131z? Ya da bir alt y\u00fcklenicinin gecikmeleri program\u0131 tehlikeye att\u0131\u011f\u0131nda?<\/p>\n\n\n\n<p>B\u00f6yle bir el kitab\u0131m yoktu. Bunun yerine, deneme yan\u0131lma y\u00f6ntemim vard\u0131. Hatalar yapt\u0131m, d\u00fczelttim ve \u00f6\u011frendim.<\/p>\n\n\n\n<p>Bug\u00fcn, say\u0131s\u0131z projeyi y\u00f6nettikten sonra, baz\u0131 kal\u0131plar fark ettim. Sorunlar y\u00fczeyde farkl\u0131 g\u00f6r\u00fcnebilir, ancak alt\u0131nda benzerlikler ta\u015f\u0131rlar. Bir milyar dolarl\u0131k projede i\u015fe yarayan stratejiler, genellikle 520.115,00 $ (\u20ac500.000) tutar\u0131ndaki bir projede de i\u015fe yarar. Bu k\u0131lavuz, bu stratejileri belgelemeye y\u00f6nelik bir giri\u015fimimdir\u2014ba\u015flang\u0131\u00e7ta sahip olmay\u0131 diledi\u011fim bir \u015feyi size sunmak i\u00e7in.<\/p>\n\n\n\n<h2 class=\"wp-block-heading\"><strong>Bu K\u0131lavuzda Neler Var<\/strong><\/h2>\n\n\n\n<p>Bu, 10 b\u00f6l\u00fcml\u00fck bir k\u0131lavuzdur. Her b\u00f6l\u00fcm, proje y\u00f6netiminin tek bir y\u00f6n\u00fcne odaklan\u0131r. Yeni bir projeye ba\u015flamadan \u00f6nce tekrar g\u00f6zden ge\u00e7irebilece\u011finiz bir kontrol listesi veya bir dizi &#8220;pratik kural&#8221; olarak d\u00fc\u015f\u00fcn\u00fcn.<\/p>\n\n\n\n<p>B\u00f6l\u00fcmleri g\u00f6r\u00fcn:<\/p>\n\n\n\n<ol class=\"wp-block-list\">\n<li><strong>Proje Programlar\u0131n\u0131n Olu\u015fturulmas\u0131 ve Takibi<\/strong> <br>Programlar neden ba\u015far\u0131s\u0131z olur ve ba\u015far\u0131s\u0131z olmayanlar\u0131 nas\u0131l olu\u015fturabilirsiniz. <a href=\"https:\/\/planyard.com\/tr\/insaat-zamanlamasi\">Buradan daha fazla okuyun<\/a><\/li>\n\n\n\n<li><strong>\u0130n\u015faat \u0130halesi<\/strong> <br>Riskleri en aza indiren sorunsuz ihale s\u00fcre\u00e7lerini nas\u0131l y\u00fcr\u00fctebilirsiniz. <a href=\"https:\/\/planyard.com\/tr\/insaat-ihaleleri-kilavuzu\">Buradan daha fazla okuyun<\/a><\/li>\n\n\n\n<li><strong>\u00d6n \u0130n\u015faat Proje \u0130ncelemesi<\/strong> <br>Planlar\u0131 sorun haline gelmeden \u00f6nce riskleri bulmak i\u00e7in nas\u0131l inceleyebilirsiniz. <a href=\"https:\/\/planyard.com\/tr\/proje-yoneticileri-icin-on-yapi-rehberi-kontrol-listesi\">Buradan daha fazla okuyun<\/a><\/li>\n\n\n\n<li><strong>S\u00f6zle\u015fme Y\u00f6netimi<\/strong> <br>Projenizi koruyan do\u011fru s\u00f6zle\u015fmeleri se\u00e7mek ve \u015fartlar\u0131 m\u00fczakere etmek. <a href=\"https:\/\/planyard.com\/tr\/insaat-sozlesme-yonetimi-rehberi\">Buradan daha fazla okuyun<\/a><\/li>\n\n\n\n<li><strong>Delege Etme ve Motive Etme<\/strong> <br>Kaynaklar s\u0131n\u0131rl\u0131 oldu\u011funda bile ekibinizi etkili bir \u015fekilde y\u00f6nlendirin. (26 Mart 2025&#8217;te yay\u0131nlanacak; abone olun <a href=\"https:\/\/planyard.com\/tr\/usta-insaat-proje-yonetimi-rehberinin-bir-sonraki-bolumunu-alin\">buradan<\/a> g\u00f6nderilecektir)<\/li>\n\n\n\n<li><strong>\u00d6nemli Toplant\u0131lar<\/strong> <br>Toplant\u0131lar\u0131n zaman tuzaklar\u0131ndan ka\u00e7\u0131n\u0131n ve yine de ilerlemeyi sa\u011flay\u0131n. (9 Nisan 2025&#8217;te yay\u0131nlanacak; abone olun <a href=\"https:\/\/planyard.com\/tr\/usta-insaat-proje-yonetimi-rehberinin-bir-sonraki-bolumunu-alin\">buradan<\/a> g\u00f6nderilecektir)<\/li>\n\n\n\n<li><strong>Maliyet Takibi<\/strong>  <br>B\u00fct\u00e7ede kalmak ve ho\u015f olmayan s\u00fcrprizlerden ka\u00e7\u0131nmak i\u00e7in ger\u00e7ek d\u00fcnya stratejileri. (23 Nisan 2025&#8217;te yay\u0131nlanacak; abone olun <a href=\"https:\/\/planyard.com\/tr\/usta-insaat-proje-yonetimi-rehberinin-bir-sonraki-bolumunu-alin\">buradan<\/a> g\u00f6nderilecektir)<\/li>\n\n\n\n<li><strong>\u0130leti\u015fim<\/strong><br>Projeleri sorunsuz bir \u015fekilde y\u00fcr\u00fcten veya onlar\u0131 par\u00e7alayan g\u00f6r\u00fcnmez ba\u011f. (7 May\u0131s&#8217;ta yay\u0131nlanacak, abone olun <a href=\"https:\/\/planyard.com\/tr\/usta-insaat-proje-yonetimi-rehberinin-bir-sonraki-bolumunu-alin\">buradan<\/a> g\u00f6nderilecektir)<\/li>\n\n\n\n<li><strong>B\u00fct\u00e7eleme ve Tahmin<\/strong> <br>Beklenmedik durumlarla ba\u015fa \u00e7\u0131kabilecek b\u00fct\u00e7eler olu\u015fturma. (21 May\u0131s 2025&#8217;te yay\u0131nlanacak; abone olun <a href=\"https:\/\/planyard.com\/tr\/usta-insaat-proje-yonetimi-rehberinin-bir-sonraki-bolumunu-alin\">buradan<\/a> g\u00f6nderilecektir)<\/li>\n\n\n\n<li><strong>Hedef Belirleme ve Ba\u015farma<\/strong> <br>Ekibinizi ve payda\u015flar\u0131n\u0131z\u0131 ortak ba\u015far\u0131 i\u00e7in hizalama. (4 Haziran 2025&#8217;te yay\u0131nlanacak; abone olun <a href=\"https:\/\/planyard.com\/tr\/usta-insaat-proje-yonetimi-rehberinin-bir-sonraki-bolumunu-alin\">buradan<\/a> g\u00f6nderilecektir)<\/li>\n<\/ol>\n\n\n\n<p>Bu teorik bir \u00e7er\u00e7eve de\u011fil\u2014bir ara\u00e7 seti\u2014bir sonraki proje ba\u015flang\u0131\u00e7 toplant\u0131n\u0131za g\u00f6t\u00fcr\u00fcp hemen uygulayabilece\u011finiz t\u00fcrden bir tavsiye.<\/p>\n\n\n\n<h2 class=\"wp-block-heading\"><strong>Bu K\u0131lavuzdan Kimler Faydalanacak?<\/strong><\/h2>\n\n\n\n<p>\u0130n\u015faat projelerinin y\u00f6netiminde yer alan herkes i\u00e7in, ancak \u00f6zellikle:<\/p>\n\n\n\n<ul class=\"wp-block-list\">\n<li><strong>Gen\u00e7 Proje Y\u00f6neticileri:<\/strong> Yeni ba\u015fl\u0131yorsan\u0131z, bu size h\u0131zl\u0131 bir ba\u015flang\u0131\u00e7 yapman\u0131z i\u00e7in gereken temeli sa\u011flayacakt\u0131r.<\/li>\n\n\n\n<li><strong>K\u00fc\u00e7\u00fck \u0130\u015fletme Sahipleri:<\/strong> \u0130\u00e7 s\u00fcre\u00e7lerinizi geli\u015ftirmek ve \u00e7al\u0131\u015ft\u0131\u011f\u0131n\u0131z y\u00fcklenicilerin zihnine girmek mi istiyorsunuz? Bu sizin i\u00e7in.<\/li>\n\n\n\n<li><strong>\u0130n\u015faat Y\u00f6neticileri:<\/strong> Ekiplerinizin en iyi uygulamalar\u0131 takip etti\u011finden ve tutarl\u0131 sonu\u00e7lar elde etti\u011finden emin olmak i\u00e7in bu k\u0131lavuzu kullan\u0131n.<\/li>\n<\/ul>\n\n\n\n<p>\u0130ster k\u00fc\u00e7\u00fck bir yenileme, ister b\u00fcy\u00fck \u00f6l\u00e7ekli bir altyap\u0131 projesi y\u00f6netin, buradaki ilkeler ayn\u0131 kal\u0131r.<\/p>\n\n\n\n<h2 class=\"wp-block-heading\"><strong>Bu K\u0131lavuz Neden \u0130\u015fe Yar\u0131yor<\/strong><\/h2>\n\n\n\n<p>Yeni bir projeye ba\u015flamak i\u00e7in oturdu\u011fumda, her seferinde bu ilkeleri tekrar g\u00f6zden ge\u00e7iririm. Her seferinde. \u00c7\u00fcnk\u00fc onlar\u0131 bilmedi\u011fimden de\u011fil\u2014tekrar odaklanmay\u0131 keskinle\u015ftirir. Temelleri g\u00f6zden ge\u00e7irmek, ne kadar k\u00fc\u00e7\u00fck olursa olsun hi\u00e7bir ayr\u0131nt\u0131n\u0131n g\u00f6zden ka\u00e7mamas\u0131n\u0131 sa\u011flar.<\/p>\n\n\n\n<p>\u0130n\u015faat projeleri affetmez. Bir s\u00f6zle\u015fme maddesini g\u00f6zden ka\u00e7\u0131r\u0131rsan\u0131z, maliyetli bir yasal anla\u015fmazl\u0131kla kar\u015f\u0131la\u015fabilirsiniz. Bir son teslim tarihini ka\u00e7\u0131r\u0131rsan\u0131z, m\u00fc\u015fterinizin g\u00fcvenini kaybedebilirsiniz. Bu hatalar sadece olmaz\u2014haz\u0131rl\u0131kl\u0131 olmaman\u0131n belirtileridir.<\/p>\n\n\n\n<p>Bu k\u0131lavuz benim nas\u0131l haz\u0131rland\u0131\u011f\u0131m. Ve \u015fimdi, sizin kullan\u0131m\u0131n\u0131za sunuluyor.<\/p>\n\n\n\n<h3 class=\"wp-block-heading\"><strong>Yazar Hakk\u0131nda<\/strong><\/h3>\n\n\n\n<p>Margus Rahuoja (<a href=\"https:\/\/www.linkedin.com\/in\/margus-rahuoja-96b27184\/\">LinkedIn<\/a>) 20 y\u0131l\u0131 a\u015fk\u0131n in\u015faat proje y\u00f6netimi deneyimine sahiptir, Estonya, Finlandiya ve \u0130sve\u00e7&#8217;te \u00e7ok \u00e7e\u015fitli projeler teslim ettim, milyon dolarl\u0131k HVAC sistemlerinden milyar euroluk n\u00fckleer santrallere kadar her \u015feyde \u00e7al\u0131\u015ft\u0131m. Felsefem basit: Projenizi, itibar\u0131n\u0131z ona ba\u011fl\u0131ym\u0131\u015f gibi y\u00f6netin\u2014\u00e7\u00fcnk\u00fc \u00f6yle.<\/p>\n\n\n\n<p><strong><a href=\"https:\/\/planyard.com\/tr\/insaat-zamanlamasi\">Sonraki b\u00f6l\u00fcm\u00fc okuyun<\/a><\/strong><\/p>\n\n\n\n<p><\/p>\n","protected":false},"excerpt":{"rendered":"<p>\u0130n\u015faat Proje Y\u00f6neticisinin Zihniyeti \u0130n\u015faat proje y\u00f6netimini d\u00fc\u015f\u00fcnd\u00fc\u011f\u00fcn\u00fczde, karma\u015f\u0131kl\u0131kta kaybolmak kolayd\u0131r. Haz\u0131rlanacak programlar, g\u00f6zden ge\u00e7irilecek s\u00f6zle\u015fmeler, izlenecek b\u00fct\u00e7eler ve kararlar\u0131n\u0131z\u0131 bekleyen onlarca insan var. Bu bir kaos\u2014do\u011fru yaparsan\u0131z kontrol alt\u0131nda bir kaos. Son 20 y\u0131lda, 104.023,00 $ (\u20ac100.000) tutar\u0131ndaki yenilemelerden milyar euroluk altyap\u0131 projelerine kadar uzanan projelerde \u00e7al\u0131\u015ft\u0131m. N\u00fckleer enerji santralleri, geli\u015fmi\u015f HVAC sistemleri ve&#8230;  <a class=\"excerpt-read-more\" href=\"https:\/\/planyard.com\/tr\/ucretsiz-kilavuz-insaat-proje-yonetiminde-ustalas\" title=\"Okuyun  \u0130n\u015faat Proje Y\u00f6netimi: Pratik 10 Ad\u0131ml\u0131k K\u0131lavuz\">Daha fazla oku &#8220;<\/a><\/p>\n","protected":false},"author":4,"featured_media":0,"parent":0,"menu_order":0,"comment_status":"closed","ping_status":"closed","template":"","meta":{"_acf_changed":false,"content-type":"","footnotes":""},"page_intent":[291],"page_type":[],"class_list":["post-14441","page","type-page","status-publish","hentry"],"acf":[],"yoast_head":"<!-- This site is optimized with the Yoast SEO plugin v27.1.1 - https:\/\/yoast.com\/product\/yoast-seo-wordpress\/ -->\n<title>\u0130n\u015faat Proje Y\u00f6netimi: Pratik 10 Ad\u0131ml\u0131k K\u0131lavuz - Planyard T\u00fcrkiye<\/title>\n<meta name=\"description\" content=\"\u0130n\u015faat proje y\u00f6netimini d\u00fc\u015f\u00fcnd\u00fc\u011f\u00fcn\u00fczde, karma\u015f\u0131kl\u0131kta kaybolmak kolayd\u0131r.\" \/>\n<meta name=\"robots\" content=\"index, follow, max-snippet:-1, max-image-preview:large, max-video-preview:-1\" \/>\n<link rel=\"canonical\" href=\"https:\/\/planyard.com\/tr\/ucretsiz-kilavuz-insaat-proje-yonetiminde-ustalas\" \/>\n<meta property=\"og:locale\" content=\"tr_TR\" \/>\n<meta property=\"og:type\" content=\"article\" \/>\n<meta property=\"og:title\" content=\"\u0130n\u015faat Proje Y\u00f6netimi: Pratik 10 Ad\u0131ml\u0131k K\u0131lavuz - Planyard T\u00fcrkiye\" \/>\n<meta property=\"og:description\" content=\"\u0130n\u015faat proje y\u00f6netimini d\u00fc\u015f\u00fcnd\u00fc\u011f\u00fcn\u00fczde, karma\u015f\u0131kl\u0131kta kaybolmak kolayd\u0131r.\" \/>\n<meta property=\"og:url\" content=\"https:\/\/planyard.com\/tr\/ucretsiz-kilavuz-insaat-proje-yonetiminde-ustalas\" \/>\n<meta property=\"og:site_name\" content=\"Planyard T\u00fcrkiye\" \/>\n<meta property=\"article:modified_time\" content=\"2025-05-19T19:38:50+00:00\" \/>\n<meta name=\"twitter:card\" content=\"summary_large_image\" \/>\n<meta name=\"twitter:label1\" content=\"Tahmini okuma s\u00fcresi\" \/>\n\t<meta name=\"twitter:data1\" content=\"4 dakika\" \/>\n<!-- \/ Yoast SEO plugin. -->","yoast_head_json":{"title":"\u0130n\u015faat Proje Y\u00f6netimi: Pratik 10 Ad\u0131ml\u0131k K\u0131lavuz - Planyard T\u00fcrkiye","description":"\u0130n\u015faat proje y\u00f6netimini d\u00fc\u015f\u00fcnd\u00fc\u011f\u00fcn\u00fczde, karma\u015f\u0131kl\u0131kta kaybolmak kolayd\u0131r.","robots":{"index":"index","follow":"follow","max-snippet":"max-snippet:-1","max-image-preview":"max-image-preview:large","max-video-preview":"max-video-preview:-1"},"canonical":"https:\/\/planyard.com\/tr\/ucretsiz-kilavuz-insaat-proje-yonetiminde-ustalas","og_locale":"tr_TR","og_type":"article","og_title":"\u0130n\u015faat Proje Y\u00f6netimi: Pratik 10 Ad\u0131ml\u0131k K\u0131lavuz - Planyard T\u00fcrkiye","og_description":"\u0130n\u015faat proje y\u00f6netimini d\u00fc\u015f\u00fcnd\u00fc\u011f\u00fcn\u00fczde, karma\u015f\u0131kl\u0131kta kaybolmak kolayd\u0131r.","og_url":"https:\/\/planyard.com\/tr\/ucretsiz-kilavuz-insaat-proje-yonetiminde-ustalas","og_site_name":"Planyard T\u00fcrkiye","article_modified_time":"2025-05-19T19:38:50+00:00","twitter_card":"summary_large_image","twitter_misc":{"Tahmini okuma s\u00fcresi":"4 dakika"},"schema":{"@context":"https:\/\/schema.org","@graph":[{"@type":"WebPage","@id":"https:\/\/planyard.com\/tr\/ucretsiz-kilavuz-insaat-proje-yonetiminde-ustalas","url":"https:\/\/planyard.com\/tr\/ucretsiz-kilavuz-insaat-proje-yonetiminde-ustalas","name":"\u0130n\u015faat Proje Y\u00f6netimi: Pratik 10 Ad\u0131ml\u0131k K\u0131lavuz - Planyard T\u00fcrkiye","isPartOf":{"@id":"https:\/\/planyard.com\/tr#website"},"datePublished":"2025-01-29T11:49:32+00:00","dateModified":"2025-05-19T19:38:50+00:00","description":"\u0130n\u015faat proje y\u00f6netimini d\u00fc\u015f\u00fcnd\u00fc\u011f\u00fcn\u00fczde, karma\u015f\u0131kl\u0131kta kaybolmak kolayd\u0131r.","breadcrumb":{"@id":"https:\/\/planyard.com\/tr\/ucretsiz-kilavuz-insaat-proje-yonetiminde-ustalas#breadcrumb"},"inLanguage":"tr","potentialAction":[{"@type":"ReadAction","target":["https:\/\/planyard.com\/tr\/ucretsiz-kilavuz-insaat-proje-yonetiminde-ustalas"]}]},{"@type":"BreadcrumbList","@id":"https:\/\/planyard.com\/tr\/ucretsiz-kilavuz-insaat-proje-yonetiminde-ustalas#breadcrumb","itemListElement":[{"@type":"ListItem","position":1,"name":"Home","item":"https:\/\/planyard.com\/tr"},{"@type":"ListItem","position":2,"name":"\u0130n\u015faat Proje Y\u00f6netimi: Pratik 10 Ad\u0131ml\u0131k K\u0131lavuz"}]},{"@type":"WebSite","@id":"https:\/\/planyard.com\/tr#website","url":"https:\/\/planyard.com\/tr","name":"Planyard T\u00fcrkiye","description":"","potentialAction":[{"@type":"SearchAction","target":{"@type":"EntryPoint","urlTemplate":"https:\/\/planyard.com\/tr?s={search_term_string}"},"query-input":{"@type":"PropertyValueSpecification","valueRequired":true,"valueName":"search_term_string"}}],"inLanguage":"tr"}]}},"_links":{"self":[{"href":"https:\/\/planyard.com\/tr\/wp-json\/wp\/v2\/pages\/14441","targetHints":{"allow":["GET"]}}],"collection":[{"href":"https:\/\/planyard.com\/tr\/wp-json\/wp\/v2\/pages"}],"about":[{"href":"https:\/\/planyard.com\/tr\/wp-json\/wp\/v2\/types\/page"}],"author":[{"embeddable":true,"href":"https:\/\/planyard.com\/tr\/wp-json\/wp\/v2\/users\/4"}],"replies":[{"embeddable":true,"href":"https:\/\/planyard.com\/tr\/wp-json\/wp\/v2\/comments?post=14441"}],"version-history":[{"count":2,"href":"https:\/\/planyard.com\/tr\/wp-json\/wp\/v2\/pages\/14441\/revisions"}],"predecessor-version":[{"id":16550,"href":"https:\/\/planyard.com\/tr\/wp-json\/wp\/v2\/pages\/14441\/revisions\/16550"}],"wp:attachment":[{"href":"https:\/\/planyard.com\/tr\/wp-json\/wp\/v2\/media?parent=14441"}],"wp:term":[{"taxonomy":"page_intent","embeddable":true,"href":"https:\/\/planyard.com\/tr\/wp-json\/wp\/v2\/page_intent?post=14441"},{"taxonomy":"page_type","embeddable":true,"href":"https:\/\/planyard.com\/tr\/wp-json\/wp\/v2\/page_type?post=14441"}],"curies":[{"name":"wp","href":"https:\/\/api.w.org\/{rel}","templated":true}]}}