{"id":14424,"date":"2024-11-06T09:38:07","date_gmt":"2024-11-06T09:38:07","guid":{"rendered":"https:\/\/planyard.com\/construction-glossary-collection"},"modified":"2025-05-19T19:36:29","modified_gmt":"2025-05-19T19:36:29","slug":"insaat-terimler-sozlugu-koleksiyonu","status":"publish","type":"page","link":"https:\/\/planyard.com\/tr\/insaat-terimler-sozlugu-koleksiyonu","title":{"rendered":"\u0130n\u015faat Finansal Terimler S\u00f6zl\u00fc\u011f\u00fc"},"content":{"rendered":"\n<p>\u0130n\u015faat Finansal Terimler S\u00f6zl\u00fc\u011f\u00fc&#8217;ne ho\u015f geldiniz, in\u015faata \u00f6zg\u00fc finansal terimler ve kavramlar\u0131 anlaman\u0131z i\u00e7in vazge\u00e7ilmez bir kaynak. Bu s\u00f6zl\u00fck, hem sekt\u00f6r profesyonelleri hem de yeni ba\u015flayanlar i\u00e7in haz\u0131rlanm\u0131\u015ft\u0131r ve temel b\u00fct\u00e7elemeden ileri d\u00fczey maliyet y\u00f6netimine kadar her \u015feyi kapsar.<\/p>\n\n\n\n<p>Proje finansman\u0131n\u0131 denetliyor, nakit ak\u0131\u015f\u0131n\u0131 y\u00f6netiyor veya maliyet tahminleri haz\u0131rl\u0131yorsan\u0131z, burada ihtiyac\u0131n\u0131z olan tan\u0131mlar\u0131 bulacaks\u0131n\u0131z. Her projede bilgili kal\u0131n ve g\u00fcvenle kararlar al\u0131n.<\/p>\n","protected":false},"excerpt":{"rendered":"<p>\u0130n\u015faat Finansal Terimler S\u00f6zl\u00fc\u011f\u00fc&#8217;ne ho\u015f geldiniz, in\u015faata \u00f6zg\u00fc finansal terimler ve kavramlar\u0131 anlaman\u0131z i\u00e7in vazge\u00e7ilmez bir kaynak. Bu s\u00f6zl\u00fck, hem sekt\u00f6r profesyonelleri hem de yeni ba\u015flayanlar i\u00e7in haz\u0131rlanm\u0131\u015ft\u0131r ve temel b\u00fct\u00e7elemeden ileri d\u00fczey maliyet y\u00f6netimine kadar her \u015feyi kapsar. Proje finansman\u0131n\u0131 denetliyor, nakit ak\u0131\u015f\u0131n\u0131 y\u00f6netiyor veya maliyet tahminleri haz\u0131rl\u0131yorsan\u0131z, burada ihtiyac\u0131n\u0131z olan tan\u0131mlar\u0131 bulacaks\u0131n\u0131z. Her&#8230;  <a class=\"excerpt-read-more\" href=\"https:\/\/planyard.com\/tr\/insaat-terimler-sozlugu-koleksiyonu\" title=\"Okuyun  \u0130n\u015faat Finansal Terimler S\u00f6zl\u00fc\u011f\u00fc\">Daha fazla oku &#8220;<\/a><\/p>\n","protected":false},"author":3,"featured_media":0,"parent":0,"menu_order":0,"comment_status":"closed","ping_status":"closed","template":"","meta":{"_acf_changed":false,"content-type":"","footnotes":""},"page_intent":[246],"page_type":[],"class_list":["post-14424","page","type-page","status-publish","hentry"],"acf":[],"yoast_head":"<!-- This site is optimized with the Yoast SEO plugin v27.1.1 - https:\/\/yoast.com\/product\/yoast-seo-wordpress\/ -->\n<title>\u0130n\u015faat Finansal Terimler S\u00f6zl\u00fc\u011f\u00fc - Planyard T\u00fcrkiye<\/title>\n<meta name=\"description\" content=\"Temel in\u015faat finansal terimleri i\u00e7in net tan\u0131mlar sunan ba\u015fvuru kayna\u011f\u0131n\u0131z. B\u00fct\u00e7eleme, nakit ak\u0131\u015f\u0131 ve daha fazlas\u0131n\u0131 kapsar.\" \/>\n<meta name=\"robots\" content=\"index, follow, max-snippet:-1, max-image-preview:large, max-video-preview:-1\" \/>\n<link rel=\"canonical\" href=\"https:\/\/planyard.com\/tr\/insaat-terimler-sozlugu-koleksiyonu\" \/>\n<meta property=\"og:locale\" content=\"tr_TR\" \/>\n<meta property=\"og:type\" content=\"article\" \/>\n<meta property=\"og:title\" content=\"\u0130n\u015faat Finansal Terimler S\u00f6zl\u00fc\u011f\u00fc - Planyard T\u00fcrkiye\" \/>\n<meta property=\"og:description\" content=\"Temel in\u015faat finansal terimleri i\u00e7in net tan\u0131mlar sunan ba\u015fvuru kayna\u011f\u0131n\u0131z. B\u00fct\u00e7eleme, nakit ak\u0131\u015f\u0131 ve daha fazlas\u0131n\u0131 kapsar.\" \/>\n<meta property=\"og:url\" content=\"https:\/\/planyard.com\/tr\/insaat-terimler-sozlugu-koleksiyonu\" \/>\n<meta property=\"og:site_name\" content=\"Planyard T\u00fcrkiye\" \/>\n<meta property=\"article:modified_time\" content=\"2025-05-19T19:36:29+00:00\" \/>\n<meta name=\"twitter:card\" content=\"summary_large_image\" \/>\n<meta name=\"twitter:label1\" content=\"Tahmini okuma s\u00fcresi\" \/>\n\t<meta name=\"twitter:data1\" content=\"1 dakika\" \/>\n<!-- \/ Yoast SEO plugin. -->","yoast_head_json":{"title":"\u0130n\u015faat Finansal Terimler S\u00f6zl\u00fc\u011f\u00fc - Planyard T\u00fcrkiye","description":"Temel in\u015faat finansal terimleri i\u00e7in net tan\u0131mlar sunan ba\u015fvuru kayna\u011f\u0131n\u0131z. B\u00fct\u00e7eleme, nakit ak\u0131\u015f\u0131 ve daha fazlas\u0131n\u0131 kapsar.","robots":{"index":"index","follow":"follow","max-snippet":"max-snippet:-1","max-image-preview":"max-image-preview:large","max-video-preview":"max-video-preview:-1"},"canonical":"https:\/\/planyard.com\/tr\/insaat-terimler-sozlugu-koleksiyonu","og_locale":"tr_TR","og_type":"article","og_title":"\u0130n\u015faat Finansal Terimler S\u00f6zl\u00fc\u011f\u00fc - Planyard T\u00fcrkiye","og_description":"Temel in\u015faat finansal terimleri i\u00e7in net tan\u0131mlar sunan ba\u015fvuru kayna\u011f\u0131n\u0131z. B\u00fct\u00e7eleme, nakit ak\u0131\u015f\u0131 ve daha fazlas\u0131n\u0131 kapsar.","og_url":"https:\/\/planyard.com\/tr\/insaat-terimler-sozlugu-koleksiyonu","og_site_name":"Planyard T\u00fcrkiye","article_modified_time":"2025-05-19T19:36:29+00:00","twitter_card":"summary_large_image","twitter_misc":{"Tahmini okuma s\u00fcresi":"1 dakika"},"schema":{"@context":"https:\/\/schema.org","@graph":[{"@type":"WebPage","@id":"https:\/\/planyard.com\/tr\/insaat-terimler-sozlugu-koleksiyonu","url":"https:\/\/planyard.com\/tr\/insaat-terimler-sozlugu-koleksiyonu","name":"\u0130n\u015faat Finansal Terimler S\u00f6zl\u00fc\u011f\u00fc - Planyard T\u00fcrkiye","isPartOf":{"@id":"https:\/\/planyard.com\/tr#website"},"datePublished":"2024-11-06T09:38:07+00:00","dateModified":"2025-05-19T19:36:29+00:00","description":"Temel in\u015faat finansal terimleri i\u00e7in net tan\u0131mlar sunan ba\u015fvuru kayna\u011f\u0131n\u0131z. B\u00fct\u00e7eleme, nakit ak\u0131\u015f\u0131 ve daha fazlas\u0131n\u0131 kapsar.","breadcrumb":{"@id":"https:\/\/planyard.com\/tr\/insaat-terimler-sozlugu-koleksiyonu#breadcrumb"},"inLanguage":"tr","potentialAction":[{"@type":"ReadAction","target":["https:\/\/planyard.com\/tr\/insaat-terimler-sozlugu-koleksiyonu"]}]},{"@type":"BreadcrumbList","@id":"https:\/\/planyard.com\/tr\/insaat-terimler-sozlugu-koleksiyonu#breadcrumb","itemListElement":[{"@type":"ListItem","position":1,"name":"Home","item":"https:\/\/planyard.com\/tr"},{"@type":"ListItem","position":2,"name":"\u0130n\u015faat Finansal Terimler S\u00f6zl\u00fc\u011f\u00fc"}]},{"@type":"WebSite","@id":"https:\/\/planyard.com\/tr#website","url":"https:\/\/planyard.com\/tr","name":"Planyard T\u00fcrkiye","description":"","potentialAction":[{"@type":"SearchAction","target":{"@type":"EntryPoint","urlTemplate":"https:\/\/planyard.com\/tr?s={search_term_string}"},"query-input":{"@type":"PropertyValueSpecification","valueRequired":true,"valueName":"search_term_string"}}],"inLanguage":"tr"}]}},"_links":{"self":[{"href":"https:\/\/planyard.com\/tr\/wp-json\/wp\/v2\/pages\/14424","targetHints":{"allow":["GET"]}}],"collection":[{"href":"https:\/\/planyard.com\/tr\/wp-json\/wp\/v2\/pages"}],"about":[{"href":"https:\/\/planyard.com\/tr\/wp-json\/wp\/v2\/types\/page"}],"author":[{"embeddable":true,"href":"https:\/\/planyard.com\/tr\/wp-json\/wp\/v2\/users\/3"}],"replies":[{"embeddable":true,"href":"https:\/\/planyard.com\/tr\/wp-json\/wp\/v2\/comments?post=14424"}],"version-history":[{"count":2,"href":"https:\/\/planyard.com\/tr\/wp-json\/wp\/v2\/pages\/14424\/revisions"}],"predecessor-version":[{"id":16541,"href":"https:\/\/planyard.com\/tr\/wp-json\/wp\/v2\/pages\/14424\/revisions\/16541"}],"wp:attachment":[{"href":"https:\/\/planyard.com\/tr\/wp-json\/wp\/v2\/media?parent=14424"}],"wp:term":[{"taxonomy":"page_intent","embeddable":true,"href":"https:\/\/planyard.com\/tr\/wp-json\/wp\/v2\/page_intent?post=14424"},{"taxonomy":"page_type","embeddable":true,"href":"https:\/\/planyard.com\/tr\/wp-json\/wp\/v2\/page_type?post=14424"}],"curies":[{"name":"wp","href":"https:\/\/api.w.org\/{rel}","templated":true}]}}