{"id":14414,"date":"2024-09-12T06:06:03","date_gmt":"2024-09-12T06:06:03","guid":{"rendered":"https:\/\/planyard.com\/construction-cost-codes-for-project-managers"},"modified":"2025-05-19T19:36:19","modified_gmt":"2025-05-19T19:36:19","slug":"insaat-maliyet-kodlari-icin-proje-yoneticileri","status":"publish","type":"page","link":"https:\/\/planyard.com\/tr\/insaat-maliyet-kodlari-icin-proje-yoneticileri","title":{"rendered":"\u0130n\u015faat Maliyet Kodlar\u0131"},"content":{"rendered":"\n<h2 class=\"wp-block-heading has-text-align-center paddedHeading\" id=\"what-are-construction-cost-codes\">\u0130n\u015faat Maliyet Kodlar\u0131 Nedir?<\/h2>\n\n\n\n<div class=\"wp-block-media-text alignwide has-media-on-the-right is-stacked-on-mobile\"><div class=\"wp-block-media-text__content\">\n<p><br>\u0130n\u015faat maliyet kodlar\u0131, miktarlar\u0131, b\u00fct\u00e7eleri, k\u00e2rlar\u0131 ve di\u011fer i\u015f ile ilgili verileri izlemek, y\u00f6netmek ve raporlamak i\u00e7in kullan\u0131lan tan\u0131ml\u0131 bir kod listesidir. <\/p>\n\n\n\n<p>Bu kodlar, tahminciler, proje y\u00f6neticileri ve muhasebe dahil olmak \u00fczere t\u00fcm payda\u015flar i\u00e7in \u015firket genelinde veri y\u00f6netimini kolayla\u015ft\u0131r\u0131r.<\/p>\n\n\n\n<p>Tahmin ve s\u00f6zle\u015fmeden maliyet y\u00f6netimi ve muhasebeye kadar kullan\u0131lmal\u0131, tam proje g\u00f6r\u00fcn\u00fcrl\u00fc\u011f\u00fc sa\u011flanmal\u0131 ve hata tespiti ile veri yeniden kullan\u0131m\u0131 m\u00fcmk\u00fcn k\u0131l\u0131nmal\u0131d\u0131r.<\/p>\n<\/div><figure class=\"wp-block-media-text__media\"><img loading=\"lazy\" decoding=\"async\" width=\"386\" height=\"365\" src=\"https:\/\/planyard.com\/wp-content\/uploads\/2024\/09\/Example-construction-cost-codes.png\" alt=\"\" class=\"wp-image-1976 size-full\"\/><\/figure><\/div>\n\n\n\n<h2 class=\"wp-block-heading has-text-align-center\">\u0130n\u015faat Maliyet Kodlar\u0131n\u0131n Kullan\u0131m\u0131n\u0131n Faydalar\u0131<\/h2>\n\n\n\n<div class=\"wp-block-columns is-layout-flex wp-container-core-columns-is-layout-9d6595d7 wp-block-columns-is-layout-flex\">\n<div class=\"wp-block-column is-layout-flow wp-block-column-is-layout-flow\">\n<h4 class=\"wp-block-heading\" id=\"cost-control\">Maliyet kontrol\u00fc<\/h4>\n\n\n\n<p>Projede paran\u0131n nas\u0131l harcand\u0131\u011f\u0131n\u0131 h\u0131zl\u0131 ve kolay bir \u015fekilde belirleme ve analiz etme yolu.<\/p>\n<\/div>\n\n\n\n<div class=\"wp-block-column is-layout-flow wp-block-column-is-layout-flow\">\n<h4 class=\"wp-block-heading\" id=\"kpis-tracking\">KPI takibi<\/h4>\n\n\n\n<p>Tahmini maliyet, maliyet tahmini, mevcut maliyetler ve daha fazlas\u0131 gibi KPI&#8217;lar\u0131 izleyin ve y\u00f6netin.<\/p>\n<\/div>\n\n\n\n<div class=\"wp-block-column is-layout-flow wp-block-column-is-layout-flow\">\n<h4 class=\"wp-block-heading\" id=\"ideal-for-companywide-use\">\u015eirket genelinde kullan\u0131m i\u00e7in ideal<\/h4>\n\n\n\n<p>Ayn\u0131 kodlar\u0131 \u015firket genelinde kullanmak, t\u00fcm payda\u015flar i\u00e7in maliyetleri, hatalar\u0131 ve tahminleri izlemeyi ve analiz etmeyi kolayla\u015ft\u0131r\u0131r.<\/p>\n<\/div>\n<\/div>\n\n\n\n<div class=\"wp-block-columns is-layout-flex wp-container-core-columns-is-layout-9d6595d7 wp-block-columns-is-layout-flex\">\n<div class=\"wp-block-column is-layout-flow wp-block-column-is-layout-flow\">\n<h4 class=\"wp-block-heading\" id=\"visualize-profit-centers\">K\u00e2r merkezlerini g\u00f6rselle\u015ftirin<\/h4>\n\n\n\n<p>K\u00e2r merkezlerini ve sorunlu alanlar\u0131 g\u00f6rselle\u015ftirmek i\u00e7in u\u00e7tan uca analiz.<\/p>\n<\/div>\n\n\n\n<div class=\"wp-block-column is-layout-flow wp-block-column-is-layout-flow\">\n<h4 class=\"wp-block-heading\" id=\"estimating\">Tahmin<\/h4>\n\n\n\n<p>Daha do\u011fru ve ger\u00e7ek\u00e7i tahminler olu\u015fturmak i\u00e7in maliyetleri ger\u00e7ek zamanl\u0131 olarak takip etme yap\u0131s\u0131 ve eri\u015fimi sa\u011flar.<\/p>\n<\/div>\n\n\n\n<div class=\"wp-block-column is-layout-flow wp-block-column-is-layout-flow\">\n<h4 class=\"wp-block-heading\" id=\"real-time-tracking\">Ger\u00e7ek zamanl\u0131 izleme<\/h4>\n\n\n\n<p>Y\u00f6netimin i\u015fin net bir genel g\u00f6r\u00fcn\u00fcm\u00fcne sahip olmas\u0131na ve t\u00fcm payda\u015flar\u0131n kat\u0131l\u0131m\u0131n\u0131 s\u00fcrd\u00fcrmesine olanak tan\u0131r.<\/p>\n<\/div>\n<\/div>\n\n\n\n<h2 class=\"wp-block-heading has-text-align-center\">\u0130\u015f K\u00fc\u00e7\u00fck Teslimatlara B\u00f6l\u00fcnd\u00fc<\/h2>\n\n\n\n<div class=\"wp-block-media-text alignwide has-media-on-the-right is-stacked-on-mobile\"><div class=\"wp-block-media-text__content\">\n<p><br>\u0130\u015fler, bir projenin in\u015faat maliyet kodlar\u0131 kullan\u0131larak g\u00f6revleri daha k\u00fc\u00e7\u00fck teslimatlara (\u00f6rne\u011fin, temeller, kurulumlar, cepheler) b\u00f6lmek i\u00e7in par\u00e7alanabilir.<\/p>\n\n\n\n<p>Planyard, i\u015flerin kronolojik s\u0131ras\u0131n\u0131 takip etmeyi \u00f6nerir. Maliyetleri sahadaki faaliyetlere g\u00f6re yap\u0131land\u0131rmak, y\u00f6netimin k\u00e2rl\u0131l\u0131\u011f\u0131 a\u015famalarda takip etmesine yard\u0131mc\u0131 olur. Projenin ortas\u0131nda, temel \u00e7al\u0131\u015fmalar\u0131 gibi ilk a\u015famalar\u0131n k\u00e2rl\u0131 olup olmad\u0131\u011f\u0131n\u0131 g\u00f6rebilirsiniz.<\/p>\n<\/div><figure class=\"wp-block-media-text__media\"><img loading=\"lazy\" decoding=\"async\" width=\"586\" height=\"367\" src=\"https:\/\/planyard.com\/wp-content\/uploads\/2024\/09\/Categoreis.png\" alt=\"\" class=\"wp-image-1977 size-full\"\/><\/figure><\/div>\n\n\n\n<h2 class=\"wp-block-heading has-text-align-center\">\u0130n\u015faat b\u00fct\u00e7e yap\u0131s\u0131<\/h2>\n\n\n\n<div class=\"wp-block-media-text alignwide has-media-on-the-right is-stacked-on-mobile\"><div class=\"wp-block-media-text__content\">\n<p>\u0130n\u015faat maliyet kodlar\u0131, proje tahmini ve maliyet y\u00f6netimini i\u015f g\u00f6revleri ve yap\u0131s\u0131yla birle\u015ftirmelidir. Maliyet kodlar\u0131n\u0131n, genel proje seviyesinden bireysel i\u015flere ve hesaplara kadar tan\u0131nabilir bir yap\u0131ya sahip olmas\u0131 gerekir.<\/p>\n\n\n\n<p>Sa\u011fda, D\u0131\u015f Kurulumlar kategorisinin hesap seviyesine kadar nas\u0131l b\u00f6l\u00fcnd\u00fc\u011f\u00fcn\u00fc g\u00f6rebilirsiniz.<\/p>\n<\/div><figure class=\"wp-block-media-text__media\"><img loading=\"lazy\" decoding=\"async\" width=\"809\" height=\"198\" src=\"https:\/\/planyard.com\/wp-content\/uploads\/2024\/09\/Category-breakdown.png\" alt=\"\" class=\"wp-image-1978 size-full\"\/><\/figure><\/div>\n\n\n\n<h2 class=\"wp-block-heading has-text-align-center paddedHeading\" id=\"budget-managed-from-an-estimate-from-job-costing-to-project-income\">B\u00fct\u00e7e, Tahminden \u0130\u015f Maliyetlendirmesine ve Proje Gelirine Kadar Y\u00f6netilir<\/h2>\n\n\n\n<p>Ayr\u0131ca, i\u015f k\u00e2rl\u0131l\u0131\u011f\u0131n\u0131 makale seviyesinde izlemeyi sa\u011flamak i\u00e7in b\u00fct\u00e7eyi m\u00fc\u015fteri taraf\u0131ndan \u00f6denen maliyetle listelemek ak\u0131ll\u0131ca olur.<\/p>\n\n\n\n<figure class=\"wp-block-image size-full\"><img loading=\"lazy\" decoding=\"async\" width=\"1024\" height=\"165\" src=\"https:\/\/planyard.com\/wp-content\/uploads\/2024\/09\/Category-breakdown-goal-and-free-1024x165-1.png\" alt=\"\" class=\"wp-image-1979\"\/><\/figure>\n\n\n\n<div class=\"wp-block-group\"><div class=\"wp-block-group__inner-container is-layout-constrained wp-block-group-is-layout-constrained\">\n<h2 class=\"wp-block-heading has-text-align-center paddedHeading\" id=\"to-what-level-should-you-break-down-construction-cost-codes\">\u0130n\u015faat maliyet kodlar\u0131n\u0131 hangi seviyeye kadar b\u00f6lmelisiniz?<\/h2>\n\n\n\n<p>Bu sorunun tek bir cevab\u0131 yoktur. \u00c7e\u015fitli payda\u015flar\u0131n ihtiya\u00e7 duydu\u011fu detay seviyesini izleyerek ba\u015flamal\u0131s\u0131n\u0131z. Maliyetleri \u00e7ok fazla detayda takip etmek, proje y\u00f6neticileri i\u00e7in raporlamay\u0131 zaman al\u0131c\u0131 bir g\u00f6rev haline getirir ve maliyet analizi s\u00fcrecine karma\u015f\u0131kl\u0131k katar.<\/p>\n\n\n\n<p><strong>Not! Maliyet kodu y\u00f6netiminde bir dizi payda\u015f\u0131n yer ald\u0131\u011f\u0131n\u0131 unutmamak \u00f6nemlidir. T\u00fcm payda\u015flar, uygun maliyet kodu yap\u0131s\u0131n\u0131 se\u00e7meye dahil edilmelidir.<\/strong><\/p>\n\n\n\n<ol class=\"wp-block-list\">\n<li>Maliyet kodu bilgisini kimin kullanaca\u011f\u0131n\u0131 d\u00fc\u015f\u00fcnmek \u00f6nemlidir<\/li>\n\n\n\n<li>Proje y\u00f6neticileri, i\u015fi bitirmeye odaklan\u0131r ve raporlamaya m\u00fcmk\u00fcn oldu\u011funca az zaman harcayarak b\u00fct\u00e7eyi kontrol etmelidir<\/li>\n\n\n\n<li>Muhasebe, her hesap baz\u0131nda maliyetleri takip etmekle ilgilenir<br>Y\u00f6neticiler, izleme hatalar\u0131, hesap verebilirlik ve k\u00e2rl\u0131l\u0131kla uyumlu olabilmelidir<\/li>\n\n\n\n<li>Gelecek tahminler i\u00e7in tahminciler, mevcut i\u015flerin ger\u00e7ek maliyetlerini takip edebilmelidir<\/li>\n<\/ol>\n<\/div><\/div>\n\n\n\n<h2 class=\"wp-block-heading has-text-align-center paddedHeading\" id=\"where-to-get-a-list-of-construction-cost-codes\">\u0130n\u015faat maliyet kodlar\u0131 listesini nereden alabilirsiniz?<\/h2>\n\n\n\n<div class=\"wp-block-buttons is-horizontal is-content-justification-center is-layout-flex wp-container-core-buttons-is-layout-499968f5 wp-block-buttons-is-layout-flex\">\n<div class=\"wp-block-button\"><a class=\"wp-block-button__link has-background wp-element-button\" href=\"https:\/\/planyard.com\/tr\/ucretsiz-maliyet-kodlari-tablosunu-indirin\" style=\"background-color:#2756ff\" target=\"_blank\" rel=\"noreferrer noopener\">\u00dccretsiz in\u015faat maliyet kodlar\u0131n\u0131 edinin<\/a><\/div>\n<\/div>\n\n\n\n<h2 class=\"wp-block-heading has-text-align-center\">Planyard y\u00fcklenici yaz\u0131l\u0131m\u0131, h\u0131rsl\u0131 ekiplerin hedeflerini a\u015fmas\u0131na ve b\u00fcy\u00fcmelerini h\u0131zland\u0131rmas\u0131na yard\u0131mc\u0131 olur.<\/h2>\n\n\n\n<div class=\"wp-block-media-text alignwide has-media-on-the-right is-stacked-on-mobile is-vertically-aligned-center\" style=\"grid-template-columns:auto 41%\"><div class=\"wp-block-media-text__content\">\n<ul class=\"wp-block-list\">\n<li>Art\u0131k elektronik tablolar yok<\/li>\n\n\n\n<li>Proje y\u00f6neticilerinin ve QS&#8217;lerin zaman\u0131n\u0131 tasarruf eder<\/li>\n\n\n\n<li>Kolayca uygulanabilir ve kullan\u0131labilir<\/li>\n\n\n\n<li>Ger\u00e7ek zamanl\u0131 ve do\u011fru finansal tahminler<\/li>\n\n\n\n<li>Art\u0131k yinelenen veri giri\u015fi yok<\/li>\n<\/ul>\n\n\n\n<div class=\"wp-block-buttons is-layout-flex wp-block-buttons-is-layout-flex\">\n<div class=\"wp-block-button\"><a class=\"wp-block-button__link has-background wp-element-button\" href=\"https:\/\/planyard.com\/sign-up\" style=\"background-color:#2756ff\">\u00dccretsiz denemenizi ba\u015flat\u0131n<\/a><\/div>\n\n\n\n<div class=\"wp-block-button\"><a class=\"wp-block-button__link has-background wp-element-button\" href=\"https:\/\/meetings.hubspot.com\/cedlund\" style=\"background-color:#2756ff\" target=\"_blank\" rel=\"noreferrer noopener\">Demo talep edin<\/a><\/div>\n<\/div>\n<\/div><figure class=\"wp-block-media-text__media\"><img loading=\"lazy\" decoding=\"async\" width=\"1024\" height=\"598\" src=\"https:\/\/planyard.com\/wp-content\/uploads\/2024\/09\/construction-project-management-software-macbook-iphone-1_reduced-1024x598-1.webp\" alt=\"\" class=\"wp-image-1980 size-large\"\/><\/figure><\/div>\n","protected":false},"excerpt":{"rendered":"<p>\u0130n\u015faat Maliyet Kodlar\u0131 Nedir? \u0130n\u015faat maliyet kodlar\u0131, miktarlar\u0131, b\u00fct\u00e7eleri, k\u00e2rlar\u0131 ve di\u011fer i\u015f ile ilgili verileri izlemek, y\u00f6netmek ve raporlamak i\u00e7in kullan\u0131lan tan\u0131ml\u0131 bir kod listesidir. Bu kodlar, tahminciler, proje y\u00f6neticileri ve muhasebe dahil olmak \u00fczere t\u00fcm payda\u015flar i\u00e7in \u015firket genelinde veri y\u00f6netimini kolayla\u015ft\u0131r\u0131r. Tahmin ve s\u00f6zle\u015fmeden maliyet y\u00f6netimi ve muhasebeye kadar kullan\u0131lmal\u0131, tam proje&#8230;  <a class=\"excerpt-read-more\" href=\"https:\/\/planyard.com\/tr\/insaat-maliyet-kodlari-icin-proje-yoneticileri\" title=\"Okuyun  \u0130n\u015faat Maliyet Kodlar\u0131\">Daha fazla oku &#8220;<\/a><\/p>\n","protected":false},"author":5,"featured_media":0,"parent":0,"menu_order":0,"comment_status":"closed","ping_status":"closed","template":"","meta":{"_acf_changed":false,"content-type":"","footnotes":""},"page_intent":[171],"page_type":[],"class_list":["post-14414","page","type-page","status-publish","hentry"],"acf":[],"yoast_head":"<!-- This site is optimized with the Yoast SEO plugin v27.1.1 - https:\/\/yoast.com\/product\/yoast-seo-wordpress\/ -->\n<title>Proje Y\u00f6neticileri \u0130\u00e7in \u0130n\u015faat Maliyet Kodlar\u0131 - K\u0131lavuz ve \u00dccretsiz \u015eablon<\/title>\n<meta name=\"description\" content=\"Planyard in\u015faat maliyet kodlar\u0131n\u0131 \u00fccretsiz indirin ve i\u015f maliyetlerinizi kolayca kontrol alt\u0131nda tutun. \u0130n\u015faat proje y\u00f6neticileri i\u00e7in \u00fccretsiz elektronik tablo.\" \/>\n<meta name=\"robots\" content=\"index, follow, max-snippet:-1, max-image-preview:large, max-video-preview:-1\" \/>\n<link rel=\"canonical\" href=\"https:\/\/planyard.com\/tr\/insaat-maliyet-kodlari-icin-proje-yoneticileri\" \/>\n<meta property=\"og:locale\" content=\"tr_TR\" \/>\n<meta property=\"og:type\" content=\"article\" \/>\n<meta property=\"og:title\" content=\"Proje Y\u00f6neticileri \u0130\u00e7in \u0130n\u015faat Maliyet Kodlar\u0131 - K\u0131lavuz ve \u00dccretsiz \u015eablon\" \/>\n<meta property=\"og:description\" content=\"Planyard in\u015faat maliyet kodlar\u0131n\u0131 \u00fccretsiz indirin ve i\u015f maliyetlerinizi kolayca kontrol alt\u0131nda tutun. \u0130n\u015faat proje y\u00f6neticileri i\u00e7in \u00fccretsiz elektronik tablo.\" \/>\n<meta property=\"og:url\" content=\"https:\/\/planyard.com\/tr\/insaat-maliyet-kodlari-icin-proje-yoneticileri\" \/>\n<meta property=\"og:site_name\" content=\"Planyard T\u00fcrkiye\" \/>\n<meta property=\"article:modified_time\" content=\"2025-05-19T19:36:19+00:00\" \/>\n<meta property=\"og:image\" content=\"https:\/\/planyard.com\/wp-content\/uploads\/2024\/09\/Example-construction-cost-codes.png\" \/>\n\t<meta property=\"og:image:width\" content=\"386\" \/>\n\t<meta property=\"og:image:height\" content=\"365\" \/>\n\t<meta property=\"og:image:type\" content=\"image\/png\" \/>\n<meta name=\"twitter:card\" content=\"summary_large_image\" \/>\n<meta name=\"twitter:label1\" content=\"Tahmini okuma s\u00fcresi\" \/>\n\t<meta name=\"twitter:data1\" content=\"4 dakika\" \/>\n<!-- \/ Yoast SEO plugin. -->","yoast_head_json":{"title":"Proje Y\u00f6neticileri \u0130\u00e7in \u0130n\u015faat Maliyet Kodlar\u0131 - K\u0131lavuz ve \u00dccretsiz \u015eablon","description":"Planyard in\u015faat maliyet kodlar\u0131n\u0131 \u00fccretsiz indirin ve i\u015f maliyetlerinizi kolayca kontrol alt\u0131nda tutun. \u0130n\u015faat proje y\u00f6neticileri i\u00e7in \u00fccretsiz elektronik tablo.","robots":{"index":"index","follow":"follow","max-snippet":"max-snippet:-1","max-image-preview":"max-image-preview:large","max-video-preview":"max-video-preview:-1"},"canonical":"https:\/\/planyard.com\/tr\/insaat-maliyet-kodlari-icin-proje-yoneticileri","og_locale":"tr_TR","og_type":"article","og_title":"Proje Y\u00f6neticileri \u0130\u00e7in \u0130n\u015faat Maliyet Kodlar\u0131 - K\u0131lavuz ve \u00dccretsiz \u015eablon","og_description":"Planyard in\u015faat maliyet kodlar\u0131n\u0131 \u00fccretsiz indirin ve i\u015f maliyetlerinizi kolayca kontrol alt\u0131nda tutun. \u0130n\u015faat proje y\u00f6neticileri i\u00e7in \u00fccretsiz elektronik tablo.","og_url":"https:\/\/planyard.com\/tr\/insaat-maliyet-kodlari-icin-proje-yoneticileri","og_site_name":"Planyard T\u00fcrkiye","article_modified_time":"2025-05-19T19:36:19+00:00","og_image":[{"width":386,"height":365,"url":"https:\/\/planyard.com\/wp-content\/uploads\/2024\/09\/Example-construction-cost-codes.png","type":"image\/png"}],"twitter_card":"summary_large_image","twitter_misc":{"Tahmini okuma s\u00fcresi":"4 dakika"},"schema":{"@context":"https:\/\/schema.org","@graph":[{"@type":"WebPage","@id":"https:\/\/planyard.com\/tr\/insaat-maliyet-kodlari-icin-proje-yoneticileri","url":"https:\/\/planyard.com\/tr\/insaat-maliyet-kodlari-icin-proje-yoneticileri","name":"Proje Y\u00f6neticileri \u0130\u00e7in \u0130n\u015faat Maliyet Kodlar\u0131 - K\u0131lavuz ve \u00dccretsiz \u015eablon","isPartOf":{"@id":"https:\/\/planyard.com\/tr#website"},"primaryImageOfPage":{"@id":"https:\/\/planyard.com\/tr\/insaat-maliyet-kodlari-icin-proje-yoneticileri#primaryimage"},"image":{"@id":"https:\/\/planyard.com\/tr\/insaat-maliyet-kodlari-icin-proje-yoneticileri#primaryimage"},"thumbnailUrl":"https:\/\/planyard.com\/wp-content\/uploads\/2024\/09\/Example-construction-cost-codes.png","datePublished":"2024-09-12T06:06:03+00:00","dateModified":"2025-05-19T19:36:19+00:00","description":"Planyard in\u015faat maliyet kodlar\u0131n\u0131 \u00fccretsiz indirin ve i\u015f maliyetlerinizi kolayca kontrol alt\u0131nda tutun. \u0130n\u015faat proje y\u00f6neticileri i\u00e7in \u00fccretsiz elektronik tablo.","breadcrumb":{"@id":"https:\/\/planyard.com\/tr\/insaat-maliyet-kodlari-icin-proje-yoneticileri#breadcrumb"},"inLanguage":"tr","potentialAction":[{"@type":"ReadAction","target":["https:\/\/planyard.com\/tr\/insaat-maliyet-kodlari-icin-proje-yoneticileri"]}]},{"@type":"ImageObject","inLanguage":"tr","@id":"https:\/\/planyard.com\/tr\/insaat-maliyet-kodlari-icin-proje-yoneticileri#primaryimage","url":"https:\/\/planyard.com\/wp-content\/uploads\/2024\/09\/Example-construction-cost-codes.png","contentUrl":"https:\/\/planyard.com\/wp-content\/uploads\/2024\/09\/Example-construction-cost-codes.png"},{"@type":"BreadcrumbList","@id":"https:\/\/planyard.com\/tr\/insaat-maliyet-kodlari-icin-proje-yoneticileri#breadcrumb","itemListElement":[{"@type":"ListItem","position":1,"name":"Home","item":"https:\/\/planyard.com\/tr"},{"@type":"ListItem","position":2,"name":"\u0130n\u015faat Maliyet Kodlar\u0131"}]},{"@type":"WebSite","@id":"https:\/\/planyard.com\/tr#website","url":"https:\/\/planyard.com\/tr","name":"Planyard T\u00fcrkiye","description":"","potentialAction":[{"@type":"SearchAction","target":{"@type":"EntryPoint","urlTemplate":"https:\/\/planyard.com\/tr?s={search_term_string}"},"query-input":{"@type":"PropertyValueSpecification","valueRequired":true,"valueName":"search_term_string"}}],"inLanguage":"tr"}]}},"_links":{"self":[{"href":"https:\/\/planyard.com\/tr\/wp-json\/wp\/v2\/pages\/14414","targetHints":{"allow":["GET"]}}],"collection":[{"href":"https:\/\/planyard.com\/tr\/wp-json\/wp\/v2\/pages"}],"about":[{"href":"https:\/\/planyard.com\/tr\/wp-json\/wp\/v2\/types\/page"}],"author":[{"embeddable":true,"href":"https:\/\/planyard.com\/tr\/wp-json\/wp\/v2\/users\/5"}],"replies":[{"embeddable":true,"href":"https:\/\/planyard.com\/tr\/wp-json\/wp\/v2\/comments?post=14414"}],"version-history":[{"count":2,"href":"https:\/\/planyard.com\/tr\/wp-json\/wp\/v2\/pages\/14414\/revisions"}],"predecessor-version":[{"id":16540,"href":"https:\/\/planyard.com\/tr\/wp-json\/wp\/v2\/pages\/14414\/revisions\/16540"}],"wp:attachment":[{"href":"https:\/\/planyard.com\/tr\/wp-json\/wp\/v2\/media?parent=14414"}],"wp:term":[{"taxonomy":"page_intent","embeddable":true,"href":"https:\/\/planyard.com\/tr\/wp-json\/wp\/v2\/page_intent?post=14414"},{"taxonomy":"page_type","embeddable":true,"href":"https:\/\/planyard.com\/tr\/wp-json\/wp\/v2\/page_type?post=14414"}],"curies":[{"name":"wp","href":"https:\/\/api.w.org\/{rel}","templated":true}]}}