{"id":14407,"date":"2024-09-01T07:18:38","date_gmt":"2024-09-01T07:18:38","guid":{"rendered":"https:\/\/planyard.com\/construction-budget-software"},"modified":"2025-08-07T09:36:33","modified_gmt":"2025-08-07T09:36:33","slug":"insaat-butceleme-yazilimi","status":"publish","type":"page","link":"https:\/\/planyard.com\/tr\/insaat-butceleme-yazilimi","title":{"rendered":"\u0130n\u015faat B\u00fct\u00e7eleme Yaz\u0131l\u0131m\u0131"},"content":{"rendered":"","protected":false},"excerpt":{"rendered":"","protected":false},"author":2,"featured_media":0,"parent":0,"menu_order":0,"comment_status":"closed","ping_status":"closed","template":"","meta":{"_acf_changed":false,"content-type":"","footnotes":""},"page_intent":[156],"page_type":[],"class_list":["post-14407","page","type-page","status-publish","hentry"],"acf":[],"yoast_head":"<!-- This site is optimized with the Yoast SEO plugin v27.1.1 - https:\/\/yoast.com\/product\/yoast-seo-wordpress\/ -->\n<title>\u0130n\u015faat B\u00fct\u00e7eleme Yaz\u0131l\u0131m\u0131: 14 G\u00fcn \u00dccretsiz Deneyin | Planyard<\/title>\n<meta name=\"description\" content=\"Planyard\u2019\u0131n ger\u00e7ek zamanl\u0131 in\u015faat b\u00fct\u00e7eleme yaz\u0131l\u0131m\u0131n\u0131 deneyin. Verimli i\u015f ak\u0131\u015flar\u0131 ve do\u011fru finansal y\u00f6netim. 14 g\u00fcn \u00fccretsiz deneyin.\" \/>\n<meta name=\"robots\" content=\"index, follow, max-snippet:-1, max-image-preview:large, max-video-preview:-1\" \/>\n<link rel=\"canonical\" href=\"https:\/\/planyard.com\/tr\/insaat-butceleme-yazilimi\" \/>\n<meta property=\"og:locale\" content=\"tr_TR\" \/>\n<meta property=\"og:type\" content=\"article\" \/>\n<meta property=\"og:title\" content=\"\u0130n\u015faat B\u00fct\u00e7eleme Yaz\u0131l\u0131m\u0131: 14 G\u00fcn \u00dccretsiz Deneyin | Planyard\" \/>\n<meta property=\"og:description\" content=\"Planyard\u2019\u0131n ger\u00e7ek zamanl\u0131 in\u015faat b\u00fct\u00e7eleme yaz\u0131l\u0131m\u0131n\u0131 deneyin. Verimli i\u015f ak\u0131\u015flar\u0131 ve do\u011fru finansal y\u00f6netim. 14 g\u00fcn \u00fccretsiz deneyin.\" \/>\n<meta property=\"og:url\" content=\"https:\/\/planyard.com\/tr\/insaat-butceleme-yazilimi\" \/>\n<meta property=\"og:site_name\" content=\"Planyard T\u00fcrkiye\" \/>\n<meta property=\"article:modified_time\" content=\"2025-08-07T09:36:33+00:00\" \/>\n<meta name=\"twitter:card\" content=\"summary_large_image\" \/>\n<!-- \/ Yoast SEO plugin. -->","yoast_head_json":{"title":"\u0130n\u015faat B\u00fct\u00e7eleme Yaz\u0131l\u0131m\u0131: 14 G\u00fcn \u00dccretsiz Deneyin | Planyard","description":"Planyard\u2019\u0131n ger\u00e7ek zamanl\u0131 in\u015faat b\u00fct\u00e7eleme yaz\u0131l\u0131m\u0131n\u0131 deneyin. Verimli i\u015f ak\u0131\u015flar\u0131 ve do\u011fru finansal y\u00f6netim. 14 g\u00fcn \u00fccretsiz deneyin.","robots":{"index":"index","follow":"follow","max-snippet":"max-snippet:-1","max-image-preview":"max-image-preview:large","max-video-preview":"max-video-preview:-1"},"canonical":"https:\/\/planyard.com\/tr\/insaat-butceleme-yazilimi","og_locale":"tr_TR","og_type":"article","og_title":"\u0130n\u015faat B\u00fct\u00e7eleme Yaz\u0131l\u0131m\u0131: 14 G\u00fcn \u00dccretsiz Deneyin | Planyard","og_description":"Planyard\u2019\u0131n ger\u00e7ek zamanl\u0131 in\u015faat b\u00fct\u00e7eleme yaz\u0131l\u0131m\u0131n\u0131 deneyin. Verimli i\u015f ak\u0131\u015flar\u0131 ve do\u011fru finansal y\u00f6netim. 14 g\u00fcn \u00fccretsiz deneyin.","og_url":"https:\/\/planyard.com\/tr\/insaat-butceleme-yazilimi","og_site_name":"Planyard T\u00fcrkiye","article_modified_time":"2025-08-07T09:36:33+00:00","twitter_card":"summary_large_image","schema":{"@context":"https:\/\/schema.org","@graph":[{"@type":"WebPage","@id":"https:\/\/planyard.com\/tr\/insaat-butceleme-yazilimi","url":"https:\/\/planyard.com\/tr\/insaat-butceleme-yazilimi","name":"\u0130n\u015faat B\u00fct\u00e7eleme Yaz\u0131l\u0131m\u0131: 14 G\u00fcn \u00dccretsiz Deneyin | Planyard","isPartOf":{"@id":"https:\/\/planyard.com\/tr#website"},"datePublished":"2024-09-01T07:18:38+00:00","dateModified":"2025-08-07T09:36:33+00:00","description":"Planyard\u2019\u0131n ger\u00e7ek zamanl\u0131 in\u015faat b\u00fct\u00e7eleme yaz\u0131l\u0131m\u0131n\u0131 deneyin. Verimli i\u015f ak\u0131\u015flar\u0131 ve do\u011fru finansal y\u00f6netim. 14 g\u00fcn \u00fccretsiz deneyin.","breadcrumb":{"@id":"https:\/\/planyard.com\/tr\/insaat-butceleme-yazilimi#breadcrumb"},"inLanguage":"tr","potentialAction":[{"@type":"ReadAction","target":["https:\/\/planyard.com\/tr\/insaat-butceleme-yazilimi"]}]},{"@type":"BreadcrumbList","@id":"https:\/\/planyard.com\/tr\/insaat-butceleme-yazilimi#breadcrumb","itemListElement":[{"@type":"ListItem","position":1,"name":"Home","item":"https:\/\/planyard.com\/tr"},{"@type":"ListItem","position":2,"name":"\u0130n\u015faat B\u00fct\u00e7eleme Yaz\u0131l\u0131m\u0131"}]},{"@type":"WebSite","@id":"https:\/\/planyard.com\/tr#website","url":"https:\/\/planyard.com\/tr","name":"Planyard T\u00fcrkiye","description":"","potentialAction":[{"@type":"SearchAction","target":{"@type":"EntryPoint","urlTemplate":"https:\/\/planyard.com\/tr?s={search_term_string}"},"query-input":{"@type":"PropertyValueSpecification","valueRequired":true,"valueName":"search_term_string"}}],"inLanguage":"tr"}]}},"_links":{"self":[{"href":"https:\/\/planyard.com\/tr\/wp-json\/wp\/v2\/pages\/14407","targetHints":{"allow":["GET"]}}],"collection":[{"href":"https:\/\/planyard.com\/tr\/wp-json\/wp\/v2\/pages"}],"about":[{"href":"https:\/\/planyard.com\/tr\/wp-json\/wp\/v2\/types\/page"}],"author":[{"embeddable":true,"href":"https:\/\/planyard.com\/tr\/wp-json\/wp\/v2\/users\/2"}],"replies":[{"embeddable":true,"href":"https:\/\/planyard.com\/tr\/wp-json\/wp\/v2\/comments?post=14407"}],"version-history":[{"count":2,"href":"https:\/\/planyard.com\/tr\/wp-json\/wp\/v2\/pages\/14407\/revisions"}],"predecessor-version":[{"id":17242,"href":"https:\/\/planyard.com\/tr\/wp-json\/wp\/v2\/pages\/14407\/revisions\/17242"}],"wp:attachment":[{"href":"https:\/\/planyard.com\/tr\/wp-json\/wp\/v2\/media?parent=14407"}],"wp:term":[{"taxonomy":"page_intent","embeddable":true,"href":"https:\/\/planyard.com\/tr\/wp-json\/wp\/v2\/page_intent?post=14407"},{"taxonomy":"page_type","embeddable":true,"href":"https:\/\/planyard.com\/tr\/wp-json\/wp\/v2\/page_type?post=14407"}],"curies":[{"name":"wp","href":"https:\/\/api.w.org\/{rel}","templated":true}]}}