{"id":14403,"date":"2025-01-20T16:31:55","date_gmt":"2025-01-20T16:31:55","guid":{"rendered":"https:\/\/planyard.com\/construction-bidding-software"},"modified":"2025-05-19T09:54:13","modified_gmt":"2025-05-19T09:54:13","slug":"insaat-teklif-yazilimi","status":"publish","type":"page","link":"https:\/\/planyard.com\/tr\/insaat-teklif-yazilimi","title":{"rendered":"\u0130n\u015faat Teklif Yaz\u0131l\u0131m\u0131"},"content":{"rendered":"","protected":false},"excerpt":{"rendered":"","protected":false},"author":3,"featured_media":0,"parent":0,"menu_order":0,"comment_status":"closed","ping_status":"closed","template":"","meta":{"_acf_changed":false,"content-type":"","footnotes":""},"page_intent":[156],"page_type":[],"class_list":["post-14403","page","type-page","status-publish","hentry"],"acf":[],"yoast_head":"<!-- This site is optimized with the Yoast SEO plugin v26.9 - https:\/\/yoast.com\/product\/yoast-seo-wordpress\/ -->\n<title>\u0130n\u015faat Teklif Yaz\u0131l\u0131m\u0131 | Tekliflerinizi Kolayla\u015ft\u0131r\u0131n - Planyard<\/title>\n<meta name=\"description\" content=\"Planyard&#039;\u0131n in\u015faat teklif yaz\u0131l\u0131m\u0131n\u0131 ke\u015ffedin. Daha h\u0131zl\u0131 ve do\u011fru teklifler olu\u015fturun, tablo hatalar\u0131n\u0131 ortadan kald\u0131r\u0131n. 14 g\u00fcn \u00fccretsiz deneyin.\" \/>\n<meta name=\"robots\" content=\"index, follow, max-snippet:-1, max-image-preview:large, max-video-preview:-1\" \/>\n<link rel=\"canonical\" href=\"https:\/\/planyard.com\/tr\/insaat-teklif-yazilimi\" \/>\n<meta property=\"og:locale\" content=\"tr_TR\" \/>\n<meta property=\"og:type\" content=\"article\" \/>\n<meta property=\"og:title\" content=\"\u0130n\u015faat Teklif Yaz\u0131l\u0131m\u0131 | Tekliflerinizi Kolayla\u015ft\u0131r\u0131n - Planyard\" \/>\n<meta property=\"og:description\" content=\"Planyard&#039;\u0131n in\u015faat teklif yaz\u0131l\u0131m\u0131n\u0131 ke\u015ffedin. Daha h\u0131zl\u0131 ve do\u011fru teklifler olu\u015fturun, tablo hatalar\u0131n\u0131 ortadan kald\u0131r\u0131n. 14 g\u00fcn \u00fccretsiz deneyin.\" \/>\n<meta property=\"og:url\" content=\"https:\/\/planyard.com\/tr\/insaat-teklif-yazilimi\" \/>\n<meta property=\"og:site_name\" content=\"Planyard T\u00fcrkiye\" \/>\n<meta property=\"article:modified_time\" content=\"2025-05-19T09:54:13+00:00\" \/>\n<meta name=\"twitter:card\" content=\"summary_large_image\" \/>\n<!-- \/ Yoast SEO plugin. -->","yoast_head_json":{"title":"\u0130n\u015faat Teklif Yaz\u0131l\u0131m\u0131 | Tekliflerinizi Kolayla\u015ft\u0131r\u0131n - Planyard","description":"Planyard'\u0131n in\u015faat teklif yaz\u0131l\u0131m\u0131n\u0131 ke\u015ffedin. Daha h\u0131zl\u0131 ve do\u011fru teklifler olu\u015fturun, tablo hatalar\u0131n\u0131 ortadan kald\u0131r\u0131n. 14 g\u00fcn \u00fccretsiz deneyin.","robots":{"index":"index","follow":"follow","max-snippet":"max-snippet:-1","max-image-preview":"max-image-preview:large","max-video-preview":"max-video-preview:-1"},"canonical":"https:\/\/planyard.com\/tr\/insaat-teklif-yazilimi","og_locale":"tr_TR","og_type":"article","og_title":"\u0130n\u015faat Teklif Yaz\u0131l\u0131m\u0131 | Tekliflerinizi Kolayla\u015ft\u0131r\u0131n - Planyard","og_description":"Planyard'\u0131n in\u015faat teklif yaz\u0131l\u0131m\u0131n\u0131 ke\u015ffedin. Daha h\u0131zl\u0131 ve do\u011fru teklifler olu\u015fturun, tablo hatalar\u0131n\u0131 ortadan kald\u0131r\u0131n. 14 g\u00fcn \u00fccretsiz deneyin.","og_url":"https:\/\/planyard.com\/tr\/insaat-teklif-yazilimi","og_site_name":"Planyard T\u00fcrkiye","article_modified_time":"2025-05-19T09:54:13+00:00","twitter_card":"summary_large_image","schema":{"@context":"https:\/\/schema.org","@graph":[{"@type":"WebPage","@id":"https:\/\/planyard.com\/tr\/insaat-teklif-yazilimi","url":"https:\/\/planyard.com\/tr\/insaat-teklif-yazilimi","name":"\u0130n\u015faat Teklif Yaz\u0131l\u0131m\u0131 | Tekliflerinizi Kolayla\u015ft\u0131r\u0131n - Planyard","isPartOf":{"@id":"https:\/\/planyard.com\/tr#website"},"datePublished":"2025-01-20T16:31:55+00:00","dateModified":"2025-05-19T09:54:13+00:00","description":"Planyard'\u0131n in\u015faat teklif yaz\u0131l\u0131m\u0131n\u0131 ke\u015ffedin. Daha h\u0131zl\u0131 ve do\u011fru teklifler olu\u015fturun, tablo hatalar\u0131n\u0131 ortadan kald\u0131r\u0131n. 14 g\u00fcn \u00fccretsiz deneyin.","breadcrumb":{"@id":"https:\/\/planyard.com\/tr\/insaat-teklif-yazilimi#breadcrumb"},"inLanguage":"tr","potentialAction":[{"@type":"ReadAction","target":["https:\/\/planyard.com\/tr\/insaat-teklif-yazilimi"]}]},{"@type":"BreadcrumbList","@id":"https:\/\/planyard.com\/tr\/insaat-teklif-yazilimi#breadcrumb","itemListElement":[{"@type":"ListItem","position":1,"name":"Home","item":"https:\/\/planyard.com\/tr"},{"@type":"ListItem","position":2,"name":"\u0130n\u015faat Teklif Yaz\u0131l\u0131m\u0131"}]},{"@type":"WebSite","@id":"https:\/\/planyard.com\/tr#website","url":"https:\/\/planyard.com\/tr","name":"Planyard T\u00fcrkiye","description":"","potentialAction":[{"@type":"SearchAction","target":{"@type":"EntryPoint","urlTemplate":"https:\/\/planyard.com\/tr?s={search_term_string}"},"query-input":{"@type":"PropertyValueSpecification","valueRequired":true,"valueName":"search_term_string"}}],"inLanguage":"tr"}]}},"_links":{"self":[{"href":"https:\/\/planyard.com\/tr\/wp-json\/wp\/v2\/pages\/14403","targetHints":{"allow":["GET"]}}],"collection":[{"href":"https:\/\/planyard.com\/tr\/wp-json\/wp\/v2\/pages"}],"about":[{"href":"https:\/\/planyard.com\/tr\/wp-json\/wp\/v2\/types\/page"}],"author":[{"embeddable":true,"href":"https:\/\/planyard.com\/tr\/wp-json\/wp\/v2\/users\/3"}],"replies":[{"embeddable":true,"href":"https:\/\/planyard.com\/tr\/wp-json\/wp\/v2\/comments?post=14403"}],"version-history":[{"count":1,"href":"https:\/\/planyard.com\/tr\/wp-json\/wp\/v2\/pages\/14403\/revisions"}],"predecessor-version":[{"id":14581,"href":"https:\/\/planyard.com\/tr\/wp-json\/wp\/v2\/pages\/14403\/revisions\/14581"}],"wp:attachment":[{"href":"https:\/\/planyard.com\/tr\/wp-json\/wp\/v2\/media?parent=14403"}],"wp:term":[{"taxonomy":"page_intent","embeddable":true,"href":"https:\/\/planyard.com\/tr\/wp-json\/wp\/v2\/page_intent?post=14403"},{"taxonomy":"page_type","embeddable":true,"href":"https:\/\/planyard.com\/tr\/wp-json\/wp\/v2\/page_type?post=14403"}],"curies":[{"name":"wp","href":"https:\/\/api.w.org\/{rel}","templated":true}]}}