{"id":14402,"date":"2024-12-16T17:39:09","date_gmt":"2024-12-16T17:39:09","guid":{"rendered":"https:\/\/planyard.com\/construction-bid-template"},"modified":"2025-05-19T09:53:24","modified_gmt":"2025-05-19T09:53:24","slug":"insaat-teklif-sablonu","status":"publish","type":"page","link":"https:\/\/planyard.com\/tr\/insaat-teklif-sablonu","title":{"rendered":"\u0130n\u015faat Teklif \u015eablonu"},"content":{"rendered":"\n<div class=\"wp-block-media-text is-stacked-on-mobile\"><figure class=\"wp-block-media-text__media\"><img loading=\"lazy\" decoding=\"async\" width=\"1080\" height=\"1080\" src=\"https:\/\/planyard.com\/wp-content\/uploads\/2024\/12\/constriction_bidding_templates.png\" alt=\"\" class=\"wp-image-8112 size-full\" srcset=\"https:\/\/planyard.com\/wp-content\/uploads\/2024\/12\/constriction_bidding_templates.png 1080w, https:\/\/planyard.com\/wp-content\/uploads\/2024\/12\/constriction_bidding_templates-150x150.png 150w\" sizes=\"auto, (max-width: 1080px) 100vw, 1080px\" \/><\/figure><div class=\"wp-block-media-text__content\">\n<p>\u0130n\u015faat teklif s\u00fcrecinin her ad\u0131m\u0131n\u0131 profesyonel, \u00f6zelle\u015ftirilebilir \u015fablonlar\u0131m\u0131zla kolayla\u015ft\u0131r\u0131n. <\/p>\n\n\n\n<p>\u0130ster y\u00fcklenici tekliflerini kar\u015f\u0131la\u015ft\u0131r\u0131yor, ister tedarik\u00e7ileri teklif vermeye davet ediyor, ister bir m\u00fc\u015fteri i\u00e7in detayl\u0131 tahminler haz\u0131rl\u0131yor olun, bu \u015fablonlar zaman kazand\u0131rmak, do\u011frulu\u011fu art\u0131rmak ve projenizin profesyonelli\u011fini geli\u015ftirmek i\u00e7in tasarlanm\u0131\u015ft\u0131r.<\/p>\n<\/div><\/div>\n\n\n\n<p>Google Sheets, Excel ve PDF formatlar\u0131nda mevcut olan \u015fablonlar\u0131m\u0131z, teklifleri etkili ve g\u00fcvenle y\u00f6netmeniz i\u00e7in ihtiyac\u0131n\u0131z olan her \u015feyi sa\u011flar.<\/p>\n\n\n\n<h2 class=\"wp-block-heading\">\u0130n\u015faat Teklif \u015eablonlar\u0131m\u0131z<\/h2>\n\n\n\n<p>\u0130n\u015faat teklif s\u00fcrecinin \u00e7e\u015fitli y\u00f6nleri i\u00e7in \u00f6zel \u015fablonlar kullanmak, netlik, organizasyon ve verimlilik sa\u011flar. A\u015fa\u011f\u0131da, in\u015faat teklif \u015fablonlar\u0131n\u0131n \u00fc\u00e7 temel kategorisi ve bunlar\u0131n \u00f6zel kullan\u0131m alanlar\u0131 bulunmaktad\u0131r.<\/p>\n\n\n\n<h3 class=\"wp-block-heading\">\u0130n\u015faat Teklif Tablosu \u015eablonu \/ Teklif Kar\u015f\u0131la\u015ft\u0131rma \u015eablonu<\/h3>\n\n\n\n<figure class=\"wp-block-image size-full\"><img loading=\"lazy\" decoding=\"async\" width=\"1280\" height=\"561\" src=\"https:\/\/planyard.com\/wp-content\/uploads\/2024\/12\/construction_bid_tabulation_template.png\" alt=\"Construction bid tabulation template\" class=\"wp-image-8107\" \/><\/figure>\n\n\n\n<p>Bir in\u015faat teklif tablosu \u015fablonu, y\u00fcklenici ve m\u00fchendis maliyet tahminlerini proje b\u00fct\u00e7esiyle kar\u015f\u0131la\u015ft\u0131rmak i\u00e7in temel bir ara\u00e7t\u0131r. Teklifleri yan yana bir formatta d\u00fczenleyerek, bu \u015fablon proje y\u00f6neticilerinin ve payda\u015flar\u0131n fiyatland\u0131rma, malzemeler, zaman \u00e7izelgeleri ve di\u011fer kritik detaylar\u0131 kolayca de\u011ferlendirmesine yard\u0131mc\u0131 olur.<\/p>\n\n\n\n<div class=\"wp-block-buttons is-layout-flex wp-block-buttons-is-layout-flex\">\n<div class=\"wp-block-button\"><a class=\"wp-block-button__link has-background wp-element-button\" href=\"https:\/\/planyard.com\/tr\/get-your-free-construction-bid-comparison-template\" style=\"background-color:#2756ff\">\u00dccretsiz \u015eablonu \u0130ndir<\/a><\/div>\n\n\n\n<div class=\"wp-block-button\"><a class=\"wp-block-button__link wp-element-button\" href=\"https:\/\/planyard.com\/tr\/construction-bidding-software\">Planyard&#8217;\u0131n Teklif Yaz\u0131l\u0131m\u0131n\u0131 G\u00f6r\u00fcn<\/a><\/div>\n<\/div>\n\n\n\n<p><\/p>\n\n\n\n<p><strong>Ana \u00d6zellikler:<\/strong><\/p>\n\n\n\n<ul class=\"wp-block-list\">\n<li><strong>Teklif Kar\u015f\u0131la\u015ft\u0131rma:<\/strong> Birden fazla teklifi i\u015f\u00e7ilik, malzeme ve ekipman maliyetleri gibi kar\u015f\u0131la\u015ft\u0131r\u0131labilir kategorilere ay\u0131r\u0131n.<\/li>\n\n\n\n<li><strong>B\u00fct\u00e7e Entegrasyonu:<\/strong> H\u0131zl\u0131 varyans analizi i\u00e7in tahmini b\u00fct\u00e7eyi referans noktas\u0131 olarak ekleyin.<\/li>\n\n\n\n<li><strong>\u0130leti\u015fim Bilgileri:<\/strong> Her teklifin ileti\u015fim bilgileri, sorular\u0131n\u0131z oldu\u011funda bir teklif sahibiyle kolayca ileti\u015fime ge\u00e7ebilmeniz i\u00e7in eklenmi\u015ftir.<\/li>\n<\/ul>\n\n\n\n<p>Bu \u015fablon, maliyet, de\u011fer ve proje hedefleriyle uyum temelinde en uygun teklifi belirlemeyi kolayla\u015ft\u0131rarak karar verme s\u00fcrecini h\u0131zland\u0131r\u0131r. Hatalar\u0131 ve \u00f6znelli\u011fi en aza indirir, t\u00fcm tekliflerin adil bir \u015fekilde de\u011ferlendirilmesini sa\u011flar.<\/p>\n\n\n\n<h3 class=\"wp-block-heading\">Teklif Davetiyesi \u015eablonu<\/h3>\n\n\n\n<figure class=\"wp-block-image size-full\"><img loading=\"lazy\" decoding=\"async\" width=\"1341\" height=\"872\" src=\"https:\/\/planyard.com\/wp-content\/uploads\/2024\/12\/construction_bid_invitation_template.png\" alt=\"Construction Invitation to bid template\" class=\"wp-image-8110\" \/><\/figure>\n\n\n\n<p>Bir teklif davetiyesi \u015fablonu, y\u00fcklenicileri veya \u015firketleri bir in\u015faat projesi i\u00e7in teklif vermeye resmi olarak davet etmek i\u00e7in kullan\u0131l\u0131r. Proje detaylar\u0131n\u0131, ba\u015fvuru son tarihlerini ve gereksinimleri net ve profesyonel bir formatta sunarak potansiyel teklif sahiplerinin ihtiya\u00e7 duyduklar\u0131 t\u00fcm bilgilere sahip olmalar\u0131n\u0131 sa\u011flar.<\/p>\n\n\n\n<div class=\"wp-block-buttons is-layout-flex wp-block-buttons-is-layout-flex\">\n<div class=\"wp-block-button\"><a class=\"wp-block-button__link has-background wp-element-button\" href=\"https:\/\/planyard.com\/tr\/get-your-free-construction-invitation-to-bid-template\" style=\"background-color:#2756ff\">\u00dccretsiz \u015eablonu \u0130ndir<\/a><\/div>\n\n\n\n<div class=\"wp-block-button\"><a class=\"wp-block-button__link wp-element-button\" href=\"https:\/\/planyard.com\/tr\/construction-bidding-software\">Planyard&#8217;\u0131n Teklif Yaz\u0131l\u0131m\u0131n\u0131 G\u00f6r\u00fcn<\/a><\/div>\n<\/div>\n\n\n\n<p><\/p>\n\n\n\n<p><strong>Ana \u00d6zellikler:<\/strong><\/p>\n\n\n\n<ul class=\"wp-block-list\">\n<li><strong>Proje Genel Bak\u0131\u015f\u0131:<\/strong> Proje konumu, kapsam\u0131 ve beklenen zaman \u00e7izelgeleri gibi temel bilgileri ekleyin.<\/li>\n\n\n\n<li><strong>Ba\u015fvuru Y\u00f6nergeleri:<\/strong> Tekliflerin sunulaca\u011f\u0131 format\u0131, son tarihleri ve a\u00e7\u0131klamalar i\u00e7in ileti\u015fim bilgilerini belirtin.<\/li>\n\n\n\n<li><strong>De\u011ferlendirme Kriterleri:<\/strong> Maliyet, malzeme kalitesi veya y\u00fcklenici deneyimi gibi teklifleri de\u011ferlendirmek i\u00e7in kullan\u0131lacak kriterleri vurgulay\u0131n.<\/li>\n<\/ul>\n\n\n\n<p>Bu \u015fablon, teklif s\u00fcrecinde tutarl\u0131l\u0131\u011f\u0131 sa\u011flar ve t\u00fcm davetler i\u00e7in standart bir belge sunarak zaman kazand\u0131r\u0131r. Ayr\u0131ca proje sahibi ile potansiyel teklif sahipleri aras\u0131nda net beklentiler olu\u015fturarak yanl\u0131\u015f ileti\u015fimi azalt\u0131r.<\/p>\n\n\n\n<h3 class=\"wp-block-heading\">Alt Y\u00fcklenici veya Tedarik\u00e7i Teklif \u015eablonu<\/h3>\n\n\n\n<figure class=\"wp-block-image size-full\"><img loading=\"lazy\" decoding=\"async\" width=\"1335\" height=\"866\" src=\"https:\/\/planyard.com\/wp-content\/uploads\/2024\/12\/construction_subcontractor_bid_template.png\" alt=\"Construction subcontractor bid template\" class=\"wp-image-8111\" \/><\/figure>\n\n\n\n<p>Bir alt y\u00fcklenici veya tedarik\u00e7i teklif \u015fablonu, y\u00fcklenicilerin teklif detaylar\u0131n\u0131 m\u00fc\u015fteriye veya proje sahibine net ve profesyonel bir \u015fekilde sunmalar\u0131 i\u00e7in tasarlanm\u0131\u015ft\u0131r. Bu \u015fablon, alt y\u00fcklenicilerin ve tedarik\u00e7ilerin \u00f6nerilen maliyetlerini, i\u015f kapsam\u0131n\u0131 ve \u015fartlar\u0131n\u0131 \u00f6zetlemelerine yard\u0131mc\u0131 olarak teklif s\u00fcrecinde \u015feffafl\u0131k ve profesyonellik sa\u011flar.<\/p>\n\n\n\n<div class=\"wp-block-buttons is-layout-flex wp-block-buttons-is-layout-flex\">\n<div class=\"wp-block-button\"><a class=\"wp-block-button__link has-background wp-element-button\" href=\"https:\/\/planyard.com\/tr\/get-your-free-construction-bid-proposal-template\" style=\"background-color:#2756ff\">\u00dccretsiz \u015eablonu \u0130ndir<\/a><\/div>\n\n\n\n<div class=\"wp-block-button\"><a class=\"wp-block-button__link wp-element-button\" href=\"https:\/\/planyard.com\/tr\/insaat-tahmin-yazilimi\">Planyard&#8217;\u0131n Teklif Yaz\u0131l\u0131m\u0131n\u0131 G\u00f6r\u00fcn<\/a><\/div>\n<\/div>\n\n\n\n<p><\/p>\n\n\n\n<p><strong>Ana \u00d6zellikler:<\/strong><\/p>\n\n\n\n<ul class=\"wp-block-list\">\n<li><strong>\u015eirket ve \u0130leti\u015fim Bilgileri:<\/strong> Alt y\u00fcklenici veya tedarik\u00e7i bilgilerini, \u015firket ad\u0131, adres ve ileti\u015fim bilgileri gibi ekleyin.<\/li>\n\n\n\n<li><strong>\u0130\u015f Kapsam\u0131:<\/strong> Sunulan i\u015f veya malzemeleri net bir \u015fekilde tan\u0131mlay\u0131n, belirsizlikleri \u00f6nlemek i\u00e7in detayl\u0131 a\u00e7\u0131klamalar ekleyin.<\/li>\n\n\n\n<li><strong>Kalemli Maliyetler:<\/strong> \u0130\u015f\u00e7ilik, malzeme, ekipman ve di\u011fer ilgili masraflar i\u00e7in maliyet d\u00f6k\u00fcm\u00fc sa\u011flay\u0131n.<\/li>\n\n\n\n<li><strong>Teslimat Zaman \u00c7izelgeleri:<\/strong> \u0130\u015fin tamamlanmas\u0131 veya malzemelerin teslimi i\u00e7in zaman \u00e7izelgesini belirtin, proje son tarihleriyle uyum sa\u011flay\u0131n.<\/li>\n\n\n\n<li><strong>\u015eartlar ve Ko\u015fullar:<\/strong> \u00d6deme \u015fartlar\u0131, garantiler ve di\u011fer s\u00f6zle\u015fme ko\u015fullar\u0131n\u0131 ekleyerek her iki taraf\u0131n beklentilerini belirleyin ve koruyun.<\/li>\n<\/ul>\n\n\n\n<p>Bu \u015fablon, alt y\u00fcklenicilerin ve tedarik\u00e7ilerin iyi organize edilmi\u015f, profesyonel tekliflerle \u00f6ne \u00e7\u0131kmas\u0131na yard\u0131mc\u0131 olarak m\u00fc\u015fteride g\u00fcven olu\u015fturur. Projenin en ba\u015f\u0131ndan itibaren g\u00fcven in\u015fa etmek ve g\u00fc\u00e7l\u00fc i\u015f ili\u015fkileri geli\u015ftirmek i\u00e7in de\u011ferli bir ara\u00e7t\u0131r.<\/p>\n\n\n\n<h2 class=\"wp-block-heading\">D\u00fczenli ve Profesyonel \u0130n\u015faat Teklif \u015eablonlar\u0131n\u0131n \u00d6nemi<\/h2>\n\n\n\n<p>Rekabet\u00e7i in\u015faat sekt\u00f6r\u00fcnde, iyi haz\u0131rlanm\u0131\u015f ve profesyonel bir teklif, bir projeyi kazanmak veya kaybetmek aras\u0131ndaki fark\u0131 yaratabilir. \u0130n\u015faat teklif \u015fablonlar\u0131, teklif s\u00fcreci boyunca netlik, do\u011fruluk ve profesyonellik sa\u011flamakta kritik bir rol oynar. \u0130\u015fte d\u00fczenli ve profesyonel \u015fablonlara sahip olman\u0131n neden \u00f6nemli oldu\u011funa dair baz\u0131 nedenler:<\/p>\n\n\n\n<h3 class=\"wp-block-heading\">Netli\u011fi Art\u0131rma ve Hatalar\u0131 Azaltma<\/h3>\n\n\n\n<p>Teklifler standart bir \u015fablon kullan\u0131larak sunuldu\u011funda, t\u00fcm gerekli bilgiler net ve yap\u0131land\u0131r\u0131lm\u0131\u015f bir formatta yakalan\u0131r. Bu, i\u015f kapsam\u0131, malzemeler ve zaman \u00e7izelgeleri gibi proje detaylar\u0131n\u0131n belirsizlik olmadan sunulmas\u0131n\u0131 sa\u011flar. Profesyonel bir \u015fablon, projede daha sonra yanl\u0131\u015f anlamalara veya maliyetli hatalara yol a\u00e7abilecek eksiklikleri veya hatalar\u0131 \u00f6nlemeye yard\u0131mc\u0131 olur.<\/p>\n\n\n\n<h3 class=\"wp-block-heading\">Teklif S\u00fcrecini Kolayla\u015ft\u0131rma<\/h3>\n\n\n\n<p>Zaman, in\u015faat tekliflerinde de\u011ferli bir kaynakt\u0131r. D\u00fczenli \u015fablonlar, teklif \u00f6nerilerini s\u0131f\u0131rdan olu\u015fturma ihtiyac\u0131n\u0131 ortadan kald\u0131rarak hem y\u00fckleniciler hem de m\u00fc\u015fteriler i\u00e7in zaman kazand\u0131r\u0131r. \u00d6nceden tan\u0131mlanm\u0131\u015f bir yap\u0131 ile ekipler, formatlama veya \u00f6nemli b\u00f6l\u00fcmleri ka\u00e7\u0131rma konusunda endi\u015felenmek yerine do\u011fru proje detaylar\u0131n\u0131 doldurmaya odaklanabilir.<\/p>\n\n\n\n<h3 class=\"wp-block-heading\">Kolay Kar\u015f\u0131la\u015ft\u0131rmalar\u0131 Kolayla\u015ft\u0131rma<\/h3>\n\n\n\n<p>Birden fazla teklifi inceleyen proje sahipleri veya y\u00fckleniciler i\u00e7in tutarl\u0131 bir format, teklifleri yan yana kar\u015f\u0131la\u015ft\u0131rmay\u0131 kolayla\u015ft\u0131r\u0131r. Bu \u015feffafl\u0131k, payda\u015flar\u0131n maliyetleri, zaman \u00e7izelgelerini ve \u00f6nerilen i\u015f kapsam\u0131n\u0131 h\u0131zl\u0131 bir \u015fekilde de\u011ferlendirerek bilin\u00e7li kararlar vermelerine yard\u0131mc\u0131 olur.<\/p>\n\n\n\n<h3 class=\"wp-block-heading\">G\u00fcvenilirlik ve Profesyonellik Olu\u015fturma<\/h3>\n\n\n\n<p>Temiz, iyi yap\u0131land\u0131r\u0131lm\u0131\u015f bir teklif, profesyonellik ve detaylara dikkat g\u00f6sterir. M\u00fc\u015fterilere y\u00fcklenicinin organize, g\u00fcvenilir ve projeyi etkili bir \u015fekilde y\u00f6netebilecek kapasitede oldu\u011funu g\u00f6sterir. \u0130lk izlenimler \u00f6nemlidir ve cilal\u0131 bir teklif, olumlu bir i\u015f ili\u015fkisi i\u00e7in tonu belirleyebilir.<\/p>\n\n\n\n<h2 class=\"wp-block-heading\">Kazanan Bir \u0130n\u015faat Teklif \u00d6nerisi Nas\u0131l Olu\u015fturulur<\/h2>\n\n\n\n<p>\u0130yi haz\u0131rlanm\u0131\u015f bir in\u015faat teklif \u00f6nerisi, rekabet\u00e7i bir sekt\u00f6rde sizi \u00f6ne \u00e7\u0131karabilir. Bu sadece rakamlar\u0131 sunmakla ilgili de\u011fil, ayn\u0131 zamanda profesyonelli\u011fi iletmek, projenin ihtiya\u00e7lar\u0131n\u0131 anlamak ve teslim etme yetene\u011finizi g\u00f6stermekle ilgilidir. \u0130\u015fte etkileyici ve etkili bir teklif \u00f6nerisi olu\u015fturmak i\u00e7in ad\u0131m ad\u0131m bir rehber:<\/p>\n\n\n\n<h3 class=\"wp-block-heading\">Proje Gereksinimlerini Anlay\u0131n<\/h3>\n\n\n\n<p>Teklif talebi (RFP), planlar ve spesifikasyonlar gibi proje belgelerini dikkatlice inceleyerek ba\u015flay\u0131n. \u00d6nemli detaylar\u0131 not al\u0131n, \u00f6rne\u011fin:<\/p>\n\n\n\n<ul class=\"wp-block-list\">\n<li>\u0130\u015f kapsam\u0131<\/li>\n\n\n\n<li>Gerekli malzemeler ve ekipmanlar<\/li>\n\n\n\n<li>Son tarihler ve kilometre ta\u015flar\u0131<\/li>\n\n\n\n<li>Ba\u015fvuru gereksinimleri<\/li>\n<\/ul>\n\n\n\n<p>Bu, teklifinizin m\u00fc\u015fterinin beklentileriyle uyumlu olmas\u0131n\u0131 ve t\u00fcm gereksinimlere uygun olmas\u0131n\u0131 sa\u011flar.<\/p>\n\n\n\n<h3 class=\"wp-block-heading\">Anahtar Bilgileri Toplay\u0131n<\/h3>\n\n\n\n<p>Tam bir \u00f6neri olu\u015fturmak i\u00e7in gerekli detaylar\u0131 toplay\u0131n, \u00f6rne\u011fin:<\/p>\n\n\n\n<ul class=\"wp-block-list\">\n<li>\u015eirket profiliniz, ilgili deneyimi vurgulayan<\/li>\n\n\n\n<li>Lisanslar, sertifikalar ve referanslar<\/li>\n\n\n\n<li>Sigorta ve teminat bilgileri<\/li>\n\n\n\n<li>Maliyetlerin net bir d\u00f6k\u00fcm\u00fc<\/li>\n<\/ul>\n\n\n\n<p>Bu bilgileri \u00f6nceden d\u00fczenlemek, \u00f6neri s\u00fcrecini daha sorunsuz hale getirir ve hi\u00e7bir \u015feyin g\u00f6zden ka\u00e7mamas\u0131n\u0131 sa\u011flar.<\/p>\n\n\n\n<h3 class=\"wp-block-heading\">Maliyetleri Do\u011fru Bir \u015eekilde Ay\u0131r\u0131n<\/h3>\n\n\n\n<p>Maliyetlerinizi net kategorilere ay\u0131r\u0131n, \u00f6rne\u011fin:<\/p>\n\n\n\n<ul class=\"wp-block-list\">\n<li>\u0130\u015f\u00e7ilik<\/li>\n\n\n\n<li>Malzemeler<\/li>\n\n\n\n<li>Ekipman kiralamalar\u0131<\/li>\n\n\n\n<li>Genel giderler ve idari masraflar<\/li>\n\n\n\n<li>Beklenmedik masraflar<\/li>\n<\/ul>\n\n\n\n<p>Maliyet d\u00f6k\u00fcm\u00fcn\u00fcz\u00fc yap\u0131land\u0131rmak i\u00e7in bir in\u015faat teklif \u015fablonu kullan\u0131n. Bu sadece netli\u011fi art\u0131rmakla kalmaz, ayn\u0131 zamanda m\u00fc\u015fterinin teklifinizi di\u011ferleriyle kolayca kar\u015f\u0131la\u015ft\u0131rmas\u0131na olanak tan\u0131r. M\u00fc\u015fteri belirli bir formatta teklif talep ediyorsa, daha kolay kar\u015f\u0131la\u015ft\u0131rma i\u00e7in bunu doldurun.<\/p>\n\n\n\n<h3 class=\"wp-block-heading\">Detayl\u0131 Bir \u0130\u015f Kapsam\u0131 Ekleyin<\/h3>\n\n\n\n<p>Teklifinizde nelerin dahil oldu\u011funu ve nelerin olmad\u0131\u011f\u0131n\u0131 a\u00e7\u0131k\u00e7a tan\u0131mlay\u0131n. Teslim edilecekleri, kullan\u0131lacak malzemeleri ve projenin her a\u015famas\u0131 i\u00e7in zaman \u00e7izelgelerini belirtin. Bu, beklentileri y\u00f6netmeye yard\u0131mc\u0131 olur ve daha sonra anla\u015fmazl\u0131k riskini azalt\u0131r.<\/p>\n\n\n\n<h3 class=\"wp-block-heading\">Projeye \u00d6zel Hale Getirin<\/h3>\n\n\n\n<p>Genel tekliflerden ka\u00e7\u0131n\u0131n. \u00d6nerinizi, benzersiz zorluklar veya m\u00fc\u015fteri tercihlerini ele alarak belirli projeye g\u00f6re uyarlay\u0131n. M\u00fc\u015fterinin ihtiya\u00e7lar\u0131n\u0131 anlad\u0131\u011f\u0131n\u0131z\u0131 g\u00f6stermek, se\u00e7ilme \u015fans\u0131n\u0131z\u0131 art\u0131r\u0131r.<\/p>\n\n\n\n<p>M\u00fc\u015fteri i\u00e7in \u00f6nemli olan maddeleri ka\u00e7\u0131r\u0131rsan\u0131z veya alakas\u0131z \u015feyler eklerseniz, m\u00fc\u015fteriyi hayal k\u0131r\u0131kl\u0131\u011f\u0131na u\u011fratabilir veya istenen fiyat aral\u0131\u011f\u0131n\u0131n d\u0131\u015f\u0131nda kalabilirsiniz.<\/p>\n\n\n\n<h3 class=\"wp-block-heading\">D\u00fczeltme ve G\u00f6zden Ge\u00e7irme<\/h3>\n\n\n\n<p>G\u00f6ndermeden \u00f6nce, \u00f6nerinizi \u015fu a\u00e7\u0131lardan g\u00f6zden ge\u00e7irin:<\/p>\n\n\n\n<ul class=\"wp-block-list\">\n<li>Yaz\u0131m ve dilbilgisi hatalar\u0131<\/li>\n\n\n\n<li>Eksik veya tamamlanmam\u0131\u015f bilgiler<\/li>\n\n\n\n<li>Format ve say\u0131larda tutarl\u0131l\u0131k<\/li>\n<\/ul>\n\n\n\n<p>Bir meslekta\u015f\u0131n\u0131z\u0131n veya y\u00f6neticinizin \u00f6neriyi g\u00f6zden ge\u00e7irmesi, g\u00f6zden ka\u00e7\u0131rm\u0131\u015f olabilece\u011finiz hatalar\u0131 yakalayabilir.<\/p>\n\n\n\n<h3 class=\"wp-block-heading\">\u015eartlar ve Ko\u015fullar\u0131 Ekleyin<\/h3>\n\n\n\n<p>\u00d6deme planlar\u0131, garanti politikalar\u0131 ve kapsam de\u011fi\u015fikliklerinin nas\u0131l ele al\u0131naca\u011f\u0131n\u0131 i\u00e7eren \u015fartlar\u0131n\u0131z\u0131 a\u00e7\u0131k\u00e7a belirtin. Bu detaylar, hem sizi hem de m\u00fc\u015fteriyi koruyarak net beklentiler belirler.<\/p>\n\n\n\n<h3 class=\"wp-block-heading\">Zaman\u0131nda G\u00f6nderin ve Takip Edin<\/h3>\n\n\n\n<p>\u00d6nerinizi, belirlenen s\u00fcre i\u00e7inde g\u00f6nderin ve herhangi bir \u00f6zel g\u00f6nderim talimat\u0131na uyun. G\u00f6nderdikten sonra, m\u00fc\u015fteriye ula\u015farak al\u0131nd\u0131\u011f\u0131n\u0131 do\u011frulay\u0131n ve projeye olan ilginizi ifade edin.<\/p>\n\n\n\n<h2 class=\"wp-block-heading\">Sonu\u00e7<\/h2>\n\n\n\n<p>Profesyonel in\u015faat teklif \u015fablonlar\u0131, teklif s\u00fcrecini daha verimli hale getirmenin yan\u0131 s\u0131ra i\u015fbirli\u011fini ve \u015feffafl\u0131\u011f\u0131 da art\u0131r\u0131r. Proje ihtiya\u00e7lar\u0131n\u0131za uygun \u015fablonlar benimseyerek, teklifleri g\u00fcvenle y\u00f6netebilir ve en \u00f6nemli \u015feye odaklanabilirsiniz\u2014y\u00fcksek kaliteli in\u015faat projelerini zaman\u0131nda ve b\u00fct\u00e7e dahilinde teslim etmek.<\/p>\n\n\n\n<p>Planyard&#8217;\u0131n in\u015faat maliyet y\u00f6netimi yaz\u0131l\u0131m\u0131n\u0131n, teklif takibi, ger\u00e7ek zamanl\u0131 maliyet g\u00fcncellemeleri ve otomatik i\u015f ak\u0131\u015flar\u0131 gibi \u00f6zelliklerle teklif s\u00fcrecinizi nas\u0131l tamamlad\u0131\u011f\u0131n\u0131 ke\u015ffedin.<\/p>\n\n\n\n<p><\/p>\n","protected":false},"excerpt":{"rendered":"<p>\u0130n\u015faat teklif s\u00fcrecinin her ad\u0131m\u0131n\u0131 profesyonel, \u00f6zelle\u015ftirilebilir \u015fablonlar\u0131m\u0131zla kolayla\u015ft\u0131r\u0131n. \u0130ster y\u00fcklenici tekliflerini kar\u015f\u0131la\u015ft\u0131r\u0131yor, ister tedarik\u00e7ileri teklif vermeye davet ediyor, ister bir m\u00fc\u015fteri i\u00e7in detayl\u0131 tahminler haz\u0131rl\u0131yor olun, bu \u015fablonlar zaman kazand\u0131rmak, do\u011frulu\u011fu art\u0131rmak ve projenizin profesyonelli\u011fini geli\u015ftirmek i\u00e7in tasarlanm\u0131\u015ft\u0131r. Google Sheets, Excel ve PDF formatlar\u0131nda mevcut olan \u015fablonlar\u0131m\u0131z, teklifleri etkili ve g\u00fcvenle y\u00f6netmeniz i\u00e7in ihtiyac\u0131n\u0131z&#8230;  <a class=\"excerpt-read-more\" href=\"https:\/\/planyard.com\/tr\/insaat-teklif-sablonu\" title=\"Okuyun  \u0130n\u015faat Teklif \u015eablonu\">Daha fazla oku &#8220;<\/a><\/p>\n","protected":false},"author":3,"featured_media":0,"parent":0,"menu_order":0,"comment_status":"closed","ping_status":"closed","template":"","meta":{"_acf_changed":false,"content-type":"","footnotes":""},"page_intent":[171],"page_type":[],"class_list":["post-14402","page","type-page","status-publish","hentry"],"acf":[],"yoast_head":"<!-- This site is optimized with the Yoast SEO plugin v27.1.1 - https:\/\/yoast.com\/product\/yoast-seo-wordpress\/ -->\n<title>\u00dccretsiz \u0130n\u015faat Teklif \u015eablonu - Planyard T\u00fcrkiye<\/title>\n<meta name=\"description\" content=\"Bu \u0130n\u015faat Teklif \u015eablonu, m\u00fc\u015fterilerinize profesyonel teklifler g\u00f6ndermenize ve tedarik\u00e7ilerinizden gelen teklifleri net bir \u015fekilde kar\u015f\u0131la\u015ft\u0131rman\u0131za yard\u0131mc\u0131 olur.\" \/>\n<meta name=\"robots\" content=\"index, follow, max-snippet:-1, max-image-preview:large, max-video-preview:-1\" \/>\n<link rel=\"canonical\" href=\"https:\/\/planyard.com\/tr\/insaat-teklif-sablonu\" \/>\n<meta property=\"og:locale\" content=\"tr_TR\" \/>\n<meta property=\"og:type\" content=\"article\" \/>\n<meta property=\"og:title\" content=\"\u00dccretsiz \u0130n\u015faat Teklif \u015eablonu - Planyard T\u00fcrkiye\" \/>\n<meta property=\"og:description\" content=\"Bu \u0130n\u015faat Teklif \u015eablonu, m\u00fc\u015fterilerinize profesyonel teklifler g\u00f6ndermenize ve tedarik\u00e7ilerinizden gelen teklifleri net bir \u015fekilde kar\u015f\u0131la\u015ft\u0131rman\u0131za yard\u0131mc\u0131 olur.\" \/>\n<meta property=\"og:url\" content=\"https:\/\/planyard.com\/tr\/insaat-teklif-sablonu\" \/>\n<meta property=\"og:site_name\" content=\"Planyard T\u00fcrkiye\" \/>\n<meta property=\"article:modified_time\" content=\"2025-05-19T09:53:24+00:00\" \/>\n<meta property=\"og:image\" content=\"https:\/\/planyard.com\/wp-content\/uploads\/2024\/12\/constriction_bidding_templates.png\" \/>\n\t<meta property=\"og:image:width\" content=\"1080\" \/>\n\t<meta property=\"og:image:height\" content=\"1080\" \/>\n\t<meta property=\"og:image:type\" content=\"image\/png\" \/>\n<meta name=\"twitter:card\" content=\"summary_large_image\" \/>\n<meta name=\"twitter:label1\" content=\"Tahmini okuma s\u00fcresi\" \/>\n\t<meta name=\"twitter:data1\" content=\"7 dakika\" \/>\n<!-- \/ Yoast SEO plugin. -->","yoast_head_json":{"title":"\u00dccretsiz \u0130n\u015faat Teklif \u015eablonu - Planyard T\u00fcrkiye","description":"Bu \u0130n\u015faat Teklif \u015eablonu, m\u00fc\u015fterilerinize profesyonel teklifler g\u00f6ndermenize ve tedarik\u00e7ilerinizden gelen teklifleri net bir \u015fekilde kar\u015f\u0131la\u015ft\u0131rman\u0131za yard\u0131mc\u0131 olur.","robots":{"index":"index","follow":"follow","max-snippet":"max-snippet:-1","max-image-preview":"max-image-preview:large","max-video-preview":"max-video-preview:-1"},"canonical":"https:\/\/planyard.com\/tr\/insaat-teklif-sablonu","og_locale":"tr_TR","og_type":"article","og_title":"\u00dccretsiz \u0130n\u015faat Teklif \u015eablonu - Planyard T\u00fcrkiye","og_description":"Bu \u0130n\u015faat Teklif \u015eablonu, m\u00fc\u015fterilerinize profesyonel teklifler g\u00f6ndermenize ve tedarik\u00e7ilerinizden gelen teklifleri net bir \u015fekilde kar\u015f\u0131la\u015ft\u0131rman\u0131za yard\u0131mc\u0131 olur.","og_url":"https:\/\/planyard.com\/tr\/insaat-teklif-sablonu","og_site_name":"Planyard T\u00fcrkiye","article_modified_time":"2025-05-19T09:53:24+00:00","og_image":[{"width":1080,"height":1080,"url":"https:\/\/planyard.com\/wp-content\/uploads\/2024\/12\/constriction_bidding_templates.png","type":"image\/png"}],"twitter_card":"summary_large_image","twitter_misc":{"Tahmini okuma s\u00fcresi":"7 dakika"},"schema":{"@context":"https:\/\/schema.org","@graph":[{"@type":"WebPage","@id":"https:\/\/planyard.com\/tr\/insaat-teklif-sablonu","url":"https:\/\/planyard.com\/tr\/insaat-teklif-sablonu","name":"\u00dccretsiz \u0130n\u015faat Teklif \u015eablonu - Planyard T\u00fcrkiye","isPartOf":{"@id":"https:\/\/planyard.com\/tr#website"},"primaryImageOfPage":{"@id":"https:\/\/planyard.com\/tr\/insaat-teklif-sablonu#primaryimage"},"image":{"@id":"https:\/\/planyard.com\/tr\/insaat-teklif-sablonu#primaryimage"},"thumbnailUrl":"https:\/\/planyard.com\/wp-content\/uploads\/2024\/12\/constriction_bidding_templates.png","datePublished":"2024-12-16T17:39:09+00:00","dateModified":"2025-05-19T09:53:24+00:00","description":"Bu \u0130n\u015faat Teklif \u015eablonu, m\u00fc\u015fterilerinize profesyonel teklifler g\u00f6ndermenize ve tedarik\u00e7ilerinizden gelen teklifleri net bir \u015fekilde kar\u015f\u0131la\u015ft\u0131rman\u0131za yard\u0131mc\u0131 olur.","breadcrumb":{"@id":"https:\/\/planyard.com\/tr\/insaat-teklif-sablonu#breadcrumb"},"inLanguage":"tr","potentialAction":[{"@type":"ReadAction","target":["https:\/\/planyard.com\/tr\/insaat-teklif-sablonu"]}]},{"@type":"ImageObject","inLanguage":"tr","@id":"https:\/\/planyard.com\/tr\/insaat-teklif-sablonu#primaryimage","url":"https:\/\/planyard.com\/wp-content\/uploads\/2024\/12\/constriction_bidding_templates.png","contentUrl":"https:\/\/planyard.com\/wp-content\/uploads\/2024\/12\/constriction_bidding_templates.png"},{"@type":"BreadcrumbList","@id":"https:\/\/planyard.com\/tr\/insaat-teklif-sablonu#breadcrumb","itemListElement":[{"@type":"ListItem","position":1,"name":"Home","item":"https:\/\/planyard.com\/tr"},{"@type":"ListItem","position":2,"name":"\u0130n\u015faat Teklif \u015eablonu"}]},{"@type":"WebSite","@id":"https:\/\/planyard.com\/tr#website","url":"https:\/\/planyard.com\/tr","name":"Planyard T\u00fcrkiye","description":"","potentialAction":[{"@type":"SearchAction","target":{"@type":"EntryPoint","urlTemplate":"https:\/\/planyard.com\/tr?s={search_term_string}"},"query-input":{"@type":"PropertyValueSpecification","valueRequired":true,"valueName":"search_term_string"}}],"inLanguage":"tr"}]}},"_links":{"self":[{"href":"https:\/\/planyard.com\/tr\/wp-json\/wp\/v2\/pages\/14402","targetHints":{"allow":["GET"]}}],"collection":[{"href":"https:\/\/planyard.com\/tr\/wp-json\/wp\/v2\/pages"}],"about":[{"href":"https:\/\/planyard.com\/tr\/wp-json\/wp\/v2\/types\/page"}],"author":[{"embeddable":true,"href":"https:\/\/planyard.com\/tr\/wp-json\/wp\/v2\/users\/3"}],"replies":[{"embeddable":true,"href":"https:\/\/planyard.com\/tr\/wp-json\/wp\/v2\/comments?post=14402"}],"version-history":[{"count":1,"href":"https:\/\/planyard.com\/tr\/wp-json\/wp\/v2\/pages\/14402\/revisions"}],"predecessor-version":[{"id":14569,"href":"https:\/\/planyard.com\/tr\/wp-json\/wp\/v2\/pages\/14402\/revisions\/14569"}],"wp:attachment":[{"href":"https:\/\/planyard.com\/tr\/wp-json\/wp\/v2\/media?parent=14402"}],"wp:term":[{"taxonomy":"page_intent","embeddable":true,"href":"https:\/\/planyard.com\/tr\/wp-json\/wp\/v2\/page_intent?post=14402"},{"taxonomy":"page_type","embeddable":true,"href":"https:\/\/planyard.com\/tr\/wp-json\/wp\/v2\/page_type?post=14402"}],"curies":[{"name":"wp","href":"https:\/\/api.w.org\/{rel}","templated":true}]}}