{"id":14401,"date":"2024-08-16T08:48:49","date_gmt":"2024-08-16T08:48:49","guid":{"rendered":"https:\/\/planyard.com\/construction-approval-workflows"},"modified":"2025-05-19T09:51:33","modified_gmt":"2025-05-19T09:51:33","slug":"insaat-onay-is-akislari","status":"publish","type":"page","link":"https:\/\/planyard.com\/tr\/insaat-onay-is-akislari","title":{"rendered":"\u0130n\u015faat Onay \u0130\u015f Ak\u0131\u015flar\u0131"},"content":{"rendered":"","protected":false},"excerpt":{"rendered":"","protected":false},"author":2,"featured_media":0,"parent":0,"menu_order":0,"comment_status":"closed","ping_status":"closed","template":"","meta":{"_acf_changed":false,"content-type":"","footnotes":""},"page_intent":[156],"page_type":[],"class_list":["post-14401","page","type-page","status-publish","hentry"],"acf":[],"yoast_head":"<!-- This site is optimized with the Yoast SEO plugin v27.1.1 - https:\/\/yoast.com\/product\/yoast-seo-wordpress\/ -->\n<title>\u0130n\u015faat Onay \u0130\u015f Ak\u0131\u015flar\u0131 Yaz\u0131l\u0131m\u0131: 14 G\u00fcn \u00dccretsiz Deneyin<\/title>\n<meta name=\"description\" content=\"Sat\u0131n alma sipari\u015fleri, RFQ&#039;lar, faturalar ve \u00f6demeler i\u00e7in Planyard&#039;\u0131n in\u015faat onay i\u015f ak\u0131\u015flar\u0131 ile b\u00fct\u00e7e y\u00f6netimini kolayla\u015ft\u0131r\u0131n. Uyum sa\u011flay\u0131n ve hatalar\u0131 azalt\u0131n.\" \/>\n<meta name=\"robots\" content=\"index, follow, max-snippet:-1, max-image-preview:large, max-video-preview:-1\" \/>\n<link rel=\"canonical\" href=\"https:\/\/planyard.com\/tr\/insaat-onay-is-akislari\" \/>\n<meta property=\"og:locale\" content=\"tr_TR\" \/>\n<meta property=\"og:type\" content=\"article\" \/>\n<meta property=\"og:title\" content=\"\u0130n\u015faat Onay \u0130\u015f Ak\u0131\u015flar\u0131 Yaz\u0131l\u0131m\u0131: 14 G\u00fcn \u00dccretsiz Deneyin\" \/>\n<meta property=\"og:description\" content=\"Sat\u0131n alma sipari\u015fleri, RFQ&#039;lar, faturalar ve \u00f6demeler i\u00e7in Planyard&#039;\u0131n in\u015faat onay i\u015f ak\u0131\u015flar\u0131 ile b\u00fct\u00e7e y\u00f6netimini kolayla\u015ft\u0131r\u0131n. Uyum sa\u011flay\u0131n ve hatalar\u0131 azalt\u0131n.\" \/>\n<meta property=\"og:url\" content=\"https:\/\/planyard.com\/tr\/insaat-onay-is-akislari\" \/>\n<meta property=\"og:site_name\" content=\"Planyard T\u00fcrkiye\" \/>\n<meta property=\"article:modified_time\" content=\"2025-05-19T09:51:33+00:00\" \/>\n<meta name=\"twitter:card\" content=\"summary_large_image\" \/>\n<!-- \/ Yoast SEO plugin. -->","yoast_head_json":{"title":"\u0130n\u015faat Onay \u0130\u015f Ak\u0131\u015flar\u0131 Yaz\u0131l\u0131m\u0131: 14 G\u00fcn \u00dccretsiz Deneyin","description":"Sat\u0131n alma sipari\u015fleri, RFQ'lar, faturalar ve \u00f6demeler i\u00e7in Planyard'\u0131n in\u015faat onay i\u015f ak\u0131\u015flar\u0131 ile b\u00fct\u00e7e y\u00f6netimini kolayla\u015ft\u0131r\u0131n. Uyum sa\u011flay\u0131n ve hatalar\u0131 azalt\u0131n.","robots":{"index":"index","follow":"follow","max-snippet":"max-snippet:-1","max-image-preview":"max-image-preview:large","max-video-preview":"max-video-preview:-1"},"canonical":"https:\/\/planyard.com\/tr\/insaat-onay-is-akislari","og_locale":"tr_TR","og_type":"article","og_title":"\u0130n\u015faat Onay \u0130\u015f Ak\u0131\u015flar\u0131 Yaz\u0131l\u0131m\u0131: 14 G\u00fcn \u00dccretsiz Deneyin","og_description":"Sat\u0131n alma sipari\u015fleri, RFQ'lar, faturalar ve \u00f6demeler i\u00e7in Planyard'\u0131n in\u015faat onay i\u015f ak\u0131\u015flar\u0131 ile b\u00fct\u00e7e y\u00f6netimini kolayla\u015ft\u0131r\u0131n. Uyum sa\u011flay\u0131n ve hatalar\u0131 azalt\u0131n.","og_url":"https:\/\/planyard.com\/tr\/insaat-onay-is-akislari","og_site_name":"Planyard T\u00fcrkiye","article_modified_time":"2025-05-19T09:51:33+00:00","twitter_card":"summary_large_image","schema":{"@context":"https:\/\/schema.org","@graph":[{"@type":"WebPage","@id":"https:\/\/planyard.com\/tr\/insaat-onay-is-akislari","url":"https:\/\/planyard.com\/tr\/insaat-onay-is-akislari","name":"\u0130n\u015faat Onay \u0130\u015f Ak\u0131\u015flar\u0131 Yaz\u0131l\u0131m\u0131: 14 G\u00fcn \u00dccretsiz Deneyin","isPartOf":{"@id":"https:\/\/planyard.com\/tr#website"},"datePublished":"2024-08-16T08:48:49+00:00","dateModified":"2025-05-19T09:51:33+00:00","description":"Sat\u0131n alma sipari\u015fleri, RFQ'lar, faturalar ve \u00f6demeler i\u00e7in Planyard'\u0131n in\u015faat onay i\u015f ak\u0131\u015flar\u0131 ile b\u00fct\u00e7e y\u00f6netimini kolayla\u015ft\u0131r\u0131n. Uyum sa\u011flay\u0131n ve hatalar\u0131 azalt\u0131n.","breadcrumb":{"@id":"https:\/\/planyard.com\/tr\/insaat-onay-is-akislari#breadcrumb"},"inLanguage":"tr","potentialAction":[{"@type":"ReadAction","target":["https:\/\/planyard.com\/tr\/insaat-onay-is-akislari"]}]},{"@type":"BreadcrumbList","@id":"https:\/\/planyard.com\/tr\/insaat-onay-is-akislari#breadcrumb","itemListElement":[{"@type":"ListItem","position":1,"name":"Home","item":"https:\/\/planyard.com\/tr"},{"@type":"ListItem","position":2,"name":"\u0130n\u015faat Onay \u0130\u015f Ak\u0131\u015flar\u0131"}]},{"@type":"WebSite","@id":"https:\/\/planyard.com\/tr#website","url":"https:\/\/planyard.com\/tr","name":"Planyard T\u00fcrkiye","description":"","potentialAction":[{"@type":"SearchAction","target":{"@type":"EntryPoint","urlTemplate":"https:\/\/planyard.com\/tr?s={search_term_string}"},"query-input":{"@type":"PropertyValueSpecification","valueRequired":true,"valueName":"search_term_string"}}],"inLanguage":"tr"}]}},"_links":{"self":[{"href":"https:\/\/planyard.com\/tr\/wp-json\/wp\/v2\/pages\/14401","targetHints":{"allow":["GET"]}}],"collection":[{"href":"https:\/\/planyard.com\/tr\/wp-json\/wp\/v2\/pages"}],"about":[{"href":"https:\/\/planyard.com\/tr\/wp-json\/wp\/v2\/types\/page"}],"author":[{"embeddable":true,"href":"https:\/\/planyard.com\/tr\/wp-json\/wp\/v2\/users\/2"}],"replies":[{"embeddable":true,"href":"https:\/\/planyard.com\/tr\/wp-json\/wp\/v2\/comments?post=14401"}],"version-history":[{"count":1,"href":"https:\/\/planyard.com\/tr\/wp-json\/wp\/v2\/pages\/14401\/revisions"}],"predecessor-version":[{"id":14546,"href":"https:\/\/planyard.com\/tr\/wp-json\/wp\/v2\/pages\/14401\/revisions\/14546"}],"wp:attachment":[{"href":"https:\/\/planyard.com\/tr\/wp-json\/wp\/v2\/media?parent=14401"}],"wp:term":[{"taxonomy":"page_intent","embeddable":true,"href":"https:\/\/planyard.com\/tr\/wp-json\/wp\/v2\/page_intent?post=14401"},{"taxonomy":"page_type","embeddable":true,"href":"https:\/\/planyard.com\/tr\/wp-json\/wp\/v2\/page_type?post=14401"}],"curies":[{"name":"wp","href":"https:\/\/api.w.org\/{rel}","templated":true}]}}