{"id":14397,"date":"2024-07-24T20:49:38","date_gmt":"2024-07-24T20:49:38","guid":{"rendered":"https:\/\/planyard.com\/case-studies-collection"},"modified":"2025-05-19T19:25:06","modified_gmt":"2025-05-19T19:25:06","slug":"vaka-calismalari","status":"publish","type":"page","link":"https:\/\/planyard.com\/tr\/vaka-calismalari","title":{"rendered":"Vaka \u00c7al\u0131\u015fmalar\u0131"},"content":{"rendered":"\n<p>Planyard&#8217;\u0131n in\u015faat b\u00fct\u00e7e y\u00f6netimini nas\u0131l kolayla\u015ft\u0131rd\u0131\u011f\u0131n\u0131 ke\u015ffedin. Vaka \u00e7al\u0131\u015fmalar\u0131m\u0131z, ger\u00e7ek ekiplerin Planyard\u2019\u0131n basit ve sezgisel ara\u00e7lar\u0131n\u0131 kullanarak hatalar\u0131 nas\u0131l azaltt\u0131\u011f\u0131n\u0131 ve y\u00fczlerce saat tasarruf etti\u011fini g\u00f6steriyor. Bunun size nas\u0131l yard\u0131mc\u0131 olabilece\u011fini g\u00f6r\u00fcn!<\/p>\n\n\n\n<p><\/p>\n","protected":false},"excerpt":{"rendered":"<p>Planyard&#8217;\u0131n in\u015faat b\u00fct\u00e7e y\u00f6netimini nas\u0131l kolayla\u015ft\u0131rd\u0131\u011f\u0131n\u0131 ke\u015ffedin. Vaka \u00e7al\u0131\u015fmalar\u0131m\u0131z, ger\u00e7ek ekiplerin Planyard\u2019\u0131n basit ve sezgisel ara\u00e7lar\u0131n\u0131 kullanarak hatalar\u0131 nas\u0131l azaltt\u0131\u011f\u0131n\u0131 ve y\u00fczlerce saat tasarruf etti\u011fini g\u00f6steriyor. Bunun size nas\u0131l yard\u0131mc\u0131 olabilece\u011fini g\u00f6r\u00fcn!<\/p>\n","protected":false},"author":1,"featured_media":0,"parent":0,"menu_order":0,"comment_status":"closed","ping_status":"closed","template":"template-casestudies.php","meta":{"_acf_changed":false,"content-type":"","footnotes":""},"page_intent":[246],"page_type":[],"class_list":["post-14397","page","type-page","status-publish","hentry"],"acf":[],"yoast_head":"<!-- This site is optimized with the Yoast SEO plugin v27.1.1 - https:\/\/yoast.com\/product\/yoast-seo-wordpress\/ -->\n<title>Vaka \u00c7al\u0131\u015fmalar\u0131 - Planyard T\u00fcrkiye<\/title>\n<meta name=\"description\" content=\"Vaka \u00e7al\u0131\u015fmalar\u0131m\u0131z, ger\u00e7ek ekiplerin Planyard\u2019\u0131n basit ve sezgisel ara\u00e7lar\u0131n\u0131 kullanarak hatalar\u0131 nas\u0131l azaltt\u0131\u011f\u0131n\u0131 ve y\u00fczlerce saat tasarruf etti\u011fini g\u00f6steriyor.\" \/>\n<meta name=\"robots\" content=\"index, follow, max-snippet:-1, max-image-preview:large, max-video-preview:-1\" \/>\n<link rel=\"canonical\" href=\"https:\/\/planyard.com\/tr\/vaka-calismalari\" \/>\n<meta property=\"og:locale\" content=\"tr_TR\" \/>\n<meta property=\"og:type\" content=\"article\" \/>\n<meta property=\"og:title\" content=\"Vaka \u00c7al\u0131\u015fmalar\u0131 - Planyard T\u00fcrkiye\" \/>\n<meta property=\"og:description\" content=\"Vaka \u00e7al\u0131\u015fmalar\u0131m\u0131z, ger\u00e7ek ekiplerin Planyard\u2019\u0131n basit ve sezgisel ara\u00e7lar\u0131n\u0131 kullanarak hatalar\u0131 nas\u0131l azaltt\u0131\u011f\u0131n\u0131 ve y\u00fczlerce saat tasarruf etti\u011fini g\u00f6steriyor.\" \/>\n<meta property=\"og:url\" content=\"https:\/\/planyard.com\/tr\/vaka-calismalari\" \/>\n<meta property=\"og:site_name\" content=\"Planyard T\u00fcrkiye\" \/>\n<meta property=\"article:modified_time\" content=\"2025-05-19T19:25:06+00:00\" \/>\n<meta name=\"twitter:card\" content=\"summary_large_image\" \/>\n<meta name=\"twitter:label1\" content=\"Tahmini okuma s\u00fcresi\" \/>\n\t<meta name=\"twitter:data1\" content=\"1 dakika\" \/>\n<!-- \/ Yoast SEO plugin. -->","yoast_head_json":{"title":"Vaka \u00c7al\u0131\u015fmalar\u0131 - Planyard T\u00fcrkiye","description":"Vaka \u00e7al\u0131\u015fmalar\u0131m\u0131z, ger\u00e7ek ekiplerin Planyard\u2019\u0131n basit ve sezgisel ara\u00e7lar\u0131n\u0131 kullanarak hatalar\u0131 nas\u0131l azaltt\u0131\u011f\u0131n\u0131 ve y\u00fczlerce saat tasarruf etti\u011fini g\u00f6steriyor.","robots":{"index":"index","follow":"follow","max-snippet":"max-snippet:-1","max-image-preview":"max-image-preview:large","max-video-preview":"max-video-preview:-1"},"canonical":"https:\/\/planyard.com\/tr\/vaka-calismalari","og_locale":"tr_TR","og_type":"article","og_title":"Vaka \u00c7al\u0131\u015fmalar\u0131 - Planyard T\u00fcrkiye","og_description":"Vaka \u00e7al\u0131\u015fmalar\u0131m\u0131z, ger\u00e7ek ekiplerin Planyard\u2019\u0131n basit ve sezgisel ara\u00e7lar\u0131n\u0131 kullanarak hatalar\u0131 nas\u0131l azaltt\u0131\u011f\u0131n\u0131 ve y\u00fczlerce saat tasarruf etti\u011fini g\u00f6steriyor.","og_url":"https:\/\/planyard.com\/tr\/vaka-calismalari","og_site_name":"Planyard T\u00fcrkiye","article_modified_time":"2025-05-19T19:25:06+00:00","twitter_card":"summary_large_image","twitter_misc":{"Tahmini okuma s\u00fcresi":"1 dakika"},"schema":{"@context":"https:\/\/schema.org","@graph":[{"@type":"WebPage","@id":"https:\/\/planyard.com\/tr\/vaka-calismalari","url":"https:\/\/planyard.com\/tr\/vaka-calismalari","name":"Vaka \u00c7al\u0131\u015fmalar\u0131 - Planyard T\u00fcrkiye","isPartOf":{"@id":"https:\/\/planyard.com\/tr#website"},"datePublished":"2024-07-24T20:49:38+00:00","dateModified":"2025-05-19T19:25:06+00:00","description":"Vaka \u00e7al\u0131\u015fmalar\u0131m\u0131z, ger\u00e7ek ekiplerin Planyard\u2019\u0131n basit ve sezgisel ara\u00e7lar\u0131n\u0131 kullanarak hatalar\u0131 nas\u0131l azaltt\u0131\u011f\u0131n\u0131 ve y\u00fczlerce saat tasarruf etti\u011fini g\u00f6steriyor.","breadcrumb":{"@id":"https:\/\/planyard.com\/tr\/vaka-calismalari#breadcrumb"},"inLanguage":"tr","potentialAction":[{"@type":"ReadAction","target":["https:\/\/planyard.com\/tr\/vaka-calismalari"]}]},{"@type":"BreadcrumbList","@id":"https:\/\/planyard.com\/tr\/vaka-calismalari#breadcrumb","itemListElement":[{"@type":"ListItem","position":1,"name":"Home","item":"https:\/\/planyard.com\/tr"},{"@type":"ListItem","position":2,"name":"Vaka \u00c7al\u0131\u015fmalar\u0131"}]},{"@type":"WebSite","@id":"https:\/\/planyard.com\/tr#website","url":"https:\/\/planyard.com\/tr","name":"Planyard T\u00fcrkiye","description":"","potentialAction":[{"@type":"SearchAction","target":{"@type":"EntryPoint","urlTemplate":"https:\/\/planyard.com\/tr?s={search_term_string}"},"query-input":{"@type":"PropertyValueSpecification","valueRequired":true,"valueName":"search_term_string"}}],"inLanguage":"tr"}]}},"_links":{"self":[{"href":"https:\/\/planyard.com\/tr\/wp-json\/wp\/v2\/pages\/14397","targetHints":{"allow":["GET"]}}],"collection":[{"href":"https:\/\/planyard.com\/tr\/wp-json\/wp\/v2\/pages"}],"about":[{"href":"https:\/\/planyard.com\/tr\/wp-json\/wp\/v2\/types\/page"}],"author":[{"embeddable":true,"href":"https:\/\/planyard.com\/tr\/wp-json\/wp\/v2\/users\/1"}],"replies":[{"embeddable":true,"href":"https:\/\/planyard.com\/tr\/wp-json\/wp\/v2\/comments?post=14397"}],"version-history":[{"count":2,"href":"https:\/\/planyard.com\/tr\/wp-json\/wp\/v2\/pages\/14397\/revisions"}],"predecessor-version":[{"id":16480,"href":"https:\/\/planyard.com\/tr\/wp-json\/wp\/v2\/pages\/14397\/revisions\/16480"}],"wp:attachment":[{"href":"https:\/\/planyard.com\/tr\/wp-json\/wp\/v2\/media?parent=14397"}],"wp:term":[{"taxonomy":"page_intent","embeddable":true,"href":"https:\/\/planyard.com\/tr\/wp-json\/wp\/v2\/page_intent?post=14397"},{"taxonomy":"page_type","embeddable":true,"href":"https:\/\/planyard.com\/tr\/wp-json\/wp\/v2\/page_type?post=14397"}],"curies":[{"name":"wp","href":"https:\/\/api.w.org\/{rel}","templated":true}]}}