{"id":14207,"date":"2024-08-27T16:43:01","date_gmt":"2024-08-27T16:43:01","guid":{"rendered":"https:\/\/planyard.com\/construction-cost-control"},"modified":"2025-05-19T19:24:21","modified_gmt":"2025-05-19T19:24:21","slug":"kostnadskontroll-inom-bygg","status":"publish","type":"page","link":"https:\/\/planyard.com\/sv\/kostnadskontroll-inom-bygg","title":{"rendered":"Vad \u00e4r kostnadskontroll inom bygg?"},"content":{"rendered":"\n<h2 class=\"wp-block-heading has-text-align-left\">Vad \u00e4r kostnadskontroll inom bygg?<\/h2>\n\n\n\n<p>Kostnadskontroll inom bygg handlar om att hantera dina byggkostnader med m\u00e5let att \u00f6ka vinsten. Kostnadskontroll b\u00f6rjar med att g\u00f6ra noggranna och l\u00f6nsamma uppskattningar och slutar med att betala underentrepren\u00f6rer.<\/p>\n\n\n\n<p>Underentrepren\u00f6rshantering \u00e4r en stor del av detta eftersom huvudentrepren\u00f6rer beh\u00f6ver samla in anbud, m\u00e5nadsrapporter och kostnadsdokument baserade p\u00e5 kostnadskoder.<\/p>\n\n\n\n<p>En annan synvinkel \u00e4r att det t\u00e4cker alla processer d\u00e4r kostnadskoder inom bygg \u00e4r involverade (f\u00f6rutom bokf\u00f6ring).<\/p>\n\n\n\n<p>Kostnadskontroll kan utf\u00f6ras p\u00e5 olika s\u00e4tt (papper och penna, Excel, specialiserad programvara etc.), men det finns uppenbara f\u00f6rdelar med att anv\u00e4nda specialiserad programvara f\u00f6r kostnadskontroll.<\/p>\n\n\n\n<figure class=\"wp-block-image size-full\"><img loading=\"lazy\" decoding=\"async\" width=\"1200\" height=\"500\" src=\"https:\/\/planyard.com\/wp-content\/uploads\/2024\/08\/construction-cost-control-1.png\" alt=\"\" class=\"wp-image-1596\"\/><\/figure>\n\n\n\n<h2 class=\"wp-block-heading has-text-align-center paddedHeading\">F\u00f6rdelar<\/h2>\n\n\n\n<div class=\"wp-block-columns is-layout-flex wp-container-core-columns-is-layout-9d6595d7 wp-block-columns-is-layout-flex\">\n<div class=\"wp-block-column is-layout-flow wp-block-column-is-layout-flow\">\n<h4 class=\"wp-block-heading checkedItem\">Veta om ett projekt g\u00e5r med vinst eller inte innan det avslutas<\/h4>\n<\/div>\n\n\n\n<div class=\"wp-block-column is-layout-flow wp-block-column-is-layout-flow\">\n<h4 class=\"wp-block-heading checkedItem\">Spara 3-5 dagar per m\u00e5nad per projektledare<\/h4>\n<\/div>\n\n\n\n<div class=\"wp-block-column is-layout-flow wp-block-column-is-layout-flow\">\n<h4 class=\"wp-block-heading checkedItem\">Standardisera processerna och s\u00e4kerst\u00e4ll efterlevnad<\/h4>\n<\/div>\n<\/div>\n\n\n\n<div class=\"wp-block-columns is-layout-flex wp-container-core-columns-is-layout-9d6595d7 wp-block-columns-is-layout-flex\">\n<div class=\"wp-block-column is-layout-flow wp-block-column-is-layout-flow\">\n<h4 class=\"wp-block-heading checkedItem\">Uppt\u00e4ck fel i uppskattningar och design<\/h4>\n<\/div>\n\n\n\n<div class=\"wp-block-column is-layout-flow wp-block-column-is-layout-flow\">\n<h4 class=\"wp-block-heading checkedItem\">Bli av med manuella ber\u00e4kningar och kopiera-klistra<\/h4>\n<\/div>\n\n\n\n<div class=\"wp-block-column is-layout-flow wp-block-column-is-layout-flow\">\n<h4 class=\"wp-block-heading checkedItem\">L\u00e5t inte saker falla mellan stolarna<\/h4>\n<\/div>\n<\/div>\n\n\n\n<h2 class=\"wp-block-heading has-text-align-center\">K\u00f6parguide f\u00f6r programvara f\u00f6r kostnadskontroll inom bygg<\/h2>\n\n\n\n<div class=\"wp-block-columns is-layout-flex wp-container-core-columns-is-layout-9d6595d7 wp-block-columns-is-layout-flex\">\n<div class=\"wp-block-column is-layout-flow wp-block-column-is-layout-flow\">\n<h4 class=\"wp-block-heading\">Om guiden<\/h4>\n\n\n\n<p>Denna gratis guide ger dig en \u00f6versikt \u00f6ver vilka f\u00f6rdelar programvara f\u00f6r kostnadskontroll inom bygg kan erbjuda. Och kanske lika viktigt &#8211; hur den erbjuder dem.<\/p>\n\n\n\n<p>Den \u00e4r skriven med huvudentrepren\u00f6rer i \u00e5tanke som beh\u00f6ver hantera storskaliga byggprojekt.<\/p>\n\n\n\n<p>\u00c4ven om du inte letar efter kostnadskontroll just nu, kommer den att ge dig en b\u00e4ttre uppfattning om hur du kan g\u00f6ra dina processer mer effektiva.<\/p>\n\n\n\n<p>Dessutom inneh\u00e5ller den en detaljerad \u00f6versikt \u00f6ver alla m\u00f6jliga funktioner och vad syftet med dessa funktioner \u00e4r.<\/p>\n<\/div>\n\n\n\n<div class=\"wp-block-column is-layout-flow wp-block-column-is-layout-flow\">\n<figure class=\"wp-block-image size-full\"><img loading=\"lazy\" decoding=\"async\" width=\"1024\" height=\"1024\" src=\"https:\/\/planyard.com\/wp-content\/uploads\/2024\/08\/construction-cost-control-ebook-1024x1024-1.png\" alt=\"\" class=\"wp-image-1598\" srcset=\"https:\/\/planyard.com\/wp-content\/uploads\/2024\/08\/construction-cost-control-ebook-1024x1024-1.png 1024w, https:\/\/planyard.com\/wp-content\/uploads\/2024\/08\/construction-cost-control-ebook-1024x1024-1-150x150.png 150w\" sizes=\"auto, (max-width: 1024px) 100vw, 1024px\" \/><\/figure>\n<\/div>\n<\/div>\n\n\n\n<div class=\"wp-block-columns is-layout-flex wp-container-core-columns-is-layout-9d6595d7 wp-block-columns-is-layout-flex\">\n<div class=\"wp-block-column is-layout-flow wp-block-column-is-layout-flow\">\n<h4 class=\"wp-block-heading\">Inneh\u00e5llsf\u00f6rteckning<\/h4>\n\n\n\n<ol class=\"wp-block-list\">\n<li>Vad \u00e4r programvara f\u00f6r kostnadskontroll och varf\u00f6r anv\u00e4nda den?<\/li>\n\n\n\n<li>Hur bed\u00f6mer du ditt f\u00f6retags mognad<\/li>\n\n\n\n<li>P\u00e5 plats vs molnbaserad programvara<\/li>\n\n\n\n<li>Kommunikation och integrationer<\/li>\n\n\n\n<li>Uppskattning<\/li>\n\n\n\n<li>Anbudshantering<\/li>\n\n\n\n<li>Budgethantering<\/li>\n\n\n\n<li>Kontrakt och \u00e4ndringsorderhantering<\/li>\n\n\n\n<li>Underentrepren\u00f6rers framstegsrapportering<\/li>\n\n\n\n<li>Kostnadsdokumenthantering<\/li>\n\n\n\n<li>Kostnadsprognoser<\/li>\n\n\n\n<li>Kassafl\u00f6desuppf\u00f6ljning<\/li>\n\n\n\n<li>Underentrepren\u00f6rs- och kontaktadministration<\/li>\n\n\n\n<li>Anv\u00e4ndarhantering<\/li>\n\n\n\n<li>S\u00e4kerhet<\/li>\n<\/ol>\n<\/div>\n\n\n\n<div class=\"wp-block-column is-layout-flow wp-block-column-is-layout-flow\">\n<h4 class=\"wp-block-heading\">Gratis nedladdning<\/h4>\n\n\n\n<script charset=\"utf-8\" type=\"text\/javascript\" src=\"\/\/js.hsforms.net\/forms\/shell.js\"><\/script>\n<script>\n  hbspt.forms.create({\n\tportalId: \"4963994\",\n\tformId: \"5dc63c68-0796-4789-93ac-9d26427cf303\"\n});\n<\/script>\n<\/div>\n<\/div>\n\n\n\n<h2 class=\"wp-block-heading has-text-align-center\">Planyard-entrepren\u00f6rsprogramvara hj\u00e4lper ambiti\u00f6sa team att n\u00e5 sina m\u00e5l och accelerera sin tillv\u00e4xt.<\/h2>\n\n\n\n<div class=\"wp-block-media-text alignwide has-media-on-the-right is-stacked-on-mobile is-vertically-aligned-center\"><div class=\"wp-block-media-text__content\">\n<ul class=\"wp-block-list\">\n<li>Inga fler kalkylblad<\/li>\n\n\n\n<li>Sparar tid f\u00f6r projektledare och m\u00e4tningstekniker<\/li>\n\n\n\n<li>Enkelt att implementera och anv\u00e4nda<\/li>\n\n\n\n<li>Exakta och aktuella finansiella prognoser<\/li>\n\n\n\n<li>Ingen mer dubbel dataregistrering<\/li>\n<\/ul>\n\n\n\n<div class=\"wp-block-buttons is-layout-flex wp-block-buttons-is-layout-flex\">\n<div class=\"wp-block-button\"><a class=\"wp-block-button__link wp-element-button\" href=\"https:\/\/planyard.com\/sign-up\">Starta din gratis provperiod<\/a><\/div>\n\n\n\n<div class=\"wp-block-button\"><a class=\"wp-block-button__link wp-element-button\" href=\"https:\/\/meetings.hubspot.com\/cedlund\" target=\"_blank\" rel=\"noreferrer noopener\">Beg\u00e4r en demo<\/a><\/div>\n<\/div>\n<\/div><figure class=\"wp-block-media-text__media\"><img decoding=\"async\" src=\"https:\/\/planyard.com\/wp-content\/uploads\/2024\/10\/construction-project-management-software-macbook-iphone-1_reduced-1024x598-1.webp\" alt=\"\" class=\"wp-image-3832 size-large\"\/><\/figure><\/div>\n","protected":false},"excerpt":{"rendered":"<p>Vad \u00e4r kostnadskontroll inom bygg? Kostnadskontroll inom bygg handlar om att hantera dina byggkostnader med m\u00e5let att \u00f6ka vinsten. Kostnadskontroll b\u00f6rjar med att g\u00f6ra noggranna och l\u00f6nsamma uppskattningar och slutar med att betala underentrepren\u00f6rer. Underentrepren\u00f6rshantering \u00e4r en stor del av detta eftersom huvudentrepren\u00f6rer beh\u00f6ver samla in anbud, m\u00e5nadsrapporter och kostnadsdokument baserade p\u00e5 kostnadskoder. En annan&#8230;  <a class=\"excerpt-read-more\" href=\"https:\/\/planyard.com\/sv\/kostnadskontroll-inom-bygg\" title=\"L\u00e4s  Vad \u00e4r kostnadskontroll inom bygg?\">L\u00e4s mer &#8221;<\/a><\/p>\n","protected":false},"author":2,"featured_media":0,"parent":0,"menu_order":0,"comment_status":"closed","ping_status":"closed","template":"","meta":{"_acf_changed":false,"content-type":"","footnotes":""},"page_intent":[170],"page_type":[],"class_list":["post-14207","page","type-page","status-publish","hentry"],"acf":[],"yoast_head":"<!-- This site is optimized with the Yoast SEO plugin v27.1.1 - https:\/\/yoast.com\/product\/yoast-seo-wordpress\/ -->\n<title>Vad \u00e4r kostnadskontroll inom bygg? - Planyard Sverige<\/title>\n<meta name=\"description\" content=\"Vilka \u00e4r de b\u00e4sta metoderna f\u00f6r kostnadskontroll inom bygg och hur man v\u00e4ljer programvara f\u00f6r att hantera kostnader och maximera l\u00f6nsamheten.\" \/>\n<meta name=\"robots\" content=\"index, follow, max-snippet:-1, max-image-preview:large, max-video-preview:-1\" \/>\n<link rel=\"canonical\" href=\"https:\/\/planyard.com\/sv\/kostnadskontroll-inom-bygg\" \/>\n<meta property=\"og:locale\" content=\"sv_SE\" \/>\n<meta property=\"og:type\" content=\"article\" \/>\n<meta property=\"og:title\" content=\"Vad \u00e4r kostnadskontroll inom bygg? - Planyard Sverige\" \/>\n<meta property=\"og:description\" content=\"Vilka \u00e4r de b\u00e4sta metoderna f\u00f6r kostnadskontroll inom bygg och hur man v\u00e4ljer programvara f\u00f6r att hantera kostnader och maximera l\u00f6nsamheten.\" \/>\n<meta property=\"og:url\" content=\"https:\/\/planyard.com\/sv\/kostnadskontroll-inom-bygg\" \/>\n<meta property=\"og:site_name\" content=\"Planyard Sverige\" \/>\n<meta property=\"article:modified_time\" content=\"2025-05-19T19:24:21+00:00\" \/>\n<meta property=\"og:image\" content=\"https:\/\/planyard.com\/wp-content\/uploads\/2024\/08\/construction-cost-control-1.png\" \/>\n\t<meta property=\"og:image:width\" content=\"1200\" \/>\n\t<meta property=\"og:image:height\" content=\"500\" \/>\n\t<meta property=\"og:image:type\" content=\"image\/png\" \/>\n<meta name=\"twitter:card\" content=\"summary_large_image\" \/>\n<meta name=\"twitter:label1\" content=\"Ber\u00e4knad l\u00e4stid\" \/>\n\t<meta name=\"twitter:data1\" content=\"3 minuter\" \/>\n<!-- \/ Yoast SEO plugin. -->","yoast_head_json":{"title":"Vad \u00e4r kostnadskontroll inom bygg? - Planyard Sverige","description":"Vilka \u00e4r de b\u00e4sta metoderna f\u00f6r kostnadskontroll inom bygg och hur man v\u00e4ljer programvara f\u00f6r att hantera kostnader och maximera l\u00f6nsamheten.","robots":{"index":"index","follow":"follow","max-snippet":"max-snippet:-1","max-image-preview":"max-image-preview:large","max-video-preview":"max-video-preview:-1"},"canonical":"https:\/\/planyard.com\/sv\/kostnadskontroll-inom-bygg","og_locale":"sv_SE","og_type":"article","og_title":"Vad \u00e4r kostnadskontroll inom bygg? - Planyard Sverige","og_description":"Vilka \u00e4r de b\u00e4sta metoderna f\u00f6r kostnadskontroll inom bygg och hur man v\u00e4ljer programvara f\u00f6r att hantera kostnader och maximera l\u00f6nsamheten.","og_url":"https:\/\/planyard.com\/sv\/kostnadskontroll-inom-bygg","og_site_name":"Planyard Sverige","article_modified_time":"2025-05-19T19:24:21+00:00","og_image":[{"width":1200,"height":500,"url":"https:\/\/planyard.com\/wp-content\/uploads\/2024\/08\/construction-cost-control-1.png","type":"image\/png"}],"twitter_card":"summary_large_image","twitter_misc":{"Ber\u00e4knad l\u00e4stid":"3 minuter"},"schema":{"@context":"https:\/\/schema.org","@graph":[{"@type":"WebPage","@id":"https:\/\/planyard.com\/sv\/kostnadskontroll-inom-bygg","url":"https:\/\/planyard.com\/sv\/kostnadskontroll-inom-bygg","name":"Vad \u00e4r kostnadskontroll inom bygg? - Planyard Sverige","isPartOf":{"@id":"https:\/\/planyard.com\/sv#website"},"primaryImageOfPage":{"@id":"https:\/\/planyard.com\/sv\/kostnadskontroll-inom-bygg#primaryimage"},"image":{"@id":"https:\/\/planyard.com\/sv\/kostnadskontroll-inom-bygg#primaryimage"},"thumbnailUrl":"https:\/\/planyard.com\/wp-content\/uploads\/2024\/08\/construction-cost-control-1.png","datePublished":"2024-08-27T16:43:01+00:00","dateModified":"2025-05-19T19:24:21+00:00","description":"Vilka \u00e4r de b\u00e4sta metoderna f\u00f6r kostnadskontroll inom bygg och hur man v\u00e4ljer programvara f\u00f6r att hantera kostnader och maximera l\u00f6nsamheten.","breadcrumb":{"@id":"https:\/\/planyard.com\/sv\/kostnadskontroll-inom-bygg#breadcrumb"},"inLanguage":"sv-SE","potentialAction":[{"@type":"ReadAction","target":["https:\/\/planyard.com\/sv\/kostnadskontroll-inom-bygg"]}]},{"@type":"ImageObject","inLanguage":"sv-SE","@id":"https:\/\/planyard.com\/sv\/kostnadskontroll-inom-bygg#primaryimage","url":"https:\/\/planyard.com\/wp-content\/uploads\/2024\/08\/construction-cost-control-1.png","contentUrl":"https:\/\/planyard.com\/wp-content\/uploads\/2024\/08\/construction-cost-control-1.png"},{"@type":"BreadcrumbList","@id":"https:\/\/planyard.com\/sv\/kostnadskontroll-inom-bygg#breadcrumb","itemListElement":[{"@type":"ListItem","position":1,"name":"Home","item":"https:\/\/planyard.com\/sv"},{"@type":"ListItem","position":2,"name":"Vad \u00e4r kostnadskontroll inom bygg?"}]},{"@type":"WebSite","@id":"https:\/\/planyard.com\/sv#website","url":"https:\/\/planyard.com\/sv","name":"Planyard Sverige","description":"","potentialAction":[{"@type":"SearchAction","target":{"@type":"EntryPoint","urlTemplate":"https:\/\/planyard.com\/sv?s={search_term_string}"},"query-input":{"@type":"PropertyValueSpecification","valueRequired":true,"valueName":"search_term_string"}}],"inLanguage":"sv-SE"}]}},"_links":{"self":[{"href":"https:\/\/planyard.com\/sv\/wp-json\/wp\/v2\/pages\/14207","targetHints":{"allow":["GET"]}}],"collection":[{"href":"https:\/\/planyard.com\/sv\/wp-json\/wp\/v2\/pages"}],"about":[{"href":"https:\/\/planyard.com\/sv\/wp-json\/wp\/v2\/types\/page"}],"author":[{"embeddable":true,"href":"https:\/\/planyard.com\/sv\/wp-json\/wp\/v2\/users\/2"}],"replies":[{"embeddable":true,"href":"https:\/\/planyard.com\/sv\/wp-json\/wp\/v2\/comments?post=14207"}],"version-history":[{"count":2,"href":"https:\/\/planyard.com\/sv\/wp-json\/wp\/v2\/pages\/14207\/revisions"}],"predecessor-version":[{"id":16476,"href":"https:\/\/planyard.com\/sv\/wp-json\/wp\/v2\/pages\/14207\/revisions\/16476"}],"wp:attachment":[{"href":"https:\/\/planyard.com\/sv\/wp-json\/wp\/v2\/media?parent=14207"}],"wp:term":[{"taxonomy":"page_intent","embeddable":true,"href":"https:\/\/planyard.com\/sv\/wp-json\/wp\/v2\/page_intent?post=14207"},{"taxonomy":"page_type","embeddable":true,"href":"https:\/\/planyard.com\/sv\/wp-json\/wp\/v2\/page_type?post=14207"}],"curies":[{"name":"wp","href":"https:\/\/api.w.org\/{rel}","templated":true}]}}