{"id":14204,"date":"2024-08-19T09:11:04","date_gmt":"2024-08-19T09:11:04","guid":{"rendered":"https:\/\/planyard.com\/tender-management-software"},"modified":"2025-05-19T09:39:17","modified_gmt":"2025-05-19T09:39:17","slug":"anbudshanteringsprogramvara","status":"publish","type":"page","link":"https:\/\/planyard.com\/sv\/anbudshanteringsprogramvara","title":{"rendered":"Anbudshanteringsprogramvara"},"content":{"rendered":"","protected":false},"excerpt":{"rendered":"","protected":false},"author":2,"featured_media":0,"parent":0,"menu_order":0,"comment_status":"closed","ping_status":"closed","template":"","meta":{"_acf_changed":false,"content-type":"","footnotes":""},"page_intent":[155],"page_type":[],"class_list":["post-14204","page","type-page","status-publish","hentry"],"acf":[],"yoast_head":"<!-- This site is optimized with the Yoast SEO plugin v27.1.1 - https:\/\/yoast.com\/product\/yoast-seo-wordpress\/ -->\n<title>Anbudshanteringsprogramvara - Prova gratis i 14 dagar - Planyard Sverige<\/title>\n<meta name=\"description\" content=\"Genomf\u00f6r anbud med denna anbudshanteringsprogramvara. J\u00e4mf\u00f6r anbuden och konvertera dem enkelt till underentreprenadkontrakt. Prova gratis i 14 dagar.\" \/>\n<meta name=\"robots\" content=\"index, follow, max-snippet:-1, max-image-preview:large, max-video-preview:-1\" \/>\n<link rel=\"canonical\" href=\"https:\/\/planyard.com\/sv\/anbudshanteringsprogramvara\" \/>\n<meta property=\"og:locale\" content=\"sv_SE\" \/>\n<meta property=\"og:type\" content=\"article\" \/>\n<meta property=\"og:title\" content=\"Anbudshanteringsprogramvara - Prova gratis i 14 dagar - Planyard Sverige\" \/>\n<meta property=\"og:description\" content=\"Genomf\u00f6r anbud med denna anbudshanteringsprogramvara. J\u00e4mf\u00f6r anbuden och konvertera dem enkelt till underentreprenadkontrakt. Prova gratis i 14 dagar.\" \/>\n<meta property=\"og:url\" content=\"https:\/\/planyard.com\/sv\/anbudshanteringsprogramvara\" \/>\n<meta property=\"og:site_name\" content=\"Planyard Sverige\" \/>\n<meta property=\"article:modified_time\" content=\"2025-05-19T09:39:17+00:00\" \/>\n<meta name=\"twitter:card\" content=\"summary_large_image\" \/>\n<!-- \/ Yoast SEO plugin. -->","yoast_head_json":{"title":"Anbudshanteringsprogramvara - Prova gratis i 14 dagar - Planyard Sverige","description":"Genomf\u00f6r anbud med denna anbudshanteringsprogramvara. J\u00e4mf\u00f6r anbuden och konvertera dem enkelt till underentreprenadkontrakt. Prova gratis i 14 dagar.","robots":{"index":"index","follow":"follow","max-snippet":"max-snippet:-1","max-image-preview":"max-image-preview:large","max-video-preview":"max-video-preview:-1"},"canonical":"https:\/\/planyard.com\/sv\/anbudshanteringsprogramvara","og_locale":"sv_SE","og_type":"article","og_title":"Anbudshanteringsprogramvara - Prova gratis i 14 dagar - Planyard Sverige","og_description":"Genomf\u00f6r anbud med denna anbudshanteringsprogramvara. J\u00e4mf\u00f6r anbuden och konvertera dem enkelt till underentreprenadkontrakt. Prova gratis i 14 dagar.","og_url":"https:\/\/planyard.com\/sv\/anbudshanteringsprogramvara","og_site_name":"Planyard Sverige","article_modified_time":"2025-05-19T09:39:17+00:00","twitter_card":"summary_large_image","schema":{"@context":"https:\/\/schema.org","@graph":[{"@type":"WebPage","@id":"https:\/\/planyard.com\/sv\/anbudshanteringsprogramvara","url":"https:\/\/planyard.com\/sv\/anbudshanteringsprogramvara","name":"Anbudshanteringsprogramvara - Prova gratis i 14 dagar - Planyard Sverige","isPartOf":{"@id":"https:\/\/planyard.com\/sv#website"},"datePublished":"2024-08-19T09:11:04+00:00","dateModified":"2025-05-19T09:39:17+00:00","description":"Genomf\u00f6r anbud med denna anbudshanteringsprogramvara. J\u00e4mf\u00f6r anbuden och konvertera dem enkelt till underentreprenadkontrakt. Prova gratis i 14 dagar.","breadcrumb":{"@id":"https:\/\/planyard.com\/sv\/anbudshanteringsprogramvara#breadcrumb"},"inLanguage":"sv-SE","potentialAction":[{"@type":"ReadAction","target":["https:\/\/planyard.com\/sv\/anbudshanteringsprogramvara"]}]},{"@type":"BreadcrumbList","@id":"https:\/\/planyard.com\/sv\/anbudshanteringsprogramvara#breadcrumb","itemListElement":[{"@type":"ListItem","position":1,"name":"Home","item":"https:\/\/planyard.com\/sv"},{"@type":"ListItem","position":2,"name":"Anbudshanteringsprogramvara"}]},{"@type":"WebSite","@id":"https:\/\/planyard.com\/sv#website","url":"https:\/\/planyard.com\/sv","name":"Planyard Sverige","description":"","potentialAction":[{"@type":"SearchAction","target":{"@type":"EntryPoint","urlTemplate":"https:\/\/planyard.com\/sv?s={search_term_string}"},"query-input":{"@type":"PropertyValueSpecification","valueRequired":true,"valueName":"search_term_string"}}],"inLanguage":"sv-SE"}]}},"_links":{"self":[{"href":"https:\/\/planyard.com\/sv\/wp-json\/wp\/v2\/pages\/14204","targetHints":{"allow":["GET"]}}],"collection":[{"href":"https:\/\/planyard.com\/sv\/wp-json\/wp\/v2\/pages"}],"about":[{"href":"https:\/\/planyard.com\/sv\/wp-json\/wp\/v2\/types\/page"}],"author":[{"embeddable":true,"href":"https:\/\/planyard.com\/sv\/wp-json\/wp\/v2\/users\/2"}],"replies":[{"embeddable":true,"href":"https:\/\/planyard.com\/sv\/wp-json\/wp\/v2\/comments?post=14204"}],"version-history":[{"count":1,"href":"https:\/\/planyard.com\/sv\/wp-json\/wp\/v2\/pages\/14204\/revisions"}],"predecessor-version":[{"id":14375,"href":"https:\/\/planyard.com\/sv\/wp-json\/wp\/v2\/pages\/14204\/revisions\/14375"}],"wp:attachment":[{"href":"https:\/\/planyard.com\/sv\/wp-json\/wp\/v2\/media?parent=14204"}],"wp:term":[{"taxonomy":"page_intent","embeddable":true,"href":"https:\/\/planyard.com\/sv\/wp-json\/wp\/v2\/page_intent?post=14204"},{"taxonomy":"page_type","embeddable":true,"href":"https:\/\/planyard.com\/sv\/wp-json\/wp\/v2\/page_type?post=14204"}],"curies":[{"name":"wp","href":"https:\/\/api.w.org\/{rel}","templated":true}]}}