{"id":14197,"date":"2024-08-29T10:26:44","date_gmt":"2024-08-29T10:26:44","guid":{"rendered":"https:\/\/planyard.com\/request-a-planyard-pricing-proposal"},"modified":"2025-05-19T19:28:46","modified_gmt":"2025-05-19T19:28:46","slug":"begar-ett-prisforslag-for-planyard","status":"publish","type":"page","link":"https:\/\/planyard.com\/sv\/begar-ett-prisforslag-for-planyard","title":{"rendered":"Beg\u00e4r ett prisf\u00f6rslag f\u00f6r Planyard"},"content":{"rendered":"\n<div class=\"wp-block-columns is-layout-flex wp-container-core-columns-is-layout-9d6595d7 wp-block-columns-is-layout-flex\">\n<div class=\"wp-block-column is-layout-flow wp-block-column-is-layout-flow\">\n<p>Om ditt f\u00f6retag hanterar en m\u00e5ngsidig byggportf\u00f6lj med flera aff\u00e4rsenheter och juridiska enheter, och du beh\u00f6ver introducera projektledare, kalkylatorer, platsingenj\u00f6rer, kostnadsber\u00e4knare och fler, \u00e4r vi h\u00e4r f\u00f6r att hj\u00e4lpa till.<\/p>\n\n\n\n<h5 class=\"wp-block-heading\">Fyll i formul\u00e4ret s\u00e5 kommer en av v\u00e5ra s\u00e4ljrepresentanter att kontakta dig inom kort f\u00f6r att ge ett personligt prisf\u00f6rslag.<\/h5>\n<\/div>\n\n\n\n<div class=\"wp-block-column is-layout-flow wp-block-column-is-layout-flow\">\n<script charset=\"utf-8\" type=\"text\/javascript\" src=\"\/\/js.hsforms.net\/forms\/embed\/v2.js\"><\/script>\n<script>\n  hbspt.forms.create({\n    region: \"na1\",\n    portalId: \"4963994\",\n    formId: \"494ccc6f-398f-476e-b68d-ffeffb321027\"\n  });\n<\/script>\n<\/div>\n<\/div>\n\n\n\n<p><\/p>\n","protected":false},"excerpt":{"rendered":"<p>Om ditt f\u00f6retag hanterar en m\u00e5ngsidig byggportf\u00f6lj med flera aff\u00e4rsenheter och juridiska enheter, och du beh\u00f6ver introducera projektledare, kalkylatorer, platsingenj\u00f6rer, kostnadsber\u00e4knare och fler, \u00e4r vi h\u00e4r f\u00f6r att hj\u00e4lpa till. Fyll i formul\u00e4ret s\u00e5 kommer en av v\u00e5ra s\u00e4ljrepresentanter att kontakta dig inom kort f\u00f6r att ge ett personligt prisf\u00f6rslag.<\/p>\n","protected":false},"author":2,"featured_media":0,"parent":0,"menu_order":0,"comment_status":"closed","ping_status":"closed","template":"","meta":{"_acf_changed":false,"content-type":"","footnotes":""},"page_intent":[185],"page_type":[],"class_list":["post-14197","page","type-page","status-publish","hentry"],"acf":[],"yoast_head":"<!-- This site is optimized with the Yoast SEO plugin v26.9 - https:\/\/yoast.com\/product\/yoast-seo-wordpress\/ -->\n<title>Beg\u00e4r ett prisf\u00f6rslag f\u00f6r Planyard -<\/title>\n<meta name=\"description\" content=\"Ladda ner Planyard byggkostnadskoder gratis och h\u00e5ll enkelt koll p\u00e5 dina projektkostnader. Kostnadskontroll, KPI-sp\u00e5rning, idealisk f\u00f6r f\u00f6retagsomfattande anv\u00e4ndning och mer\" \/>\n<meta name=\"robots\" content=\"index, follow, max-snippet:-1, max-image-preview:large, max-video-preview:-1\" \/>\n<link rel=\"canonical\" href=\"https:\/\/planyard.com\/sv\/begar-ett-prisforslag-for-planyard\" \/>\n<meta property=\"og:locale\" content=\"sv_SE\" \/>\n<meta property=\"og:type\" content=\"article\" \/>\n<meta property=\"og:title\" content=\"Beg\u00e4r ett prisf\u00f6rslag f\u00f6r Planyard -\" \/>\n<meta property=\"og:description\" content=\"Ladda ner Planyard byggkostnadskoder gratis och h\u00e5ll enkelt koll p\u00e5 dina projektkostnader. Kostnadskontroll, KPI-sp\u00e5rning, idealisk f\u00f6r f\u00f6retagsomfattande anv\u00e4ndning och mer\" \/>\n<meta property=\"og:url\" content=\"https:\/\/planyard.com\/sv\/begar-ett-prisforslag-for-planyard\" \/>\n<meta property=\"og:site_name\" content=\"Planyard Sverige\" \/>\n<meta property=\"article:modified_time\" content=\"2025-05-19T19:28:46+00:00\" \/>\n<meta name=\"twitter:card\" content=\"summary_large_image\" \/>\n<meta name=\"twitter:label1\" content=\"Ber\u00e4knad l\u00e4stid\" \/>\n\t<meta name=\"twitter:data1\" content=\"1 minut\" \/>\n<!-- \/ Yoast SEO plugin. -->","yoast_head_json":{"title":"Beg\u00e4r ett prisf\u00f6rslag f\u00f6r Planyard -","description":"Ladda ner Planyard byggkostnadskoder gratis och h\u00e5ll enkelt koll p\u00e5 dina projektkostnader. Kostnadskontroll, KPI-sp\u00e5rning, idealisk f\u00f6r f\u00f6retagsomfattande anv\u00e4ndning och mer","robots":{"index":"index","follow":"follow","max-snippet":"max-snippet:-1","max-image-preview":"max-image-preview:large","max-video-preview":"max-video-preview:-1"},"canonical":"https:\/\/planyard.com\/sv\/begar-ett-prisforslag-for-planyard","og_locale":"sv_SE","og_type":"article","og_title":"Beg\u00e4r ett prisf\u00f6rslag f\u00f6r Planyard -","og_description":"Ladda ner Planyard byggkostnadskoder gratis och h\u00e5ll enkelt koll p\u00e5 dina projektkostnader. Kostnadskontroll, KPI-sp\u00e5rning, idealisk f\u00f6r f\u00f6retagsomfattande anv\u00e4ndning och mer","og_url":"https:\/\/planyard.com\/sv\/begar-ett-prisforslag-for-planyard","og_site_name":"Planyard Sverige","article_modified_time":"2025-05-19T19:28:46+00:00","twitter_card":"summary_large_image","twitter_misc":{"Ber\u00e4knad l\u00e4stid":"1 minut"},"schema":{"@context":"https:\/\/schema.org","@graph":[{"@type":"WebPage","@id":"https:\/\/planyard.com\/sv\/begar-ett-prisforslag-for-planyard","url":"https:\/\/planyard.com\/sv\/begar-ett-prisforslag-for-planyard","name":"Beg\u00e4r ett prisf\u00f6rslag f\u00f6r Planyard -","isPartOf":{"@id":"https:\/\/planyard.com\/sv#website"},"datePublished":"2024-08-29T10:26:44+00:00","dateModified":"2025-05-19T19:28:46+00:00","description":"Ladda ner Planyard byggkostnadskoder gratis och h\u00e5ll enkelt koll p\u00e5 dina projektkostnader. Kostnadskontroll, KPI-sp\u00e5rning, idealisk f\u00f6r f\u00f6retagsomfattande anv\u00e4ndning och mer","breadcrumb":{"@id":"https:\/\/planyard.com\/sv\/begar-ett-prisforslag-for-planyard#breadcrumb"},"inLanguage":"sv-SE","potentialAction":[{"@type":"ReadAction","target":["https:\/\/planyard.com\/sv\/begar-ett-prisforslag-for-planyard"]}]},{"@type":"BreadcrumbList","@id":"https:\/\/planyard.com\/sv\/begar-ett-prisforslag-for-planyard#breadcrumb","itemListElement":[{"@type":"ListItem","position":1,"name":"Home","item":"https:\/\/planyard.com\/sv"},{"@type":"ListItem","position":2,"name":"Beg\u00e4r ett prisf\u00f6rslag f\u00f6r Planyard"}]},{"@type":"WebSite","@id":"https:\/\/planyard.com\/sv#website","url":"https:\/\/planyard.com\/sv","name":"Planyard Sverige","description":"","potentialAction":[{"@type":"SearchAction","target":{"@type":"EntryPoint","urlTemplate":"https:\/\/planyard.com\/sv?s={search_term_string}"},"query-input":{"@type":"PropertyValueSpecification","valueRequired":true,"valueName":"search_term_string"}}],"inLanguage":"sv-SE"}]}},"_links":{"self":[{"href":"https:\/\/planyard.com\/sv\/wp-json\/wp\/v2\/pages\/14197","targetHints":{"allow":["GET"]}}],"collection":[{"href":"https:\/\/planyard.com\/sv\/wp-json\/wp\/v2\/pages"}],"about":[{"href":"https:\/\/planyard.com\/sv\/wp-json\/wp\/v2\/types\/page"}],"author":[{"embeddable":true,"href":"https:\/\/planyard.com\/sv\/wp-json\/wp\/v2\/users\/2"}],"replies":[{"embeddable":true,"href":"https:\/\/planyard.com\/sv\/wp-json\/wp\/v2\/comments?post=14197"}],"version-history":[{"count":2,"href":"https:\/\/planyard.com\/sv\/wp-json\/wp\/v2\/pages\/14197\/revisions"}],"predecessor-version":[{"id":16500,"href":"https:\/\/planyard.com\/sv\/wp-json\/wp\/v2\/pages\/14197\/revisions\/16500"}],"wp:attachment":[{"href":"https:\/\/planyard.com\/sv\/wp-json\/wp\/v2\/media?parent=14197"}],"wp:term":[{"taxonomy":"page_intent","embeddable":true,"href":"https:\/\/planyard.com\/sv\/wp-json\/wp\/v2\/page_intent?post=14197"},{"taxonomy":"page_type","embeddable":true,"href":"https:\/\/planyard.com\/sv\/wp-json\/wp\/v2\/page_type?post=14197"}],"curies":[{"name":"wp","href":"https:\/\/api.w.org\/{rel}","templated":true}]}}