{"id":14196,"date":"2024-08-28T06:48:48","date_gmt":"2024-08-28T06:48:48","guid":{"rendered":"https:\/\/planyard.com\/quickbooks-job-costing"},"modified":"2025-05-19T09:35:40","modified_gmt":"2025-05-19T09:35:40","slug":"quickbooks-integrering-projektkostnadsberakning","status":"publish","type":"page","link":"https:\/\/planyard.com\/sv\/quickbooks-integrering-projektkostnadsberakning","title":{"rendered":"QuickBooks-integrering f\u00f6r projektkostnadsber\u00e4kning"},"content":{"rendered":"","protected":false},"excerpt":{"rendered":"","protected":false},"author":2,"featured_media":0,"parent":0,"menu_order":0,"comment_status":"closed","ping_status":"closed","template":"","meta":{"_acf_changed":false,"content-type":"","footnotes":""},"page_intent":[275],"page_type":[],"class_list":["post-14196","page","type-page","status-publish","hentry"],"acf":[],"yoast_head":"<!-- This site is optimized with the Yoast SEO plugin v27.1.1 - https:\/\/yoast.com\/product\/yoast-seo-wordpress\/ -->\n<title>QuickBooks-integrering f\u00f6r projektkostnadsber\u00e4kning inom byggbranschen - Planyard Sverige<\/title>\n<meta name=\"description\" content=\"Planyard QuickBooks-integrering f\u00f6r projektkostnadsber\u00e4kning inom byggbranschen eliminerar kalkylblad och sp\u00e5rar projektkostnader i realtid. Gratis i 14 dagar.\" \/>\n<meta name=\"robots\" content=\"index, follow, max-snippet:-1, max-image-preview:large, max-video-preview:-1\" \/>\n<link rel=\"canonical\" href=\"https:\/\/planyard.com\/sv\/quickbooks-integrering-projektkostnadsberakning\" \/>\n<meta property=\"og:locale\" content=\"sv_SE\" \/>\n<meta property=\"og:type\" content=\"article\" \/>\n<meta property=\"og:title\" content=\"QuickBooks-integrering f\u00f6r projektkostnadsber\u00e4kning inom byggbranschen - Planyard Sverige\" \/>\n<meta property=\"og:description\" content=\"Planyard QuickBooks-integrering f\u00f6r projektkostnadsber\u00e4kning inom byggbranschen eliminerar kalkylblad och sp\u00e5rar projektkostnader i realtid. Gratis i 14 dagar.\" \/>\n<meta property=\"og:url\" content=\"https:\/\/planyard.com\/sv\/quickbooks-integrering-projektkostnadsberakning\" \/>\n<meta property=\"og:site_name\" content=\"Planyard Sverige\" \/>\n<meta property=\"article:modified_time\" content=\"2025-05-19T09:35:40+00:00\" \/>\n<meta name=\"twitter:card\" content=\"summary_large_image\" \/>\n<!-- \/ Yoast SEO plugin. -->","yoast_head_json":{"title":"QuickBooks-integrering f\u00f6r projektkostnadsber\u00e4kning inom byggbranschen - Planyard Sverige","description":"Planyard QuickBooks-integrering f\u00f6r projektkostnadsber\u00e4kning inom byggbranschen eliminerar kalkylblad och sp\u00e5rar projektkostnader i realtid. Gratis i 14 dagar.","robots":{"index":"index","follow":"follow","max-snippet":"max-snippet:-1","max-image-preview":"max-image-preview:large","max-video-preview":"max-video-preview:-1"},"canonical":"https:\/\/planyard.com\/sv\/quickbooks-integrering-projektkostnadsberakning","og_locale":"sv_SE","og_type":"article","og_title":"QuickBooks-integrering f\u00f6r projektkostnadsber\u00e4kning inom byggbranschen - Planyard Sverige","og_description":"Planyard QuickBooks-integrering f\u00f6r projektkostnadsber\u00e4kning inom byggbranschen eliminerar kalkylblad och sp\u00e5rar projektkostnader i realtid. Gratis i 14 dagar.","og_url":"https:\/\/planyard.com\/sv\/quickbooks-integrering-projektkostnadsberakning","og_site_name":"Planyard Sverige","article_modified_time":"2025-05-19T09:35:40+00:00","twitter_card":"summary_large_image","schema":{"@context":"https:\/\/schema.org","@graph":[{"@type":"WebPage","@id":"https:\/\/planyard.com\/sv\/quickbooks-integrering-projektkostnadsberakning","url":"https:\/\/planyard.com\/sv\/quickbooks-integrering-projektkostnadsberakning","name":"QuickBooks-integrering f\u00f6r projektkostnadsber\u00e4kning inom byggbranschen - Planyard Sverige","isPartOf":{"@id":"https:\/\/planyard.com\/sv#website"},"datePublished":"2024-08-28T06:48:48+00:00","dateModified":"2025-05-19T09:35:40+00:00","description":"Planyard QuickBooks-integrering f\u00f6r projektkostnadsber\u00e4kning inom byggbranschen eliminerar kalkylblad och sp\u00e5rar projektkostnader i realtid. Gratis i 14 dagar.","breadcrumb":{"@id":"https:\/\/planyard.com\/sv\/quickbooks-integrering-projektkostnadsberakning#breadcrumb"},"inLanguage":"sv-SE","potentialAction":[{"@type":"ReadAction","target":["https:\/\/planyard.com\/sv\/quickbooks-integrering-projektkostnadsberakning"]}]},{"@type":"BreadcrumbList","@id":"https:\/\/planyard.com\/sv\/quickbooks-integrering-projektkostnadsberakning#breadcrumb","itemListElement":[{"@type":"ListItem","position":1,"name":"Home","item":"https:\/\/planyard.com\/sv"},{"@type":"ListItem","position":2,"name":"QuickBooks-integrering f\u00f6r projektkostnadsber\u00e4kning"}]},{"@type":"WebSite","@id":"https:\/\/planyard.com\/sv#website","url":"https:\/\/planyard.com\/sv","name":"Planyard Sverige","description":"","potentialAction":[{"@type":"SearchAction","target":{"@type":"EntryPoint","urlTemplate":"https:\/\/planyard.com\/sv?s={search_term_string}"},"query-input":{"@type":"PropertyValueSpecification","valueRequired":true,"valueName":"search_term_string"}}],"inLanguage":"sv-SE"}]}},"_links":{"self":[{"href":"https:\/\/planyard.com\/sv\/wp-json\/wp\/v2\/pages\/14196","targetHints":{"allow":["GET"]}}],"collection":[{"href":"https:\/\/planyard.com\/sv\/wp-json\/wp\/v2\/pages"}],"about":[{"href":"https:\/\/planyard.com\/sv\/wp-json\/wp\/v2\/types\/page"}],"author":[{"embeddable":true,"href":"https:\/\/planyard.com\/sv\/wp-json\/wp\/v2\/users\/2"}],"replies":[{"embeddable":true,"href":"https:\/\/planyard.com\/sv\/wp-json\/wp\/v2\/comments?post=14196"}],"version-history":[{"count":1,"href":"https:\/\/planyard.com\/sv\/wp-json\/wp\/v2\/pages\/14196\/revisions"}],"predecessor-version":[{"id":14329,"href":"https:\/\/planyard.com\/sv\/wp-json\/wp\/v2\/pages\/14196\/revisions\/14329"}],"wp:attachment":[{"href":"https:\/\/planyard.com\/sv\/wp-json\/wp\/v2\/media?parent=14196"}],"wp:term":[{"taxonomy":"page_intent","embeddable":true,"href":"https:\/\/planyard.com\/sv\/wp-json\/wp\/v2\/page_intent?post=14196"},{"taxonomy":"page_type","embeddable":true,"href":"https:\/\/planyard.com\/sv\/wp-json\/wp\/v2\/page_type?post=14196"}],"curies":[{"name":"wp","href":"https:\/\/api.w.org\/{rel}","templated":true}]}}