{"id":14195,"date":"2024-08-26T10:47:03","date_gmt":"2024-08-26T10:47:03","guid":{"rendered":"https:\/\/planyard.com\/quickbooks-disconnected"},"modified":"2025-05-19T19:28:39","modified_gmt":"2025-05-19T19:28:39","slug":"quickbooks-har-kopplats-bort","status":"publish","type":"page","link":"https:\/\/planyard.com\/sv\/quickbooks-har-kopplats-bort","title":{"rendered":"QuickBooks har kopplats bort"},"content":{"rendered":"\n<p class=\"has-text-align-left\">Din QuickBooks-integration har kopplats bort. Du kommer inte l\u00e4ngre kunna skicka fakturor direkt till ditt QuickBooks-konto fr\u00e5n Planyard. Detta inneb\u00e4r att kostnadsdokument som du bekr\u00e4ftar i Planyard inte automatiskt skickas till QuickBooks.<\/p>\n\n\n\n<p class=\"has-text-align-left\">Om du vill \u00e5teransluta Planyard och ditt QuickBooks-konto, <a href=\"https:\/\/central.planyard.com\/planyard-quickbooks-integration\"><strong>klicka h\u00e4r f\u00f6r att se hur du \u00e5teransluter QuickBooks<\/strong><\/a> eller kontakta v\u00e5r support f\u00f6r mer information.<\/p>\n\n\n\n<p class=\"has-text-align-left\">Alternativt, om du \u00e4r inloggad i Planyard-applikationen, kan du <a href=\"https:\/\/app.planyard.com\/#\/company\/integrations\"><strong>klicka h\u00e4r f\u00f6r att se dina integrationer<\/strong><\/a>.<br><\/p>\n","protected":false},"excerpt":{"rendered":"<p>Din QuickBooks-integration har kopplats bort. Du kommer inte l\u00e4ngre kunna skicka fakturor direkt till ditt QuickBooks-konto fr\u00e5n Planyard. Detta inneb\u00e4r att kostnadsdokument som du bekr\u00e4ftar i Planyard inte automatiskt skickas till QuickBooks. Om du vill \u00e5teransluta Planyard och ditt QuickBooks-konto, klicka h\u00e4r f\u00f6r att se hur du \u00e5teransluter QuickBooks eller kontakta v\u00e5r support f\u00f6r mer&#8230;  <a class=\"excerpt-read-more\" href=\"https:\/\/planyard.com\/sv\/quickbooks-har-kopplats-bort\" title=\"L\u00e4s  QuickBooks har kopplats bort\">L\u00e4s mer &#8221;<\/a><\/p>\n","protected":false},"author":2,"featured_media":0,"parent":0,"menu_order":0,"comment_status":"closed","ping_status":"closed","template":"","meta":{"_acf_changed":false,"content-type":"","footnotes":""},"page_intent":[230],"page_type":[],"class_list":["post-14195","page","type-page","status-publish","hentry"],"acf":[],"yoast_head":"<!-- This site is optimized with the Yoast SEO plugin v27.1.1 - https:\/\/yoast.com\/product\/yoast-seo-wordpress\/ -->\n<title>QuickBooks har kopplats bort - Planyard Sverige<\/title>\n<meta name=\"robots\" content=\"index, follow, max-snippet:-1, max-image-preview:large, max-video-preview:-1\" \/>\n<link rel=\"canonical\" href=\"https:\/\/planyard.com\/sv\/quickbooks-har-kopplats-bort\" \/>\n<meta property=\"og:locale\" content=\"sv_SE\" \/>\n<meta property=\"og:type\" content=\"article\" \/>\n<meta property=\"og:title\" content=\"QuickBooks har kopplats bort - Planyard Sverige\" \/>\n<meta property=\"og:description\" content=\"Din QuickBooks-integration har kopplats bort. Du kommer inte l\u00e4ngre kunna skicka fakturor direkt till ditt QuickBooks-konto fr\u00e5n Planyard. Detta inneb\u00e4r att kostnadsdokument som du bekr\u00e4ftar i Planyard inte automatiskt skickas till QuickBooks. Om du vill \u00e5teransluta Planyard och ditt QuickBooks-konto, klicka h\u00e4r f\u00f6r att se hur du \u00e5teransluter QuickBooks eller kontakta v\u00e5r support f\u00f6r mer... L\u00e4s mer &quot;\" \/>\n<meta property=\"og:url\" content=\"https:\/\/planyard.com\/sv\/quickbooks-har-kopplats-bort\" \/>\n<meta property=\"og:site_name\" content=\"Planyard Sverige\" \/>\n<meta property=\"article:modified_time\" content=\"2025-05-19T19:28:39+00:00\" \/>\n<meta name=\"twitter:card\" content=\"summary_large_image\" \/>\n<meta name=\"twitter:label1\" content=\"Ber\u00e4knad l\u00e4stid\" \/>\n\t<meta name=\"twitter:data1\" content=\"1 minut\" \/>\n<!-- \/ Yoast SEO plugin. -->","yoast_head_json":{"title":"QuickBooks har kopplats bort - Planyard Sverige","robots":{"index":"index","follow":"follow","max-snippet":"max-snippet:-1","max-image-preview":"max-image-preview:large","max-video-preview":"max-video-preview:-1"},"canonical":"https:\/\/planyard.com\/sv\/quickbooks-har-kopplats-bort","og_locale":"sv_SE","og_type":"article","og_title":"QuickBooks har kopplats bort - Planyard Sverige","og_description":"Din QuickBooks-integration har kopplats bort. Du kommer inte l\u00e4ngre kunna skicka fakturor direkt till ditt QuickBooks-konto fr\u00e5n Planyard. Detta inneb\u00e4r att kostnadsdokument som du bekr\u00e4ftar i Planyard inte automatiskt skickas till QuickBooks. Om du vill \u00e5teransluta Planyard och ditt QuickBooks-konto, klicka h\u00e4r f\u00f6r att se hur du \u00e5teransluter QuickBooks eller kontakta v\u00e5r support f\u00f6r mer... L\u00e4s mer \"","og_url":"https:\/\/planyard.com\/sv\/quickbooks-har-kopplats-bort","og_site_name":"Planyard Sverige","article_modified_time":"2025-05-19T19:28:39+00:00","twitter_card":"summary_large_image","twitter_misc":{"Ber\u00e4knad l\u00e4stid":"1 minut"},"schema":{"@context":"https:\/\/schema.org","@graph":[{"@type":"WebPage","@id":"https:\/\/planyard.com\/sv\/quickbooks-har-kopplats-bort","url":"https:\/\/planyard.com\/sv\/quickbooks-har-kopplats-bort","name":"QuickBooks har kopplats bort - Planyard Sverige","isPartOf":{"@id":"https:\/\/planyard.com\/sv#website"},"datePublished":"2024-08-26T10:47:03+00:00","dateModified":"2025-05-19T19:28:39+00:00","breadcrumb":{"@id":"https:\/\/planyard.com\/sv\/quickbooks-har-kopplats-bort#breadcrumb"},"inLanguage":"sv-SE","potentialAction":[{"@type":"ReadAction","target":["https:\/\/planyard.com\/sv\/quickbooks-har-kopplats-bort"]}]},{"@type":"BreadcrumbList","@id":"https:\/\/planyard.com\/sv\/quickbooks-har-kopplats-bort#breadcrumb","itemListElement":[{"@type":"ListItem","position":1,"name":"Home","item":"https:\/\/planyard.com\/sv"},{"@type":"ListItem","position":2,"name":"QuickBooks har kopplats bort"}]},{"@type":"WebSite","@id":"https:\/\/planyard.com\/sv#website","url":"https:\/\/planyard.com\/sv","name":"Planyard Sverige","description":"","potentialAction":[{"@type":"SearchAction","target":{"@type":"EntryPoint","urlTemplate":"https:\/\/planyard.com\/sv?s={search_term_string}"},"query-input":{"@type":"PropertyValueSpecification","valueRequired":true,"valueName":"search_term_string"}}],"inLanguage":"sv-SE"}]}},"_links":{"self":[{"href":"https:\/\/planyard.com\/sv\/wp-json\/wp\/v2\/pages\/14195","targetHints":{"allow":["GET"]}}],"collection":[{"href":"https:\/\/planyard.com\/sv\/wp-json\/wp\/v2\/pages"}],"about":[{"href":"https:\/\/planyard.com\/sv\/wp-json\/wp\/v2\/types\/page"}],"author":[{"embeddable":true,"href":"https:\/\/planyard.com\/sv\/wp-json\/wp\/v2\/users\/2"}],"replies":[{"embeddable":true,"href":"https:\/\/planyard.com\/sv\/wp-json\/wp\/v2\/comments?post=14195"}],"version-history":[{"count":1,"href":"https:\/\/planyard.com\/sv\/wp-json\/wp\/v2\/pages\/14195\/revisions"}],"predecessor-version":[{"id":14313,"href":"https:\/\/planyard.com\/sv\/wp-json\/wp\/v2\/pages\/14195\/revisions\/14313"}],"wp:attachment":[{"href":"https:\/\/planyard.com\/sv\/wp-json\/wp\/v2\/media?parent=14195"}],"wp:term":[{"taxonomy":"page_intent","embeddable":true,"href":"https:\/\/planyard.com\/sv\/wp-json\/wp\/v2\/page_intent?post=14195"},{"taxonomy":"page_type","embeddable":true,"href":"https:\/\/planyard.com\/sv\/wp-json\/wp\/v2\/page_type?post=14195"}],"curies":[{"name":"wp","href":"https:\/\/api.w.org\/{rel}","templated":true}]}}