{"id":14190,"date":"2024-08-27T13:45:07","date_gmt":"2024-08-27T13:45:07","guid":{"rendered":"https:\/\/planyard.com\/procore-too-expensive"},"modified":"2025-05-19T19:27:22","modified_gmt":"2025-05-19T19:27:22","slug":"procore-for-dyr","status":"publish","type":"page","link":"https:\/\/planyard.com\/sv\/procore-for-dyr","title":{"rendered":"\u00c4r Procores prismodell f\u00f6r dyr?"},"content":{"rendered":"\n<div class=\"wp-block-columns is-layout-flex wp-container-core-columns-is-layout-9d6595d7 wp-block-columns-is-layout-flex\">\n<div class=\"wp-block-column is-layout-flow wp-block-column-is-layout-flow\">\n<figure class=\"wp-block-image size-full\"><img loading=\"lazy\" decoding=\"async\" width=\"900\" height=\"500\" src=\"https:\/\/planyard.com\/wp-content\/uploads\/2024\/08\/procore-vector-logo.png\" alt=\"\" class=\"wp-image-1540\"\/><\/figure>\n<\/div>\n\n\n\n<div class=\"wp-block-column is-layout-flow wp-block-column-is-layout-flow\">\n<figure class=\"wp-block-image size-full is-resized\"><img loading=\"lazy\" decoding=\"async\" width=\"500\" height=\"200\" src=\"https:\/\/planyard.com\/wp-content\/uploads\/2024\/08\/Planyard-logo-500x200-1-1.png\" alt=\"\" class=\"wp-image-1541\" style=\"width:535px;height:auto\"\/><\/figure>\n<\/div>\n<\/div>\n\n\n\n<h2 class=\"wp-block-heading\">Vad \u00e4r Procore?<\/h2>\n\n\n\n<p><a href=\"https:\/\/www.procore.com\/\">Procore<\/a>&nbsp;\u00e4r en amerikansk programvara f\u00f6r projektledning inom byggbranschen med m\u00e5nga olika moduler.<\/p>\n\n\n\n<p>Programvaran t\u00e4cker f\u00f6rkonstruktion, projektledning, resursf\u00f6rvaltning och ekonomisk f\u00f6rvaltning.<\/p>\n\n\n\n<h2 class=\"wp-block-heading\" id=\"a-bit-more-context\">Lite mer kontext<\/h2>\n\n\n\n<p>Procore har byggt ut sin programvara sedan 2003. Detta g\u00f6r det till ett tveeggat sv\u00e4rd.<\/p>\n\n\n\n<p>\u00c5 ena sidan \u00e4r det mycket omfattande. Det t\u00e4cker m\u00e5nga olika funktioner genom olika modeller, vilket inneb\u00e4r att du kan f\u00f6rena processer mer.<\/p>\n\n\n\n<p>\u00c5 andra sidan tenderar f\u00f6retag att r\u00f6ra sig upp\u00e5t p\u00e5 marknaden n\u00e4r de mognar. Deras l\u00f6sningar blir mycket mer komplexa och priserna stiger och stiger. Procore \u00e4r som Salesforce i den meningen\u2014det anv\u00e4nds av de st\u00f6rsta f\u00f6retagen i v\u00e4rlden, men de betalar alla mycket.<\/p>\n\n\n\n<p>Eftersom Procore har varit under utveckling i n\u00e4stan 20 \u00e5r inneh\u00e5ller det f\u00f6rmodligen mycket \u00e4ldre teknik. Saker som byggdes f\u00f6r tio \u00e5r sedan ser nu f\u00f6r\u00e5ldrade ut i programvaran.<\/p>\n\n\n\n<h2 class=\"wp-block-heading\" id=\"what-is-planyard\">Vad \u00e4r Planyard?<\/h2>\n\n\n\n<p><a href=\"https:\/\/planyard.com\/sv\">Planyard<\/a>&nbsp;\u00e4r en molnbaserad budget- och underentrepren\u00f6rshanteringsprogramvara f\u00f6r huvudentrepren\u00f6rer.<\/p>\n\n\n\n<p>Du kan hantera budgetar utan Excel och fram-och-tillbaka e-postmeddelanden. Dina underentrepren\u00f6rer kommer att g\u00f6ra arbetet \u00e5t dig.<\/p>\n\n\n\n<h2 class=\"wp-block-heading\" id=\"procore-vs-planyard-pricing\">Procore vs Planyard priss\u00e4ttning<\/h2>\n\n\n\n<figure class=\"wp-block-image size-full\"><img loading=\"lazy\" decoding=\"async\" width=\"1204\" height=\"324\" src=\"https:\/\/planyard.com\/wp-content\/uploads\/2024\/08\/Procore-vs-Planyard-pricing.png\" alt=\"\" class=\"wp-image-1542\"\/><\/figure>\n\n\n\n<p>Priss\u00e4ttningen f\u00f6r Procore \u00e4r relativt fast och kr\u00e4ver att du betalar stora summor innan du kan avg\u00f6ra om plattformen \u00e4r r\u00e4tt f\u00f6r dig. Samma problem uppst\u00e5r om du \u00e4r ett mindre f\u00f6retag eller har olika projekt. En enda l\u00f6sning passar inte alla. D\u00e4rf\u00f6r beror priss\u00e4ttningen f\u00f6r Planyard p\u00e5 vilken funktionalitet du beh\u00f6ver.<\/p>\n","protected":false},"excerpt":{"rendered":"<p>Vad \u00e4r Procore? Procore&nbsp;\u00e4r en amerikansk programvara f\u00f6r projektledning inom byggbranschen med m\u00e5nga olika moduler. Programvaran t\u00e4cker f\u00f6rkonstruktion, projektledning, resursf\u00f6rvaltning och ekonomisk f\u00f6rvaltning. Lite mer kontext Procore har byggt ut sin programvara sedan 2003. Detta g\u00f6r det till ett tveeggat sv\u00e4rd. \u00c5 ena sidan \u00e4r det mycket omfattande. Det t\u00e4cker m\u00e5nga olika funktioner genom olika&#8230;  <a class=\"excerpt-read-more\" href=\"https:\/\/planyard.com\/sv\/procore-for-dyr\" title=\"L\u00e4s  \u00c4r Procores prismodell f\u00f6r dyr?\">L\u00e4s mer &#8221;<\/a><\/p>\n","protected":false},"author":2,"featured_media":0,"parent":0,"menu_order":0,"comment_status":"closed","ping_status":"closed","template":"","meta":{"_acf_changed":false,"content-type":"","footnotes":""},"page_intent":[200],"page_type":[],"class_list":["post-14190","page","type-page","status-publish","hentry"],"acf":[],"yoast_head":"<!-- This site is optimized with the Yoast SEO plugin v27.1.1 - https:\/\/yoast.com\/product\/yoast-seo-wordpress\/ -->\n<title>\u00c4r Procores prismodell f\u00f6r dyr? - Planyard Sverige<\/title>\n<meta name=\"description\" content=\"\u00c4r Procores priss\u00e4ttning f\u00f6r fast f\u00f6r dig? Planyard \u00e4r en molnbaserad plattform f\u00f6r byggfinansiering och kostnadsber\u00e4kning f\u00f6r hela ditt team.\" \/>\n<meta name=\"robots\" content=\"index, follow, max-snippet:-1, max-image-preview:large, max-video-preview:-1\" \/>\n<link rel=\"canonical\" href=\"https:\/\/planyard.com\/sv\/procore-for-dyr\" \/>\n<meta property=\"og:locale\" content=\"sv_SE\" \/>\n<meta property=\"og:type\" content=\"article\" \/>\n<meta property=\"og:title\" content=\"\u00c4r Procores prismodell f\u00f6r dyr? - Planyard Sverige\" \/>\n<meta property=\"og:description\" content=\"\u00c4r Procores priss\u00e4ttning f\u00f6r fast f\u00f6r dig? Planyard \u00e4r en molnbaserad plattform f\u00f6r byggfinansiering och kostnadsber\u00e4kning f\u00f6r hela ditt team.\" \/>\n<meta property=\"og:url\" content=\"https:\/\/planyard.com\/sv\/procore-for-dyr\" \/>\n<meta property=\"og:site_name\" content=\"Planyard Sverige\" \/>\n<meta property=\"article:modified_time\" content=\"2025-05-19T19:27:22+00:00\" \/>\n<meta property=\"og:image\" content=\"https:\/\/planyard.com\/wp-content\/uploads\/2024\/08\/procore-vector-logo.png\" \/>\n\t<meta property=\"og:image:width\" content=\"900\" \/>\n\t<meta property=\"og:image:height\" content=\"500\" \/>\n\t<meta property=\"og:image:type\" content=\"image\/png\" \/>\n<meta name=\"twitter:card\" content=\"summary_large_image\" \/>\n<meta name=\"twitter:label1\" content=\"Ber\u00e4knad l\u00e4stid\" \/>\n\t<meta name=\"twitter:data1\" content=\"2 minuter\" \/>\n<!-- \/ Yoast SEO plugin. -->","yoast_head_json":{"title":"\u00c4r Procores prismodell f\u00f6r dyr? - Planyard Sverige","description":"\u00c4r Procores priss\u00e4ttning f\u00f6r fast f\u00f6r dig? Planyard \u00e4r en molnbaserad plattform f\u00f6r byggfinansiering och kostnadsber\u00e4kning f\u00f6r hela ditt team.","robots":{"index":"index","follow":"follow","max-snippet":"max-snippet:-1","max-image-preview":"max-image-preview:large","max-video-preview":"max-video-preview:-1"},"canonical":"https:\/\/planyard.com\/sv\/procore-for-dyr","og_locale":"sv_SE","og_type":"article","og_title":"\u00c4r Procores prismodell f\u00f6r dyr? - Planyard Sverige","og_description":"\u00c4r Procores priss\u00e4ttning f\u00f6r fast f\u00f6r dig? Planyard \u00e4r en molnbaserad plattform f\u00f6r byggfinansiering och kostnadsber\u00e4kning f\u00f6r hela ditt team.","og_url":"https:\/\/planyard.com\/sv\/procore-for-dyr","og_site_name":"Planyard Sverige","article_modified_time":"2025-05-19T19:27:22+00:00","og_image":[{"width":900,"height":500,"url":"https:\/\/planyard.com\/wp-content\/uploads\/2024\/08\/procore-vector-logo.png","type":"image\/png"}],"twitter_card":"summary_large_image","twitter_misc":{"Ber\u00e4knad l\u00e4stid":"2 minuter"},"schema":{"@context":"https:\/\/schema.org","@graph":[{"@type":"WebPage","@id":"https:\/\/planyard.com\/sv\/procore-for-dyr","url":"https:\/\/planyard.com\/sv\/procore-for-dyr","name":"\u00c4r Procores prismodell f\u00f6r dyr? - Planyard Sverige","isPartOf":{"@id":"https:\/\/planyard.com\/sv#website"},"primaryImageOfPage":{"@id":"https:\/\/planyard.com\/sv\/procore-for-dyr#primaryimage"},"image":{"@id":"https:\/\/planyard.com\/sv\/procore-for-dyr#primaryimage"},"thumbnailUrl":"https:\/\/planyard.com\/wp-content\/uploads\/2024\/08\/procore-vector-logo.png","datePublished":"2024-08-27T13:45:07+00:00","dateModified":"2025-05-19T19:27:22+00:00","description":"\u00c4r Procores priss\u00e4ttning f\u00f6r fast f\u00f6r dig? Planyard \u00e4r en molnbaserad plattform f\u00f6r byggfinansiering och kostnadsber\u00e4kning f\u00f6r hela ditt team.","breadcrumb":{"@id":"https:\/\/planyard.com\/sv\/procore-for-dyr#breadcrumb"},"inLanguage":"sv-SE","potentialAction":[{"@type":"ReadAction","target":["https:\/\/planyard.com\/sv\/procore-for-dyr"]}]},{"@type":"ImageObject","inLanguage":"sv-SE","@id":"https:\/\/planyard.com\/sv\/procore-for-dyr#primaryimage","url":"https:\/\/planyard.com\/wp-content\/uploads\/2024\/08\/procore-vector-logo.png","contentUrl":"https:\/\/planyard.com\/wp-content\/uploads\/2024\/08\/procore-vector-logo.png"},{"@type":"BreadcrumbList","@id":"https:\/\/planyard.com\/sv\/procore-for-dyr#breadcrumb","itemListElement":[{"@type":"ListItem","position":1,"name":"Home","item":"https:\/\/planyard.com\/sv"},{"@type":"ListItem","position":2,"name":"\u00c4r Procores prismodell f\u00f6r dyr?"}]},{"@type":"WebSite","@id":"https:\/\/planyard.com\/sv#website","url":"https:\/\/planyard.com\/sv","name":"Planyard Sverige","description":"","potentialAction":[{"@type":"SearchAction","target":{"@type":"EntryPoint","urlTemplate":"https:\/\/planyard.com\/sv?s={search_term_string}"},"query-input":{"@type":"PropertyValueSpecification","valueRequired":true,"valueName":"search_term_string"}}],"inLanguage":"sv-SE"}]}},"_links":{"self":[{"href":"https:\/\/planyard.com\/sv\/wp-json\/wp\/v2\/pages\/14190","targetHints":{"allow":["GET"]}}],"collection":[{"href":"https:\/\/planyard.com\/sv\/wp-json\/wp\/v2\/pages"}],"about":[{"href":"https:\/\/planyard.com\/sv\/wp-json\/wp\/v2\/types\/page"}],"author":[{"embeddable":true,"href":"https:\/\/planyard.com\/sv\/wp-json\/wp\/v2\/users\/2"}],"replies":[{"embeddable":true,"href":"https:\/\/planyard.com\/sv\/wp-json\/wp\/v2\/comments?post=14190"}],"version-history":[{"count":2,"href":"https:\/\/planyard.com\/sv\/wp-json\/wp\/v2\/pages\/14190\/revisions"}],"predecessor-version":[{"id":16491,"href":"https:\/\/planyard.com\/sv\/wp-json\/wp\/v2\/pages\/14190\/revisions\/16491"}],"wp:attachment":[{"href":"https:\/\/planyard.com\/sv\/wp-json\/wp\/v2\/media?parent=14190"}],"wp:term":[{"taxonomy":"page_intent","embeddable":true,"href":"https:\/\/planyard.com\/sv\/wp-json\/wp\/v2\/page_intent?post=14190"},{"taxonomy":"page_type","embeddable":true,"href":"https:\/\/planyard.com\/sv\/wp-json\/wp\/v2\/page_type?post=14190"}],"curies":[{"name":"wp","href":"https:\/\/api.w.org\/{rel}","templated":true}]}}