{"id":14189,"date":"2024-08-26T08:47:45","date_gmt":"2024-08-26T08:47:45","guid":{"rendered":"https:\/\/planyard.com\/procore-financials-module-too-complicated"},"modified":"2025-05-19T19:35:04","modified_gmt":"2025-05-19T19:35:04","slug":"ar-procore-financials-modulen-for-komplicerad","status":"publish","type":"page","link":"https:\/\/planyard.com\/sv\/ar-procore-financials-modulen-for-komplicerad","title":{"rendered":"\u00c4r Procore Financials-modulen f\u00f6r komplicerad?"},"content":{"rendered":"\n<h2 class=\"wp-block-heading has-text-align-left paddedHeading\" id=\"still-using-procore-project-financials-for-budget-management-there-can-be-an-easier-way\">Anv\u00e4nder du fortfarande Procore projektfinansiering f\u00f6r budgethantering? Det kan finnas ett enklare s\u00e4tt.<\/h2>\n\n\n\n<p class=\"has-text-align-center\"><img loading=\"lazy\" decoding=\"async\" width=\"500\" height=\"169\" class=\"wp-image-108\" style=\"width: 500px;\" src=\"https:\/\/planyard.com\/wp-content\/uploads\/2024\/07\/Procore_Logo_FC_Black_RGB-1.svg\" alt=\"\"><\/p>\n\n\n\n<p class=\"has-text-align-left\">Procore financials kanske inte \u00e4r det b\u00e4sta verktyget f\u00f6r sm\u00e5 och medelstora f\u00f6retag enligt Procore-anv\u00e4ndarrecensioner<\/p>\n\n\n\n<ul class=\"wp-block-list\">\n<li>Priss\u00e4ttningen \u00e4r stel och kan vara sv\u00e5r f\u00f6r f\u00f6retag med h\u00f6ga int\u00e4kter och l\u00e5ga marginaler;<\/li>\n\n\n\n<li>Onboarding och implementering kan vara komplicerade och en l\u00e5ng process;<\/li>\n\n\n\n<li>Behovet av anv\u00e4ndarkonton och utbildning f\u00f6r leverant\u00f6rer kan avskr\u00e4cka dem fr\u00e5n att anv\u00e4nda verktygen;<\/li>\n\n\n\n<li>Redovisningsintegrationer tillhandah\u00e5lls av tredje part och kanske inte uppfyller alla behov;<\/li>\n<\/ul>\n\n\n\n<h4 class=\"wp-block-heading\" id=\"planyard-saves-time-and-nerves\">Planyard sparar tid och nerver<\/h4>\n\n\n\n<p>F\u00f6lj din budget i realtid och agera omedelbart n\u00e4r fel uppst\u00e5r.&nbsp;<a href=\"https:\/\/planyard.com\/sv\/programvara-for-kostnadsberakning-av-byggprojekt\">Jobbkostnader<\/a>&nbsp;\u00e4r organiserade, fullt s\u00f6kbara och tillg\u00e4ngliga f\u00f6r prognoser, projektledning och mer. Implementeringen g\u00f6rs vanligtvis i en enda utbildningssession som tar bara n\u00e5gra timmar.<\/p>\n\n\n\n<div class=\"wp-block-buttons is-layout-flex wp-block-buttons-is-layout-flex\">\n<div class=\"wp-block-button\"><a class=\"wp-block-button__link wp-element-button\" href=\"https:\/\/planyard.com\/sign-up\">Starta din gratis provperiod<\/a><\/div>\n\n\n\n<div class=\"wp-block-button\"><a class=\"wp-block-button__link wp-element-button\" href=\"https:\/\/meetings.hubspot.com\/cedlund\" target=\"_blank\" rel=\"noreferrer noopener\">Beg\u00e4r en demo<\/a><\/div>\n<\/div>\n\n\n\n<h2 class=\"wp-block-heading\" id=\"what-is-procore\">Vad \u00e4r Procore?<\/h2>\n\n\n\n<p>Procore \u00e4r en amerikansk programvara f\u00f6r byggprojektledning med m\u00e5nga olika moduler.<\/p>\n\n\n\n<p>Programvaran t\u00e4cker f\u00f6rkonstruktion, projektledning, resursf\u00f6rvaltning och ekonomisk f\u00f6rvaltning.<\/p>\n\n\n\n<h2 class=\"wp-block-heading\" id=\"a-bit-more-context\">Lite mer kontext<\/h2>\n\n\n\n<p>Procore har byggt ut sin programvara sedan 2003. Detta g\u00f6r det till ett tveeggat sv\u00e4rd.<\/p>\n\n\n\n<p>\u00c5 ena sidan \u00e4r det mycket omfattande. Det t\u00e4cker m\u00e5nga olika funktioner genom olika modeller. Vilket inneb\u00e4r att du kan f\u00f6rena processer mer.<\/p>\n\n\n\n<p>\u00c5 andra sidan tenderar f\u00f6retag att r\u00f6ra sig upp\u00e5t p\u00e5 marknaden n\u00e4r de mognar. Deras l\u00f6sningar blir mycket mer komplexa och priss\u00e4ttningen blir h\u00f6gre och h\u00f6gre. Procore \u00e4r som Salesforce i den meningen \u2013 det anv\u00e4nds av de st\u00f6rsta f\u00f6retagen i v\u00e4rlden men de betalar alla dyrt.<\/p>\n\n\n\n<p>Eftersom Procore \u00e4r en programvara i utveckling i n\u00e4stan 20 \u00e5r, betyder det att det f\u00f6rmodligen inneh\u00e5ller mycket \u00e4ldre teknik. Saker som byggdes f\u00f6r 10 \u00e5r sedan ser nu f\u00f6r\u00e5ldrade ut i programvara.<\/p>\n\n\n\n<h2 class=\"wp-block-heading\" id=\"what-is-planyard\">Vad \u00e4r Planyard?<\/h2>\n\n\n\n<p><a href=\"https:\/\/planyard.com\/sv\">Planyard<\/a>&nbsp;\u00e4r en molnbaserad budget- och underleverant\u00f6rshanteringsprogramvara f\u00f6r huvudentrepren\u00f6rer.<\/p>\n\n\n\n<p>Du kan hantera budgetar utan Excel och fram-och-tillbaka e-post. Dina underleverant\u00f6rer kommer att g\u00f6ra arbetet \u00e5t dig.<\/p>\n\n\n\n<h2 class=\"wp-block-heading\" id=\"procore-project-financials-vs-planyard-construction-financials-software-functionality\">Procore projektfinansiering vs Planyard byggfinansieringsprogramvarufunktionalitet<\/h2>\n\n\n\n<p>Olika recensionssajter p\u00e5pekar att onboardingprocessen f\u00f6r Procore \u00e4r komplicerad och kostsam. Om du vill anv\u00e4nda finansmodulen i Procore m\u00e5ste du registrera dig f\u00f6r flera olika modulpaket, d\u00e4r det f\u00f6rmodligen kommer att finnas mycket funktionalitet som du kanske inte n\u00f6dv\u00e4ndigtvis beh\u00f6ver.<\/p>\n\n\n\n<p>Eftersom Procore financials fr\u00e4mst \u00e4r en f\u00f6retagsl\u00f6sning, kr\u00e4ver det mycket utbildning och konfiguration f\u00f6r att st\u00e4lla in allt. Om du \u00e4r ett mindre f\u00f6retag med ett litet eller inget IT-team, kanske installationen inte \u00e4r s\u00e4rskilt enkel och kan vara tidskr\u00e4vande. Om du vill testa med ett pilotprojekt f\u00f6r att se om dina processer matchar programvaran. D\u00e5 kanske det inte \u00e4r s\u00e5 l\u00e4tt att g\u00f6ra det p\u00e5 grund av de fasta processerna f\u00f6r att st\u00e4lla in ditt konto.<\/p>\n\n\n\n<p>Om du vill f\u00f6rs\u00f6ka digitalisera dina processer ett litet steg i taget, kanske processerna i Procore inte \u00e4r de mest l\u00e4mpliga f\u00f6r dig. Det kan vara en l\u00e4gre anstr\u00e4ngning att testa en enklare installationsplattform som <a href=\"https:\/\/planyard.com\/sv\">Planyard<\/a> f\u00f6r att se om detta \u00e4r n\u00e5got som kan vara l\u00e4mpligt f\u00f6r ditt f\u00f6retag och dina anst\u00e4llda.<\/p>\n\n\n\n<p>Det bra \u00e4r att Procore har en stor marknadsplats d\u00e4r det finns m\u00e5nga olika verktyg som kan integreras med om du beh\u00f6ver en specifik del av din process fixad eller automatiserad.<\/p>\n\n\n\n<figure class=\"wp-block-table\"><table><tbody><tr><td class=\"has-text-align-left\" data-align=\"left\"><strong>Funktion\/Leverant\u00f6r<\/strong><\/td><td class=\"has-text-align-left\" data-align=\"left\"><img loading=\"lazy\" decoding=\"async\" width=\"118\" height=\"40\" class=\"wp-image-108\" style=\"width: 118px;\" src=\"https:\/\/planyard.com\/wp-content\/uploads\/2024\/07\/Procore_Logo_FC_Black_RGB-1.svg\" alt=\"\"><\/td><td class=\"has-text-align-left\" data-align=\"left\"><img loading=\"lazy\" decoding=\"async\" width=\"135\" height=\"28\" class=\"wp-image-2040\" style=\"width: 135px;\" src=\"https:\/\/planyard.com\/wp-content\/uploads\/2024\/09\/planyard-logo.svg\" alt=\"\"><\/td><\/tr><tr><td class=\"has-text-align-left\" data-align=\"left\"><strong>Projekt- och f\u00f6retagsniv\u00e5beh\u00f6righeter<\/strong><\/td><td class=\"has-text-align-left\" data-align=\"left\"><img decoding=\"async\" src=\"https:\/\/planyard.com\/wp-content\/uploads\/2024\/10\/icons8-checkmark-30.png\" alt=\"\"><br>F\u00f6retagsomfattande och projektomfattande administrat\u00f6rskonfigurationer<\/td><td class=\"has-text-align-left\" data-align=\"left\"><img decoding=\"async\" src=\"https:\/\/planyard.com\/wp-content\/uploads\/2024\/10\/icons8-checkmark-30.png\" alt=\"\"><br>F\u00f6retagsomfattande och projektomfattande administrat\u00f6rskonfigurationer<br><img decoding=\"async\" src=\"https:\/\/planyard.com\/wp-content\/uploads\/2024\/10\/icons8-checkmark-30.png\" alt=\"\"><br>Projekt-niv\u00e5 finjusterbara beh\u00f6righeter f\u00f6r att skicka ut RFQs, skapa underentreprenader och f\u00f6rbereda dokument f\u00f6r att bekr\u00e4fta<\/td><\/tr><tr><td class=\"has-text-align-left\" data-align=\"left\"><strong>Anbud och anbudsj\u00e4mf\u00f6relse<\/strong><\/td><td class=\"has-text-align-left\" data-align=\"left\"><img decoding=\"async\" src=\"https:\/\/planyard.com\/wp-content\/uploads\/2024\/10\/icons8-checkmark-30.png\" alt=\"\"><br>Du kan skicka anbudsf\u00f6rfr\u00e5gningar till kontakter och f\u00f6retag i din katalog<\/td><td class=\"has-text-align-left\" data-align=\"left\"><img decoding=\"async\" src=\"https:\/\/planyard.com\/wp-content\/uploads\/2024\/10\/icons8-checkmark-30.png\" alt=\"\"><br>Du kan skicka anbudsf\u00f6rfr\u00e5gningar till valfri e-postadress och den kommer att l\u00e4ggas till i dina kontakter.<br>Du kan ocks\u00e5 l\u00e4gga till valfri kontakt fr\u00e5n din kontaktbas.<\/td><\/tr><tr><td class=\"has-text-align-left\" data-align=\"left\"><strong>Underentreprenader<\/strong><\/td><td class=\"has-text-align-left\" data-align=\"left\"><img decoding=\"async\" src=\"https:\/\/planyard.com\/wp-content\/uploads\/2024\/10\/icons8-checkmark-30.png\" alt=\"\"><br>Skapa kontrakt fr\u00e5n underleverant\u00f6rsanbud och manuellt<br><img decoding=\"async\" src=\"https:\/\/planyard.com\/wp-content\/uploads\/2024\/10\/icons8-delete-30.png\"><br>Ingen enhetsprisinformation tillg\u00e4nglig<\/td><td class=\"has-text-align-left\" data-align=\"left\"><img decoding=\"async\" src=\"https:\/\/planyard.com\/wp-content\/uploads\/2024\/10\/icons8-checkmark-30.png\" alt=\"\"><br>Skapa kontrakt fr\u00e5n underleverant\u00f6rsanbud och manuellt<br><img decoding=\"async\" src=\"https:\/\/planyard.com\/wp-content\/uploads\/2024\/10\/icons8-checkmark-30.png\" alt=\"\"><br>Enhetsprisinfo tillg\u00e4nglig<\/td><\/tr><tr><td class=\"has-text-align-left\" data-align=\"left\"><strong>Underleverant\u00f6rs framstegsrapporter\/krav<\/strong><\/td><td class=\"has-text-align-left\" data-align=\"left\"><img decoding=\"async\" src=\"https:\/\/planyard.com\/wp-content\/uploads\/2024\/10\/icons8-checkmark-30.png\" alt=\"\"><br>Underleverant\u00f6rsfakturor kan skapas av b\u00e5de underleverant\u00f6rer och projektledare<br><img decoding=\"async\" src=\"https:\/\/planyard.com\/wp-content\/uploads\/2024\/10\/icons8-delete-30.png\"><br>Framstegsrapportprocess inte tillg\u00e4nglig utanf\u00f6r fakturering<br><img decoding=\"async\" src=\"https:\/\/planyard.com\/wp-content\/uploads\/2024\/10\/icons8-delete-30.png\"><br>Framstegsrapportens feedbackprocess existerar inte utanf\u00f6r fakturering<\/td><td class=\"has-text-align-left\" data-align=\"left\"><img decoding=\"async\" src=\"https:\/\/planyard.com\/wp-content\/uploads\/2024\/10\/icons8-checkmark-30.png\" alt=\"\"><br>Kan skapas av b\u00e5de underleverant\u00f6rer och projektledare<br><img decoding=\"async\" src=\"https:\/\/planyard.com\/wp-content\/uploads\/2024\/10\/icons8-checkmark-30.png\" alt=\"\"><br>Framstegsrapportprocess tillg\u00e4nglig<br><img decoding=\"async\" src=\"https:\/\/planyard.com\/wp-content\/uploads\/2024\/10\/icons8-checkmark-30.png\" alt=\"\"><br>Framstegsrapportens feedbackprocess \u00e4r enkel och sp\u00e5rad<\/td><\/tr><tr><td class=\"has-text-align-left\" data-align=\"left\"><strong>Underleverant\u00f6rs \u00e4ndringsorder<\/strong><\/td><td class=\"has-text-align-left\" data-align=\"left\"><img decoding=\"async\" src=\"https:\/\/planyard.com\/wp-content\/uploads\/2024\/10\/icons8-checkmark-30.png\" alt=\"\"><br>\u00c4ndringsorder kan skapas av projektledare och underleverant\u00f6rer<\/td><td class=\"has-text-align-left\" data-align=\"left\"><img decoding=\"async\" src=\"https:\/\/planyard.com\/wp-content\/uploads\/2024\/10\/icons8-checkmark-30.png\" alt=\"\"><br>\u00c4ndringsorder kan skapas av projektledare och underleverant\u00f6rer<br>\u00c4ndringsorder kan redigeras av projektledare<\/td><\/tr><tr><td class=\"has-text-align-left\" data-align=\"left\"><strong>Ink\u00f6psorder<\/strong><\/td><td class=\"has-text-align-left\" data-align=\"left\"><img decoding=\"async\" src=\"https:\/\/planyard.com\/wp-content\/uploads\/2024\/10\/icons8-checkmark-30.png\" alt=\"\"><br>Ink\u00f6psorder kan skapas f\u00f6r leverant\u00f6rer i projektet<\/td><td class=\"has-text-align-left\" data-align=\"left\"><img decoding=\"async\" src=\"https:\/\/planyard.com\/wp-content\/uploads\/2024\/10\/icons8-checkmark-30.png\" alt=\"\"><br>Ink\u00f6psorder kan skapas f\u00f6r leverant\u00f6rer i hela f\u00f6retaget<\/td><\/tr><tr><td class=\"has-text-align-left\" data-align=\"left\"><strong>Huvudkontrakt\/Prim\u00e4rkontrakt<\/strong><\/td><td class=\"has-text-align-left\" data-align=\"left\"><img decoding=\"async\" src=\"https:\/\/planyard.com\/wp-content\/uploads\/2024\/10\/icons8-checkmark-30.png\" alt=\"\"><br>Huvudkontrakt kan skapas med befintliga eller nya budgetposter med anpassad struktur<\/td><td class=\"has-text-align-left\" data-align=\"left\"><img decoding=\"async\" src=\"https:\/\/planyard.com\/wp-content\/uploads\/2024\/10\/icons8-checkmark-30.png\" alt=\"\"><br>Huvudkontrakt kan skapas med befintliga eller nya budgetposter med anpassad struktur<\/td><\/tr><tr><td class=\"has-text-align-left\" data-align=\"left\"><strong>Huvudkontrakt \u00e4ndringsorder<\/strong><\/td><td class=\"has-text-align-left\" data-align=\"left\"><img decoding=\"async\" src=\"https:\/\/planyard.com\/wp-content\/uploads\/2024\/10\/icons8-checkmark-30.png\" alt=\"\"><br>Du kan skapa \u00e4ndringsorder f\u00f6r huvudkontraktet<br><img decoding=\"async\" src=\"https:\/\/planyard.com\/wp-content\/uploads\/2024\/10\/icons8-delete-30.png\"><br>Markup \u00e4r ganska komplex att st\u00e4lla in<\/td><td class=\"has-text-align-left\" data-align=\"left\"><img decoding=\"async\" src=\"https:\/\/planyard.com\/wp-content\/uploads\/2024\/10\/icons8-checkmark-30.png\" alt=\"\"><br>Du kan skapa \u00e4ndringsorder f\u00f6r huvudkontraktet<br><img decoding=\"async\" src=\"https:\/\/planyard.com\/wp-content\/uploads\/2024\/10\/icons8-checkmark-30.png\" alt=\"\"><br>Markup-inst\u00e4llning g\u00f6rs implicit i jobben och beh\u00f6ver ingen ytterligare konfiguration<\/td><\/tr><tr><td class=\"has-text-align-left\" data-align=\"left\"><strong>Faktura- och kostnadshantering<\/strong><\/td><td class=\"has-text-align-left\" data-align=\"left\"><img decoding=\"async\" src=\"https:\/\/planyard.com\/wp-content\/uploads\/2024\/10\/icons8-checkmark-30.png\" alt=\"\"><br>Underleverant\u00f6rsfakturor l\u00e4mnas in direkt mot underleverant\u00f6ren utan en framstegsrapport<br><img decoding=\"async\" src=\"https:\/\/planyard.com\/wp-content\/uploads\/2024\/10\/icons8-checkmark-30.png\" alt=\"\"><br>Kostnadssp\u00e5rning av ink\u00f6psorder \u00e4r tillg\u00e4nglig<\/td><td class=\"has-text-align-left\" data-align=\"left\"><img decoding=\"async\" src=\"https:\/\/planyard.com\/wp-content\/uploads\/2024\/10\/icons8-checkmark-30.png\" alt=\"\"><br>Underleverant\u00f6rsfakturor l\u00e4mnas in enligt framstegsrapporten<br><img decoding=\"async\" src=\"https:\/\/planyard.com\/wp-content\/uploads\/2024\/10\/icons8-checkmark-30.png\" alt=\"\"><br>Kostnadssp\u00e5rning av ink\u00f6psorder \u00e4r tillg\u00e4nglig<\/td><\/tr><tr><td class=\"has-text-align-left\" data-align=\"left\"><strong>Uppladdning av fakturadokument<\/strong><\/td><td class=\"has-text-align-left\" data-align=\"left\"><img decoding=\"async\" src=\"https:\/\/planyard.com\/wp-content\/uploads\/2024\/10\/icons8-delete-30.png\"><br>Det finns inget friktionsfritt s\u00e4tt att f\u00e5 dokument in i systemet f\u00f6rutom manuella uppladdningar av b\u00e5da parter<\/td><td class=\"has-text-align-left\" data-align=\"left\"><img decoding=\"async\" src=\"https:\/\/planyard.com\/wp-content\/uploads\/2024\/10\/icons8-checkmark-30.png\" alt=\"\"><br>Olika enkla s\u00e4tt att f\u00e5 kostnadsdokumenten in i systemet:<br>* Projekt- och f\u00f6retagskonton f\u00f6r leverant\u00f6rsreskontra e-postadresser<br>* Outlook-plugin<br>* Mobilappar<\/td><\/tr><tr><td class=\"has-text-align-left\" data-align=\"left\"><strong>Redovisningsintegrationer<\/strong><\/td><td class=\"has-text-align-left\" data-align=\"left\"><img decoding=\"async\" src=\"https:\/\/planyard.com\/wp-content\/uploads\/2024\/10\/icons8-checkmark-30.png\" alt=\"\"><br>Olika anpassade anslutningar p\u00e5 marknadsplatsen<\/td><td class=\"has-text-align-left\" data-align=\"left\"><img decoding=\"async\" src=\"https:\/\/planyard.com\/wp-content\/uploads\/2024\/10\/icons8-checkmark-30.png\" alt=\"\"><br>Enkel installation med <a href=\"https:\/\/planyard.com\/sv\/xero-byggintegration\">Xero<\/a>, <a href=\"https:\/\/planyard.com\/quickboks-contractors-integration-for-budgeting\">QuickBooks<\/a>, Directo och m\u00e5nga andra.<br>Du kan tilldela redovisningskonton i Planyard f\u00f6r att minska arbetet f\u00f6r revisorn<\/td><\/tr><tr><td class=\"has-text-align-left\" data-align=\"left\"><strong>Konton kr\u00e4vs inte f\u00f6r leverant\u00f6rer och underleverant\u00f6rer<\/strong><\/td><td class=\"has-text-align-left\" data-align=\"left\"><img decoding=\"async\" src=\"https:\/\/planyard.com\/wp-content\/uploads\/2024\/10\/icons8-delete-30.png\"><br>Alla anv\u00e4ndare m\u00e5ste ha konton med korrekta beh\u00f6righeter delade med dem f\u00f6r att f\u00e5 tillg\u00e5ng till data<\/td><td class=\"has-text-align-left\" data-align=\"left\"><img decoding=\"async\" src=\"https:\/\/planyard.com\/wp-content\/uploads\/2024\/10\/icons8-checkmark-30.png\" alt=\"\"><br>Underleverant\u00f6rer kan l\u00e4mna in anbud, framstegsrapporter och fakturor via e-post och utan att beh\u00f6va ett anv\u00e4ndarnamn och l\u00f6senord<\/td><\/tr><tr><td class=\"has-text-align-left\" data-align=\"left\"><strong>Utbildning kr\u00e4vs inte f\u00f6r leverant\u00f6rer och underleverant\u00f6rer<\/strong><\/td><td class=\"has-text-align-left\" data-align=\"left\"><img decoding=\"async\" src=\"https:\/\/planyard.com\/wp-content\/uploads\/2024\/10\/icons8-delete-30.png\"><br>Alla leverant\u00f6rer och underleverant\u00f6rer m\u00e5ste genomg\u00e5 certifiering f\u00f6r att kunna anv\u00e4nda plattformen<\/td><td class=\"has-text-align-left\" data-align=\"left\"><img decoding=\"async\" src=\"https:\/\/planyard.com\/wp-content\/uploads\/2024\/10\/icons8-checkmark-30.png\" alt=\"\"><br>Leverant\u00f6rer och underleverant\u00f6rer beh\u00f6ver inte certifieras och kan b\u00f6rja anv\u00e4nda verktyget utan n\u00e5gon certifiering<\/td><\/tr><tr><td class=\"has-text-align-left\" data-align=\"left\"><strong>Priss\u00e4ttning<\/strong><\/td><td class=\"has-text-align-left\" data-align=\"left\"><strong><strong>667<\/strong> USD per m\u00e5nad<\/strong><br>(med ett \u00e5rligt kontrakt och max 5M i \u00e5rliga int\u00e4kter)<\/td><td class=\"has-text-align-left\" data-align=\"left\">Planer b\u00f6rjar p\u00e5&nbsp;<strong>20 EUR per projekt per m\u00e5nad<\/strong><\/td><\/tr><\/tbody><\/table><\/figure>\n\n\n\n<div class=\"wp-block-columns is-layout-flex wp-container-core-columns-is-layout-9d6595d7 wp-block-columns-is-layout-flex\">\n<div class=\"wp-block-column is-layout-flow wp-block-column-is-layout-flow\"><\/div>\n<\/div>\n\n\n\n<div class=\"wp-block-buttons is-layout-flex wp-block-buttons-is-layout-flex\">\n<div class=\"wp-block-button is-style-fill\"><a class=\"wp-block-button__link wp-element-button\" href=\"\/sign-up\" rel=\"\/sign-up\">Prova nu gratis<\/a><\/div>\n\n\n\n<div class=\"wp-block-button is-style-fill\"><a class=\"wp-block-button__link wp-element-button\" href=\"https:\/\/meetings.hubspot.com\/cedlund\">Registrera dig f\u00f6r en 30-minuters demo<\/a><\/div>\n<\/div>\n\n\n\n<p>Gratis 14-dagars fullst\u00e4ndig provperiod. Full tillg\u00e5ng. Inget kreditkort kr\u00e4vs.<\/p>\n\n\n\n<p><\/p>\n","protected":false},"excerpt":{"rendered":"<p>Anv\u00e4nder du fortfarande Procore projektfinansiering f\u00f6r budgethantering? Det kan finnas ett enklare s\u00e4tt. Procore financials kanske inte \u00e4r det b\u00e4sta verktyget f\u00f6r sm\u00e5 och medelstora f\u00f6retag enligt Procore-anv\u00e4ndarrecensioner Planyard sparar tid och nerver F\u00f6lj din budget i realtid och agera omedelbart n\u00e4r fel uppst\u00e5r.&nbsp;Jobbkostnader&nbsp;\u00e4r organiserade, fullt s\u00f6kbara och tillg\u00e4ngliga f\u00f6r prognoser, projektledning och mer. Implementeringen&#8230;  <a class=\"excerpt-read-more\" href=\"https:\/\/planyard.com\/sv\/ar-procore-financials-modulen-for-komplicerad\" title=\"L\u00e4s  \u00c4r Procore Financials-modulen f\u00f6r komplicerad?\">L\u00e4s mer &#8221;<\/a><\/p>\n","protected":false},"author":2,"featured_media":0,"parent":0,"menu_order":0,"comment_status":"closed","ping_status":"closed","template":"","meta":{"_acf_changed":false,"content-type":"","footnotes":""},"page_intent":[200],"page_type":[],"class_list":["post-14189","page","type-page","status-publish","hentry"],"acf":[],"yoast_head":"<!-- This site is optimized with the Yoast SEO plugin v27.1.1 - https:\/\/yoast.com\/product\/yoast-seo-wordpress\/ -->\n<title>\u00c4r Procore Financials-modulen f\u00f6r komplicerad? - Planyard Sverige<\/title>\n<meta name=\"description\" content=\"\u00c4r Procore financials f\u00f6r komplicerat f\u00f6r dig? Planyard \u00e4r en molnbaserad plattform f\u00f6r byggfinansiering och jobbkostnader f\u00f6r hela ditt team.\" \/>\n<meta name=\"robots\" content=\"index, follow, max-snippet:-1, max-image-preview:large, max-video-preview:-1\" \/>\n<link rel=\"canonical\" href=\"https:\/\/planyard.com\/sv\/ar-procore-financials-modulen-for-komplicerad\" \/>\n<meta property=\"og:locale\" content=\"sv_SE\" \/>\n<meta property=\"og:type\" content=\"article\" \/>\n<meta property=\"og:title\" content=\"\u00c4r Procore Financials-modulen f\u00f6r komplicerad? - Planyard Sverige\" \/>\n<meta property=\"og:description\" content=\"\u00c4r Procore financials f\u00f6r komplicerat f\u00f6r dig? Planyard \u00e4r en molnbaserad plattform f\u00f6r byggfinansiering och jobbkostnader f\u00f6r hela ditt team.\" \/>\n<meta property=\"og:url\" content=\"https:\/\/planyard.com\/sv\/ar-procore-financials-modulen-for-komplicerad\" \/>\n<meta property=\"og:site_name\" content=\"Planyard Sverige\" \/>\n<meta property=\"article:modified_time\" content=\"2025-05-19T19:35:04+00:00\" \/>\n<meta name=\"twitter:card\" content=\"summary_large_image\" \/>\n<meta name=\"twitter:label1\" content=\"Ber\u00e4knad l\u00e4stid\" \/>\n\t<meta name=\"twitter:data1\" content=\"13 minuter\" \/>\n<!-- \/ Yoast SEO plugin. -->","yoast_head_json":{"title":"\u00c4r Procore Financials-modulen f\u00f6r komplicerad? - Planyard Sverige","description":"\u00c4r Procore financials f\u00f6r komplicerat f\u00f6r dig? Planyard \u00e4r en molnbaserad plattform f\u00f6r byggfinansiering och jobbkostnader f\u00f6r hela ditt team.","robots":{"index":"index","follow":"follow","max-snippet":"max-snippet:-1","max-image-preview":"max-image-preview:large","max-video-preview":"max-video-preview:-1"},"canonical":"https:\/\/planyard.com\/sv\/ar-procore-financials-modulen-for-komplicerad","og_locale":"sv_SE","og_type":"article","og_title":"\u00c4r Procore Financials-modulen f\u00f6r komplicerad? - Planyard Sverige","og_description":"\u00c4r Procore financials f\u00f6r komplicerat f\u00f6r dig? Planyard \u00e4r en molnbaserad plattform f\u00f6r byggfinansiering och jobbkostnader f\u00f6r hela ditt team.","og_url":"https:\/\/planyard.com\/sv\/ar-procore-financials-modulen-for-komplicerad","og_site_name":"Planyard Sverige","article_modified_time":"2025-05-19T19:35:04+00:00","twitter_card":"summary_large_image","twitter_misc":{"Ber\u00e4knad l\u00e4stid":"13 minuter"},"schema":{"@context":"https:\/\/schema.org","@graph":[{"@type":"WebPage","@id":"https:\/\/planyard.com\/sv\/ar-procore-financials-modulen-for-komplicerad","url":"https:\/\/planyard.com\/sv\/ar-procore-financials-modulen-for-komplicerad","name":"\u00c4r Procore Financials-modulen f\u00f6r komplicerad? - Planyard Sverige","isPartOf":{"@id":"https:\/\/planyard.com\/sv#website"},"primaryImageOfPage":{"@id":"https:\/\/planyard.com\/sv\/ar-procore-financials-modulen-for-komplicerad#primaryimage"},"image":{"@id":"https:\/\/planyard.com\/sv\/ar-procore-financials-modulen-for-komplicerad#primaryimage"},"thumbnailUrl":"https:\/\/planyard.com\/wp-content\/uploads\/2024\/07\/Procore_Logo_FC_Black_RGB-1.svg","datePublished":"2024-08-26T08:47:45+00:00","dateModified":"2025-05-19T19:35:04+00:00","description":"\u00c4r Procore financials f\u00f6r komplicerat f\u00f6r dig? Planyard \u00e4r en molnbaserad plattform f\u00f6r byggfinansiering och jobbkostnader f\u00f6r hela ditt team.","breadcrumb":{"@id":"https:\/\/planyard.com\/sv\/ar-procore-financials-modulen-for-komplicerad#breadcrumb"},"inLanguage":"sv-SE","potentialAction":[{"@type":"ReadAction","target":["https:\/\/planyard.com\/sv\/ar-procore-financials-modulen-for-komplicerad"]}]},{"@type":"ImageObject","inLanguage":"sv-SE","@id":"https:\/\/planyard.com\/sv\/ar-procore-financials-modulen-for-komplicerad#primaryimage","url":"https:\/\/planyard.com\/wp-content\/uploads\/2024\/07\/Procore_Logo_FC_Black_RGB-1.svg","contentUrl":"https:\/\/planyard.com\/wp-content\/uploads\/2024\/07\/Procore_Logo_FC_Black_RGB-1.svg"},{"@type":"BreadcrumbList","@id":"https:\/\/planyard.com\/sv\/ar-procore-financials-modulen-for-komplicerad#breadcrumb","itemListElement":[{"@type":"ListItem","position":1,"name":"Home","item":"https:\/\/planyard.com\/sv"},{"@type":"ListItem","position":2,"name":"\u00c4r Procore Financials-modulen f\u00f6r komplicerad?"}]},{"@type":"WebSite","@id":"https:\/\/planyard.com\/sv#website","url":"https:\/\/planyard.com\/sv","name":"Planyard Sverige","description":"","potentialAction":[{"@type":"SearchAction","target":{"@type":"EntryPoint","urlTemplate":"https:\/\/planyard.com\/sv?s={search_term_string}"},"query-input":{"@type":"PropertyValueSpecification","valueRequired":true,"valueName":"search_term_string"}}],"inLanguage":"sv-SE"}]}},"_links":{"self":[{"href":"https:\/\/planyard.com\/sv\/wp-json\/wp\/v2\/pages\/14189","targetHints":{"allow":["GET"]}}],"collection":[{"href":"https:\/\/planyard.com\/sv\/wp-json\/wp\/v2\/pages"}],"about":[{"href":"https:\/\/planyard.com\/sv\/wp-json\/wp\/v2\/types\/page"}],"author":[{"embeddable":true,"href":"https:\/\/planyard.com\/sv\/wp-json\/wp\/v2\/users\/2"}],"replies":[{"embeddable":true,"href":"https:\/\/planyard.com\/sv\/wp-json\/wp\/v2\/comments?post=14189"}],"version-history":[{"count":2,"href":"https:\/\/planyard.com\/sv\/wp-json\/wp\/v2\/pages\/14189\/revisions"}],"predecessor-version":[{"id":16532,"href":"https:\/\/planyard.com\/sv\/wp-json\/wp\/v2\/pages\/14189\/revisions\/16532"}],"wp:attachment":[{"href":"https:\/\/planyard.com\/sv\/wp-json\/wp\/v2\/media?parent=14189"}],"wp:term":[{"taxonomy":"page_intent","embeddable":true,"href":"https:\/\/planyard.com\/sv\/wp-json\/wp\/v2\/page_intent?post=14189"},{"taxonomy":"page_type","embeddable":true,"href":"https:\/\/planyard.com\/sv\/wp-json\/wp\/v2\/page_type?post=14189"}],"curies":[{"name":"wp","href":"https:\/\/api.w.org\/{rel}","templated":true}]}}