{"id":14187,"date":"2024-08-26T07:14:20","date_gmt":"2024-08-26T07:14:20","guid":{"rendered":"https:\/\/planyard.com\/privacy-policy"},"modified":"2025-05-19T19:33:17","modified_gmt":"2025-05-19T19:33:17","slug":"integritetspolicy","status":"publish","type":"page","link":"https:\/\/planyard.com\/sv\/integritetspolicy","title":{"rendered":"Integritetspolicy"},"content":{"rendered":"\n<p>Denna integritetspolicy reglerar hur Planyard samlar in, anv\u00e4nder, underh\u00e5ller och avsl\u00f6jar information som samlas in fr\u00e5n anv\u00e4ndare (var och en, en &#8221;Anv\u00e4ndare&#8221;) av webbplatserna planyard.com, central.planyard.com och app.planyard.com (&#8221;Webbplats&#8221;). Denna integritetspolicy g\u00e4ller f\u00f6r Webbplatsen och alla produkter och tj\u00e4nster som erbjuds av Planyard.<\/p>\n\n\n\n<p><strong>Personlig identifieringsinformation<\/strong><\/p>\n\n\n\n<p>Vi kan samla in personlig identifieringsinformation fr\u00e5n Anv\u00e4ndare p\u00e5 olika s\u00e4tt, inklusive, men inte begr\u00e4nsat till, n\u00e4r Anv\u00e4ndare bes\u00f6ker v\u00e5r webbplats, prenumererar p\u00e5 nyhetsbrevet, fyller i ett formul\u00e4r och i samband med andra aktiviteter, tj\u00e4nster, funktioner eller resurser vi g\u00f6r tillg\u00e4ngliga p\u00e5 v\u00e5r Webbplats. Anv\u00e4ndare kan bli ombedda att ange, d\u00e4r det \u00e4r l\u00e4mpligt, namn, e-postadress, f\u00f6retagsnamn, telefonnummer. Anv\u00e4ndare kan dock bes\u00f6ka v\u00e5r Webbplats anonymt. Vi kommer endast att samla in personlig identifieringsinformation fr\u00e5n Anv\u00e4ndare om de frivilligt l\u00e4mnar s\u00e5dan information till oss. Anv\u00e4ndare kan alltid v\u00e4gra att l\u00e4mna personlig identifieringsinformation, men det kan hindra dem fr\u00e5n att delta i vissa webbplatsrelaterade aktiviteter &#8211; s\u00e5som Planyard-applikationer.<\/p>\n\n\n\n<p><strong>Icke-personlig identifieringsinformation<\/strong><\/p>\n\n\n\n<p>Vi kan samla in icke-personlig identifieringsinformation om Anv\u00e4ndare n\u00e4r de interagerar med v\u00e5r Webbplats. Icke-personlig identifieringsinformation kan inkludera webbl\u00e4sarens namn, typen av dator och teknisk information om Anv\u00e4ndares anslutningss\u00e4tt till v\u00e5r Webbplats, s\u00e5som operativsystem och internetleverant\u00f6rer som anv\u00e4nds och annan liknande information.<\/p>\n\n\n\n<p><strong>Webbl\u00e4sarcookies<\/strong><\/p>\n\n\n\n<p>V\u00e5r Webbplats kan anv\u00e4nda &#8221;cookies&#8221; f\u00f6r att f\u00f6rb\u00e4ttra Anv\u00e4ndarens upplevelse. Anv\u00e4ndarens webbl\u00e4sare placerar cookies p\u00e5 deras h\u00e5rddisk f\u00f6r att f\u00f6ra register och ibland f\u00f6r att sp\u00e5ra information om dem. Anv\u00e4ndaren kan v\u00e4lja att st\u00e4lla in sin webbl\u00e4sare f\u00f6r att v\u00e4gra cookies, eller f\u00f6r att varna n\u00e4r cookies skickas. Om de g\u00f6r det, observera att vissa delar av Webbplatsen kanske inte fungerar korrekt.<\/p>\n\n\n\n<p><strong>Hur vi anv\u00e4nder insamlad information<\/strong><\/p>\n\n\n\n<p>Planyard kan samla in och anv\u00e4nda Anv\u00e4ndares personliga information f\u00f6r f\u00f6ljande \u00e4ndam\u00e5l:<\/p>\n\n\n\n<ul class=\"wp-block-list\">\n<li>F\u00f6r att f\u00f6rb\u00e4ttra kundservice<\/li>\n\n<ul class=\"wp-block-list\">\n<li>Information du tillhandah\u00e5ller hj\u00e4lper oss att svara p\u00e5 dina kundservicef\u00f6rfr\u00e5gningar och supportbehov mer effektivt.<\/li>\n<\/ul>\n<\/li>\n\n\n\n<li>F\u00f6r att f\u00f6rb\u00e4ttra v\u00e5r Webbplats<\/li>\n\n<ul class=\"wp-block-list\">\n<li>Vi kan anv\u00e4nda feedback du ger f\u00f6r att f\u00f6rb\u00e4ttra v\u00e5ra produkter och tj\u00e4nster.<\/li>\n<\/ul>\n<\/li>\n\n\n\n<li>F\u00f6r att skicka periodiska e-postmeddelanden<\/li>\n\n<ul class=\"wp-block-list\">\n<li>Vi kan anv\u00e4nda e-postadressen f\u00f6r att skicka Anv\u00e4ndarinformation och uppdateringar som r\u00f6r deras best\u00e4llning. Den kan ocks\u00e5 anv\u00e4ndas f\u00f6r att svara p\u00e5 deras f\u00f6rfr\u00e5gningar, fr\u00e5gor och\/eller andra \u00f6nskem\u00e5l. Om Anv\u00e4ndaren best\u00e4mmer sig f\u00f6r att prenumerera p\u00e5 v\u00e5r e-postlista kommer de att f\u00e5 e-postmeddelanden som kan inneh\u00e5lla f\u00f6retagsnyheter, uppdateringar, relaterad produkt- eller tj\u00e4nsteinformation, etc. Om Anv\u00e4ndaren n\u00e4r som helst vill avregistrera sig fr\u00e5n framtida e-postmeddelanden inkluderar vi detaljerade instruktioner f\u00f6r avregistrering l\u00e4ngst ner i varje e-postmeddelande.<\/li>\n<\/ul>\n<\/li>\n<\/ul>\n\n\n\n<p><strong>Hur vi skyddar din information<\/strong><\/p>\n\n\n\n<p>Vi antar l\u00e4mpliga datainsamlings-, lagrings- och bearbetningsmetoder och s\u00e4kerhets\u00e5tg\u00e4rder f\u00f6r att skydda mot obeh\u00f6rig \u00e5tkomst, \u00e4ndring, avsl\u00f6jande eller f\u00f6rst\u00f6relse av din personliga information, anv\u00e4ndarnamn, l\u00f6senord, transaktionsinformation och data lagrad p\u00e5 v\u00e5r Webbplats.<\/p>\n\n\n\n<p><strong>Dela din personliga information<\/strong><\/p>\n\n\n\n<p>Vi s\u00e4ljer, byter eller hyr inte ut Anv\u00e4ndares personliga identifieringsinformation till andra. Vi kan dela generisk aggregerad demografisk information som inte \u00e4r kopplad till n\u00e5gon personlig identifieringsinformation om bes\u00f6kare och anv\u00e4ndare med v\u00e5ra aff\u00e4rspartners, betrodda samarbetspartners och annons\u00f6rer f\u00f6r de \u00e4ndam\u00e5l som anges ovan. Vi kan anv\u00e4nda tredjepartstj\u00e4nsteleverant\u00f6rer f\u00f6r att hj\u00e4lpa oss att driva v\u00e5r verksamhet och Webbplatsen eller administrera aktiviteter f\u00f6r v\u00e5r r\u00e4kning, s\u00e5som att skicka ut nyhetsbrev eller unders\u00f6kningar. Vi kan dela din information med dessa tredje parter f\u00f6r dessa begr\u00e4nsade \u00e4ndam\u00e5l f\u00f6rutsatt att du har gett oss ditt tillst\u00e5nd.<\/p>\n\n\n\n<p><strong>Tredjepartswebbplatser<\/strong><\/p>\n\n\n\n<p>Anv\u00e4ndare kan hitta annonsering eller annat inneh\u00e5ll p\u00e5 v\u00e5r Webbplats som l\u00e4nkar till webbplatser och tj\u00e4nster fr\u00e5n v\u00e5ra partners, leverant\u00f6rer, annons\u00f6rer, sponsorer, licensgivare och andra tredje parter. Vi kontrollerar inte inneh\u00e5llet eller l\u00e4nkarna som visas p\u00e5 dessa webbplatser och \u00e4r inte ansvariga f\u00f6r de metoder som anv\u00e4nds av webbplatser som \u00e4r l\u00e4nkade till eller fr\u00e5n v\u00e5r Webbplats. Dessutom kan dessa webbplatser eller tj\u00e4nster, inklusive deras inneh\u00e5ll och l\u00e4nkar, st\u00e4ndigt f\u00f6r\u00e4ndras. Dessa webbplatser och tj\u00e4nster kan ha sina egna integritetspolicyer och kundservicepolicyer. Surfning och interaktion p\u00e5 n\u00e5gon annan webbplats, inklusive webbplatser som har en l\u00e4nk till v\u00e5r Webbplats, \u00e4r f\u00f6rem\u00e5l f\u00f6r den webbplatsens egna villkor och policyer.<\/p>\n\n\n\n<p><strong>\u00c4ndringar av denna integritetspolicy<\/strong><\/p>\n\n\n\n<p>Planyard f\u00f6rbeh\u00e5ller sig r\u00e4tten att uppdatera denna integritetspolicy n\u00e4r som helst. N\u00e4r vi g\u00f6r det kommer vi att revidera det uppdaterade datumet l\u00e4ngst ner p\u00e5 denna sida. Vi uppmuntrar Anv\u00e4ndare att ofta kontrollera denna sida f\u00f6r eventuella \u00e4ndringar f\u00f6r att h\u00e5lla sig informerade om hur vi hj\u00e4lper till att skydda den personliga information vi samlar in. Du erk\u00e4nner och godk\u00e4nner att det \u00e4r ditt ansvar att granska denna integritetspolicy regelbundet och bli medveten om \u00e4ndringar.<\/p>\n\n\n\n<p><strong>Godk\u00e4nnande av dessa villkor<\/strong><\/p>\n\n\n\n<p>Genom att anv\u00e4nda denna Webbplats godk\u00e4nner du denna policy. Om du inte godk\u00e4nner denna policy, v\u00e4nligen anv\u00e4nd inte v\u00e5r Webbplats. Din fortsatta anv\u00e4ndning av Webbplatsen efter publiceringen av \u00e4ndringar i denna policy kommer att anses vara ditt godk\u00e4nnande av dessa \u00e4ndringar.<\/p>\n\n\n\n<p><strong>Kontakta oss<\/strong><\/p>\n\n\n\n<p>Om du har n\u00e5gra fr\u00e5gor om denna integritetspolicy, praxis p\u00e5 denna webbplats eller dina kontakter med denna webbplats, v\u00e4nligen kontakta oss p\u00e5 info@planyard.com.<br><\/p>\n","protected":false},"excerpt":{"rendered":"<p>Denna integritetspolicy reglerar hur Planyard samlar in, anv\u00e4nder, underh\u00e5ller och avsl\u00f6jar information som samlas in fr\u00e5n anv\u00e4ndare (var och en, en &#8221;Anv\u00e4ndare&#8221;) av webbplatserna planyard.com, central.planyard.com och app.planyard.com (&#8221;Webbplats&#8221;). Denna integritetspolicy g\u00e4ller f\u00f6r Webbplatsen och alla produkter och tj\u00e4nster som erbjuds av Planyard. Personlig identifieringsinformation Vi kan samla in personlig identifieringsinformation fr\u00e5n Anv\u00e4ndare p\u00e5 olika&#8230;  <a class=\"excerpt-read-more\" href=\"https:\/\/planyard.com\/sv\/integritetspolicy\" title=\"L\u00e4s  Integritetspolicy\">L\u00e4s mer &#8221;<\/a><\/p>\n","protected":false},"author":2,"featured_media":0,"parent":0,"menu_order":0,"comment_status":"closed","ping_status":"closed","template":"","meta":{"_acf_changed":false,"content-type":"","footnotes":""},"page_intent":[185],"page_type":[],"class_list":["post-14187","page","type-page","status-publish","hentry"],"acf":[],"yoast_head":"<!-- This site is optimized with the Yoast SEO plugin v26.9 - https:\/\/yoast.com\/product\/yoast-seo-wordpress\/ -->\n<title>Integritetspolicy - Planyard Sverige<\/title>\n<meta name=\"description\" content=\"Planyard \u00e4ger, kontrollerar eller styr inte anv\u00e4ndningen av n\u00e5gon av klientdata som lagras eller bearbetas av en klient eller anv\u00e4ndare via tj\u00e4nsten.\" \/>\n<meta name=\"robots\" content=\"index, follow, max-snippet:-1, max-image-preview:large, max-video-preview:-1\" \/>\n<link rel=\"canonical\" href=\"https:\/\/planyard.com\/sv\/integritetspolicy\" \/>\n<meta property=\"og:locale\" content=\"sv_SE\" \/>\n<meta property=\"og:type\" content=\"article\" \/>\n<meta property=\"og:title\" content=\"Integritetspolicy - Planyard Sverige\" \/>\n<meta property=\"og:description\" content=\"Planyard \u00e4ger, kontrollerar eller styr inte anv\u00e4ndningen av n\u00e5gon av klientdata som lagras eller bearbetas av en klient eller anv\u00e4ndare via tj\u00e4nsten.\" \/>\n<meta property=\"og:url\" content=\"https:\/\/planyard.com\/sv\/integritetspolicy\" \/>\n<meta property=\"og:site_name\" content=\"Planyard Sverige\" \/>\n<meta property=\"article:modified_time\" content=\"2025-05-19T19:33:17+00:00\" \/>\n<meta name=\"twitter:card\" content=\"summary_large_image\" \/>\n<meta name=\"twitter:label1\" content=\"Ber\u00e4knad l\u00e4stid\" \/>\n\t<meta name=\"twitter:data1\" content=\"4 minuter\" \/>\n<!-- \/ Yoast SEO plugin. -->","yoast_head_json":{"title":"Integritetspolicy - Planyard Sverige","description":"Planyard \u00e4ger, kontrollerar eller styr inte anv\u00e4ndningen av n\u00e5gon av klientdata som lagras eller bearbetas av en klient eller anv\u00e4ndare via tj\u00e4nsten.","robots":{"index":"index","follow":"follow","max-snippet":"max-snippet:-1","max-image-preview":"max-image-preview:large","max-video-preview":"max-video-preview:-1"},"canonical":"https:\/\/planyard.com\/sv\/integritetspolicy","og_locale":"sv_SE","og_type":"article","og_title":"Integritetspolicy - Planyard Sverige","og_description":"Planyard \u00e4ger, kontrollerar eller styr inte anv\u00e4ndningen av n\u00e5gon av klientdata som lagras eller bearbetas av en klient eller anv\u00e4ndare via tj\u00e4nsten.","og_url":"https:\/\/planyard.com\/sv\/integritetspolicy","og_site_name":"Planyard Sverige","article_modified_time":"2025-05-19T19:33:17+00:00","twitter_card":"summary_large_image","twitter_misc":{"Ber\u00e4knad l\u00e4stid":"4 minuter"},"schema":{"@context":"https:\/\/schema.org","@graph":[{"@type":"WebPage","@id":"https:\/\/planyard.com\/sv\/integritetspolicy","url":"https:\/\/planyard.com\/sv\/integritetspolicy","name":"Integritetspolicy - Planyard Sverige","isPartOf":{"@id":"https:\/\/planyard.com\/sv#website"},"datePublished":"2024-08-26T07:14:20+00:00","dateModified":"2025-05-19T19:33:17+00:00","description":"Planyard \u00e4ger, kontrollerar eller styr inte anv\u00e4ndningen av n\u00e5gon av klientdata som lagras eller bearbetas av en klient eller anv\u00e4ndare via tj\u00e4nsten.","breadcrumb":{"@id":"https:\/\/planyard.com\/sv\/integritetspolicy#breadcrumb"},"inLanguage":"sv-SE","potentialAction":[{"@type":"ReadAction","target":["https:\/\/planyard.com\/sv\/integritetspolicy"]}]},{"@type":"BreadcrumbList","@id":"https:\/\/planyard.com\/sv\/integritetspolicy#breadcrumb","itemListElement":[{"@type":"ListItem","position":1,"name":"Home","item":"https:\/\/planyard.com\/sv"},{"@type":"ListItem","position":2,"name":"Integritetspolicy"}]},{"@type":"WebSite","@id":"https:\/\/planyard.com\/sv#website","url":"https:\/\/planyard.com\/sv","name":"Planyard Sverige","description":"","potentialAction":[{"@type":"SearchAction","target":{"@type":"EntryPoint","urlTemplate":"https:\/\/planyard.com\/sv?s={search_term_string}"},"query-input":{"@type":"PropertyValueSpecification","valueRequired":true,"valueName":"search_term_string"}}],"inLanguage":"sv-SE"}]}},"_links":{"self":[{"href":"https:\/\/planyard.com\/sv\/wp-json\/wp\/v2\/pages\/14187","targetHints":{"allow":["GET"]}}],"collection":[{"href":"https:\/\/planyard.com\/sv\/wp-json\/wp\/v2\/pages"}],"about":[{"href":"https:\/\/planyard.com\/sv\/wp-json\/wp\/v2\/types\/page"}],"author":[{"embeddable":true,"href":"https:\/\/planyard.com\/sv\/wp-json\/wp\/v2\/users\/2"}],"replies":[{"embeddable":true,"href":"https:\/\/planyard.com\/sv\/wp-json\/wp\/v2\/comments?post=14187"}],"version-history":[{"count":3,"href":"https:\/\/planyard.com\/sv\/wp-json\/wp\/v2\/pages\/14187\/revisions"}],"predecessor-version":[{"id":16519,"href":"https:\/\/planyard.com\/sv\/wp-json\/wp\/v2\/pages\/14187\/revisions\/16519"}],"wp:attachment":[{"href":"https:\/\/planyard.com\/sv\/wp-json\/wp\/v2\/media?parent=14187"}],"wp:term":[{"taxonomy":"page_intent","embeddable":true,"href":"https:\/\/planyard.com\/sv\/wp-json\/wp\/v2\/page_intent?post=14187"},{"taxonomy":"page_type","embeddable":true,"href":"https:\/\/planyard.com\/sv\/wp-json\/wp\/v2\/page_type?post=14187"}],"curies":[{"name":"wp","href":"https:\/\/api.w.org\/{rel}","templated":true}]}}