{"id":14182,"date":"2025-04-03T10:02:17","date_gmt":"2025-04-03T10:02:17","guid":{"rendered":"https:\/\/planyard.com\/planyard-professional-functionality-training-videos"},"modified":"2025-05-19T19:23:59","modified_gmt":"2025-05-19T19:23:59","slug":"planyard-professionell-funktionalitet-traningsvideor","status":"publish","type":"page","link":"https:\/\/planyard.com\/sv\/planyard-professionell-funktionalitet-traningsvideor","title":{"rendered":"Planyard Professionell Funktionalitet Tr\u00e4ningsvideor"},"content":{"rendered":"\n<p>3\u20135 minuters tr\u00e4ningsvideor f\u00f6r kalkylatorer och projektledare f\u00f6r att bem\u00e4stra Planyards Professionella Paket\u2014t\u00e4cker budgetkontroll, ink\u00f6psorder, \u00e4ndringsorder, fakturahantering och mer.<\/p>\n\n\n\n<h2 class=\"wp-block-heading\">Ink\u00f6psorder<\/h2>\n\n\n\n<p>L\u00e4r dig hur du skapar ink\u00f6psorder f\u00f6r material, sp\u00e5rar budget\u00e5taganden, enkelt uppdaterar prognoser och CVR:er, hanterar f\u00f6rskottsfakturor, h\u00e5ller koll p\u00e5 betalningssammanst\u00e4llningar och f\u00f6rhindrar \u00f6verfakturering fr\u00e5n leverant\u00f6rer.<\/p>\n\n\n\n<figure class=\"wp-block-embed is-type-video is-provider-youtube wp-block-embed-youtube wp-embed-aspect-16-9 wp-has-aspect-ratio\"><div class=\"wp-block-embed__wrapper\">\n<iframe loading=\"lazy\" title=\"See How Planyard Software Makes Construction Project Purchase Orders Easy\" width=\"500\" height=\"281\" src=\"https:\/\/www.youtube.com\/embed\/hlaGwY6-bhA?feature=oembed\" frameborder=\"0\" allow=\"accelerometer; autoplay; clipboard-write; encrypted-media; gyroscope; picture-in-picture; web-share\" referrerpolicy=\"strict-origin-when-cross-origin\" allowfullscreen><\/iframe>\n<\/div><\/figure>\n\n\n\n<h2 class=\"wp-block-heading\">Bearbetning av ink\u00f6psfakturor<\/h2>\n\n\n\n<p>Bearbeta enkelt ink\u00f6psfakturor, tilldela dem till budgetrader, synkronisera automatiskt med bokf\u00f6ringen och sp\u00e5ra projektkostnader i realtid \u2014 allt utan repetitiv datainmatning.<\/p>\n\n\n\n<figure class=\"wp-block-embed is-type-video is-provider-youtube wp-block-embed-youtube wp-embed-aspect-16-9 wp-has-aspect-ratio\"><div class=\"wp-block-embed__wrapper\">\n<iframe loading=\"lazy\" title=\"Invoices processing on Planyard\" width=\"500\" height=\"281\" src=\"https:\/\/www.youtube.com\/embed\/cgVamRjQk1I?feature=oembed\" frameborder=\"0\" allow=\"accelerometer; autoplay; clipboard-write; encrypted-media; gyroscope; picture-in-picture; web-share\" referrerpolicy=\"strict-origin-when-cross-origin\" allowfullscreen><\/iframe>\n<\/div><\/figure>\n\n\n\n<h2 class=\"wp-block-heading\">\u00c4ndringsorder (Variationer)<\/h2>\n\n\n\n<p>Registrera enkelt klient\u00e4ndringsorder och underleverant\u00f6rs- och ink\u00f6psordervariationer. Sp\u00e5ra den ekonomiska p\u00e5verkan av varje \u00e4ndring f\u00f6r att h\u00e5lla koll p\u00e5 l\u00f6nsamheten.<\/p>\n\n\n\n<figure class=\"wp-block-embed is-type-video is-provider-youtube wp-block-embed-youtube wp-embed-aspect-16-9 wp-has-aspect-ratio\"><div class=\"wp-block-embed__wrapper\">\n<iframe loading=\"lazy\" title=\"Construction change-orders (variations) management on Planyard software\" width=\"500\" height=\"281\" src=\"https:\/\/www.youtube.com\/embed\/6tACV4YQtas?feature=oembed\" frameborder=\"0\" allow=\"accelerometer; autoplay; clipboard-write; encrypted-media; gyroscope; picture-in-picture; web-share\" referrerpolicy=\"strict-origin-when-cross-origin\" allowfullscreen><\/iframe>\n<\/div><\/figure>\n\n\n\n<h2 class=\"wp-block-heading\">Budgetkontroll och prognoser (CVR:er)<\/h2>\n\n\n\n<p>F\u00f6rbered noggranna prognoser och CVR-rapporter, revidera budgetar vid behov, godk\u00e4nn fakturor och granska budgetavvikelser f\u00f6r att h\u00e5lla kontroll \u00f6ver ditt projekts ekonomiska h\u00e4lsa. Analysera l\u00f6nsamhetsprognoser med l\u00e4tthet.<\/p>\n\n\n\n<figure class=\"wp-block-embed is-type-video is-provider-youtube wp-block-embed-youtube wp-embed-aspect-16-9 wp-has-aspect-ratio\"><div class=\"wp-block-embed__wrapper\">\n<iframe loading=\"lazy\" title=\"Project cost control meeting how to video\" width=\"500\" height=\"281\" src=\"https:\/\/www.youtube.com\/embed\/oGkHgWPfIEo?feature=oembed\" frameborder=\"0\" allow=\"accelerometer; autoplay; clipboard-write; encrypted-media; gyroscope; picture-in-picture; web-share\" referrerpolicy=\"strict-origin-when-cross-origin\" allowfullscreen><\/iframe>\n<\/div><\/figure>\n\n\n\n<h2 class=\"wp-block-heading\">Kundfakturering &amp; betalningsans\u00f6kningar (V\u00e4rderingar)<\/h2>\n\n\n\n<p>L\u00e4r dig hur du hanterar klientens v\u00e4rderingsschema, bearbetar \u00e4ndringsorder (variationer), utf\u00e4rdar betalningsans\u00f6kningar, hanterar f\u00f6rskottsfakturor, sp\u00e5rar retentionsbelopp och godk\u00e4nner f\u00f6rs\u00e4ljningsfakturor med l\u00e4tthet.<\/p>\n\n\n\n<figure class=\"wp-block-embed is-type-video is-provider-youtube wp-block-embed-youtube wp-embed-aspect-16-9 wp-has-aspect-ratio\"><div class=\"wp-block-embed__wrapper\">\n<iframe loading=\"lazy\" title=\"How the client billing process is made simple on Planyard construction software\" width=\"500\" height=\"281\" src=\"https:\/\/www.youtube.com\/embed\/wZ0vTYTJtFs?feature=oembed\" frameborder=\"0\" allow=\"accelerometer; autoplay; clipboard-write; encrypted-media; gyroscope; picture-in-picture; web-share\" referrerpolicy=\"strict-origin-when-cross-origin\" allowfullscreen><\/iframe>\n<\/div><\/figure>\n","protected":false},"excerpt":{"rendered":"<p>3\u20135 minuters tr\u00e4ningsvideor f\u00f6r kalkylatorer och projektledare f\u00f6r att bem\u00e4stra Planyards Professionella Paket\u2014t\u00e4cker budgetkontroll, ink\u00f6psorder, \u00e4ndringsorder, fakturahantering och mer. Ink\u00f6psorder L\u00e4r dig hur du skapar ink\u00f6psorder f\u00f6r material, sp\u00e5rar budget\u00e5taganden, enkelt uppdaterar prognoser och CVR:er, hanterar f\u00f6rskottsfakturor, h\u00e5ller koll p\u00e5 betalningssammanst\u00e4llningar och f\u00f6rhindrar \u00f6verfakturering fr\u00e5n leverant\u00f6rer. Bearbetning av ink\u00f6psfakturor Bearbeta enkelt ink\u00f6psfakturor, tilldela dem till&#8230;  <a class=\"excerpt-read-more\" href=\"https:\/\/planyard.com\/sv\/planyard-professionell-funktionalitet-traningsvideor\" title=\"L\u00e4s  Planyard Professionell Funktionalitet Tr\u00e4ningsvideor\">L\u00e4s mer &#8221;<\/a><\/p>\n","protected":false},"author":4,"featured_media":0,"parent":0,"menu_order":0,"comment_status":"closed","ping_status":"closed","template":"page-smallheader.php","meta":{"_acf_changed":false,"content-type":"","footnotes":""},"page_intent":[],"page_type":[],"class_list":["post-14182","page","type-page","status-publish","hentry"],"acf":[],"yoast_head":"<!-- This site is optimized with the Yoast SEO plugin v26.9 - https:\/\/yoast.com\/product\/yoast-seo-wordpress\/ -->\n<title>Planyard Professionell \u2013 Fullst\u00e4ndig Byggkostnadskontroll f\u00f6r V\u00e4xande Team<\/title>\n<meta name=\"description\" content=\"Korta tr\u00e4ningsvideor f\u00f6r kalkylatorer och projektledare f\u00f6r att bem\u00e4stra Planyards Professionella Paket\u2014t\u00e4cker budgetkontroll, ink\u00f6psorder och mer.\" \/>\n<meta name=\"robots\" content=\"index, follow, max-snippet:-1, max-image-preview:large, max-video-preview:-1\" \/>\n<link rel=\"canonical\" href=\"https:\/\/planyard.com\/sv\/planyard-professionell-funktionalitet-traningsvideor\" \/>\n<meta property=\"og:locale\" content=\"sv_SE\" \/>\n<meta property=\"og:type\" content=\"article\" \/>\n<meta property=\"og:title\" content=\"Planyard Professionell \u2013 Fullst\u00e4ndig Byggkostnadskontroll f\u00f6r V\u00e4xande Team\" \/>\n<meta property=\"og:description\" content=\"Korta tr\u00e4ningsvideor f\u00f6r kalkylatorer och projektledare f\u00f6r att bem\u00e4stra Planyards Professionella Paket\u2014t\u00e4cker budgetkontroll, ink\u00f6psorder och mer.\" \/>\n<meta property=\"og:url\" content=\"https:\/\/planyard.com\/sv\/planyard-professionell-funktionalitet-traningsvideor\" \/>\n<meta property=\"og:site_name\" content=\"Planyard Sverige\" \/>\n<meta property=\"article:modified_time\" content=\"2025-05-19T19:23:59+00:00\" \/>\n<meta name=\"twitter:card\" content=\"summary_large_image\" \/>\n<meta name=\"twitter:label1\" content=\"Ber\u00e4knad l\u00e4stid\" \/>\n\t<meta name=\"twitter:data1\" content=\"1 minut\" \/>\n<!-- \/ Yoast SEO plugin. -->","yoast_head_json":{"title":"Planyard Professionell \u2013 Fullst\u00e4ndig Byggkostnadskontroll f\u00f6r V\u00e4xande Team","description":"Korta tr\u00e4ningsvideor f\u00f6r kalkylatorer och projektledare f\u00f6r att bem\u00e4stra Planyards Professionella Paket\u2014t\u00e4cker budgetkontroll, ink\u00f6psorder och mer.","robots":{"index":"index","follow":"follow","max-snippet":"max-snippet:-1","max-image-preview":"max-image-preview:large","max-video-preview":"max-video-preview:-1"},"canonical":"https:\/\/planyard.com\/sv\/planyard-professionell-funktionalitet-traningsvideor","og_locale":"sv_SE","og_type":"article","og_title":"Planyard Professionell \u2013 Fullst\u00e4ndig Byggkostnadskontroll f\u00f6r V\u00e4xande Team","og_description":"Korta tr\u00e4ningsvideor f\u00f6r kalkylatorer och projektledare f\u00f6r att bem\u00e4stra Planyards Professionella Paket\u2014t\u00e4cker budgetkontroll, ink\u00f6psorder och mer.","og_url":"https:\/\/planyard.com\/sv\/planyard-professionell-funktionalitet-traningsvideor","og_site_name":"Planyard Sverige","article_modified_time":"2025-05-19T19:23:59+00:00","twitter_card":"summary_large_image","twitter_misc":{"Ber\u00e4knad l\u00e4stid":"1 minut"},"schema":{"@context":"https:\/\/schema.org","@graph":[{"@type":"WebPage","@id":"https:\/\/planyard.com\/sv\/planyard-professionell-funktionalitet-traningsvideor","url":"https:\/\/planyard.com\/sv\/planyard-professionell-funktionalitet-traningsvideor","name":"Planyard Professionell \u2013 Fullst\u00e4ndig Byggkostnadskontroll f\u00f6r V\u00e4xande Team","isPartOf":{"@id":"https:\/\/planyard.com\/sv#website"},"datePublished":"2025-04-03T10:02:17+00:00","dateModified":"2025-05-19T19:23:59+00:00","description":"Korta tr\u00e4ningsvideor f\u00f6r kalkylatorer och projektledare f\u00f6r att bem\u00e4stra Planyards Professionella Paket\u2014t\u00e4cker budgetkontroll, ink\u00f6psorder och mer.","breadcrumb":{"@id":"https:\/\/planyard.com\/sv\/planyard-professionell-funktionalitet-traningsvideor#breadcrumb"},"inLanguage":"sv-SE","potentialAction":[{"@type":"ReadAction","target":["https:\/\/planyard.com\/sv\/planyard-professionell-funktionalitet-traningsvideor"]}]},{"@type":"BreadcrumbList","@id":"https:\/\/planyard.com\/sv\/planyard-professionell-funktionalitet-traningsvideor#breadcrumb","itemListElement":[{"@type":"ListItem","position":1,"name":"Home","item":"https:\/\/planyard.com\/sv"},{"@type":"ListItem","position":2,"name":"Planyard Professionell Funktionalitet Tr\u00e4ningsvideor"}]},{"@type":"WebSite","@id":"https:\/\/planyard.com\/sv#website","url":"https:\/\/planyard.com\/sv","name":"Planyard Sverige","description":"","potentialAction":[{"@type":"SearchAction","target":{"@type":"EntryPoint","urlTemplate":"https:\/\/planyard.com\/sv?s={search_term_string}"},"query-input":{"@type":"PropertyValueSpecification","valueRequired":true,"valueName":"search_term_string"}}],"inLanguage":"sv-SE"}]}},"_links":{"self":[{"href":"https:\/\/planyard.com\/sv\/wp-json\/wp\/v2\/pages\/14182","targetHints":{"allow":["GET"]}}],"collection":[{"href":"https:\/\/planyard.com\/sv\/wp-json\/wp\/v2\/pages"}],"about":[{"href":"https:\/\/planyard.com\/sv\/wp-json\/wp\/v2\/types\/page"}],"author":[{"embeddable":true,"href":"https:\/\/planyard.com\/sv\/wp-json\/wp\/v2\/users\/4"}],"replies":[{"embeddable":true,"href":"https:\/\/planyard.com\/sv\/wp-json\/wp\/v2\/comments?post=14182"}],"version-history":[{"count":3,"href":"https:\/\/planyard.com\/sv\/wp-json\/wp\/v2\/pages\/14182\/revisions"}],"predecessor-version":[{"id":16474,"href":"https:\/\/planyard.com\/sv\/wp-json\/wp\/v2\/pages\/14182\/revisions\/16474"}],"wp:attachment":[{"href":"https:\/\/planyard.com\/sv\/wp-json\/wp\/v2\/media?parent=14182"}],"wp:term":[{"taxonomy":"page_intent","embeddable":true,"href":"https:\/\/planyard.com\/sv\/wp-json\/wp\/v2\/page_intent?post=14182"},{"taxonomy":"page_type","embeddable":true,"href":"https:\/\/planyard.com\/sv\/wp-json\/wp\/v2\/page_type?post=14182"}],"curies":[{"name":"wp","href":"https:\/\/api.w.org\/{rel}","templated":true}]}}