{"id":14178,"date":"2025-04-01T15:34:46","date_gmt":"2025-04-01T15:34:46","guid":{"rendered":"https:\/\/planyard.com\/planyard-essential-functionality-training-videos"},"modified":"2025-05-19T19:22:14","modified_gmt":"2025-05-19T19:22:14","slug":"planyard-grundlaggande-funktionalitetsutbildningsvideor","status":"publish","type":"page","link":"https:\/\/planyard.com\/sv\/planyard-grundlaggande-funktionalitetsutbildningsvideor","title":{"rendered":"Planyard Grundl\u00e4ggande Funktionalitetsutbildningsvideor"},"content":{"rendered":"\n<p>Kom ig\u00e5ng genom att titta p\u00e5 korta videor p\u00e5 3\u20134 minuter som \u00e4r utformade f\u00f6r projektledare och kalkylatorer att sj\u00e4lv l\u00e4ra sig de grundl\u00e4ggande arbetsfl\u00f6dena\u2014ingen installation eller utbildningssessioner kr\u00e4vs.<\/p>\n\n\n\n<h2 class=\"wp-block-heading\">Introduktion<\/h2>\n\n\n\n<figure class=\"wp-block-embed is-type-video is-provider-youtube wp-block-embed-youtube wp-embed-aspect-16-9 wp-has-aspect-ratio\"><div class=\"wp-block-embed__wrapper\">\n<iframe loading=\"lazy\" title=\"Planyard Essential Package: Ditch Spreadsheets &amp; Simplify Construction Cost Control\" width=\"500\" height=\"281\" src=\"https:\/\/www.youtube.com\/embed\/MmqEaSN7Y38?feature=oembed\" frameborder=\"0\" allow=\"accelerometer; autoplay; clipboard-write; encrypted-media; gyroscope; picture-in-picture; web-share\" referrerpolicy=\"strict-origin-when-cross-origin\" allowfullscreen><\/iframe>\n<\/div><\/figure>\n\n\n\n<h2 class=\"wp-block-heading\">Hantering av ink\u00f6psfakturor<\/h2>\n\n\n\n<p>Bearbeta enkelt ink\u00f6psfakturor, tilldela dem till budgetposter, synkronisera automatiskt med bokf\u00f6ringen och sp\u00e5ra projektkostnader i realtid \u2014 allt utan upprepade dataregistreringar.<\/p>\n\n\n\n<figure class=\"wp-block-embed is-type-video is-provider-youtube wp-block-embed-youtube wp-embed-aspect-16-9 wp-has-aspect-ratio\"><div class=\"wp-block-embed__wrapper\">\n<iframe loading=\"lazy\" title=\"Invoices processing on Planyard\" width=\"500\" height=\"281\" src=\"https:\/\/www.youtube.com\/embed\/cgVamRjQk1I?feature=oembed\" frameborder=\"0\" allow=\"accelerometer; autoplay; clipboard-write; encrypted-media; gyroscope; picture-in-picture; web-share\" referrerpolicy=\"strict-origin-when-cross-origin\" allowfullscreen><\/iframe>\n<\/div><\/figure>\n\n\n\n<h2 class=\"wp-block-heading\">\u00c4ndringsorder (Variationer)<\/h2>\n\n\n\n<p>Registrera enkelt klient\u00e4ndringsorder och underleverant\u00f6rs- och ink\u00f6psordervariationer. Sp\u00e5ra den ekonomiska p\u00e5verkan av varje f\u00f6r\u00e4ndring f\u00f6r att h\u00e5lla koll p\u00e5 l\u00f6nsamheten.<\/p>\n\n\n\n<figure class=\"wp-block-embed is-type-video is-provider-youtube wp-block-embed-youtube wp-embed-aspect-16-9 wp-has-aspect-ratio\"><div class=\"wp-block-embed__wrapper\">\n<iframe loading=\"lazy\" title=\"Construction change-orders (variations) management on Planyard software\" width=\"500\" height=\"281\" src=\"https:\/\/www.youtube.com\/embed\/6tACV4YQtas?feature=oembed\" frameborder=\"0\" allow=\"accelerometer; autoplay; clipboard-write; encrypted-media; gyroscope; picture-in-picture; web-share\" referrerpolicy=\"strict-origin-when-cross-origin\" allowfullscreen><\/iframe>\n<\/div><\/figure>\n\n\n\n<h2 class=\"wp-block-heading\">Budgetkontroll och prognoser (CVR)<\/h2>\n\n\n\n<p>F\u00f6rbered noggranna prognoser och CVR-rapporter, revidera budgetar vid behov, godk\u00e4nn fakturor och granska budgetavvikelser f\u00f6r att h\u00e5lla kontroll \u00f6ver ditt projekts ekonomiska h\u00e4lsa. Analysera l\u00f6nsamhetsprognoser med l\u00e4tthet.<\/p>\n\n\n\n<figure class=\"wp-block-embed is-type-video is-provider-youtube wp-block-embed-youtube wp-embed-aspect-16-9 wp-has-aspect-ratio\"><div class=\"wp-block-embed__wrapper\">\n<iframe loading=\"lazy\" title=\"Project cost control meeting how to video\" width=\"500\" height=\"281\" src=\"https:\/\/www.youtube.com\/embed\/oGkHgWPfIEo?feature=oembed\" frameborder=\"0\" allow=\"accelerometer; autoplay; clipboard-write; encrypted-media; gyroscope; picture-in-picture; web-share\" referrerpolicy=\"strict-origin-when-cross-origin\" allowfullscreen><\/iframe>\n<\/div><\/figure>\n\n\n\n<p><\/p>\n","protected":false},"excerpt":{"rendered":"<p>Kom ig\u00e5ng genom att titta p\u00e5 korta videor p\u00e5 3\u20134 minuter som \u00e4r utformade f\u00f6r projektledare och kalkylatorer att sj\u00e4lv l\u00e4ra sig de grundl\u00e4ggande arbetsfl\u00f6dena\u2014ingen installation eller utbildningssessioner kr\u00e4vs. Introduktion Hantering av ink\u00f6psfakturor Bearbeta enkelt ink\u00f6psfakturor, tilldela dem till budgetposter, synkronisera automatiskt med bokf\u00f6ringen och sp\u00e5ra projektkostnader i realtid \u2014 allt utan upprepade dataregistreringar. \u00c4ndringsorder&#8230;  <a class=\"excerpt-read-more\" href=\"https:\/\/planyard.com\/sv\/planyard-grundlaggande-funktionalitetsutbildningsvideor\" title=\"L\u00e4s  Planyard Grundl\u00e4ggande Funktionalitetsutbildningsvideor\">L\u00e4s mer &#8221;<\/a><\/p>\n","protected":false},"author":4,"featured_media":0,"parent":0,"menu_order":0,"comment_status":"closed","ping_status":"closed","template":"page-smallheader.php","meta":{"_acf_changed":false,"content-type":"","footnotes":""},"page_intent":[],"page_type":[],"class_list":["post-14178","page","type-page","status-publish","hentry"],"acf":[],"yoast_head":"<!-- This site is optimized with the Yoast SEO plugin v27.1.1 - https:\/\/yoast.com\/product\/yoast-seo-wordpress\/ -->\n<title>Planyard Grundl\u00e4ggande Funktionalitetsutbildningsvideor - Planyard Sverige<\/title>\n<meta name=\"description\" content=\"L\u00e4r dig hur du hanterar byggbudgetar, \u00e4ndringsorder och prognoser med korta videor p\u00e5 3\u20134 minuter f\u00f6r projektledare och kalkylatorer\u2014ingen installation eller utbildning kr\u00e4vs.\" \/>\n<meta name=\"robots\" content=\"index, follow, max-snippet:-1, max-image-preview:large, max-video-preview:-1\" \/>\n<link rel=\"canonical\" href=\"https:\/\/planyard.com\/sv\/planyard-grundlaggande-funktionalitetsutbildningsvideor\" \/>\n<meta property=\"og:locale\" content=\"sv_SE\" \/>\n<meta property=\"og:type\" content=\"article\" \/>\n<meta property=\"og:title\" content=\"Planyard Grundl\u00e4ggande Funktionalitetsutbildningsvideor - Planyard Sverige\" \/>\n<meta property=\"og:description\" content=\"L\u00e4r dig hur du hanterar byggbudgetar, \u00e4ndringsorder och prognoser med korta videor p\u00e5 3\u20134 minuter f\u00f6r projektledare och kalkylatorer\u2014ingen installation eller utbildning kr\u00e4vs.\" \/>\n<meta property=\"og:url\" content=\"https:\/\/planyard.com\/sv\/planyard-grundlaggande-funktionalitetsutbildningsvideor\" \/>\n<meta property=\"og:site_name\" content=\"Planyard Sverige\" \/>\n<meta property=\"article:modified_time\" content=\"2025-05-19T19:22:14+00:00\" \/>\n<meta name=\"twitter:card\" content=\"summary_large_image\" \/>\n<meta name=\"twitter:label1\" content=\"Ber\u00e4knad l\u00e4stid\" \/>\n\t<meta name=\"twitter:data1\" content=\"1 minut\" \/>\n<!-- \/ Yoast SEO plugin. -->","yoast_head_json":{"title":"Planyard Grundl\u00e4ggande Funktionalitetsutbildningsvideor - Planyard Sverige","description":"L\u00e4r dig hur du hanterar byggbudgetar, \u00e4ndringsorder och prognoser med korta videor p\u00e5 3\u20134 minuter f\u00f6r projektledare och kalkylatorer\u2014ingen installation eller utbildning kr\u00e4vs.","robots":{"index":"index","follow":"follow","max-snippet":"max-snippet:-1","max-image-preview":"max-image-preview:large","max-video-preview":"max-video-preview:-1"},"canonical":"https:\/\/planyard.com\/sv\/planyard-grundlaggande-funktionalitetsutbildningsvideor","og_locale":"sv_SE","og_type":"article","og_title":"Planyard Grundl\u00e4ggande Funktionalitetsutbildningsvideor - Planyard Sverige","og_description":"L\u00e4r dig hur du hanterar byggbudgetar, \u00e4ndringsorder och prognoser med korta videor p\u00e5 3\u20134 minuter f\u00f6r projektledare och kalkylatorer\u2014ingen installation eller utbildning kr\u00e4vs.","og_url":"https:\/\/planyard.com\/sv\/planyard-grundlaggande-funktionalitetsutbildningsvideor","og_site_name":"Planyard Sverige","article_modified_time":"2025-05-19T19:22:14+00:00","twitter_card":"summary_large_image","twitter_misc":{"Ber\u00e4knad l\u00e4stid":"1 minut"},"schema":{"@context":"https:\/\/schema.org","@graph":[{"@type":"WebPage","@id":"https:\/\/planyard.com\/sv\/planyard-grundlaggande-funktionalitetsutbildningsvideor","url":"https:\/\/planyard.com\/sv\/planyard-grundlaggande-funktionalitetsutbildningsvideor","name":"Planyard Grundl\u00e4ggande Funktionalitetsutbildningsvideor - Planyard Sverige","isPartOf":{"@id":"https:\/\/planyard.com\/sv#website"},"datePublished":"2025-04-01T15:34:46+00:00","dateModified":"2025-05-19T19:22:14+00:00","description":"L\u00e4r dig hur du hanterar byggbudgetar, \u00e4ndringsorder och prognoser med korta videor p\u00e5 3\u20134 minuter f\u00f6r projektledare och kalkylatorer\u2014ingen installation eller utbildning kr\u00e4vs.","breadcrumb":{"@id":"https:\/\/planyard.com\/sv\/planyard-grundlaggande-funktionalitetsutbildningsvideor#breadcrumb"},"inLanguage":"sv-SE","potentialAction":[{"@type":"ReadAction","target":["https:\/\/planyard.com\/sv\/planyard-grundlaggande-funktionalitetsutbildningsvideor"]}]},{"@type":"BreadcrumbList","@id":"https:\/\/planyard.com\/sv\/planyard-grundlaggande-funktionalitetsutbildningsvideor#breadcrumb","itemListElement":[{"@type":"ListItem","position":1,"name":"Home","item":"https:\/\/planyard.com\/sv"},{"@type":"ListItem","position":2,"name":"Planyard Grundl\u00e4ggande Funktionalitetsutbildningsvideor"}]},{"@type":"WebSite","@id":"https:\/\/planyard.com\/sv#website","url":"https:\/\/planyard.com\/sv","name":"Planyard Sverige","description":"","potentialAction":[{"@type":"SearchAction","target":{"@type":"EntryPoint","urlTemplate":"https:\/\/planyard.com\/sv?s={search_term_string}"},"query-input":{"@type":"PropertyValueSpecification","valueRequired":true,"valueName":"search_term_string"}}],"inLanguage":"sv-SE"}]}},"_links":{"self":[{"href":"https:\/\/planyard.com\/sv\/wp-json\/wp\/v2\/pages\/14178","targetHints":{"allow":["GET"]}}],"collection":[{"href":"https:\/\/planyard.com\/sv\/wp-json\/wp\/v2\/pages"}],"about":[{"href":"https:\/\/planyard.com\/sv\/wp-json\/wp\/v2\/types\/page"}],"author":[{"embeddable":true,"href":"https:\/\/planyard.com\/sv\/wp-json\/wp\/v2\/users\/4"}],"replies":[{"embeddable":true,"href":"https:\/\/planyard.com\/sv\/wp-json\/wp\/v2\/comments?post=14178"}],"version-history":[{"count":3,"href":"https:\/\/planyard.com\/sv\/wp-json\/wp\/v2\/pages\/14178\/revisions"}],"predecessor-version":[{"id":16466,"href":"https:\/\/planyard.com\/sv\/wp-json\/wp\/v2\/pages\/14178\/revisions\/16466"}],"wp:attachment":[{"href":"https:\/\/planyard.com\/sv\/wp-json\/wp\/v2\/media?parent=14178"}],"wp:term":[{"taxonomy":"page_intent","embeddable":true,"href":"https:\/\/planyard.com\/sv\/wp-json\/wp\/v2\/page_intent?post=14178"},{"taxonomy":"page_type","embeddable":true,"href":"https:\/\/planyard.com\/sv\/wp-json\/wp\/v2\/page_type?post=14178"}],"curies":[{"name":"wp","href":"https:\/\/api.w.org\/{rel}","templated":true}]}}