{"id":14177,"date":"2025-04-03T08:56:22","date_gmt":"2025-04-03T08:56:22","guid":{"rendered":"https:\/\/planyard.com\/planyard-cost-estimating-and-quoting-functionality-training-videos"},"modified":"2025-05-19T19:22:03","modified_gmt":"2025-05-19T19:22:03","slug":"planyard-kostnadsberakning-och-offertfunktionalitet-utbildningsvideor","status":"publish","type":"page","link":"https:\/\/planyard.com\/sv\/planyard-kostnadsberakning-och-offertfunktionalitet-utbildningsvideor","title":{"rendered":"Planyard Kostnadsber\u00e4kning och Offertfunktionalitet Utbildningsvideor"},"content":{"rendered":"\n<p>L\u00e4r dig att skapa exakta kostnadsber\u00e4kningar och professionella kundofferter i Planyard. Omvandla vunna offerter till aktiva projekt, f\u00f6lj upp ber\u00e4kningar mot verkliga kostnader och s\u00e4kerst\u00e4ll full kostnadskontroll fr\u00e5n dag ett. Perfekt f\u00f6r kalkylatorer och projektledare som l\u00e4mnar kalkylblad bakom sig.<\/p>\n\n\n\n<h2 class=\"wp-block-heading\">Introduktion<\/h2>\n\n\n\n<figure class=\"wp-block-embed is-type-video is-provider-youtube wp-block-embed-youtube wp-embed-aspect-16-9 wp-has-aspect-ratio\"><div class=\"wp-block-embed__wrapper\">\n<iframe loading=\"lazy\" title=\"Construction Cost Estimating and Quoting on Planyard Software\" width=\"500\" height=\"281\" src=\"https:\/\/www.youtube.com\/embed\/wvN-Tk-5CZs?feature=oembed\" frameborder=\"0\" allow=\"accelerometer; autoplay; clipboard-write; encrypted-media; gyroscope; picture-in-picture; web-share\" referrerpolicy=\"strict-origin-when-cross-origin\" allowfullscreen><\/iframe>\n<\/div><\/figure>\n","protected":false},"excerpt":{"rendered":"<p>L\u00e4r dig att skapa exakta kostnadsber\u00e4kningar och professionella kundofferter i Planyard. Omvandla vunna offerter till aktiva projekt, f\u00f6lj upp ber\u00e4kningar mot verkliga kostnader och s\u00e4kerst\u00e4ll full kostnadskontroll fr\u00e5n dag ett. Perfekt f\u00f6r kalkylatorer och projektledare som l\u00e4mnar kalkylblad bakom sig. Introduktion<\/p>\n","protected":false},"author":4,"featured_media":0,"parent":0,"menu_order":0,"comment_status":"closed","ping_status":"closed","template":"page-smallheader.php","meta":{"_acf_changed":false,"content-type":"","footnotes":""},"page_intent":[],"page_type":[],"class_list":["post-14177","page","type-page","status-publish","hentry"],"acf":[],"yoast_head":"<!-- This site is optimized with the Yoast SEO plugin v26.9 - https:\/\/yoast.com\/product\/yoast-seo-wordpress\/ -->\n<title>Planyard Ber\u00e4kning &amp; Offert \u2013 Videoutbildning f\u00f6r Kalkylatorer<\/title>\n<meta name=\"description\" content=\"Korta utbildningsvideor f\u00f6r kalkylatorer att skapa exakta kostnadsber\u00e4kningar och kundofferter. L\u00e4r dig effektivisera anbud och omvandla offerter till liveprojekt snabbt.\" \/>\n<meta name=\"robots\" content=\"index, follow, max-snippet:-1, max-image-preview:large, max-video-preview:-1\" \/>\n<link rel=\"canonical\" href=\"https:\/\/planyard.com\/sv\/planyard-kostnadsberakning-och-offertfunktionalitet-utbildningsvideor\" \/>\n<meta property=\"og:locale\" content=\"sv_SE\" \/>\n<meta property=\"og:type\" content=\"article\" \/>\n<meta property=\"og:title\" content=\"Planyard Ber\u00e4kning &amp; Offert \u2013 Videoutbildning f\u00f6r Kalkylatorer\" \/>\n<meta property=\"og:description\" content=\"Korta utbildningsvideor f\u00f6r kalkylatorer att skapa exakta kostnadsber\u00e4kningar och kundofferter. L\u00e4r dig effektivisera anbud och omvandla offerter till liveprojekt snabbt.\" \/>\n<meta property=\"og:url\" content=\"https:\/\/planyard.com\/sv\/planyard-kostnadsberakning-och-offertfunktionalitet-utbildningsvideor\" \/>\n<meta property=\"og:site_name\" content=\"Planyard Sverige\" \/>\n<meta property=\"article:modified_time\" content=\"2025-05-19T19:22:03+00:00\" \/>\n<meta name=\"twitter:card\" content=\"summary_large_image\" \/>\n<meta name=\"twitter:label1\" content=\"Ber\u00e4knad l\u00e4stid\" \/>\n\t<meta name=\"twitter:data1\" content=\"1 minut\" \/>\n<!-- \/ Yoast SEO plugin. -->","yoast_head_json":{"title":"Planyard Ber\u00e4kning & Offert \u2013 Videoutbildning f\u00f6r Kalkylatorer","description":"Korta utbildningsvideor f\u00f6r kalkylatorer att skapa exakta kostnadsber\u00e4kningar och kundofferter. L\u00e4r dig effektivisera anbud och omvandla offerter till liveprojekt snabbt.","robots":{"index":"index","follow":"follow","max-snippet":"max-snippet:-1","max-image-preview":"max-image-preview:large","max-video-preview":"max-video-preview:-1"},"canonical":"https:\/\/planyard.com\/sv\/planyard-kostnadsberakning-och-offertfunktionalitet-utbildningsvideor","og_locale":"sv_SE","og_type":"article","og_title":"Planyard Ber\u00e4kning & Offert \u2013 Videoutbildning f\u00f6r Kalkylatorer","og_description":"Korta utbildningsvideor f\u00f6r kalkylatorer att skapa exakta kostnadsber\u00e4kningar och kundofferter. L\u00e4r dig effektivisera anbud och omvandla offerter till liveprojekt snabbt.","og_url":"https:\/\/planyard.com\/sv\/planyard-kostnadsberakning-och-offertfunktionalitet-utbildningsvideor","og_site_name":"Planyard Sverige","article_modified_time":"2025-05-19T19:22:03+00:00","twitter_card":"summary_large_image","twitter_misc":{"Ber\u00e4knad l\u00e4stid":"1 minut"},"schema":{"@context":"https:\/\/schema.org","@graph":[{"@type":"WebPage","@id":"https:\/\/planyard.com\/sv\/planyard-kostnadsberakning-och-offertfunktionalitet-utbildningsvideor","url":"https:\/\/planyard.com\/sv\/planyard-kostnadsberakning-och-offertfunktionalitet-utbildningsvideor","name":"Planyard Ber\u00e4kning & Offert \u2013 Videoutbildning f\u00f6r Kalkylatorer","isPartOf":{"@id":"https:\/\/planyard.com\/sv#website"},"datePublished":"2025-04-03T08:56:22+00:00","dateModified":"2025-05-19T19:22:03+00:00","description":"Korta utbildningsvideor f\u00f6r kalkylatorer att skapa exakta kostnadsber\u00e4kningar och kundofferter. L\u00e4r dig effektivisera anbud och omvandla offerter till liveprojekt snabbt.","breadcrumb":{"@id":"https:\/\/planyard.com\/sv\/planyard-kostnadsberakning-och-offertfunktionalitet-utbildningsvideor#breadcrumb"},"inLanguage":"sv-SE","potentialAction":[{"@type":"ReadAction","target":["https:\/\/planyard.com\/sv\/planyard-kostnadsberakning-och-offertfunktionalitet-utbildningsvideor"]}]},{"@type":"BreadcrumbList","@id":"https:\/\/planyard.com\/sv\/planyard-kostnadsberakning-och-offertfunktionalitet-utbildningsvideor#breadcrumb","itemListElement":[{"@type":"ListItem","position":1,"name":"Home","item":"https:\/\/planyard.com\/sv"},{"@type":"ListItem","position":2,"name":"Planyard Kostnadsber\u00e4kning och Offertfunktionalitet Utbildningsvideor"}]},{"@type":"WebSite","@id":"https:\/\/planyard.com\/sv#website","url":"https:\/\/planyard.com\/sv","name":"Planyard Sverige","description":"","potentialAction":[{"@type":"SearchAction","target":{"@type":"EntryPoint","urlTemplate":"https:\/\/planyard.com\/sv?s={search_term_string}"},"query-input":{"@type":"PropertyValueSpecification","valueRequired":true,"valueName":"search_term_string"}}],"inLanguage":"sv-SE"}]}},"_links":{"self":[{"href":"https:\/\/planyard.com\/sv\/wp-json\/wp\/v2\/pages\/14177","targetHints":{"allow":["GET"]}}],"collection":[{"href":"https:\/\/planyard.com\/sv\/wp-json\/wp\/v2\/pages"}],"about":[{"href":"https:\/\/planyard.com\/sv\/wp-json\/wp\/v2\/types\/page"}],"author":[{"embeddable":true,"href":"https:\/\/planyard.com\/sv\/wp-json\/wp\/v2\/users\/4"}],"replies":[{"embeddable":true,"href":"https:\/\/planyard.com\/sv\/wp-json\/wp\/v2\/comments?post=14177"}],"version-history":[{"count":3,"href":"https:\/\/planyard.com\/sv\/wp-json\/wp\/v2\/pages\/14177\/revisions"}],"predecessor-version":[{"id":16464,"href":"https:\/\/planyard.com\/sv\/wp-json\/wp\/v2\/pages\/14177\/revisions\/16464"}],"wp:attachment":[{"href":"https:\/\/planyard.com\/sv\/wp-json\/wp\/v2\/media?parent=14177"}],"wp:term":[{"taxonomy":"page_intent","embeddable":true,"href":"https:\/\/planyard.com\/sv\/wp-json\/wp\/v2\/page_intent?post=14177"},{"taxonomy":"page_type","embeddable":true,"href":"https:\/\/planyard.com\/sv\/wp-json\/wp\/v2\/page_type?post=14177"}],"curies":[{"name":"wp","href":"https:\/\/api.w.org\/{rel}","templated":true}]}}