{"id":14168,"date":"2024-08-26T08:24:21","date_gmt":"2024-08-26T08:24:21","guid":{"rendered":"https:\/\/planyard.com\/partners"},"modified":"2025-05-19T19:21:12","modified_gmt":"2025-05-19T19:21:12","slug":"partnerprogram","status":"publish","type":"page","link":"https:\/\/planyard.com\/sv\/partnerprogram","title":{"rendered":"Partnerprogram"},"content":{"rendered":"\n<div class=\"wp-block-group\"><div class=\"wp-block-group__inner-container is-layout-constrained wp-block-group-is-layout-constrained\">\n<h3 class=\"wp-block-heading\">Huvudentrepren\u00f6rers problem<\/h3>\n\n\n\n<p>Det \u00e4r ganska vanligt att huvudentrepren\u00f6rer f\u00f6rst efter projektets slut vet om det var l\u00f6nsamt. \u00c4ven i efterhand \u00e4r det mycket sv\u00e5rt att avg\u00f6ra vad som gick r\u00e4tt eller fel.<\/p>\n\n\n\n<p>Underentrepren\u00f6rers framstegsrapporter, fakturor och kontrakt \u00e4r utspridda mellan hundratals mejl och dussintals mappar, och budgetar hanteras i Excel. Att f\u00e5 en faktura eller framstegsrapport godk\u00e4nd inneb\u00e4r ofta att man m\u00e5ste jaga folk i veckor (f\u00f6rutsatt att den inte gl\u00f6ms bort).<\/p>\n\n\n\n<p>Detta \u00e4r frustrerande f\u00f6r projektledare men ocks\u00e5 f\u00f6r ledningen och ekonomerna.<\/p>\n\n\n\n<p>Det inneb\u00e4r ocks\u00e5 att det inte finns n\u00e5gra standardiserade processer i budgethanteringen, vilket g\u00f6r det sv\u00e5rt att v\u00e4xa verksamheten.<\/p>\n\n\n\n<p>Som Planyard-partner kan du hj\u00e4lpa till att f\u00f6r\u00e4ndra detta.<\/p>\n\n\n\n<h3 class=\"wp-block-heading\">Tv\u00e5 s\u00e4tt att samarbeta med Planyard<\/h3>\n\n\n\n<p>B\u00e5de affiliates och experter har tillg\u00e5ng till f\u00f6rs\u00e4ljnings- och marknadsf\u00f6ringsresurser f\u00f6r att hj\u00e4lpa till att s\u00e4lja Planyard.<\/p>\n\n\n\n<p>Experter f\u00e5r ytterligare utbildning i att implementera Planyard.<\/p>\n\n\n\n<h4 class=\"wp-block-heading\">Affiliates<\/h4>\n\n\n\n<ul class=\"wp-block-list\">\n<li>Referera potentiella kunder till Planyard med en speciell kampanjkod<\/li>\n\n\n\n<li>Vi tar hand om deras onboarding<\/li>\n\n\n\n<li><strong>Tj\u00e4na 30% av kundernas int\u00e4kter under det f\u00f6rsta \u00e5ret<\/strong><\/li>\n<\/ul>\n\n\n\n<h4 class=\"wp-block-heading\">Experter<\/h4>\n\n\n\n<ul class=\"wp-block-list\">\n<li>Referera potentiella kunder till Planyard med en speciell kampanjkod<\/li>\n\n\n\n<li>Ge onboarding och support under det f\u00f6rsta \u00e5ret<\/li>\n\n\n\n<li><strong>Tj\u00e4na 20% av kundernas livstidsv\u00e4rde<\/strong><\/li>\n<\/ul>\n<\/div><\/div>\n\n\n\n<div class=\"wp-block-group\"><div class=\"wp-block-group__inner-container is-layout-constrained wp-block-group-is-layout-constrained\">\n<h3 class=\"wp-block-heading\">Kontakta oss<\/h3>\n\n\n\n<p>Kontakta oss via e-post p\u00e5 info@planyard.com<\/p>\n<\/div><\/div>\n","protected":false},"excerpt":{"rendered":"<p>Huvudentrepren\u00f6rers problem Det \u00e4r ganska vanligt att huvudentrepren\u00f6rer f\u00f6rst efter projektets slut vet om det var l\u00f6nsamt. \u00c4ven i efterhand \u00e4r det mycket sv\u00e5rt att avg\u00f6ra vad som gick r\u00e4tt eller fel. Underentrepren\u00f6rers framstegsrapporter, fakturor och kontrakt \u00e4r utspridda mellan hundratals mejl och dussintals mappar, och budgetar hanteras i Excel. Att f\u00e5 en faktura eller&#8230;  <a class=\"excerpt-read-more\" href=\"https:\/\/planyard.com\/sv\/partnerprogram\" title=\"L\u00e4s  Partnerprogram\">L\u00e4s mer &#8221;<\/a><\/p>\n","protected":false},"author":2,"featured_media":0,"parent":0,"menu_order":0,"comment_status":"closed","ping_status":"closed","template":"","meta":{"_acf_changed":false,"content-type":"","footnotes":""},"page_intent":[185],"page_type":[],"class_list":["post-14168","page","type-page","status-publish","hentry"],"acf":[],"yoast_head":"<!-- This site is optimized with the Yoast SEO plugin v26.9 - https:\/\/yoast.com\/product\/yoast-seo-wordpress\/ -->\n<title>Partnerprogram - Planyard Sverige<\/title>\n<meta name=\"description\" content=\"Planyard partnerprogram f\u00f6r konsulter, mjukvaru\u00e5terf\u00f6rs\u00e4ljare och teknologipartners. Hj\u00e4lp till att s\u00e4lja Planyard och tj\u00e4na en procentandel.\" \/>\n<meta name=\"robots\" content=\"index, follow, max-snippet:-1, max-image-preview:large, max-video-preview:-1\" \/>\n<link rel=\"canonical\" href=\"https:\/\/planyard.com\/sv\/partnerprogram\" \/>\n<meta property=\"og:locale\" content=\"sv_SE\" \/>\n<meta property=\"og:type\" content=\"article\" \/>\n<meta property=\"og:title\" content=\"Partnerprogram - Planyard Sverige\" \/>\n<meta property=\"og:description\" content=\"Planyard partnerprogram f\u00f6r konsulter, mjukvaru\u00e5terf\u00f6rs\u00e4ljare och teknologipartners. Hj\u00e4lp till att s\u00e4lja Planyard och tj\u00e4na en procentandel.\" \/>\n<meta property=\"og:url\" content=\"https:\/\/planyard.com\/sv\/partnerprogram\" \/>\n<meta property=\"og:site_name\" content=\"Planyard Sverige\" \/>\n<meta property=\"article:modified_time\" content=\"2025-05-19T19:21:12+00:00\" \/>\n<meta name=\"twitter:card\" content=\"summary_large_image\" \/>\n<meta name=\"twitter:label1\" content=\"Ber\u00e4knad l\u00e4stid\" \/>\n\t<meta name=\"twitter:data1\" content=\"1 minut\" \/>\n<!-- \/ Yoast SEO plugin. -->","yoast_head_json":{"title":"Partnerprogram - Planyard Sverige","description":"Planyard partnerprogram f\u00f6r konsulter, mjukvaru\u00e5terf\u00f6rs\u00e4ljare och teknologipartners. Hj\u00e4lp till att s\u00e4lja Planyard och tj\u00e4na en procentandel.","robots":{"index":"index","follow":"follow","max-snippet":"max-snippet:-1","max-image-preview":"max-image-preview:large","max-video-preview":"max-video-preview:-1"},"canonical":"https:\/\/planyard.com\/sv\/partnerprogram","og_locale":"sv_SE","og_type":"article","og_title":"Partnerprogram - Planyard Sverige","og_description":"Planyard partnerprogram f\u00f6r konsulter, mjukvaru\u00e5terf\u00f6rs\u00e4ljare och teknologipartners. Hj\u00e4lp till att s\u00e4lja Planyard och tj\u00e4na en procentandel.","og_url":"https:\/\/planyard.com\/sv\/partnerprogram","og_site_name":"Planyard Sverige","article_modified_time":"2025-05-19T19:21:12+00:00","twitter_card":"summary_large_image","twitter_misc":{"Ber\u00e4knad l\u00e4stid":"1 minut"},"schema":{"@context":"https:\/\/schema.org","@graph":[{"@type":"WebPage","@id":"https:\/\/planyard.com\/sv\/partnerprogram","url":"https:\/\/planyard.com\/sv\/partnerprogram","name":"Partnerprogram - Planyard Sverige","isPartOf":{"@id":"https:\/\/planyard.com\/sv#website"},"datePublished":"2024-08-26T08:24:21+00:00","dateModified":"2025-05-19T19:21:12+00:00","description":"Planyard partnerprogram f\u00f6r konsulter, mjukvaru\u00e5terf\u00f6rs\u00e4ljare och teknologipartners. Hj\u00e4lp till att s\u00e4lja Planyard och tj\u00e4na en procentandel.","breadcrumb":{"@id":"https:\/\/planyard.com\/sv\/partnerprogram#breadcrumb"},"inLanguage":"sv-SE","potentialAction":[{"@type":"ReadAction","target":["https:\/\/planyard.com\/sv\/partnerprogram"]}]},{"@type":"BreadcrumbList","@id":"https:\/\/planyard.com\/sv\/partnerprogram#breadcrumb","itemListElement":[{"@type":"ListItem","position":1,"name":"Home","item":"https:\/\/planyard.com\/sv"},{"@type":"ListItem","position":2,"name":"Partnerprogram"}]},{"@type":"WebSite","@id":"https:\/\/planyard.com\/sv#website","url":"https:\/\/planyard.com\/sv","name":"Planyard Sverige","description":"","potentialAction":[{"@type":"SearchAction","target":{"@type":"EntryPoint","urlTemplate":"https:\/\/planyard.com\/sv?s={search_term_string}"},"query-input":{"@type":"PropertyValueSpecification","valueRequired":true,"valueName":"search_term_string"}}],"inLanguage":"sv-SE"}]}},"_links":{"self":[{"href":"https:\/\/planyard.com\/sv\/wp-json\/wp\/v2\/pages\/14168","targetHints":{"allow":["GET"]}}],"collection":[{"href":"https:\/\/planyard.com\/sv\/wp-json\/wp\/v2\/pages"}],"about":[{"href":"https:\/\/planyard.com\/sv\/wp-json\/wp\/v2\/types\/page"}],"author":[{"embeddable":true,"href":"https:\/\/planyard.com\/sv\/wp-json\/wp\/v2\/users\/2"}],"replies":[{"embeddable":true,"href":"https:\/\/planyard.com\/sv\/wp-json\/wp\/v2\/comments?post=14168"}],"version-history":[{"count":3,"href":"https:\/\/planyard.com\/sv\/wp-json\/wp\/v2\/pages\/14168\/revisions"}],"predecessor-version":[{"id":16457,"href":"https:\/\/planyard.com\/sv\/wp-json\/wp\/v2\/pages\/14168\/revisions\/16457"}],"wp:attachment":[{"href":"https:\/\/planyard.com\/sv\/wp-json\/wp\/v2\/media?parent=14168"}],"wp:term":[{"taxonomy":"page_intent","embeddable":true,"href":"https:\/\/planyard.com\/sv\/wp-json\/wp\/v2\/page_intent?post=14168"},{"taxonomy":"page_type","embeddable":true,"href":"https:\/\/planyard.com\/sv\/wp-json\/wp\/v2\/page_type?post=14168"}],"curies":[{"name":"wp","href":"https:\/\/api.w.org\/{rel}","templated":true}]}}