{"id":14166,"date":"2024-08-26T07:20:15","date_gmt":"2024-08-26T07:20:15","guid":{"rendered":"https:\/\/planyard.com\/nahb-cost-codes"},"modified":"2025-06-03T18:16:00","modified_gmt":"2025-06-03T18:16:00","slug":"nahb-kostnadskoder","status":"publish","type":"page","link":"https:\/\/planyard.com\/sv\/nahb-kostnadskoder","title":{"rendered":"NAHB-kostnadskoder"},"content":{"rendered":"\n<div class=\"wp-block-media-text alignwide has-media-on-the-right is-stacked-on-mobile\" style=\"grid-template-columns:auto 49%\"><div class=\"wp-block-media-text__content\">\n<p><br>NAHB-kostnadskoder \u00e4r en standardiserad upps\u00e4ttning koder definierade av <a href=\"https:\/\/www.nahb.org\">National Association of Home Builders<\/a> f\u00f6r att sp\u00e5ra, hantera och rapportera finansiella och projektdata. Dessa koder effektiviserar datastyrning \u00f6ver hela f\u00f6retaget och gynnar alla intressenter, inklusive kalkylatorer, projektledare och ekonomiavdelningen. Den standardiserade strukturen hj\u00e4lper till att uppskatta kostnader baserat p\u00e5 tidigare projekt och f\u00f6renklar den ekonomiska projektstyrningen.<\/p>\n<\/div><figure class=\"wp-block-media-text__media\"><img loading=\"lazy\" decoding=\"async\" width=\"1010\" height=\"1006\" src=\"https:\/\/planyard.com\/wp-content\/uploads\/2024\/10\/NAHB_cost_codes.jpg\" alt=\"NAHB cost codes with sections and lower parts\" class=\"wp-image-2296 size-full\" srcset=\"https:\/\/planyard.com\/wp-content\/uploads\/2024\/10\/NAHB_cost_codes.jpg 1010w, https:\/\/planyard.com\/wp-content\/uploads\/2024\/10\/NAHB_cost_codes-150x150.jpg 150w\" sizes=\"auto, (max-width: 1010px) 100vw, 1010px\" \/><\/figure><\/div>\n\n\n\n<div class=\"wp-block-group\"><div class=\"wp-block-group__inner-container is-layout-constrained wp-block-group-is-layout-constrained\">\n<h2 class=\"wp-block-heading has-text-align-center paddedHeading\" id=\"benefits-of-using-construction-cost-codes\">F\u00f6rdelar med att anv\u00e4nda byggkostnadskoder<\/h2>\n\n\n\n<div class=\"wp-block-columns is-layout-flex wp-container-core-columns-is-layout-9d6595d7 wp-block-columns-is-layout-flex\">\n<div class=\"wp-block-column is-layout-flow wp-block-column-is-layout-flow\">\n<h4 class=\"wp-block-heading\" id=\"cost-control\">Kostnadskontroll<\/h4>\n\n\n\n<p>Snabbt och enkelt s\u00e4tt att identifiera och analysera hur pengar spenderas p\u00e5 projektet.<\/p>\n<\/div>\n\n\n\n<div class=\"wp-block-column is-layout-flow wp-block-column-is-layout-flow\">\n<h4 class=\"wp-block-heading\" id=\"kpis-tracking\">Sp\u00e5rning av nyckeltal<\/h4>\n\n\n\n<p>Sp\u00e5ra och hantera nyckeltal som uppskattad kostnad, kostnadsuppskattning, nuvarande kostnader och mer.<\/p>\n<\/div>\n\n\n\n<div class=\"wp-block-column is-layout-flow wp-block-column-is-layout-flow\">\n<h4 class=\"wp-block-heading\" id=\"ideal-for-companywide-use\">Anv\u00e4ndning i hela f\u00f6retaget<\/h4>\n\n\n\n<p>Att anv\u00e4nda samma koder i hela f\u00f6retaget g\u00f6r det enkelt att sp\u00e5ra och analysera kostnader, fel och prognoser f\u00f6r alla intressenter.<\/p>\n<\/div>\n<\/div>\n\n\n\n<div class=\"wp-block-columns is-layout-flex wp-container-core-columns-is-layout-9d6595d7 wp-block-columns-is-layout-flex\">\n<div class=\"wp-block-column is-layout-flow wp-block-column-is-layout-flow\">\n<h4 class=\"wp-block-heading\" id=\"visualize-profit-centers\">Visualisera vinstcentra<\/h4>\n\n\n\n<p>Helhetsanalys f\u00f6r att visualisera vinstcentra och problemomr\u00e5den.<\/p>\n<\/div>\n\n\n\n<div class=\"wp-block-column is-layout-flow wp-block-column-is-layout-flow\">\n<h4 class=\"wp-block-heading\" id=\"estimating\">Kostnadsber\u00e4kning<\/h4>\n\n\n\n<p>Ger struktur och tillg\u00e5ng f\u00f6r att f\u00f6lja kostnader i realtid f\u00f6r att st\u00e4lla mer exakta och realistiska uppskattningar.<\/p>\n<\/div>\n\n\n\n<div class=\"wp-block-column is-layout-flow wp-block-column-is-layout-flow\">\n<h4 class=\"wp-block-heading\" id=\"real-time-tracking\">Sp\u00e5rning i realtid<\/h4>\n\n\n\n<p>L\u00e5ter ledningen f\u00e5 en tydlig \u00f6versikt \u00f6ver arbetet och h\u00e5lla alla intressenter engagerade.<\/p>\n<\/div>\n<\/div>\n<\/div><\/div>\n\n\n\n<h2 class=\"wp-block-heading has-text-align-center paddedHeading\" id=\"cost-codes-are-hierarchical-and-chronological\">Kostnadskoder \u00e4r hierarkiska och kronologiska<\/h2>\n\n\n\n<div class=\"wp-block-media-text alignwide has-media-on-the-right is-stacked-on-mobile\"><div class=\"wp-block-media-text__content\">\n<p>Du kan se att jobben \u00e4r uppdelade i termer av struktur och i kronologisk ordning. NAHB har definierat kostnadskoderna v\u00e4l s\u00e5 att de st\u00f6rre arbetssektionerna inneh\u00e5ller mindre delar.<\/p>\n\n\n\n<p>Tack vare detta kan du enkelt se projektets framsteg och l\u00f6nsamhet i olika faser. Detta inneb\u00e4r att du redan kan se hur mycket vinst n\u00e5gra av de f\u00f6rsta arbetena kommer att ge innan projektet \u00e4r avslutat.<\/p>\n<\/div><figure class=\"wp-block-media-text__media\"><img loading=\"lazy\" decoding=\"async\" width=\"736\" height=\"890\" src=\"https:\/\/planyard.com\/wp-content\/uploads\/2024\/10\/NAHB_cost_code_job_sections.jpg\" alt=\"NAHB cost code job sections\" class=\"wp-image-2294 size-full\"\/><\/figure><\/div>\n\n\n\n<h2 class=\"wp-block-heading has-text-align-center paddedHeading\" id=\"where-can-you-get-a-list-of-nahb-cost-codes\">Var kan du f\u00e5 en lista \u00f6ver NAHB-kostnadskoder?<\/h2>\n\n\n\n<div class=\"wp-block-buttons is-content-justification-center is-layout-flex wp-container-core-buttons-is-layout-16018d1d wp-block-buttons-is-layout-flex\">\n<div class=\"wp-block-button\"><a class=\"wp-block-button__link wp-element-button\" href=\"https:\/\/planyard.com\/sv\/fa-dina-kostnadskoder-fran-nahb-gratis\">F\u00e5 NAHB Byggkostnadskoder Gratis<\/a><\/div>\n<\/div>\n\n\n\n<h3 class=\"wp-block-heading has-text-align-center\">Planyard-entrepren\u00f6rsprogramvara hj\u00e4lper ambiti\u00f6sa team att n\u00e5 sina m\u00e5l och p\u00e5skynda sin tillv\u00e4xt.<\/h3>\n\n\n\n<div class=\"wp-block-media-text alignwide has-media-on-the-right is-stacked-on-mobile is-vertically-aligned-center\"><div class=\"wp-block-media-text__content\">\n<ul class=\"wp-block-list\">\n<li>Inga fler kalkylblad<\/li>\n\n\n\n<li>Sparar projektledares och kalkylatorers tid<\/li>\n\n\n\n<li>Enkelt att implementera och anv\u00e4nda<\/li>\n\n\n\n<li>Exakta och aktuella finansiella prognoser<\/li>\n\n\n\n<li>Ingen mer dubbel datainmatning<\/li>\n<\/ul>\n<\/div><figure class=\"wp-block-media-text__media\"><img loading=\"lazy\" decoding=\"async\" width=\"1024\" height=\"598\" src=\"https:\/\/planyard.com\/wp-content\/uploads\/2024\/09\/construction-project-management-software-macbook-iphone-1_reduced-1024x598-1.webp\" alt=\"\" class=\"wp-image-1980 size-large\"\/><\/figure><\/div>\n","protected":false},"excerpt":{"rendered":"<p>NAHB-kostnadskoder \u00e4r en standardiserad upps\u00e4ttning koder definierade av National Association of Home Builders f\u00f6r att sp\u00e5ra, hantera och rapportera finansiella och projektdata. Dessa koder effektiviserar datastyrning \u00f6ver hela f\u00f6retaget och gynnar alla intressenter, inklusive kalkylatorer, projektledare och ekonomiavdelningen. Den standardiserade strukturen hj\u00e4lper till att uppskatta kostnader baserat p\u00e5 tidigare projekt och f\u00f6renklar den ekonomiska projektstyrningen&#8230;.  <a class=\"excerpt-read-more\" href=\"https:\/\/planyard.com\/sv\/nahb-kostnadskoder\" title=\"L\u00e4s  NAHB-kostnadskoder\">L\u00e4s mer &#8221;<\/a><\/p>\n","protected":false},"author":2,"featured_media":0,"parent":0,"menu_order":0,"comment_status":"closed","ping_status":"closed","template":"","meta":{"_acf_changed":false,"content-type":"","footnotes":""},"page_intent":[170],"page_type":[],"class_list":["post-14166","page","type-page","status-publish","hentry"],"acf":[],"yoast_head":"<!-- This site is optimized with the Yoast SEO plugin v27.1.1 - https:\/\/yoast.com\/product\/yoast-seo-wordpress\/ -->\n<title>NAHB-kostnadskoder - Guide och Gratis Mall<\/title>\n<meta name=\"description\" content=\"Ladda ner NAHB byggkostnadskoder gratis och h\u00e5ll koll p\u00e5 dina projektkostnader enkelt. Standardisera dina processer f\u00f6r transparens.\" \/>\n<meta name=\"robots\" content=\"index, follow, max-snippet:-1, max-image-preview:large, max-video-preview:-1\" \/>\n<link rel=\"canonical\" href=\"https:\/\/planyard.com\/sv\/nahb-kostnadskoder\" \/>\n<meta property=\"og:locale\" content=\"sv_SE\" \/>\n<meta property=\"og:type\" content=\"article\" \/>\n<meta property=\"og:title\" content=\"NAHB-kostnadskoder - Guide och Gratis Mall\" \/>\n<meta property=\"og:description\" content=\"Ladda ner NAHB byggkostnadskoder gratis och h\u00e5ll koll p\u00e5 dina projektkostnader enkelt. Standardisera dina processer f\u00f6r transparens.\" \/>\n<meta property=\"og:url\" content=\"https:\/\/planyard.com\/sv\/nahb-kostnadskoder\" \/>\n<meta property=\"og:site_name\" content=\"Planyard Sverige\" \/>\n<meta property=\"article:modified_time\" content=\"2025-06-03T18:16:00+00:00\" \/>\n<meta property=\"og:image\" content=\"https:\/\/planyard.com\/wp-content\/uploads\/2024\/10\/NAHB_cost_codes.jpg\" \/>\n\t<meta property=\"og:image:width\" content=\"1010\" \/>\n\t<meta property=\"og:image:height\" content=\"1006\" \/>\n\t<meta property=\"og:image:type\" content=\"image\/jpeg\" \/>\n<meta name=\"twitter:card\" content=\"summary_large_image\" \/>\n<meta name=\"twitter:label1\" content=\"Ber\u00e4knad l\u00e4stid\" \/>\n\t<meta name=\"twitter:data1\" content=\"2 minuter\" \/>\n<!-- \/ Yoast SEO plugin. -->","yoast_head_json":{"title":"NAHB-kostnadskoder - Guide och Gratis Mall","description":"Ladda ner NAHB byggkostnadskoder gratis och h\u00e5ll koll p\u00e5 dina projektkostnader enkelt. Standardisera dina processer f\u00f6r transparens.","robots":{"index":"index","follow":"follow","max-snippet":"max-snippet:-1","max-image-preview":"max-image-preview:large","max-video-preview":"max-video-preview:-1"},"canonical":"https:\/\/planyard.com\/sv\/nahb-kostnadskoder","og_locale":"sv_SE","og_type":"article","og_title":"NAHB-kostnadskoder - Guide och Gratis Mall","og_description":"Ladda ner NAHB byggkostnadskoder gratis och h\u00e5ll koll p\u00e5 dina projektkostnader enkelt. Standardisera dina processer f\u00f6r transparens.","og_url":"https:\/\/planyard.com\/sv\/nahb-kostnadskoder","og_site_name":"Planyard Sverige","article_modified_time":"2025-06-03T18:16:00+00:00","og_image":[{"width":1010,"height":1006,"url":"https:\/\/planyard.com\/wp-content\/uploads\/2024\/10\/NAHB_cost_codes.jpg","type":"image\/jpeg"}],"twitter_card":"summary_large_image","twitter_misc":{"Ber\u00e4knad l\u00e4stid":"2 minuter"},"schema":{"@context":"https:\/\/schema.org","@graph":[{"@type":"WebPage","@id":"https:\/\/planyard.com\/sv\/nahb-kostnadskoder","url":"https:\/\/planyard.com\/sv\/nahb-kostnadskoder","name":"NAHB-kostnadskoder - Guide och Gratis Mall","isPartOf":{"@id":"https:\/\/planyard.com\/sv#website"},"primaryImageOfPage":{"@id":"https:\/\/planyard.com\/sv\/nahb-kostnadskoder#primaryimage"},"image":{"@id":"https:\/\/planyard.com\/sv\/nahb-kostnadskoder#primaryimage"},"thumbnailUrl":"https:\/\/planyard.com\/wp-content\/uploads\/2024\/10\/NAHB_cost_codes.jpg","datePublished":"2024-08-26T07:20:15+00:00","dateModified":"2025-06-03T18:16:00+00:00","description":"Ladda ner NAHB byggkostnadskoder gratis och h\u00e5ll koll p\u00e5 dina projektkostnader enkelt. Standardisera dina processer f\u00f6r transparens.","breadcrumb":{"@id":"https:\/\/planyard.com\/sv\/nahb-kostnadskoder#breadcrumb"},"inLanguage":"sv-SE","potentialAction":[{"@type":"ReadAction","target":["https:\/\/planyard.com\/sv\/nahb-kostnadskoder"]}]},{"@type":"ImageObject","inLanguage":"sv-SE","@id":"https:\/\/planyard.com\/sv\/nahb-kostnadskoder#primaryimage","url":"https:\/\/planyard.com\/wp-content\/uploads\/2024\/10\/NAHB_cost_codes.jpg","contentUrl":"https:\/\/planyard.com\/wp-content\/uploads\/2024\/10\/NAHB_cost_codes.jpg"},{"@type":"BreadcrumbList","@id":"https:\/\/planyard.com\/sv\/nahb-kostnadskoder#breadcrumb","itemListElement":[{"@type":"ListItem","position":1,"name":"Home","item":"https:\/\/planyard.com\/sv"},{"@type":"ListItem","position":2,"name":"NAHB-kostnadskoder"}]},{"@type":"WebSite","@id":"https:\/\/planyard.com\/sv#website","url":"https:\/\/planyard.com\/sv","name":"Planyard Sverige","description":"","potentialAction":[{"@type":"SearchAction","target":{"@type":"EntryPoint","urlTemplate":"https:\/\/planyard.com\/sv?s={search_term_string}"},"query-input":{"@type":"PropertyValueSpecification","valueRequired":true,"valueName":"search_term_string"}}],"inLanguage":"sv-SE"}]}},"_links":{"self":[{"href":"https:\/\/planyard.com\/sv\/wp-json\/wp\/v2\/pages\/14166","targetHints":{"allow":["GET"]}}],"collection":[{"href":"https:\/\/planyard.com\/sv\/wp-json\/wp\/v2\/pages"}],"about":[{"href":"https:\/\/planyard.com\/sv\/wp-json\/wp\/v2\/types\/page"}],"author":[{"embeddable":true,"href":"https:\/\/planyard.com\/sv\/wp-json\/wp\/v2\/users\/2"}],"replies":[{"embeddable":true,"href":"https:\/\/planyard.com\/sv\/wp-json\/wp\/v2\/comments?post=14166"}],"version-history":[{"count":4,"href":"https:\/\/planyard.com\/sv\/wp-json\/wp\/v2\/pages\/14166\/revisions"}],"predecessor-version":[{"id":16732,"href":"https:\/\/planyard.com\/sv\/wp-json\/wp\/v2\/pages\/14166\/revisions\/16732"}],"wp:attachment":[{"href":"https:\/\/planyard.com\/sv\/wp-json\/wp\/v2\/media?parent=14166"}],"wp:term":[{"taxonomy":"page_intent","embeddable":true,"href":"https:\/\/planyard.com\/sv\/wp-json\/wp\/v2\/page_intent?post=14166"},{"taxonomy":"page_type","embeddable":true,"href":"https:\/\/planyard.com\/sv\/wp-json\/wp\/v2\/page_type?post=14166"}],"curies":[{"name":"wp","href":"https:\/\/api.w.org\/{rel}","templated":true}]}}