{"id":14159,"date":"2024-08-26T10:49:36","date_gmt":"2024-08-26T10:49:36","guid":{"rendered":"https:\/\/planyard.com\/set-realistic-project-management-goals"},"modified":"2025-05-19T19:20:00","modified_gmt":"2025-05-19T19:20:00","slug":"satt-realistiska-mal-for-projektledning","status":"publish","type":"page","link":"https:\/\/planyard.com\/sv\/satt-realistiska-mal-for-projektledning","title":{"rendered":"S\u00e5 s\u00e4tter du realistiska m\u00e5l f\u00f6r projektledning (Publiceringsdatum 31 augusti 2023)"},"content":{"rendered":"\n<div class=\"wp-block-columns is-layout-flex wp-container-core-columns-is-layout-9d6595d7 wp-block-columns-is-layout-flex\">\n<div class=\"wp-block-column is-layout-flow wp-block-column-is-layout-flow\">\n<h2 class=\"wp-block-heading\">Prenumerera nu, s\u00e5 skickar vi ett mejl n\u00e4r det publiceras<\/h2>\n\n\n\n<h5 class=\"wp-block-heading\">Hur kommer denna guide att gynna dig?<\/h5>\n\n\n\n<ol class=\"wp-block-list\">\n<li>Du kommer att f\u00e5 kunskap f\u00f6r att s\u00e4tta realistiska m\u00e5l<\/li>\n\n\n\n<li>Du kommer att l\u00e4ra dig hur du f\u00f6rb\u00e4ttrar din projektledningskompetens<\/li>\n\n\n\n<li>Du kommer att l\u00e4ra dig hur du levererar ditt projekt i tid och inom budget<\/li>\n<\/ol>\n\n\n\n<p>Skapad av projektledare f\u00f6r projektledare.<\/p>\n<\/div>\n\n\n\n<div class=\"wp-block-column is-layout-flow wp-block-column-is-layout-flow\">\n<script charset=\"utf-8\" type=\"text\/javascript\" src=\"\/\/js.hsforms.net\/forms\/shell.js\"><\/script>\n<script>\n  hbspt.forms.create({\n\tportalId: \"4963994\",\n\tformId: \"6d637baa-1f66-4c3c-8cb5-c8ddd8057932\"\n});\n<\/script>\n<\/div>\n<\/div>\n","protected":false},"excerpt":{"rendered":"<p>Prenumerera nu, s\u00e5 skickar vi ett mejl n\u00e4r det publiceras Hur kommer denna guide att gynna dig? Skapad av projektledare f\u00f6r projektledare.<\/p>\n","protected":false},"author":2,"featured_media":0,"parent":0,"menu_order":0,"comment_status":"closed","ping_status":"closed","template":"","meta":{"_acf_changed":false,"content-type":"","footnotes":""},"page_intent":[170],"page_type":[],"class_list":["post-14159","page","type-page","status-publish","hentry"],"acf":[],"yoast_head":"<!-- This site is optimized with the Yoast SEO plugin v26.9 - https:\/\/yoast.com\/product\/yoast-seo-wordpress\/ -->\n<title>S\u00e5 s\u00e4tter du realistiska m\u00e5l f\u00f6r projektledning (Publiceringsdatum 31 augusti 2023) - Planyard Sverige<\/title>\n<meta name=\"description\" content=\"Fyll i formul\u00e4ret och ladda ner guiden f\u00f6r byggprojektledning och f\u00f6rb\u00e4ttra din projektledningskompetens.\" \/>\n<meta name=\"robots\" content=\"index, follow, max-snippet:-1, max-image-preview:large, max-video-preview:-1\" \/>\n<link rel=\"canonical\" href=\"https:\/\/planyard.com\/sv\/satt-realistiska-mal-for-projektledning\" \/>\n<meta property=\"og:locale\" content=\"sv_SE\" \/>\n<meta property=\"og:type\" content=\"article\" \/>\n<meta property=\"og:title\" content=\"S\u00e5 s\u00e4tter du realistiska m\u00e5l f\u00f6r projektledning (Publiceringsdatum 31 augusti 2023) - Planyard Sverige\" \/>\n<meta property=\"og:description\" content=\"Fyll i formul\u00e4ret och ladda ner guiden f\u00f6r byggprojektledning och f\u00f6rb\u00e4ttra din projektledningskompetens.\" \/>\n<meta property=\"og:url\" content=\"https:\/\/planyard.com\/sv\/satt-realistiska-mal-for-projektledning\" \/>\n<meta property=\"og:site_name\" content=\"Planyard Sverige\" \/>\n<meta property=\"article:modified_time\" content=\"2025-05-19T19:20:00+00:00\" \/>\n<meta name=\"twitter:card\" content=\"summary_large_image\" \/>\n<meta name=\"twitter:label1\" content=\"Ber\u00e4knad l\u00e4stid\" \/>\n\t<meta name=\"twitter:data1\" content=\"1 minut\" \/>\n<!-- \/ Yoast SEO plugin. -->","yoast_head_json":{"title":"S\u00e5 s\u00e4tter du realistiska m\u00e5l f\u00f6r projektledning (Publiceringsdatum 31 augusti 2023) - Planyard Sverige","description":"Fyll i formul\u00e4ret och ladda ner guiden f\u00f6r byggprojektledning och f\u00f6rb\u00e4ttra din projektledningskompetens.","robots":{"index":"index","follow":"follow","max-snippet":"max-snippet:-1","max-image-preview":"max-image-preview:large","max-video-preview":"max-video-preview:-1"},"canonical":"https:\/\/planyard.com\/sv\/satt-realistiska-mal-for-projektledning","og_locale":"sv_SE","og_type":"article","og_title":"S\u00e5 s\u00e4tter du realistiska m\u00e5l f\u00f6r projektledning (Publiceringsdatum 31 augusti 2023) - Planyard Sverige","og_description":"Fyll i formul\u00e4ret och ladda ner guiden f\u00f6r byggprojektledning och f\u00f6rb\u00e4ttra din projektledningskompetens.","og_url":"https:\/\/planyard.com\/sv\/satt-realistiska-mal-for-projektledning","og_site_name":"Planyard Sverige","article_modified_time":"2025-05-19T19:20:00+00:00","twitter_card":"summary_large_image","twitter_misc":{"Ber\u00e4knad l\u00e4stid":"1 minut"},"schema":{"@context":"https:\/\/schema.org","@graph":[{"@type":"WebPage","@id":"https:\/\/planyard.com\/sv\/satt-realistiska-mal-for-projektledning","url":"https:\/\/planyard.com\/sv\/satt-realistiska-mal-for-projektledning","name":"S\u00e5 s\u00e4tter du realistiska m\u00e5l f\u00f6r projektledning (Publiceringsdatum 31 augusti 2023) - Planyard Sverige","isPartOf":{"@id":"https:\/\/planyard.com\/sv#website"},"datePublished":"2024-08-26T10:49:36+00:00","dateModified":"2025-05-19T19:20:00+00:00","description":"Fyll i formul\u00e4ret och ladda ner guiden f\u00f6r byggprojektledning och f\u00f6rb\u00e4ttra din projektledningskompetens.","breadcrumb":{"@id":"https:\/\/planyard.com\/sv\/satt-realistiska-mal-for-projektledning#breadcrumb"},"inLanguage":"sv-SE","potentialAction":[{"@type":"ReadAction","target":["https:\/\/planyard.com\/sv\/satt-realistiska-mal-for-projektledning"]}]},{"@type":"BreadcrumbList","@id":"https:\/\/planyard.com\/sv\/satt-realistiska-mal-for-projektledning#breadcrumb","itemListElement":[{"@type":"ListItem","position":1,"name":"Home","item":"https:\/\/planyard.com\/sv"},{"@type":"ListItem","position":2,"name":"S\u00e5 s\u00e4tter du realistiska m\u00e5l f\u00f6r projektledning (Publiceringsdatum 31 augusti 2023)"}]},{"@type":"WebSite","@id":"https:\/\/planyard.com\/sv#website","url":"https:\/\/planyard.com\/sv","name":"Planyard Sverige","description":"","potentialAction":[{"@type":"SearchAction","target":{"@type":"EntryPoint","urlTemplate":"https:\/\/planyard.com\/sv?s={search_term_string}"},"query-input":{"@type":"PropertyValueSpecification","valueRequired":true,"valueName":"search_term_string"}}],"inLanguage":"sv-SE"}]}},"_links":{"self":[{"href":"https:\/\/planyard.com\/sv\/wp-json\/wp\/v2\/pages\/14159","targetHints":{"allow":["GET"]}}],"collection":[{"href":"https:\/\/planyard.com\/sv\/wp-json\/wp\/v2\/pages"}],"about":[{"href":"https:\/\/planyard.com\/sv\/wp-json\/wp\/v2\/types\/page"}],"author":[{"embeddable":true,"href":"https:\/\/planyard.com\/sv\/wp-json\/wp\/v2\/users\/2"}],"replies":[{"embeddable":true,"href":"https:\/\/planyard.com\/sv\/wp-json\/wp\/v2\/comments?post=14159"}],"version-history":[{"count":3,"href":"https:\/\/planyard.com\/sv\/wp-json\/wp\/v2\/pages\/14159\/revisions"}],"predecessor-version":[{"id":16453,"href":"https:\/\/planyard.com\/sv\/wp-json\/wp\/v2\/pages\/14159\/revisions\/16453"}],"wp:attachment":[{"href":"https:\/\/planyard.com\/sv\/wp-json\/wp\/v2\/media?parent=14159"}],"wp:term":[{"taxonomy":"page_intent","embeddable":true,"href":"https:\/\/planyard.com\/sv\/wp-json\/wp\/v2\/page_intent?post=14159"},{"taxonomy":"page_type","embeddable":true,"href":"https:\/\/planyard.com\/sv\/wp-json\/wp\/v2\/page_type?post=14159"}],"curies":[{"name":"wp","href":"https:\/\/api.w.org\/{rel}","templated":true}]}}